{"id":3496,"date":"2026-05-10T07:39:25","date_gmt":"2026-05-10T07:39:25","guid":{"rendered":"https:\/\/bottanemez.hu\/?post_type=product&#038;p=3496"},"modified":"2026-05-10T07:39:27","modified_gmt":"2026-05-10T07:39:27","slug":"nemez-kendo-sal-pava","status":"publish","type":"product","link":"https:\/\/bottanemez.hu\/en\/product\/nemez-kendo-sal-pava\/","title":{"rendered":"K\u00e9kes lila p\u00e1v\u00e1s s\u00e1l\/kend\u0151"},"content":{"rendered":"<p>K\u00e9kes-lil\u00e1s p\u00e1v\u00e1s k\u00f6nnyed v\u00e1llkend\u0151\/s\u00e1l, pamutra nemezelt ausztr\u00e1l merin\u00f3 gyapj\u00fa.<\/p>\n<p>Moshat\u00f3 30fokon, vasalhat\u00f3.<\/p>","protected":false},"excerpt":{"rendered":"<p>K\u00e9kes-lil\u00e1s p\u00e1v\u00e1s k\u00f6nnyed v\u00e1llkend\u0151\/s\u00e1l, pamutra nemezelt ausztr\u00e1l merin\u00f3 gyapj\u00fa.<\/p>\n<p>Moshat\u00f3 30fokon, vasalhat\u00f3.<\/p>","protected":false},"featured_media":3500,"template":"","meta":[],"product_brand":[],"product_cat":[24],"product_tag":[],"class_list":{"0":"post-3496","1":"product","2":"type-product","3":"status-publish","4":"has-post-thumbnail","6":"product_cat-nemez-sal","8":"first","9":"instock","10":"shipping-taxable","11":"purchasable","12":"product-type-simple"},"yoast_head":"<!-- This site is optimized with the Yoast SEO Premium plugin v27.6 (Yoast SEO v27.6) - https:\/\/yoast.com\/product\/yoast-seo-premium-wordpress\/ -->\n<title>K\u00e9kes lila p\u00e1v\u00e1s s\u00e1l\/kend\u0151 - Botta Nemez<\/title>\n<meta name=\"description\" content=\"K\u00e9kes-lil\u00e1s p\u00e1v\u00e1s kend\u0151\/s\u00e1l, pamutra nemezelt ausztr\u00e1l merin\u00f3 gyapj\u00fa.\" \/>\n<meta name=\"robots\" content=\"index, follow, max-snippet:-1, max-image-preview:large, max-video-preview:-1\" \/>\n<link rel=\"canonical\" href=\"https:\/\/bottanemez.hu\/en\/product\/nemez-kendo-sal-pava\/\" \/>\n<meta property=\"og:locale\" content=\"en_GB\" \/>\n<meta property=\"og:type\" content=\"article\" \/>\n<meta property=\"og:title\" content=\"K\u00e9kes lila p\u00e1v\u00e1s s\u00e1l\/kend\u0151\" \/>\n<meta property=\"og:description\" content=\"K\u00e9kes-lil\u00e1s p\u00e1v\u00e1s kend\u0151\/s\u00e1l, pamutra nemezelt ausztr\u00e1l merin\u00f3 gyapj\u00fa.\" \/>\n<meta property=\"og:url\" content=\"https:\/\/bottanemez.hu\/en\/product\/nemez-kendo-sal-pava\/\" \/>\n<meta property=\"og:site_name\" content=\"Botta Nemez\" \/>\n<meta property=\"article:publisher\" content=\"https:\/\/www.facebook.com\/bottanemez\" \/>\n<meta property=\"article:modified_time\" content=\"2026-05-10T07:39:27+00:00\" \/>\n<meta property=\"og:image\" content=\"https:\/\/bottanemez.hu\/wp-content\/uploads\/2026\/05\/kek-pavas-kendo.png\" \/>\n\t<meta property=\"og:image:width\" content=\"479\" \/>\n\t<meta property=\"og:image:height\" content=\"1187\" \/>\n\t<meta property=\"og:image:type\" content=\"image\/png\" \/>\n<meta name=\"twitter:card\" content=\"summary_large_image\" \/>\n<meta name=\"twitter:label1\" content=\"Price\" \/>\n\t<meta name=\"twitter:data1\" content=\"25.000&nbsp;&#070;&#116;\" \/>\n\t<meta name=\"twitter:label2\" content=\"Availability\" \/>\n\t<meta name=\"twitter:data2\" content=\"In stock\" \/>\n<script type=\"application\/ld+json\" class=\"yoast-schema-graph\">{\"@context\":\"https:\\\/\\\/schema.org\",\"@graph\":[{\"@type\":\"WebPage\",\"@id\":\"https:\\\/\\\/bottanemez.hu\\\/termek\\\/nemez-kendo-sal-pava\\\/\",\"url\":\"https:\\\/\\\/bottanemez.hu\\\/termek\\\/nemez-kendo-sal-pava\\\/\",\"name\":\"K\u00e9kes lila p\u00e1v\u00e1s s\u00e1l\\\/kend\u0151 - Botta Nemez\",\"isPartOf\":{\"@id\":\"https:\\\/\\\/bottanemez.hu\\\/#website\"},\"primaryImageOfPage\":{\"@id\":\"https:\\\/\\\/bottanemez.hu\\\/termek\\\/nemez-kendo-sal-pava\\\/#primaryimage\"},\"image\":{\"@id\":\"https:\\\/\\\/bottanemez.hu\\\/termek\\\/nemez-kendo-sal-pava\\\/#primaryimage\"},\"thumbnailUrl\":\"https:\\\/\\\/bottanemez.hu\\\/wp-content\\\/uploads\\\/2026\\\/05\\\/kek-pavas-kendo.png\",\"datePublished\":\"2026-05-10T07:39:25+00:00\",\"dateModified\":\"2026-05-10T07:39:27+00:00\",\"description\":\"K\u00e9kes-lil\u00e1s p\u00e1v\u00e1s kend\u0151\\\/s\u00e1l, pamutra nemezelt ausztr\u00e1l merin\u00f3 gyapj\u00fa.\",\"breadcrumb\":{\"@id\":\"https:\\\/\\\/bottanemez.hu\\\/termek\\\/nemez-kendo-sal-pava\\\/#breadcrumb\"},\"inLanguage\":\"en-GB\",\"potentialAction\":[{\"@type\":\"ReadAction\",\"target\":[\"https:\\\/\\\/bottanemez.hu\\\/termek\\\/nemez-kendo-sal-pava\\\/\"]}]},{\"@type\":\"ImageObject\",\"inLanguage\":\"en-GB\",\"@id\":\"https:\\\/\\\/bottanemez.hu\\\/termek\\\/nemez-kendo-sal-pava\\\/#primaryimage\",\"url\":\"https:\\\/\\\/bottanemez.hu\\\/wp-content\\\/uploads\\\/2026\\\/05\\\/kek-pavas-kendo.png\",\"contentUrl\":\"https:\\\/\\\/bottanemez.hu\\\/wp-content\\\/uploads\\\/2026\\\/05\\\/kek-pavas-kendo.png\",\"width\":479,\"height\":1187},{\"@type\":\"BreadcrumbList\",\"@id\":\"https:\\\/\\\/bottanemez.hu\\\/termek\\\/nemez-kendo-sal-pava\\\/#breadcrumb\",\"itemListElement\":[{\"@type\":\"ListItem\",\"position\":1,\"name\":\"Home\",\"item\":\"https:\\\/\\\/bottanemez.hu\\\/\"},{\"@type\":\"ListItem\",\"position\":2,\"name\":\"Webshop\",\"item\":\"https:\\\/\\\/bottanemez.hu\\\/nemez-webshop\\\/\"},{\"@type\":\"ListItem\",\"position\":3,\"name\":\"K\u00e9kes lila p\u00e1v\u00e1s s\u00e1l\\\/kend\u0151\"}]},{\"@type\":\"WebSite\",\"@id\":\"https:\\\/\\\/bottanemez.hu\\\/#website\",\"url\":\"https:\\\/\\\/bottanemez.hu\\\/\",\"name\":\"Botta Nemez\",\"description\":\"Nemez\",\"publisher\":{\"@id\":\"https:\\\/\\\/bottanemez.hu\\\/#\\\/schema\\\/person\\\/e0b43b47c83f1b8ec5102569c7e47946\"},\"potentialAction\":[{\"@type\":\"SearchAction\",\"target\":{\"@type\":\"EntryPoint\",\"urlTemplate\":\"https:\\\/\\\/bottanemez.hu\\\/?s={search_term_string}\"},\"query-input\":{\"@type\":\"PropertyValueSpecification\",\"valueRequired\":true,\"valueName\":\"search_term_string\"}}],\"inLanguage\":\"en-GB\"},{\"@type\":[\"Person\",\"Organization\"],\"@id\":\"https:\\\/\\\/bottanemez.hu\\\/#\\\/schema\\\/person\\\/e0b43b47c83f1b8ec5102569c7e47946\",\"name\":\"nemezShop\",\"image\":{\"@type\":\"ImageObject\",\"inLanguage\":\"en-GB\",\"@id\":\"https:\\\/\\\/bottanemez.hu\\\/wp-content\\\/uploads\\\/2022\\\/10\\\/cropped-bottaNemezLogo.png\",\"url\":\"https:\\\/\\\/bottanemez.hu\\\/wp-content\\\/uploads\\\/2022\\\/10\\\/cropped-bottaNemezLogo.png\",\"contentUrl\":\"https:\\\/\\\/bottanemez.hu\\\/wp-content\\\/uploads\\\/2022\\\/10\\\/cropped-bottaNemezLogo.png\",\"width\":301,\"height\":301,\"caption\":\"nemezShop\"},\"logo\":{\"@id\":\"https:\\\/\\\/bottanemez.hu\\\/wp-content\\\/uploads\\\/2022\\\/10\\\/cropped-bottaNemezLogo.png\"},\"sameAs\":[\"https:\\\/\\\/vilagitopolo.hu\",\"https:\\\/\\\/www.facebook.com\\\/bottanemez\"]}]}<\/script>\n<meta property=\"product:price:amount\" content=\"25000\" \/>\n<meta property=\"product:price:currency\" content=\"HUF\" \/>\n<meta property=\"og:availability\" content=\"instock\" \/>\n<meta property=\"product:availability\" content=\"instock\" \/>\n<meta property=\"product:condition\" content=\"new\" \/>\n<!-- \/ Yoast SEO Premium plugin. -->","yoast_head_json":{"title":"K\u00e9kes lila p\u00e1v\u00e1s s\u00e1l\/kend\u0151 - Botta Nemez","description":"K\u00e9kes-lil\u00e1s p\u00e1v\u00e1s kend\u0151\/s\u00e1l, pamutra nemezelt ausztr\u00e1l merin\u00f3 gyapj\u00fa.","robots":{"index":"index","follow":"follow","max-snippet":"max-snippet:-1","max-image-preview":"max-image-preview:large","max-video-preview":"max-video-preview:-1"},"canonical":"https:\/\/bottanemez.hu\/en\/product\/nemez-kendo-sal-pava\/","og_locale":"en_GB","og_type":"article","og_title":"K\u00e9kes lila p\u00e1v\u00e1s s\u00e1l\/kend\u0151","og_description":"K\u00e9kes-lil\u00e1s p\u00e1v\u00e1s kend\u0151\/s\u00e1l, pamutra nemezelt ausztr\u00e1l merin\u00f3 gyapj\u00fa.","og_url":"https:\/\/bottanemez.hu\/en\/product\/nemez-kendo-sal-pava\/","og_site_name":"Botta Nemez","article_publisher":"https:\/\/www.facebook.com\/bottanemez","article_modified_time":"2026-05-10T07:39:27+00:00","og_image":[{"width":479,"height":1187,"url":"https:\/\/bottanemez.hu\/wp-content\/uploads\/2026\/05\/kek-pavas-kendo.png","type":"image\/png"}],"twitter_card":"summary_large_image","twitter_misc":{"Price":"25.000&nbsp;&#70;&#116;","Availability":"In stock"},"schema":{"@context":"https:\/\/schema.org","@graph":[{"@type":"WebPage","@id":"https:\/\/bottanemez.hu\/termek\/nemez-kendo-sal-pava\/","url":"https:\/\/bottanemez.hu\/termek\/nemez-kendo-sal-pava\/","name":"K\u00e9kes lila p\u00e1v\u00e1s s\u00e1l\/kend\u0151 - Botta Nemez","isPartOf":{"@id":"https:\/\/bottanemez.hu\/#website"},"primaryImageOfPage":{"@id":"https:\/\/bottanemez.hu\/termek\/nemez-kendo-sal-pava\/#primaryimage"},"image":{"@id":"https:\/\/bottanemez.hu\/termek\/nemez-kendo-sal-pava\/#primaryimage"},"thumbnailUrl":"https:\/\/bottanemez.hu\/wp-content\/uploads\/2026\/05\/kek-pavas-kendo.png","datePublished":"2026-05-10T07:39:25+00:00","dateModified":"2026-05-10T07:39:27+00:00","description":"K\u00e9kes-lil\u00e1s p\u00e1v\u00e1s kend\u0151\/s\u00e1l, pamutra nemezelt ausztr\u00e1l merin\u00f3 gyapj\u00fa.","breadcrumb":{"@id":"https:\/\/bottanemez.hu\/termek\/nemez-kendo-sal-pava\/#breadcrumb"},"inLanguage":"en-GB","potentialAction":[{"@type":"ReadAction","target":["https:\/\/bottanemez.hu\/termek\/nemez-kendo-sal-pava\/"]}]},{"@type":"ImageObject","inLanguage":"en-GB","@id":"https:\/\/bottanemez.hu\/termek\/nemez-kendo-sal-pava\/#primaryimage","url":"https:\/\/bottanemez.hu\/wp-content\/uploads\/2026\/05\/kek-pavas-kendo.png","contentUrl":"https:\/\/bottanemez.hu\/wp-content\/uploads\/2026\/05\/kek-pavas-kendo.png","width":479,"height":1187},{"@type":"BreadcrumbList","@id":"https:\/\/bottanemez.hu\/termek\/nemez-kendo-sal-pava\/#breadcrumb","itemListElement":[{"@type":"ListItem","position":1,"name":"Home","item":"https:\/\/bottanemez.hu\/"},{"@type":"ListItem","position":2,"name":"Webshop","item":"https:\/\/bottanemez.hu\/nemez-webshop\/"},{"@type":"ListItem","position":3,"name":"K\u00e9kes lila p\u00e1v\u00e1s s\u00e1l\/kend\u0151"}]},{"@type":"WebSite","@id":"https:\/\/bottanemez.hu\/#website","url":"https:\/\/bottanemez.hu\/","name":"BottaFeltArt","description":"Nemez","publisher":{"@id":"https:\/\/bottanemez.hu\/#\/schema\/person\/e0b43b47c83f1b8ec5102569c7e47946"},"potentialAction":[{"@type":"SearchAction","target":{"@type":"EntryPoint","urlTemplate":"https:\/\/bottanemez.hu\/?s={search_term_string}"},"query-input":{"@type":"PropertyValueSpecification","valueRequired":true,"valueName":"search_term_string"}}],"inLanguage":"en-GB"},{"@type":["Person","Organization"],"@id":"https:\/\/bottanemez.hu\/#\/schema\/person\/e0b43b47c83f1b8ec5102569c7e47946","name":"nemezShop","image":{"@type":"ImageObject","inLanguage":"en-GB","@id":"https:\/\/bottanemez.hu\/wp-content\/uploads\/2022\/10\/cropped-bottaNemezLogo.png","url":"https:\/\/bottanemez.hu\/wp-content\/uploads\/2022\/10\/cropped-bottaNemezLogo.png","contentUrl":"https:\/\/bottanemez.hu\/wp-content\/uploads\/2022\/10\/cropped-bottaNemezLogo.png","width":301,"height":301,"caption":"nemezShop"},"logo":{"@id":"https:\/\/bottanemez.hu\/wp-content\/uploads\/2022\/10\/cropped-bottaNemezLogo.png"},"sameAs":["https:\/\/vilagitopolo.hu","https:\/\/www.facebook.com\/bottanemez"]}]},"product_price_amount":"25000","product_price_currency":"HUF","og_availability":"instock","product_availability":"instock","product_condition":"new"},"_links":{"self":[{"href":"https:\/\/bottanemez.hu\/en\/wp-json\/wp\/v2\/product\/3496","targetHints":{"allow":["GET"]}}],"collection":[{"href":"https:\/\/bottanemez.hu\/en\/wp-json\/wp\/v2\/product"}],"about":[{"href":"https:\/\/bottanemez.hu\/en\/wp-json\/wp\/v2\/types\/product"}],"wp:featuredmedia":[{"embeddable":true,"href":"https:\/\/bottanemez.hu\/en\/wp-json\/wp\/v2\/media\/3500"}],"wp:attachment":[{"href":"https:\/\/bottanemez.hu\/en\/wp-json\/wp\/v2\/media?parent=3496"}],"wp:term":[{"taxonomy":"product_brand","embeddable":true,"href":"https:\/\/bottanemez.hu\/en\/wp-json\/wp\/v2\/product_brand?post=3496"},{"taxonomy":"product_cat","embeddable":true,"href":"https:\/\/bottanemez.hu\/en\/wp-json\/wp\/v2\/product_cat?post=3496"},{"taxonomy":"product_tag","embeddable":true,"href":"https:\/\/bottanemez.hu\/en\/wp-json\/wp\/v2\/product_tag?post=3496"}],"curies":[{"name":"wp","href":"https:\/\/api.w.org\/{rel}","templated":true}]}}