{"id":3469,"date":"2026-05-03T07:45:56","date_gmt":"2026-05-03T07:45:56","guid":{"rendered":"https:\/\/bottanemez.hu\/?post_type=product&#038;p=3469"},"modified":"2026-05-07T06:12:05","modified_gmt":"2026-05-07T06:12:05","slug":"nemez-kabat-gyapju","status":"publish","type":"product","link":"https:\/\/bottanemez.hu\/en\/product\/nemez-kabat-gyapju\/","title":{"rendered":"K\u00e9k-t\u00fcrkiz lil\u00e1s szeg\u00e9ly\u0171 kab\u00e1t"},"content":{"rendered":"<p>Ausztr\u00e1l merin\u00f3 gyapj\u00fab\u00f3l k\u00e9sz\u00fclt kab\u00e1t, t\u00fcrkiz \u00e9s lil\u00e1s szeg\u00e9ly d\u00edsz\u00edt\u00e9ssel. V\u00e1ltozatosan t\u0171zhet\u0151-viselhet\u0151 raku ker\u00e1mia brossal.<\/p>\n<p>30fokon moshat\u00f3, nedvesen vasalhat\u00f3.<\/p>\n<p>M\u00e9ret: 38-42.<\/p>","protected":false},"excerpt":{"rendered":"<p>Ausztr\u00e1l merin\u00f3 gyapj\u00fab\u00f3l k\u00e9sz\u00fclt kab\u00e1t, t\u00fcrkiz \u00e9s lil\u00e1s szeg\u00e9ly d\u00edsz\u00edt\u00e9ssel. V\u00e1ltozatosan t\u0171zhet\u0151-viselhet\u0151 raku ker\u00e1mia brossal.<\/p>\n<p>30fokon moshat\u00f3, nedvesen vasalhat\u00f3.<\/p>\n<p>M\u00e9ret: 38-42.<\/p>","protected":false},"featured_media":3472,"template":"","meta":[],"product_brand":[],"product_cat":[23],"product_tag":[],"class_list":{"0":"post-3469","1":"product","2":"type-product","3":"status-publish","4":"has-post-thumbnail","6":"product_cat-nemez-poncso","8":"first","9":"instock","10":"shipping-taxable","11":"purchasable","12":"product-type-simple"},"yoast_head":"<!-- This site is optimized with the Yoast SEO Premium plugin v27.6 (Yoast SEO v27.6) - https:\/\/yoast.com\/product\/yoast-seo-premium-wordpress\/ -->\n<title>K\u00e9k-t\u00fcrkiz lil\u00e1s szeg\u00e9ly\u0171 kab\u00e1t - Botta Nemez<\/title>\n<meta name=\"description\" content=\"Ausztr\u00e1l merin\u00f3 gyapj\u00fab\u00f3l k\u00e9sz\u00fclt kab\u00e1t, t\u00fcrkiz \u00e9s lil\u00e1s szeg\u00e9ly d\u00edsz\u00edt\u00e9ssel. V\u00e1ltozatosan t\u0171zhet\u0151-viselhet\u0151 raku ker\u00e1mia brossal.30fokon moshat\u00f3, nedvesen vasalhat\u00f3.M\u00e9ret: 38-42.\" \/>\n<meta name=\"robots\" content=\"index, follow, max-snippet:-1, max-image-preview:large, max-video-preview:-1\" \/>\n<link rel=\"canonical\" href=\"https:\/\/bottanemez.hu\/en\/product\/nemez-kabat-gyapju\/\" \/>\n<meta property=\"og:locale\" content=\"en_GB\" \/>\n<meta property=\"og:type\" content=\"article\" \/>\n<meta property=\"og:title\" content=\"K\u00e9k-t\u00fcrkiz lil\u00e1s szeg\u00e9ly\u0171 kab\u00e1t\" \/>\n<meta property=\"og:description\" content=\"Ausztr\u00e1l merin\u00f3 gyapj\u00fab\u00f3l k\u00e9sz\u00fclt kab\u00e1t, t\u00fcrkiz \u00e9s lil\u00e1s szeg\u00e9ly d\u00edsz\u00edt\u00e9ssel. V\u00e1ltozatosan t\u0171zhet\u0151-viselhet\u0151 raku ker\u00e1mia brossal.30fokon moshat\u00f3, nedvesen vasalhat\u00f3.M\u00e9ret: 38-42.\" \/>\n<meta property=\"og:url\" content=\"https:\/\/bottanemez.hu\/en\/product\/nemez-kabat-gyapju\/\" \/>\n<meta property=\"og:site_name\" content=\"Botta Nemez\" \/>\n<meta property=\"article:publisher\" content=\"https:\/\/www.facebook.com\/bottanemez\" \/>\n<meta property=\"article:modified_time\" content=\"2026-05-07T06:12:05+00:00\" \/>\n<meta property=\"og:image\" content=\"https:\/\/bottanemez.hu\/wp-content\/uploads\/2026\/05\/IMG_2028-e1778134230312.jpg\" \/>\n\t<meta property=\"og:image:width\" content=\"381\" \/>\n\t<meta property=\"og:image:height\" content=\"541\" \/>\n\t<meta property=\"og:image:type\" content=\"image\/jpeg\" \/>\n<meta name=\"twitter:card\" content=\"summary_large_image\" \/>\n<meta name=\"twitter:label1\" content=\"Price\" \/>\n\t<meta name=\"twitter:data1\" content=\"55.000&nbsp;&#070;&#116;\" \/>\n\t<meta name=\"twitter:label2\" content=\"Availability\" \/>\n\t<meta name=\"twitter:data2\" content=\"In stock\" \/>\n<script type=\"application\/ld+json\" class=\"yoast-schema-graph\">{\"@context\":\"https:\\\/\\\/schema.org\",\"@graph\":[{\"@type\":\"WebPage\",\"@id\":\"https:\\\/\\\/bottanemez.hu\\\/termek\\\/nemez-kabat-gyapju\\\/\",\"url\":\"https:\\\/\\\/bottanemez.hu\\\/termek\\\/nemez-kabat-gyapju\\\/\",\"name\":\"K\u00e9k-t\u00fcrkiz lil\u00e1s szeg\u00e9ly\u0171 kab\u00e1t - Botta Nemez\",\"isPartOf\":{\"@id\":\"https:\\\/\\\/bottanemez.hu\\\/#website\"},\"primaryImageOfPage\":{\"@id\":\"https:\\\/\\\/bottanemez.hu\\\/termek\\\/nemez-kabat-gyapju\\\/#primaryimage\"},\"image\":{\"@id\":\"https:\\\/\\\/bottanemez.hu\\\/termek\\\/nemez-kabat-gyapju\\\/#primaryimage\"},\"thumbnailUrl\":\"https:\\\/\\\/bottanemez.hu\\\/wp-content\\\/uploads\\\/2026\\\/05\\\/IMG_2028-e1778134230312.jpg\",\"datePublished\":\"2026-05-03T07:45:56+00:00\",\"dateModified\":\"2026-05-07T06:12:05+00:00\",\"description\":\"Ausztr\u00e1l merin\u00f3 gyapj\u00fab\u00f3l k\u00e9sz\u00fclt kab\u00e1t, t\u00fcrkiz \u00e9s lil\u00e1s szeg\u00e9ly d\u00edsz\u00edt\u00e9ssel. V\u00e1ltozatosan t\u0171zhet\u0151-viselhet\u0151 raku ker\u00e1mia brossal.30fokon moshat\u00f3, nedvesen vasalhat\u00f3.M\u00e9ret: 38-42.\",\"breadcrumb\":{\"@id\":\"https:\\\/\\\/bottanemez.hu\\\/termek\\\/nemez-kabat-gyapju\\\/#breadcrumb\"},\"inLanguage\":\"en-GB\",\"potentialAction\":[{\"@type\":\"ReadAction\",\"target\":[\"https:\\\/\\\/bottanemez.hu\\\/termek\\\/nemez-kabat-gyapju\\\/\"]}]},{\"@type\":\"ImageObject\",\"inLanguage\":\"en-GB\",\"@id\":\"https:\\\/\\\/bottanemez.hu\\\/termek\\\/nemez-kabat-gyapju\\\/#primaryimage\",\"url\":\"https:\\\/\\\/bottanemez.hu\\\/wp-content\\\/uploads\\\/2026\\\/05\\\/IMG_2028-e1778134230312.jpg\",\"contentUrl\":\"https:\\\/\\\/bottanemez.hu\\\/wp-content\\\/uploads\\\/2026\\\/05\\\/IMG_2028-e1778134230312.jpg\",\"width\":381,\"height\":541},{\"@type\":\"BreadcrumbList\",\"@id\":\"https:\\\/\\\/bottanemez.hu\\\/termek\\\/nemez-kabat-gyapju\\\/#breadcrumb\",\"itemListElement\":[{\"@type\":\"ListItem\",\"position\":1,\"name\":\"Home\",\"item\":\"https:\\\/\\\/bottanemez.hu\\\/\"},{\"@type\":\"ListItem\",\"position\":2,\"name\":\"Webshop\",\"item\":\"https:\\\/\\\/bottanemez.hu\\\/nemez-webshop\\\/\"},{\"@type\":\"ListItem\",\"position\":3,\"name\":\"K\u00e9k-t\u00fcrkiz lil\u00e1s szeg\u00e9ly\u0171 kab\u00e1t\"}]},{\"@type\":\"WebSite\",\"@id\":\"https:\\\/\\\/bottanemez.hu\\\/#website\",\"url\":\"https:\\\/\\\/bottanemez.hu\\\/\",\"name\":\"Botta Nemez\",\"description\":\"Nemez\",\"publisher\":{\"@id\":\"https:\\\/\\\/bottanemez.hu\\\/#\\\/schema\\\/person\\\/e0b43b47c83f1b8ec5102569c7e47946\"},\"potentialAction\":[{\"@type\":\"SearchAction\",\"target\":{\"@type\":\"EntryPoint\",\"urlTemplate\":\"https:\\\/\\\/bottanemez.hu\\\/?s={search_term_string}\"},\"query-input\":{\"@type\":\"PropertyValueSpecification\",\"valueRequired\":true,\"valueName\":\"search_term_string\"}}],\"inLanguage\":\"en-GB\"},{\"@type\":[\"Person\",\"Organization\"],\"@id\":\"https:\\\/\\\/bottanemez.hu\\\/#\\\/schema\\\/person\\\/e0b43b47c83f1b8ec5102569c7e47946\",\"name\":\"nemezShop\",\"image\":{\"@type\":\"ImageObject\",\"inLanguage\":\"en-GB\",\"@id\":\"https:\\\/\\\/bottanemez.hu\\\/wp-content\\\/uploads\\\/2022\\\/10\\\/cropped-bottaNemezLogo.png\",\"url\":\"https:\\\/\\\/bottanemez.hu\\\/wp-content\\\/uploads\\\/2022\\\/10\\\/cropped-bottaNemezLogo.png\",\"contentUrl\":\"https:\\\/\\\/bottanemez.hu\\\/wp-content\\\/uploads\\\/2022\\\/10\\\/cropped-bottaNemezLogo.png\",\"width\":301,\"height\":301,\"caption\":\"nemezShop\"},\"logo\":{\"@id\":\"https:\\\/\\\/bottanemez.hu\\\/wp-content\\\/uploads\\\/2022\\\/10\\\/cropped-bottaNemezLogo.png\"},\"sameAs\":[\"https:\\\/\\\/vilagitopolo.hu\",\"https:\\\/\\\/www.facebook.com\\\/bottanemez\"]}]}<\/script>\n<meta property=\"product:price:amount\" content=\"55000\" \/>\n<meta property=\"product:price:currency\" content=\"HUF\" \/>\n<meta property=\"og:availability\" content=\"instock\" \/>\n<meta property=\"product:availability\" content=\"instock\" \/>\n<meta property=\"product:condition\" content=\"new\" \/>\n<!-- \/ Yoast SEO Premium plugin. -->","yoast_head_json":{"title":"K\u00e9k-t\u00fcrkiz lil\u00e1s szeg\u00e9ly\u0171 kab\u00e1t - Botta Nemez","description":"Ausztr\u00e1l merin\u00f3 gyapj\u00fab\u00f3l k\u00e9sz\u00fclt kab\u00e1t, t\u00fcrkiz \u00e9s lil\u00e1s szeg\u00e9ly d\u00edsz\u00edt\u00e9ssel. V\u00e1ltozatosan t\u0171zhet\u0151-viselhet\u0151 raku ker\u00e1mia brossal.30fokon moshat\u00f3, nedvesen vasalhat\u00f3.M\u00e9ret: 38-42.","robots":{"index":"index","follow":"follow","max-snippet":"max-snippet:-1","max-image-preview":"max-image-preview:large","max-video-preview":"max-video-preview:-1"},"canonical":"https:\/\/bottanemez.hu\/en\/product\/nemez-kabat-gyapju\/","og_locale":"en_GB","og_type":"article","og_title":"K\u00e9k-t\u00fcrkiz lil\u00e1s szeg\u00e9ly\u0171 kab\u00e1t","og_description":"Ausztr\u00e1l merin\u00f3 gyapj\u00fab\u00f3l k\u00e9sz\u00fclt kab\u00e1t, t\u00fcrkiz \u00e9s lil\u00e1s szeg\u00e9ly d\u00edsz\u00edt\u00e9ssel. V\u00e1ltozatosan t\u0171zhet\u0151-viselhet\u0151 raku ker\u00e1mia brossal.30fokon moshat\u00f3, nedvesen vasalhat\u00f3.M\u00e9ret: 38-42.","og_url":"https:\/\/bottanemez.hu\/en\/product\/nemez-kabat-gyapju\/","og_site_name":"Botta Nemez","article_publisher":"https:\/\/www.facebook.com\/bottanemez","article_modified_time":"2026-05-07T06:12:05+00:00","og_image":[{"width":381,"height":541,"url":"https:\/\/bottanemez.hu\/wp-content\/uploads\/2026\/05\/IMG_2028-e1778134230312.jpg","type":"image\/jpeg"}],"twitter_card":"summary_large_image","twitter_misc":{"Price":"55.000&nbsp;&#70;&#116;","Availability":"In stock"},"schema":{"@context":"https:\/\/schema.org","@graph":[{"@type":"WebPage","@id":"https:\/\/bottanemez.hu\/termek\/nemez-kabat-gyapju\/","url":"https:\/\/bottanemez.hu\/termek\/nemez-kabat-gyapju\/","name":"K\u00e9k-t\u00fcrkiz lil\u00e1s szeg\u00e9ly\u0171 kab\u00e1t - Botta Nemez","isPartOf":{"@id":"https:\/\/bottanemez.hu\/#website"},"primaryImageOfPage":{"@id":"https:\/\/bottanemez.hu\/termek\/nemez-kabat-gyapju\/#primaryimage"},"image":{"@id":"https:\/\/bottanemez.hu\/termek\/nemez-kabat-gyapju\/#primaryimage"},"thumbnailUrl":"https:\/\/bottanemez.hu\/wp-content\/uploads\/2026\/05\/IMG_2028-e1778134230312.jpg","datePublished":"2026-05-03T07:45:56+00:00","dateModified":"2026-05-07T06:12:05+00:00","description":"Ausztr\u00e1l merin\u00f3 gyapj\u00fab\u00f3l k\u00e9sz\u00fclt kab\u00e1t, t\u00fcrkiz \u00e9s lil\u00e1s szeg\u00e9ly d\u00edsz\u00edt\u00e9ssel. V\u00e1ltozatosan t\u0171zhet\u0151-viselhet\u0151 raku ker\u00e1mia brossal.30fokon moshat\u00f3, nedvesen vasalhat\u00f3.M\u00e9ret: 38-42.","breadcrumb":{"@id":"https:\/\/bottanemez.hu\/termek\/nemez-kabat-gyapju\/#breadcrumb"},"inLanguage":"en-GB","potentialAction":[{"@type":"ReadAction","target":["https:\/\/bottanemez.hu\/termek\/nemez-kabat-gyapju\/"]}]},{"@type":"ImageObject","inLanguage":"en-GB","@id":"https:\/\/bottanemez.hu\/termek\/nemez-kabat-gyapju\/#primaryimage","url":"https:\/\/bottanemez.hu\/wp-content\/uploads\/2026\/05\/IMG_2028-e1778134230312.jpg","contentUrl":"https:\/\/bottanemez.hu\/wp-content\/uploads\/2026\/05\/IMG_2028-e1778134230312.jpg","width":381,"height":541},{"@type":"BreadcrumbList","@id":"https:\/\/bottanemez.hu\/termek\/nemez-kabat-gyapju\/#breadcrumb","itemListElement":[{"@type":"ListItem","position":1,"name":"Home","item":"https:\/\/bottanemez.hu\/"},{"@type":"ListItem","position":2,"name":"Webshop","item":"https:\/\/bottanemez.hu\/nemez-webshop\/"},{"@type":"ListItem","position":3,"name":"K\u00e9k-t\u00fcrkiz lil\u00e1s szeg\u00e9ly\u0171 kab\u00e1t"}]},{"@type":"WebSite","@id":"https:\/\/bottanemez.hu\/#website","url":"https:\/\/bottanemez.hu\/","name":"BottaFeltArt","description":"Nemez","publisher":{"@id":"https:\/\/bottanemez.hu\/#\/schema\/person\/e0b43b47c83f1b8ec5102569c7e47946"},"potentialAction":[{"@type":"SearchAction","target":{"@type":"EntryPoint","urlTemplate":"https:\/\/bottanemez.hu\/?s={search_term_string}"},"query-input":{"@type":"PropertyValueSpecification","valueRequired":true,"valueName":"search_term_string"}}],"inLanguage":"en-GB"},{"@type":["Person","Organization"],"@id":"https:\/\/bottanemez.hu\/#\/schema\/person\/e0b43b47c83f1b8ec5102569c7e47946","name":"nemezShop","image":{"@type":"ImageObject","inLanguage":"en-GB","@id":"https:\/\/bottanemez.hu\/wp-content\/uploads\/2022\/10\/cropped-bottaNemezLogo.png","url":"https:\/\/bottanemez.hu\/wp-content\/uploads\/2022\/10\/cropped-bottaNemezLogo.png","contentUrl":"https:\/\/bottanemez.hu\/wp-content\/uploads\/2022\/10\/cropped-bottaNemezLogo.png","width":301,"height":301,"caption":"nemezShop"},"logo":{"@id":"https:\/\/bottanemez.hu\/wp-content\/uploads\/2022\/10\/cropped-bottaNemezLogo.png"},"sameAs":["https:\/\/vilagitopolo.hu","https:\/\/www.facebook.com\/bottanemez"]}]},"product_price_amount":"55000","product_price_currency":"HUF","og_availability":"instock","product_availability":"instock","product_condition":"new"},"_links":{"self":[{"href":"https:\/\/bottanemez.hu\/en\/wp-json\/wp\/v2\/product\/3469","targetHints":{"allow":["GET"]}}],"collection":[{"href":"https:\/\/bottanemez.hu\/en\/wp-json\/wp\/v2\/product"}],"about":[{"href":"https:\/\/bottanemez.hu\/en\/wp-json\/wp\/v2\/types\/product"}],"wp:featuredmedia":[{"embeddable":true,"href":"https:\/\/bottanemez.hu\/en\/wp-json\/wp\/v2\/media\/3472"}],"wp:attachment":[{"href":"https:\/\/bottanemez.hu\/en\/wp-json\/wp\/v2\/media?parent=3469"}],"wp:term":[{"taxonomy":"product_brand","embeddable":true,"href":"https:\/\/bottanemez.hu\/en\/wp-json\/wp\/v2\/product_brand?post=3469"},{"taxonomy":"product_cat","embeddable":true,"href":"https:\/\/bottanemez.hu\/en\/wp-json\/wp\/v2\/product_cat?post=3469"},{"taxonomy":"product_tag","embeddable":true,"href":"https:\/\/bottanemez.hu\/en\/wp-json\/wp\/v2\/product_tag?post=3469"}],"curies":[{"name":"wp","href":"https:\/\/api.w.org\/{rel}","templated":true}]}}