{"id":3409,"date":"2026-04-07T13:44:15","date_gmt":"2026-04-07T13:44:15","guid":{"rendered":"https:\/\/bottanemez.hu\/?post_type=product&#038;p=3409"},"modified":"2026-04-07T13:44:16","modified_gmt":"2026-04-07T13:44:16","slug":"padlizsan-moha-racsos-melleny","status":"publish","type":"product","link":"https:\/\/bottanemez.hu\/en\/product\/padlizsan-moha-racsos-melleny\/","title":{"rendered":"Padlizs\u00e1n-moha r\u00e1csos mell\u00e9ny"},"content":{"rendered":"<p>Mindk\u00e9t oldal\u00e1n hordhat\u00f3, dubl\u00f3 tavaszi-\u0151szi mell\u00e9ny, k\u00f6nnyed es\u00e9s\u0171, finom ausztr\u00e1l merin\u00f3 gyapj\u00fab\u00f3l.<\/p>\n<p>Alj\u00e1n r\u00e1csos mint\u00e1zat\u00fa v\u00e9gz\u0151d\u00e9s. \u00c1tlapol\u00f3s, brossal t\u0171zhet\u0151, sz\u00e9les gall\u00e9r\u00fa.<\/p>\n<p>M\u00e9retek:36-42.<\/p>","protected":false},"excerpt":{"rendered":"<p>Mindk\u00e9t oldal\u00e1n hordhat\u00f3, dubl\u00f3 tavaszi-\u0151szi mell\u00e9ny, k\u00f6nnyed es\u00e9s\u0171, finom ausztr\u00e1l merin\u00f3 gyapj\u00fab\u00f3l.<\/p>\n<p>Alj\u00e1n r\u00e1csos mint\u00e1zat\u00fa v\u00e9gz\u0151d\u00e9s. \u00c1tlapol\u00f3s, brossal t\u0171zhet\u0151, sz\u00e9les gall\u00e9r\u00fa.<\/p>\n<p>M\u00e9retek:36-42.<\/p>","protected":false},"featured_media":3410,"template":"","meta":[],"product_brand":[],"product_cat":[22],"product_tag":[],"class_list":{"0":"post-3409","1":"product","2":"type-product","3":"status-publish","4":"has-post-thumbnail","6":"product_cat-nemez-felso","8":"first","9":"instock","10":"shipping-taxable","11":"purchasable","12":"product-type-simple"},"yoast_head":"<!-- This site is optimized with the Yoast SEO Premium plugin v27.6 (Yoast SEO v27.6) - https:\/\/yoast.com\/product\/yoast-seo-premium-wordpress\/ -->\n<title>Padlizs\u00e1n-moha r\u00e1csos mell\u00e9ny - Botta Nemez<\/title>\n<meta name=\"description\" content=\"Mindk\u00e9t oldal\u00e1n hordhat\u00f3, dubl\u00f3 tavaszi-\u0151szi mell\u00e9ny, k\u00f6nnyed es\u00e9s\u0171, finom ausztr\u00e1l merin\u00f3 gyapj\u00fab\u00f3l.Alj\u00e1n r\u00e1csos mint\u00e1zat\u00fa v\u00e9gz\u0151d\u00e9s. \u00c1tlapol\u00f3s, brossal t\u0171zhet\u0151, sz\u00e9les gall\u00e9r\u00fa.M\u00e9retek:36-42.\" \/>\n<meta name=\"robots\" content=\"index, follow, max-snippet:-1, max-image-preview:large, max-video-preview:-1\" \/>\n<link rel=\"canonical\" href=\"https:\/\/bottanemez.hu\/en\/product\/padlizsan-moha-racsos-melleny\/\" \/>\n<meta property=\"og:locale\" content=\"en_GB\" \/>\n<meta property=\"og:type\" content=\"article\" \/>\n<meta property=\"og:title\" content=\"Padlizs\u00e1n-moha r\u00e1csos mell\u00e9ny\" \/>\n<meta property=\"og:description\" content=\"Mindk\u00e9t oldal\u00e1n hordhat\u00f3, dubl\u00f3 tavaszi-\u0151szi mell\u00e9ny, k\u00f6nnyed es\u00e9s\u0171, finom ausztr\u00e1l merin\u00f3 gyapj\u00fab\u00f3l.Alj\u00e1n r\u00e1csos mint\u00e1zat\u00fa v\u00e9gz\u0151d\u00e9s. \u00c1tlapol\u00f3s, brossal t\u0171zhet\u0151, sz\u00e9les gall\u00e9r\u00fa.M\u00e9retek:36-42.\" \/>\n<meta property=\"og:url\" content=\"https:\/\/bottanemez.hu\/en\/product\/padlizsan-moha-racsos-melleny\/\" \/>\n<meta property=\"og:site_name\" content=\"Botta Nemez\" \/>\n<meta property=\"article:publisher\" content=\"https:\/\/www.facebook.com\/bottanemez\" \/>\n<meta property=\"article:modified_time\" content=\"2026-04-07T13:44:16+00:00\" \/>\n<meta property=\"og:image\" content=\"https:\/\/bottanemez.hu\/wp-content\/uploads\/2026\/04\/mohazold-lila-racsos-melleny.png\" \/>\n\t<meta property=\"og:image:width\" content=\"529\" \/>\n\t<meta property=\"og:image:height\" content=\"1024\" \/>\n\t<meta property=\"og:image:type\" content=\"image\/png\" \/>\n<meta name=\"twitter:card\" content=\"summary_large_image\" \/>\n<meta name=\"twitter:label1\" content=\"Price\" \/>\n\t<meta name=\"twitter:data1\" content=\"48.000&nbsp;&#070;&#116;\" \/>\n\t<meta name=\"twitter:label2\" content=\"Availability\" \/>\n\t<meta name=\"twitter:data2\" content=\"In stock\" \/>\n<script type=\"application\/ld+json\" class=\"yoast-schema-graph\">{\"@context\":\"https:\\\/\\\/schema.org\",\"@graph\":[{\"@type\":\"WebPage\",\"@id\":\"https:\\\/\\\/bottanemez.hu\\\/termek\\\/padlizsan-moha-racsos-melleny\\\/\",\"url\":\"https:\\\/\\\/bottanemez.hu\\\/termek\\\/padlizsan-moha-racsos-melleny\\\/\",\"name\":\"Padlizs\u00e1n-moha r\u00e1csos mell\u00e9ny - Botta Nemez\",\"isPartOf\":{\"@id\":\"https:\\\/\\\/bottanemez.hu\\\/#website\"},\"primaryImageOfPage\":{\"@id\":\"https:\\\/\\\/bottanemez.hu\\\/termek\\\/padlizsan-moha-racsos-melleny\\\/#primaryimage\"},\"image\":{\"@id\":\"https:\\\/\\\/bottanemez.hu\\\/termek\\\/padlizsan-moha-racsos-melleny\\\/#primaryimage\"},\"thumbnailUrl\":\"https:\\\/\\\/bottanemez.hu\\\/wp-content\\\/uploads\\\/2026\\\/04\\\/mohazold-lila-racsos-melleny.png\",\"datePublished\":\"2026-04-07T13:44:15+00:00\",\"dateModified\":\"2026-04-07T13:44:16+00:00\",\"description\":\"Mindk\u00e9t oldal\u00e1n hordhat\u00f3, dubl\u00f3 tavaszi-\u0151szi mell\u00e9ny, k\u00f6nnyed es\u00e9s\u0171, finom ausztr\u00e1l merin\u00f3 gyapj\u00fab\u00f3l.Alj\u00e1n r\u00e1csos mint\u00e1zat\u00fa v\u00e9gz\u0151d\u00e9s. \u00c1tlapol\u00f3s, brossal t\u0171zhet\u0151, sz\u00e9les gall\u00e9r\u00fa.M\u00e9retek:36-42.\",\"breadcrumb\":{\"@id\":\"https:\\\/\\\/bottanemez.hu\\\/termek\\\/padlizsan-moha-racsos-melleny\\\/#breadcrumb\"},\"inLanguage\":\"en-GB\",\"potentialAction\":[{\"@type\":\"ReadAction\",\"target\":[\"https:\\\/\\\/bottanemez.hu\\\/termek\\\/padlizsan-moha-racsos-melleny\\\/\"]}]},{\"@type\":\"ImageObject\",\"inLanguage\":\"en-GB\",\"@id\":\"https:\\\/\\\/bottanemez.hu\\\/termek\\\/padlizsan-moha-racsos-melleny\\\/#primaryimage\",\"url\":\"https:\\\/\\\/bottanemez.hu\\\/wp-content\\\/uploads\\\/2026\\\/04\\\/mohazold-lila-racsos-melleny.png\",\"contentUrl\":\"https:\\\/\\\/bottanemez.hu\\\/wp-content\\\/uploads\\\/2026\\\/04\\\/mohazold-lila-racsos-melleny.png\",\"width\":529,\"height\":1024},{\"@type\":\"BreadcrumbList\",\"@id\":\"https:\\\/\\\/bottanemez.hu\\\/termek\\\/padlizsan-moha-racsos-melleny\\\/#breadcrumb\",\"itemListElement\":[{\"@type\":\"ListItem\",\"position\":1,\"name\":\"Home\",\"item\":\"https:\\\/\\\/bottanemez.hu\\\/\"},{\"@type\":\"ListItem\",\"position\":2,\"name\":\"Webshop\",\"item\":\"https:\\\/\\\/bottanemez.hu\\\/nemez-webshop\\\/\"},{\"@type\":\"ListItem\",\"position\":3,\"name\":\"Padlizs\u00e1n-moha r\u00e1csos mell\u00e9ny\"}]},{\"@type\":\"WebSite\",\"@id\":\"https:\\\/\\\/bottanemez.hu\\\/#website\",\"url\":\"https:\\\/\\\/bottanemez.hu\\\/\",\"name\":\"Botta Nemez\",\"description\":\"Nemez\",\"publisher\":{\"@id\":\"https:\\\/\\\/bottanemez.hu\\\/#\\\/schema\\\/person\\\/e0b43b47c83f1b8ec5102569c7e47946\"},\"potentialAction\":[{\"@type\":\"SearchAction\",\"target\":{\"@type\":\"EntryPoint\",\"urlTemplate\":\"https:\\\/\\\/bottanemez.hu\\\/?s={search_term_string}\"},\"query-input\":{\"@type\":\"PropertyValueSpecification\",\"valueRequired\":true,\"valueName\":\"search_term_string\"}}],\"inLanguage\":\"en-GB\"},{\"@type\":[\"Person\",\"Organization\"],\"@id\":\"https:\\\/\\\/bottanemez.hu\\\/#\\\/schema\\\/person\\\/e0b43b47c83f1b8ec5102569c7e47946\",\"name\":\"nemezShop\",\"image\":{\"@type\":\"ImageObject\",\"inLanguage\":\"en-GB\",\"@id\":\"https:\\\/\\\/bottanemez.hu\\\/wp-content\\\/uploads\\\/2022\\\/10\\\/cropped-bottaNemezLogo.png\",\"url\":\"https:\\\/\\\/bottanemez.hu\\\/wp-content\\\/uploads\\\/2022\\\/10\\\/cropped-bottaNemezLogo.png\",\"contentUrl\":\"https:\\\/\\\/bottanemez.hu\\\/wp-content\\\/uploads\\\/2022\\\/10\\\/cropped-bottaNemezLogo.png\",\"width\":301,\"height\":301,\"caption\":\"nemezShop\"},\"logo\":{\"@id\":\"https:\\\/\\\/bottanemez.hu\\\/wp-content\\\/uploads\\\/2022\\\/10\\\/cropped-bottaNemezLogo.png\"},\"sameAs\":[\"https:\\\/\\\/vilagitopolo.hu\",\"https:\\\/\\\/www.facebook.com\\\/bottanemez\"]}]}<\/script>\n<meta property=\"product:price:amount\" content=\"48000\" \/>\n<meta property=\"product:price:currency\" content=\"HUF\" \/>\n<meta property=\"og:availability\" content=\"instock\" \/>\n<meta property=\"product:availability\" content=\"instock\" \/>\n<meta property=\"product:condition\" content=\"new\" \/>\n<!-- \/ Yoast SEO Premium plugin. -->","yoast_head_json":{"title":"Padlizs\u00e1n-moha r\u00e1csos mell\u00e9ny - Botta Nemez","description":"Mindk\u00e9t oldal\u00e1n hordhat\u00f3, dubl\u00f3 tavaszi-\u0151szi mell\u00e9ny, k\u00f6nnyed es\u00e9s\u0171, finom ausztr\u00e1l merin\u00f3 gyapj\u00fab\u00f3l.Alj\u00e1n r\u00e1csos mint\u00e1zat\u00fa v\u00e9gz\u0151d\u00e9s. \u00c1tlapol\u00f3s, brossal t\u0171zhet\u0151, sz\u00e9les gall\u00e9r\u00fa.M\u00e9retek:36-42.","robots":{"index":"index","follow":"follow","max-snippet":"max-snippet:-1","max-image-preview":"max-image-preview:large","max-video-preview":"max-video-preview:-1"},"canonical":"https:\/\/bottanemez.hu\/en\/product\/padlizsan-moha-racsos-melleny\/","og_locale":"en_GB","og_type":"article","og_title":"Padlizs\u00e1n-moha r\u00e1csos mell\u00e9ny","og_description":"Mindk\u00e9t oldal\u00e1n hordhat\u00f3, dubl\u00f3 tavaszi-\u0151szi mell\u00e9ny, k\u00f6nnyed es\u00e9s\u0171, finom ausztr\u00e1l merin\u00f3 gyapj\u00fab\u00f3l.Alj\u00e1n r\u00e1csos mint\u00e1zat\u00fa v\u00e9gz\u0151d\u00e9s. \u00c1tlapol\u00f3s, brossal t\u0171zhet\u0151, sz\u00e9les gall\u00e9r\u00fa.M\u00e9retek:36-42.","og_url":"https:\/\/bottanemez.hu\/en\/product\/padlizsan-moha-racsos-melleny\/","og_site_name":"Botta Nemez","article_publisher":"https:\/\/www.facebook.com\/bottanemez","article_modified_time":"2026-04-07T13:44:16+00:00","og_image":[{"width":529,"height":1024,"url":"https:\/\/bottanemez.hu\/wp-content\/uploads\/2026\/04\/mohazold-lila-racsos-melleny.png","type":"image\/png"}],"twitter_card":"summary_large_image","twitter_misc":{"Price":"48.000&nbsp;&#70;&#116;","Availability":"In stock"},"schema":{"@context":"https:\/\/schema.org","@graph":[{"@type":"WebPage","@id":"https:\/\/bottanemez.hu\/termek\/padlizsan-moha-racsos-melleny\/","url":"https:\/\/bottanemez.hu\/termek\/padlizsan-moha-racsos-melleny\/","name":"Padlizs\u00e1n-moha r\u00e1csos mell\u00e9ny - Botta Nemez","isPartOf":{"@id":"https:\/\/bottanemez.hu\/#website"},"primaryImageOfPage":{"@id":"https:\/\/bottanemez.hu\/termek\/padlizsan-moha-racsos-melleny\/#primaryimage"},"image":{"@id":"https:\/\/bottanemez.hu\/termek\/padlizsan-moha-racsos-melleny\/#primaryimage"},"thumbnailUrl":"https:\/\/bottanemez.hu\/wp-content\/uploads\/2026\/04\/mohazold-lila-racsos-melleny.png","datePublished":"2026-04-07T13:44:15+00:00","dateModified":"2026-04-07T13:44:16+00:00","description":"Mindk\u00e9t oldal\u00e1n hordhat\u00f3, dubl\u00f3 tavaszi-\u0151szi mell\u00e9ny, k\u00f6nnyed es\u00e9s\u0171, finom ausztr\u00e1l merin\u00f3 gyapj\u00fab\u00f3l.Alj\u00e1n r\u00e1csos mint\u00e1zat\u00fa v\u00e9gz\u0151d\u00e9s. \u00c1tlapol\u00f3s, brossal t\u0171zhet\u0151, sz\u00e9les gall\u00e9r\u00fa.M\u00e9retek:36-42.","breadcrumb":{"@id":"https:\/\/bottanemez.hu\/termek\/padlizsan-moha-racsos-melleny\/#breadcrumb"},"inLanguage":"en-GB","potentialAction":[{"@type":"ReadAction","target":["https:\/\/bottanemez.hu\/termek\/padlizsan-moha-racsos-melleny\/"]}]},{"@type":"ImageObject","inLanguage":"en-GB","@id":"https:\/\/bottanemez.hu\/termek\/padlizsan-moha-racsos-melleny\/#primaryimage","url":"https:\/\/bottanemez.hu\/wp-content\/uploads\/2026\/04\/mohazold-lila-racsos-melleny.png","contentUrl":"https:\/\/bottanemez.hu\/wp-content\/uploads\/2026\/04\/mohazold-lila-racsos-melleny.png","width":529,"height":1024},{"@type":"BreadcrumbList","@id":"https:\/\/bottanemez.hu\/termek\/padlizsan-moha-racsos-melleny\/#breadcrumb","itemListElement":[{"@type":"ListItem","position":1,"name":"Home","item":"https:\/\/bottanemez.hu\/"},{"@type":"ListItem","position":2,"name":"Webshop","item":"https:\/\/bottanemez.hu\/nemez-webshop\/"},{"@type":"ListItem","position":3,"name":"Padlizs\u00e1n-moha r\u00e1csos mell\u00e9ny"}]},{"@type":"WebSite","@id":"https:\/\/bottanemez.hu\/#website","url":"https:\/\/bottanemez.hu\/","name":"BottaFeltArt","description":"Nemez","publisher":{"@id":"https:\/\/bottanemez.hu\/#\/schema\/person\/e0b43b47c83f1b8ec5102569c7e47946"},"potentialAction":[{"@type":"SearchAction","target":{"@type":"EntryPoint","urlTemplate":"https:\/\/bottanemez.hu\/?s={search_term_string}"},"query-input":{"@type":"PropertyValueSpecification","valueRequired":true,"valueName":"search_term_string"}}],"inLanguage":"en-GB"},{"@type":["Person","Organization"],"@id":"https:\/\/bottanemez.hu\/#\/schema\/person\/e0b43b47c83f1b8ec5102569c7e47946","name":"nemezShop","image":{"@type":"ImageObject","inLanguage":"en-GB","@id":"https:\/\/bottanemez.hu\/wp-content\/uploads\/2022\/10\/cropped-bottaNemezLogo.png","url":"https:\/\/bottanemez.hu\/wp-content\/uploads\/2022\/10\/cropped-bottaNemezLogo.png","contentUrl":"https:\/\/bottanemez.hu\/wp-content\/uploads\/2022\/10\/cropped-bottaNemezLogo.png","width":301,"height":301,"caption":"nemezShop"},"logo":{"@id":"https:\/\/bottanemez.hu\/wp-content\/uploads\/2022\/10\/cropped-bottaNemezLogo.png"},"sameAs":["https:\/\/vilagitopolo.hu","https:\/\/www.facebook.com\/bottanemez"]}]},"product_price_amount":"48000","product_price_currency":"HUF","og_availability":"instock","product_availability":"instock","product_condition":"new"},"_links":{"self":[{"href":"https:\/\/bottanemez.hu\/en\/wp-json\/wp\/v2\/product\/3409","targetHints":{"allow":["GET"]}}],"collection":[{"href":"https:\/\/bottanemez.hu\/en\/wp-json\/wp\/v2\/product"}],"about":[{"href":"https:\/\/bottanemez.hu\/en\/wp-json\/wp\/v2\/types\/product"}],"wp:featuredmedia":[{"embeddable":true,"href":"https:\/\/bottanemez.hu\/en\/wp-json\/wp\/v2\/media\/3410"}],"wp:attachment":[{"href":"https:\/\/bottanemez.hu\/en\/wp-json\/wp\/v2\/media?parent=3409"}],"wp:term":[{"taxonomy":"product_brand","embeddable":true,"href":"https:\/\/bottanemez.hu\/en\/wp-json\/wp\/v2\/product_brand?post=3409"},{"taxonomy":"product_cat","embeddable":true,"href":"https:\/\/bottanemez.hu\/en\/wp-json\/wp\/v2\/product_cat?post=3409"},{"taxonomy":"product_tag","embeddable":true,"href":"https:\/\/bottanemez.hu\/en\/wp-json\/wp\/v2\/product_tag?post=3409"}],"curies":[{"name":"wp","href":"https:\/\/api.w.org\/{rel}","templated":true}]}}