{"id":3355,"date":"2024-11-02T18:28:27","date_gmt":"2024-11-02T18:28:27","guid":{"rendered":"https:\/\/bottanemez.hu\/?post_type=product&#038;p=3355"},"modified":"2026-03-30T18:40:08","modified_gmt":"2026-03-30T18:40:08","slug":"nemez-ruha-gyapju","status":"publish","type":"product","link":"https:\/\/bottanemez.hu\/en\/product\/nemez-ruha-gyapju\/","title":{"rendered":"Lazac ny\u00e1ri ruha"},"content":{"rendered":"<p>Selyemre nemezelt lazac sz\u00edn\u0171 ausztr\u00e1l merin\u00f3 gyapj\u00fa fels\u0151r\u00e9sszel, k\u00f6nnyed mint\u00e1s lazac sz\u00edn\u0171 pamutv\u00e1szon hossz\u00fa szokny\u00e1val k\u00e9sz\u00fclt ruha. Szoknya r\u00e9sze k\u00e9toldalt t\u00e9rdig sliccelt. Nyakban \u00e9s h\u00e1toldal\u00e1n m\u00e9retre \u00e1ll\u00edthat\u00f3an k\u00f6thet\u0151 meg.<\/p>\n<p>K\u00e9zzel moshat\u00f3, g\u0151z\u00f6lhet\u0151.<\/p>\n<p>M\u00e9ret: 36-42<\/p>","protected":false},"excerpt":{"rendered":"<p>Selyemre nemezelt lazac sz\u00edn\u0171 ausztr\u00e1l merin\u00f3 gyapj\u00fa fels\u0151r\u00e9sszel, k\u00f6nnyed mint\u00e1s lazac sz\u00edn\u0171 pamutv\u00e1szon hossz\u00fa szokny\u00e1val k\u00e9sz\u00fclt ruha. Szoknya r\u00e9sze k\u00e9toldalt t\u00e9rdig sliccelt. Nyakban \u00e9s h\u00e1toldal\u00e1n m\u00e9retre \u00e1ll\u00edthat\u00f3an k\u00f6thet\u0151 meg. K\u00e9zzel moshat\u00f3, g\u0151z\u00f6lhet\u0151. M\u00e9ret: 36-42<\/p>","protected":false},"featured_media":3356,"template":"","meta":[],"product_brand":[],"product_cat":[44],"product_tag":[],"class_list":{"0":"post-3355","1":"product","2":"type-product","3":"status-publish","4":"has-post-thumbnail","6":"product_cat-ruhak","8":"first","9":"instock","10":"shipping-taxable","11":"purchasable","12":"product-type-simple"},"yoast_head":"<!-- This site is optimized with the Yoast SEO Premium plugin v27.6 (Yoast SEO v27.6) - https:\/\/yoast.com\/product\/yoast-seo-premium-wordpress\/ -->\n<title>Lazac ny\u00e1ri ruha - Botta Nemez<\/title>\n<meta name=\"description\" content=\"Selyemre nemezelt lazac sz\u00edn\u0171 ausztr\u00e1l merin\u00f3 gyapj\u00fa fels\u0151r\u00e9sszel, k\u00f6nnyed mint\u00e1s lazac sz\u00edn\u0171 pamutv\u00e1szon hossz\u00fa szokny\u00e1val k\u00e9sz\u00fclt ruha. Szoknya r\u00e9sze k\u00e9toldalt t\u00e9rdig sliccelt. Nyakban \u00e9s h\u00e1toldal\u00e1n m\u00e9retre \u00e1ll\u00edthat\u00f3an k\u00f6thet\u0151 meg.K\u00e9zzel moshat\u00f3, g\u0151z\u00f6lhet\u0151.M\u00e9ret: 36-42\" \/>\n<meta name=\"robots\" content=\"index, follow, max-snippet:-1, max-image-preview:large, max-video-preview:-1\" \/>\n<link rel=\"canonical\" href=\"https:\/\/bottanemez.hu\/en\/product\/nemez-ruha-gyapju\/\" \/>\n<meta property=\"og:locale\" content=\"en_GB\" \/>\n<meta property=\"og:type\" content=\"article\" \/>\n<meta property=\"og:title\" content=\"Lazac ny\u00e1ri ruha\" \/>\n<meta property=\"og:description\" content=\"Selyemre nemezelt lazac sz\u00edn\u0171 ausztr\u00e1l merin\u00f3 gyapj\u00fa fels\u0151r\u00e9sszel, k\u00f6nnyed mint\u00e1s lazac sz\u00edn\u0171 pamutv\u00e1szon hossz\u00fa szokny\u00e1val k\u00e9sz\u00fclt ruha. Szoknya r\u00e9sze k\u00e9toldalt t\u00e9rdig sliccelt. Nyakban \u00e9s h\u00e1toldal\u00e1n m\u00e9retre \u00e1ll\u00edthat\u00f3an k\u00f6thet\u0151 meg.K\u00e9zzel moshat\u00f3, g\u0151z\u00f6lhet\u0151.M\u00e9ret: 36-42\" \/>\n<meta property=\"og:url\" content=\"https:\/\/bottanemez.hu\/en\/product\/nemez-ruha-gyapju\/\" \/>\n<meta property=\"og:site_name\" content=\"Botta Nemez\" \/>\n<meta property=\"article:publisher\" content=\"https:\/\/www.facebook.com\/bottanemez\" \/>\n<meta property=\"article:modified_time\" content=\"2026-03-30T18:40:08+00:00\" \/>\n<meta property=\"og:image\" content=\"https:\/\/bottanemez.hu\/wp-content\/uploads\/2024\/11\/lazac-nyari-1.jpg\" \/>\n\t<meta property=\"og:image:width\" content=\"195\" \/>\n\t<meta property=\"og:image:height\" content=\"624\" \/>\n\t<meta property=\"og:image:type\" content=\"image\/jpeg\" \/>\n<meta name=\"twitter:card\" content=\"summary_large_image\" \/>\n<meta name=\"twitter:label1\" content=\"Price\" \/>\n\t<meta name=\"twitter:data1\" content=\"32.000&nbsp;&#070;&#116;\" \/>\n\t<meta name=\"twitter:label2\" content=\"Availability\" \/>\n\t<meta name=\"twitter:data2\" content=\"In stock\" \/>\n<script type=\"application\/ld+json\" class=\"yoast-schema-graph\">{\"@context\":\"https:\\\/\\\/schema.org\",\"@graph\":[{\"@type\":\"WebPage\",\"@id\":\"https:\\\/\\\/bottanemez.hu\\\/termek\\\/nemez-ruha-gyapju\\\/\",\"url\":\"https:\\\/\\\/bottanemez.hu\\\/termek\\\/nemez-ruha-gyapju\\\/\",\"name\":\"Lazac ny\u00e1ri ruha - Botta Nemez\",\"isPartOf\":{\"@id\":\"https:\\\/\\\/bottanemez.hu\\\/#website\"},\"primaryImageOfPage\":{\"@id\":\"https:\\\/\\\/bottanemez.hu\\\/termek\\\/nemez-ruha-gyapju\\\/#primaryimage\"},\"image\":{\"@id\":\"https:\\\/\\\/bottanemez.hu\\\/termek\\\/nemez-ruha-gyapju\\\/#primaryimage\"},\"thumbnailUrl\":\"https:\\\/\\\/bottanemez.hu\\\/wp-content\\\/uploads\\\/2024\\\/11\\\/lazac-nyari-1.jpg\",\"datePublished\":\"2024-11-02T18:28:27+00:00\",\"dateModified\":\"2026-03-30T18:40:08+00:00\",\"description\":\"Selyemre nemezelt lazac sz\u00edn\u0171 ausztr\u00e1l merin\u00f3 gyapj\u00fa fels\u0151r\u00e9sszel, k\u00f6nnyed mint\u00e1s lazac sz\u00edn\u0171 pamutv\u00e1szon hossz\u00fa szokny\u00e1val k\u00e9sz\u00fclt ruha. Szoknya r\u00e9sze k\u00e9toldalt t\u00e9rdig sliccelt. Nyakban \u00e9s h\u00e1toldal\u00e1n m\u00e9retre \u00e1ll\u00edthat\u00f3an k\u00f6thet\u0151 meg.K\u00e9zzel moshat\u00f3, g\u0151z\u00f6lhet\u0151.M\u00e9ret: 36-42\",\"breadcrumb\":{\"@id\":\"https:\\\/\\\/bottanemez.hu\\\/termek\\\/nemez-ruha-gyapju\\\/#breadcrumb\"},\"inLanguage\":\"en-GB\",\"potentialAction\":[{\"@type\":\"ReadAction\",\"target\":[\"https:\\\/\\\/bottanemez.hu\\\/termek\\\/nemez-ruha-gyapju\\\/\"]}]},{\"@type\":\"ImageObject\",\"inLanguage\":\"en-GB\",\"@id\":\"https:\\\/\\\/bottanemez.hu\\\/termek\\\/nemez-ruha-gyapju\\\/#primaryimage\",\"url\":\"https:\\\/\\\/bottanemez.hu\\\/wp-content\\\/uploads\\\/2024\\\/11\\\/lazac-nyari-1.jpg\",\"contentUrl\":\"https:\\\/\\\/bottanemez.hu\\\/wp-content\\\/uploads\\\/2024\\\/11\\\/lazac-nyari-1.jpg\",\"width\":195,\"height\":624},{\"@type\":\"BreadcrumbList\",\"@id\":\"https:\\\/\\\/bottanemez.hu\\\/termek\\\/nemez-ruha-gyapju\\\/#breadcrumb\",\"itemListElement\":[{\"@type\":\"ListItem\",\"position\":1,\"name\":\"Home\",\"item\":\"https:\\\/\\\/bottanemez.hu\\\/\"},{\"@type\":\"ListItem\",\"position\":2,\"name\":\"Webshop\",\"item\":\"https:\\\/\\\/bottanemez.hu\\\/nemez-webshop\\\/\"},{\"@type\":\"ListItem\",\"position\":3,\"name\":\"Lazac ny\u00e1ri ruha\"}]},{\"@type\":\"WebSite\",\"@id\":\"https:\\\/\\\/bottanemez.hu\\\/#website\",\"url\":\"https:\\\/\\\/bottanemez.hu\\\/\",\"name\":\"Botta Nemez\",\"description\":\"Nemez\",\"publisher\":{\"@id\":\"https:\\\/\\\/bottanemez.hu\\\/#\\\/schema\\\/person\\\/e0b43b47c83f1b8ec5102569c7e47946\"},\"potentialAction\":[{\"@type\":\"SearchAction\",\"target\":{\"@type\":\"EntryPoint\",\"urlTemplate\":\"https:\\\/\\\/bottanemez.hu\\\/?s={search_term_string}\"},\"query-input\":{\"@type\":\"PropertyValueSpecification\",\"valueRequired\":true,\"valueName\":\"search_term_string\"}}],\"inLanguage\":\"en-GB\"},{\"@type\":[\"Person\",\"Organization\"],\"@id\":\"https:\\\/\\\/bottanemez.hu\\\/#\\\/schema\\\/person\\\/e0b43b47c83f1b8ec5102569c7e47946\",\"name\":\"nemezShop\",\"image\":{\"@type\":\"ImageObject\",\"inLanguage\":\"en-GB\",\"@id\":\"https:\\\/\\\/bottanemez.hu\\\/wp-content\\\/uploads\\\/2022\\\/10\\\/cropped-bottaNemezLogo.png\",\"url\":\"https:\\\/\\\/bottanemez.hu\\\/wp-content\\\/uploads\\\/2022\\\/10\\\/cropped-bottaNemezLogo.png\",\"contentUrl\":\"https:\\\/\\\/bottanemez.hu\\\/wp-content\\\/uploads\\\/2022\\\/10\\\/cropped-bottaNemezLogo.png\",\"width\":301,\"height\":301,\"caption\":\"nemezShop\"},\"logo\":{\"@id\":\"https:\\\/\\\/bottanemez.hu\\\/wp-content\\\/uploads\\\/2022\\\/10\\\/cropped-bottaNemezLogo.png\"},\"sameAs\":[\"https:\\\/\\\/vilagitopolo.hu\",\"https:\\\/\\\/www.facebook.com\\\/bottanemez\"]}]}<\/script>\n<meta property=\"product:price:amount\" content=\"32000\" \/>\n<meta property=\"product:price:currency\" content=\"HUF\" \/>\n<meta property=\"og:availability\" content=\"instock\" \/>\n<meta property=\"product:availability\" content=\"instock\" \/>\n<meta property=\"product:condition\" content=\"new\" \/>\n<!-- \/ Yoast SEO Premium plugin. -->","yoast_head_json":{"title":"Lazac ny\u00e1ri ruha - Botta Nemez","description":"Selyemre nemezelt lazac sz\u00edn\u0171 ausztr\u00e1l merin\u00f3 gyapj\u00fa fels\u0151r\u00e9sszel, k\u00f6nnyed mint\u00e1s lazac sz\u00edn\u0171 pamutv\u00e1szon hossz\u00fa szokny\u00e1val k\u00e9sz\u00fclt ruha. Szoknya r\u00e9sze k\u00e9toldalt t\u00e9rdig sliccelt. Nyakban \u00e9s h\u00e1toldal\u00e1n m\u00e9retre \u00e1ll\u00edthat\u00f3an k\u00f6thet\u0151 meg.K\u00e9zzel moshat\u00f3, g\u0151z\u00f6lhet\u0151.M\u00e9ret: 36-42","robots":{"index":"index","follow":"follow","max-snippet":"max-snippet:-1","max-image-preview":"max-image-preview:large","max-video-preview":"max-video-preview:-1"},"canonical":"https:\/\/bottanemez.hu\/en\/product\/nemez-ruha-gyapju\/","og_locale":"en_GB","og_type":"article","og_title":"Lazac ny\u00e1ri ruha","og_description":"Selyemre nemezelt lazac sz\u00edn\u0171 ausztr\u00e1l merin\u00f3 gyapj\u00fa fels\u0151r\u00e9sszel, k\u00f6nnyed mint\u00e1s lazac sz\u00edn\u0171 pamutv\u00e1szon hossz\u00fa szokny\u00e1val k\u00e9sz\u00fclt ruha. Szoknya r\u00e9sze k\u00e9toldalt t\u00e9rdig sliccelt. Nyakban \u00e9s h\u00e1toldal\u00e1n m\u00e9retre \u00e1ll\u00edthat\u00f3an k\u00f6thet\u0151 meg.K\u00e9zzel moshat\u00f3, g\u0151z\u00f6lhet\u0151.M\u00e9ret: 36-42","og_url":"https:\/\/bottanemez.hu\/en\/product\/nemez-ruha-gyapju\/","og_site_name":"Botta Nemez","article_publisher":"https:\/\/www.facebook.com\/bottanemez","article_modified_time":"2026-03-30T18:40:08+00:00","og_image":[{"width":195,"height":624,"url":"https:\/\/bottanemez.hu\/wp-content\/uploads\/2024\/11\/lazac-nyari-1.jpg","type":"image\/jpeg"}],"twitter_card":"summary_large_image","twitter_misc":{"Price":"32.000&nbsp;&#70;&#116;","Availability":"In stock"},"schema":{"@context":"https:\/\/schema.org","@graph":[{"@type":"WebPage","@id":"https:\/\/bottanemez.hu\/termek\/nemez-ruha-gyapju\/","url":"https:\/\/bottanemez.hu\/termek\/nemez-ruha-gyapju\/","name":"Lazac ny\u00e1ri ruha - Botta Nemez","isPartOf":{"@id":"https:\/\/bottanemez.hu\/#website"},"primaryImageOfPage":{"@id":"https:\/\/bottanemez.hu\/termek\/nemez-ruha-gyapju\/#primaryimage"},"image":{"@id":"https:\/\/bottanemez.hu\/termek\/nemez-ruha-gyapju\/#primaryimage"},"thumbnailUrl":"https:\/\/bottanemez.hu\/wp-content\/uploads\/2024\/11\/lazac-nyari-1.jpg","datePublished":"2024-11-02T18:28:27+00:00","dateModified":"2026-03-30T18:40:08+00:00","description":"Selyemre nemezelt lazac sz\u00edn\u0171 ausztr\u00e1l merin\u00f3 gyapj\u00fa fels\u0151r\u00e9sszel, k\u00f6nnyed mint\u00e1s lazac sz\u00edn\u0171 pamutv\u00e1szon hossz\u00fa szokny\u00e1val k\u00e9sz\u00fclt ruha. Szoknya r\u00e9sze k\u00e9toldalt t\u00e9rdig sliccelt. Nyakban \u00e9s h\u00e1toldal\u00e1n m\u00e9retre \u00e1ll\u00edthat\u00f3an k\u00f6thet\u0151 meg.K\u00e9zzel moshat\u00f3, g\u0151z\u00f6lhet\u0151.M\u00e9ret: 36-42","breadcrumb":{"@id":"https:\/\/bottanemez.hu\/termek\/nemez-ruha-gyapju\/#breadcrumb"},"inLanguage":"en-GB","potentialAction":[{"@type":"ReadAction","target":["https:\/\/bottanemez.hu\/termek\/nemez-ruha-gyapju\/"]}]},{"@type":"ImageObject","inLanguage":"en-GB","@id":"https:\/\/bottanemez.hu\/termek\/nemez-ruha-gyapju\/#primaryimage","url":"https:\/\/bottanemez.hu\/wp-content\/uploads\/2024\/11\/lazac-nyari-1.jpg","contentUrl":"https:\/\/bottanemez.hu\/wp-content\/uploads\/2024\/11\/lazac-nyari-1.jpg","width":195,"height":624},{"@type":"BreadcrumbList","@id":"https:\/\/bottanemez.hu\/termek\/nemez-ruha-gyapju\/#breadcrumb","itemListElement":[{"@type":"ListItem","position":1,"name":"Home","item":"https:\/\/bottanemez.hu\/"},{"@type":"ListItem","position":2,"name":"Webshop","item":"https:\/\/bottanemez.hu\/nemez-webshop\/"},{"@type":"ListItem","position":3,"name":"Lazac ny\u00e1ri ruha"}]},{"@type":"WebSite","@id":"https:\/\/bottanemez.hu\/#website","url":"https:\/\/bottanemez.hu\/","name":"BottaFeltArt","description":"Nemez","publisher":{"@id":"https:\/\/bottanemez.hu\/#\/schema\/person\/e0b43b47c83f1b8ec5102569c7e47946"},"potentialAction":[{"@type":"SearchAction","target":{"@type":"EntryPoint","urlTemplate":"https:\/\/bottanemez.hu\/?s={search_term_string}"},"query-input":{"@type":"PropertyValueSpecification","valueRequired":true,"valueName":"search_term_string"}}],"inLanguage":"en-GB"},{"@type":["Person","Organization"],"@id":"https:\/\/bottanemez.hu\/#\/schema\/person\/e0b43b47c83f1b8ec5102569c7e47946","name":"nemezShop","image":{"@type":"ImageObject","inLanguage":"en-GB","@id":"https:\/\/bottanemez.hu\/wp-content\/uploads\/2022\/10\/cropped-bottaNemezLogo.png","url":"https:\/\/bottanemez.hu\/wp-content\/uploads\/2022\/10\/cropped-bottaNemezLogo.png","contentUrl":"https:\/\/bottanemez.hu\/wp-content\/uploads\/2022\/10\/cropped-bottaNemezLogo.png","width":301,"height":301,"caption":"nemezShop"},"logo":{"@id":"https:\/\/bottanemez.hu\/wp-content\/uploads\/2022\/10\/cropped-bottaNemezLogo.png"},"sameAs":["https:\/\/vilagitopolo.hu","https:\/\/www.facebook.com\/bottanemez"]}]},"product_price_amount":"32000","product_price_currency":"HUF","og_availability":"instock","product_availability":"instock","product_condition":"new"},"_links":{"self":[{"href":"https:\/\/bottanemez.hu\/en\/wp-json\/wp\/v2\/product\/3355","targetHints":{"allow":["GET"]}}],"collection":[{"href":"https:\/\/bottanemez.hu\/en\/wp-json\/wp\/v2\/product"}],"about":[{"href":"https:\/\/bottanemez.hu\/en\/wp-json\/wp\/v2\/types\/product"}],"wp:featuredmedia":[{"embeddable":true,"href":"https:\/\/bottanemez.hu\/en\/wp-json\/wp\/v2\/media\/3356"}],"wp:attachment":[{"href":"https:\/\/bottanemez.hu\/en\/wp-json\/wp\/v2\/media?parent=3355"}],"wp:term":[{"taxonomy":"product_brand","embeddable":true,"href":"https:\/\/bottanemez.hu\/en\/wp-json\/wp\/v2\/product_brand?post=3355"},{"taxonomy":"product_cat","embeddable":true,"href":"https:\/\/bottanemez.hu\/en\/wp-json\/wp\/v2\/product_cat?post=3355"},{"taxonomy":"product_tag","embeddable":true,"href":"https:\/\/bottanemez.hu\/en\/wp-json\/wp\/v2\/product_tag?post=3355"}],"curies":[{"name":"wp","href":"https:\/\/api.w.org\/{rel}","templated":true}]}}