{"id":3342,"date":"2024-11-02T18:06:27","date_gmt":"2024-11-02T18:06:27","guid":{"rendered":"https:\/\/bottanemez.hu\/?post_type=product&#038;p=3342"},"modified":"2026-03-27T14:24:53","modified_gmt":"2026-03-27T14:24:53","slug":"gyapju-nemez-kabat","status":"publish","type":"product","link":"https:\/\/bottanemez.hu\/en\/product\/gyapju-nemez-kabat\/","title":{"rendered":"Tavaszi-\u0151szi kab\u00e1t racka gall\u00e9rral"},"content":{"rendered":"<p>Ausztr\u00e1l merin\u00f3 gyapj\u00fab\u00f3l k\u00e9sz\u00fclt b\u0151 fels\u0151r\u00e9sszel, alj\u00e1n sz\u0171k\u00fcl\u0151 nemez kab\u00e1t, raku ker\u00e1mia brossal t\u00f6bbf\u00e9le m\u00f3don t\u0171zhet\u0151.<\/p>\n<p>Gall\u00e9rj\u00e1n narancs sz\u00edn\u0171 rackagyapj\u00faval d\u00edsz\u00edtett.<\/p>\n<p>K\u00e9zzel moshat\u00f3, g\u0151z\u00f6lhet\u0151.<\/p>\n<p>M\u00e9ret: 38-44<\/p>\n<p>&nbsp;<\/p>","protected":false},"excerpt":{"rendered":"<p>Ausztr\u00e1l merin\u00f3 gyapj\u00fab\u00f3l k\u00e9sz\u00fclt b\u0151 fels\u0151r\u00e9sszel, alj\u00e1n sz\u0171k\u00fcl\u0151 nemez kab\u00e1t, raku ker\u00e1mia brossal t\u00f6bbf\u00e9le m\u00f3don t\u0171zhet\u0151.<\/p>\n<p>Gall\u00e9rj\u00e1n narancs sz\u00edn\u0171 rackagyapj\u00faval d\u00edsz\u00edtett.<\/p>\n<p>K\u00e9zzel moshat\u00f3, g\u0151z\u00f6lhet\u0151.<\/p>\n<p>M\u00e9ret: 38-44<\/p>","protected":false},"featured_media":3385,"template":"","meta":[],"product_brand":[],"product_cat":[23],"product_tag":[],"class_list":{"0":"post-3342","1":"product","2":"type-product","3":"status-publish","4":"has-post-thumbnail","6":"product_cat-nemez-poncso","8":"first","9":"instock","10":"shipping-taxable","11":"purchasable","12":"product-type-simple"},"yoast_head":"<!-- This site is optimized with the Yoast SEO Premium plugin v27.6 (Yoast SEO v27.6) - https:\/\/yoast.com\/product\/yoast-seo-premium-wordpress\/ -->\n<title>Tavaszi-\u0151szi kab\u00e1t racka gall\u00e9rral - Botta Nemez<\/title>\n<meta name=\"description\" content=\"Ausztr\u00e1l merin\u00f3 gyapj\u00fab\u00f3l k\u00e9sz\u00fclt b\u0151 fels\u0151r\u00e9sszel, alj\u00e1n sz\u0171k\u00fcl\u0151 nemez kab\u00e1t, raku ker\u00e1mia brossal t\u00f6bbf\u00e9le m\u00f3don t\u0171zhet\u0151.Gall\u00e9rj\u00e1n narancs sz\u00edn\u0171 rackagyapj\u00faval d\u00edsz\u00edtett.K\u00e9zzel moshat\u00f3, g\u0151z\u00f6lhet\u0151.M\u00e9ret: 38-44\" \/>\n<meta name=\"robots\" content=\"index, follow, max-snippet:-1, max-image-preview:large, max-video-preview:-1\" \/>\n<link rel=\"canonical\" href=\"https:\/\/bottanemez.hu\/en\/product\/gyapju-nemez-kabat\/\" \/>\n<meta property=\"og:locale\" content=\"en_GB\" \/>\n<meta property=\"og:type\" content=\"article\" \/>\n<meta property=\"og:title\" content=\"Tavaszi-\u0151szi kab\u00e1t racka gall\u00e9rral\" \/>\n<meta property=\"og:description\" content=\"Ausztr\u00e1l merin\u00f3 gyapj\u00fab\u00f3l k\u00e9sz\u00fclt b\u0151 fels\u0151r\u00e9sszel, alj\u00e1n sz\u0171k\u00fcl\u0151 nemez kab\u00e1t, raku ker\u00e1mia brossal t\u00f6bbf\u00e9le m\u00f3don t\u0171zhet\u0151.Gall\u00e9rj\u00e1n narancs sz\u00edn\u0171 rackagyapj\u00faval d\u00edsz\u00edtett.K\u00e9zzel moshat\u00f3, g\u0151z\u00f6lhet\u0151.M\u00e9ret: 38-44\" \/>\n<meta property=\"og:url\" content=\"https:\/\/bottanemez.hu\/en\/product\/gyapju-nemez-kabat\/\" \/>\n<meta property=\"og:site_name\" content=\"Botta Nemez\" \/>\n<meta property=\"article:publisher\" content=\"https:\/\/www.facebook.com\/bottanemez\" \/>\n<meta property=\"article:modified_time\" content=\"2026-03-27T14:24:53+00:00\" \/>\n<meta property=\"og:image\" content=\"https:\/\/bottanemez.hu\/wp-content\/uploads\/2024\/11\/Tavaszi-oszi-kabat-recka-gallerral.png\" \/>\n\t<meta property=\"og:image:width\" content=\"517\" \/>\n\t<meta property=\"og:image:height\" content=\"1021\" \/>\n\t<meta property=\"og:image:type\" content=\"image\/png\" \/>\n<meta name=\"twitter:card\" content=\"summary_large_image\" \/>\n<meta name=\"twitter:label1\" content=\"Price\" \/>\n\t<meta name=\"twitter:data1\" content=\"58.000&nbsp;&#070;&#116;\" \/>\n\t<meta name=\"twitter:label2\" content=\"Availability\" \/>\n\t<meta name=\"twitter:data2\" content=\"In stock\" \/>\n<script type=\"application\/ld+json\" class=\"yoast-schema-graph\">{\"@context\":\"https:\\\/\\\/schema.org\",\"@graph\":[{\"@type\":\"WebPage\",\"@id\":\"https:\\\/\\\/bottanemez.hu\\\/termek\\\/gyapju-nemez-kabat\\\/\",\"url\":\"https:\\\/\\\/bottanemez.hu\\\/termek\\\/gyapju-nemez-kabat\\\/\",\"name\":\"Tavaszi-\u0151szi kab\u00e1t racka gall\u00e9rral - Botta Nemez\",\"isPartOf\":{\"@id\":\"https:\\\/\\\/bottanemez.hu\\\/#website\"},\"primaryImageOfPage\":{\"@id\":\"https:\\\/\\\/bottanemez.hu\\\/termek\\\/gyapju-nemez-kabat\\\/#primaryimage\"},\"image\":{\"@id\":\"https:\\\/\\\/bottanemez.hu\\\/termek\\\/gyapju-nemez-kabat\\\/#primaryimage\"},\"thumbnailUrl\":\"https:\\\/\\\/bottanemez.hu\\\/wp-content\\\/uploads\\\/2024\\\/11\\\/Tavaszi-oszi-kabat-recka-gallerral.png\",\"datePublished\":\"2024-11-02T18:06:27+00:00\",\"dateModified\":\"2026-03-27T14:24:53+00:00\",\"description\":\"Ausztr\u00e1l merin\u00f3 gyapj\u00fab\u00f3l k\u00e9sz\u00fclt b\u0151 fels\u0151r\u00e9sszel, alj\u00e1n sz\u0171k\u00fcl\u0151 nemez kab\u00e1t, raku ker\u00e1mia brossal t\u00f6bbf\u00e9le m\u00f3don t\u0171zhet\u0151.Gall\u00e9rj\u00e1n narancs sz\u00edn\u0171 rackagyapj\u00faval d\u00edsz\u00edtett.K\u00e9zzel moshat\u00f3, g\u0151z\u00f6lhet\u0151.M\u00e9ret: 38-44\",\"breadcrumb\":{\"@id\":\"https:\\\/\\\/bottanemez.hu\\\/termek\\\/gyapju-nemez-kabat\\\/#breadcrumb\"},\"inLanguage\":\"en-GB\",\"potentialAction\":[{\"@type\":\"ReadAction\",\"target\":[\"https:\\\/\\\/bottanemez.hu\\\/termek\\\/gyapju-nemez-kabat\\\/\"]}]},{\"@type\":\"ImageObject\",\"inLanguage\":\"en-GB\",\"@id\":\"https:\\\/\\\/bottanemez.hu\\\/termek\\\/gyapju-nemez-kabat\\\/#primaryimage\",\"url\":\"https:\\\/\\\/bottanemez.hu\\\/wp-content\\\/uploads\\\/2024\\\/11\\\/Tavaszi-oszi-kabat-recka-gallerral.png\",\"contentUrl\":\"https:\\\/\\\/bottanemez.hu\\\/wp-content\\\/uploads\\\/2024\\\/11\\\/Tavaszi-oszi-kabat-recka-gallerral.png\",\"width\":517,\"height\":1021},{\"@type\":\"BreadcrumbList\",\"@id\":\"https:\\\/\\\/bottanemez.hu\\\/termek\\\/gyapju-nemez-kabat\\\/#breadcrumb\",\"itemListElement\":[{\"@type\":\"ListItem\",\"position\":1,\"name\":\"Home\",\"item\":\"https:\\\/\\\/bottanemez.hu\\\/\"},{\"@type\":\"ListItem\",\"position\":2,\"name\":\"Webshop\",\"item\":\"https:\\\/\\\/bottanemez.hu\\\/nemez-webshop\\\/\"},{\"@type\":\"ListItem\",\"position\":3,\"name\":\"Tavaszi-\u0151szi kab\u00e1t racka gall\u00e9rral\"}]},{\"@type\":\"WebSite\",\"@id\":\"https:\\\/\\\/bottanemez.hu\\\/#website\",\"url\":\"https:\\\/\\\/bottanemez.hu\\\/\",\"name\":\"Botta Nemez\",\"description\":\"Nemez\",\"publisher\":{\"@id\":\"https:\\\/\\\/bottanemez.hu\\\/#\\\/schema\\\/person\\\/e0b43b47c83f1b8ec5102569c7e47946\"},\"potentialAction\":[{\"@type\":\"SearchAction\",\"target\":{\"@type\":\"EntryPoint\",\"urlTemplate\":\"https:\\\/\\\/bottanemez.hu\\\/?s={search_term_string}\"},\"query-input\":{\"@type\":\"PropertyValueSpecification\",\"valueRequired\":true,\"valueName\":\"search_term_string\"}}],\"inLanguage\":\"en-GB\"},{\"@type\":[\"Person\",\"Organization\"],\"@id\":\"https:\\\/\\\/bottanemez.hu\\\/#\\\/schema\\\/person\\\/e0b43b47c83f1b8ec5102569c7e47946\",\"name\":\"nemezShop\",\"image\":{\"@type\":\"ImageObject\",\"inLanguage\":\"en-GB\",\"@id\":\"https:\\\/\\\/bottanemez.hu\\\/wp-content\\\/uploads\\\/2022\\\/10\\\/cropped-bottaNemezLogo.png\",\"url\":\"https:\\\/\\\/bottanemez.hu\\\/wp-content\\\/uploads\\\/2022\\\/10\\\/cropped-bottaNemezLogo.png\",\"contentUrl\":\"https:\\\/\\\/bottanemez.hu\\\/wp-content\\\/uploads\\\/2022\\\/10\\\/cropped-bottaNemezLogo.png\",\"width\":301,\"height\":301,\"caption\":\"nemezShop\"},\"logo\":{\"@id\":\"https:\\\/\\\/bottanemez.hu\\\/wp-content\\\/uploads\\\/2022\\\/10\\\/cropped-bottaNemezLogo.png\"},\"sameAs\":[\"https:\\\/\\\/vilagitopolo.hu\",\"https:\\\/\\\/www.facebook.com\\\/bottanemez\"]}]}<\/script>\n<meta property=\"product:price:amount\" content=\"58000\" \/>\n<meta property=\"product:price:currency\" content=\"HUF\" \/>\n<meta property=\"og:availability\" content=\"instock\" \/>\n<meta property=\"product:availability\" content=\"instock\" \/>\n<meta property=\"product:condition\" content=\"new\" \/>\n<!-- \/ Yoast SEO Premium plugin. -->","yoast_head_json":{"title":"Tavaszi-\u0151szi kab\u00e1t racka gall\u00e9rral - Botta Nemez","description":"Ausztr\u00e1l merin\u00f3 gyapj\u00fab\u00f3l k\u00e9sz\u00fclt b\u0151 fels\u0151r\u00e9sszel, alj\u00e1n sz\u0171k\u00fcl\u0151 nemez kab\u00e1t, raku ker\u00e1mia brossal t\u00f6bbf\u00e9le m\u00f3don t\u0171zhet\u0151.Gall\u00e9rj\u00e1n narancs sz\u00edn\u0171 rackagyapj\u00faval d\u00edsz\u00edtett.K\u00e9zzel moshat\u00f3, g\u0151z\u00f6lhet\u0151.M\u00e9ret: 38-44","robots":{"index":"index","follow":"follow","max-snippet":"max-snippet:-1","max-image-preview":"max-image-preview:large","max-video-preview":"max-video-preview:-1"},"canonical":"https:\/\/bottanemez.hu\/en\/product\/gyapju-nemez-kabat\/","og_locale":"en_GB","og_type":"article","og_title":"Tavaszi-\u0151szi kab\u00e1t racka gall\u00e9rral","og_description":"Ausztr\u00e1l merin\u00f3 gyapj\u00fab\u00f3l k\u00e9sz\u00fclt b\u0151 fels\u0151r\u00e9sszel, alj\u00e1n sz\u0171k\u00fcl\u0151 nemez kab\u00e1t, raku ker\u00e1mia brossal t\u00f6bbf\u00e9le m\u00f3don t\u0171zhet\u0151.Gall\u00e9rj\u00e1n narancs sz\u00edn\u0171 rackagyapj\u00faval d\u00edsz\u00edtett.K\u00e9zzel moshat\u00f3, g\u0151z\u00f6lhet\u0151.M\u00e9ret: 38-44","og_url":"https:\/\/bottanemez.hu\/en\/product\/gyapju-nemez-kabat\/","og_site_name":"Botta Nemez","article_publisher":"https:\/\/www.facebook.com\/bottanemez","article_modified_time":"2026-03-27T14:24:53+00:00","og_image":[{"width":517,"height":1021,"url":"https:\/\/bottanemez.hu\/wp-content\/uploads\/2024\/11\/Tavaszi-oszi-kabat-recka-gallerral.png","type":"image\/png"}],"twitter_card":"summary_large_image","twitter_misc":{"Price":"58.000&nbsp;&#70;&#116;","Availability":"In stock"},"schema":{"@context":"https:\/\/schema.org","@graph":[{"@type":"WebPage","@id":"https:\/\/bottanemez.hu\/termek\/gyapju-nemez-kabat\/","url":"https:\/\/bottanemez.hu\/termek\/gyapju-nemez-kabat\/","name":"Tavaszi-\u0151szi kab\u00e1t racka gall\u00e9rral - Botta Nemez","isPartOf":{"@id":"https:\/\/bottanemez.hu\/#website"},"primaryImageOfPage":{"@id":"https:\/\/bottanemez.hu\/termek\/gyapju-nemez-kabat\/#primaryimage"},"image":{"@id":"https:\/\/bottanemez.hu\/termek\/gyapju-nemez-kabat\/#primaryimage"},"thumbnailUrl":"https:\/\/bottanemez.hu\/wp-content\/uploads\/2024\/11\/Tavaszi-oszi-kabat-recka-gallerral.png","datePublished":"2024-11-02T18:06:27+00:00","dateModified":"2026-03-27T14:24:53+00:00","description":"Ausztr\u00e1l merin\u00f3 gyapj\u00fab\u00f3l k\u00e9sz\u00fclt b\u0151 fels\u0151r\u00e9sszel, alj\u00e1n sz\u0171k\u00fcl\u0151 nemez kab\u00e1t, raku ker\u00e1mia brossal t\u00f6bbf\u00e9le m\u00f3don t\u0171zhet\u0151.Gall\u00e9rj\u00e1n narancs sz\u00edn\u0171 rackagyapj\u00faval d\u00edsz\u00edtett.K\u00e9zzel moshat\u00f3, g\u0151z\u00f6lhet\u0151.M\u00e9ret: 38-44","breadcrumb":{"@id":"https:\/\/bottanemez.hu\/termek\/gyapju-nemez-kabat\/#breadcrumb"},"inLanguage":"en-GB","potentialAction":[{"@type":"ReadAction","target":["https:\/\/bottanemez.hu\/termek\/gyapju-nemez-kabat\/"]}]},{"@type":"ImageObject","inLanguage":"en-GB","@id":"https:\/\/bottanemez.hu\/termek\/gyapju-nemez-kabat\/#primaryimage","url":"https:\/\/bottanemez.hu\/wp-content\/uploads\/2024\/11\/Tavaszi-oszi-kabat-recka-gallerral.png","contentUrl":"https:\/\/bottanemez.hu\/wp-content\/uploads\/2024\/11\/Tavaszi-oszi-kabat-recka-gallerral.png","width":517,"height":1021},{"@type":"BreadcrumbList","@id":"https:\/\/bottanemez.hu\/termek\/gyapju-nemez-kabat\/#breadcrumb","itemListElement":[{"@type":"ListItem","position":1,"name":"Home","item":"https:\/\/bottanemez.hu\/"},{"@type":"ListItem","position":2,"name":"Webshop","item":"https:\/\/bottanemez.hu\/nemez-webshop\/"},{"@type":"ListItem","position":3,"name":"Tavaszi-\u0151szi kab\u00e1t racka gall\u00e9rral"}]},{"@type":"WebSite","@id":"https:\/\/bottanemez.hu\/#website","url":"https:\/\/bottanemez.hu\/","name":"BottaFeltArt","description":"Nemez","publisher":{"@id":"https:\/\/bottanemez.hu\/#\/schema\/person\/e0b43b47c83f1b8ec5102569c7e47946"},"potentialAction":[{"@type":"SearchAction","target":{"@type":"EntryPoint","urlTemplate":"https:\/\/bottanemez.hu\/?s={search_term_string}"},"query-input":{"@type":"PropertyValueSpecification","valueRequired":true,"valueName":"search_term_string"}}],"inLanguage":"en-GB"},{"@type":["Person","Organization"],"@id":"https:\/\/bottanemez.hu\/#\/schema\/person\/e0b43b47c83f1b8ec5102569c7e47946","name":"nemezShop","image":{"@type":"ImageObject","inLanguage":"en-GB","@id":"https:\/\/bottanemez.hu\/wp-content\/uploads\/2022\/10\/cropped-bottaNemezLogo.png","url":"https:\/\/bottanemez.hu\/wp-content\/uploads\/2022\/10\/cropped-bottaNemezLogo.png","contentUrl":"https:\/\/bottanemez.hu\/wp-content\/uploads\/2022\/10\/cropped-bottaNemezLogo.png","width":301,"height":301,"caption":"nemezShop"},"logo":{"@id":"https:\/\/bottanemez.hu\/wp-content\/uploads\/2022\/10\/cropped-bottaNemezLogo.png"},"sameAs":["https:\/\/vilagitopolo.hu","https:\/\/www.facebook.com\/bottanemez"]}]},"product_price_amount":"58000","product_price_currency":"HUF","og_availability":"instock","product_availability":"instock","product_condition":"new"},"_links":{"self":[{"href":"https:\/\/bottanemez.hu\/en\/wp-json\/wp\/v2\/product\/3342","targetHints":{"allow":["GET"]}}],"collection":[{"href":"https:\/\/bottanemez.hu\/en\/wp-json\/wp\/v2\/product"}],"about":[{"href":"https:\/\/bottanemez.hu\/en\/wp-json\/wp\/v2\/types\/product"}],"wp:featuredmedia":[{"embeddable":true,"href":"https:\/\/bottanemez.hu\/en\/wp-json\/wp\/v2\/media\/3385"}],"wp:attachment":[{"href":"https:\/\/bottanemez.hu\/en\/wp-json\/wp\/v2\/media?parent=3342"}],"wp:term":[{"taxonomy":"product_brand","embeddable":true,"href":"https:\/\/bottanemez.hu\/en\/wp-json\/wp\/v2\/product_brand?post=3342"},{"taxonomy":"product_cat","embeddable":true,"href":"https:\/\/bottanemez.hu\/en\/wp-json\/wp\/v2\/product_cat?post=3342"},{"taxonomy":"product_tag","embeddable":true,"href":"https:\/\/bottanemez.hu\/en\/wp-json\/wp\/v2\/product_tag?post=3342"}],"curies":[{"name":"wp","href":"https:\/\/api.w.org\/{rel}","templated":true}]}}