{"id":3257,"date":"2024-04-14T19:23:15","date_gmt":"2024-04-14T19:23:15","guid":{"rendered":"https:\/\/bottanemez.hu\/?post_type=product&#038;p=3257"},"modified":"2024-04-14T19:23:16","modified_gmt":"2024-04-14T19:23:16","slug":"nemez-ovtaska-2","status":"publish","type":"product","link":"https:\/\/bottanemez.hu\/en\/product\/nemez-ovtaska-2\/","title":{"rendered":"Halv\u00e1nyz\u00f6ld vir\u00e1gos \u00f6vt\u00e1ska"},"content":{"rendered":"<p>Ausztr\u00e1l merin\u00f3 gyapj\u00fab\u00f3l k\u00e9sz\u00fclt, pamutv\u00e1szonra nemezelt egyzsebes \u00f6vt\u00e1ska. Zseb\u00e9nek r\u00e1hajt\u00f3j\u00e1t \u00e9s \u00f6vr\u00e9sz\u00e9t v\u00e9gig k\u00f6rbe r\u00e1t\u00e9tes vir\u00e1gminta d\u00edsz\u00edti. M\u00e9rete \u00e1ll\u00edthat\u00f3, raku ker\u00e1mia brossal t\u0171zhet\u0151 k\u00e9nyelmesen. \u00d6vr\u00e9sze nadr\u00e1gok \u00f6vtart\u00f3j\u00e1ba f\u0171zhet\u0151. Viselhet\u0151 nadr\u00e1ghoz, szokny\u00e1hoz.<\/p>\n<p>Teljes hossz k\u00f6rbe:100cm.<\/p>","protected":false},"excerpt":{"rendered":"<p>Ausztr\u00e1l merin\u00f3 gyapj\u00fab\u00f3l k\u00e9sz\u00fclt, pamutv\u00e1szonra nemezelt egyzsebes \u00f6vt\u00e1ska. Zseb\u00e9nek r\u00e1hajt\u00f3j\u00e1t \u00e9s \u00f6vr\u00e9sz\u00e9t v\u00e9gig k\u00f6rbe r\u00e1t\u00e9tes vir\u00e1gminta d\u00edsz\u00edti. M\u00e9rete \u00e1ll\u00edthat\u00f3, raku ker\u00e1mia brossal t\u0171zhet\u0151 k\u00e9nyelmesen. \u00d6vr\u00e9sze nadr\u00e1gok \u00f6vtart\u00f3j\u00e1ba f\u0171zhet\u0151. Viselhet\u0151 nadr\u00e1ghoz, szokny\u00e1hoz.<\/p>\n<p>Teljes hossz k\u00f6rbe:100cm.<\/p>","protected":false},"featured_media":3258,"template":"","meta":[],"product_brand":[],"product_cat":[26],"product_tag":[],"class_list":{"0":"post-3257","1":"product","2":"type-product","3":"status-publish","4":"has-post-thumbnail","6":"product_cat-nemez-ov","8":"first","9":"instock","10":"shipping-taxable","11":"purchasable","12":"product-type-simple"},"yoast_head":"<!-- This site is optimized with the Yoast SEO Premium plugin v27.6 (Yoast SEO v27.6) - https:\/\/yoast.com\/product\/yoast-seo-premium-wordpress\/ -->\n<title>Halv\u00e1nyz\u00f6ld vir\u00e1gos \u00f6vt\u00e1ska - Botta Nemez<\/title>\n<meta name=\"description\" content=\"Ausztr\u00e1l merin\u00f3 gyapj\u00fab\u00f3l k\u00e9sz\u00fclt, pamutv\u00e1szonra nemezelt egyzsebes \u00f6vt\u00e1ska. Zseb\u00e9nek r\u00e1hajt\u00f3j\u00e1t \u00e9s \u00f6vr\u00e9sz\u00e9t v\u00e9gig k\u00f6rbe r\u00e1t\u00e9tes vir\u00e1gminta d\u00edsz\u00edti. M\u00e9rete \u00e1ll\u00edthat\u00f3, raku ker\u00e1mia brossal t\u0171zhet\u0151 k\u00e9nyelmesen. \u00d6vr\u00e9sze nadr\u00e1gok \u00f6vtart\u00f3j\u00e1ba f\u0171zhet\u0151. Viselhet\u0151 nadr\u00e1ghoz, szokny\u00e1hoz.Teljes hossz k\u00f6rbe:100cm.\" \/>\n<meta name=\"robots\" content=\"index, follow, max-snippet:-1, max-image-preview:large, max-video-preview:-1\" \/>\n<link rel=\"canonical\" href=\"https:\/\/bottanemez.hu\/en\/product\/nemez-ovtaska-2\/\" \/>\n<meta property=\"og:locale\" content=\"en_GB\" \/>\n<meta property=\"og:type\" content=\"article\" \/>\n<meta property=\"og:title\" content=\"Halv\u00e1nyz\u00f6ld vir\u00e1gos \u00f6vt\u00e1ska\" \/>\n<meta property=\"og:description\" content=\"Ausztr\u00e1l merin\u00f3 gyapj\u00fab\u00f3l k\u00e9sz\u00fclt, pamutv\u00e1szonra nemezelt egyzsebes \u00f6vt\u00e1ska. Zseb\u00e9nek r\u00e1hajt\u00f3j\u00e1t \u00e9s \u00f6vr\u00e9sz\u00e9t v\u00e9gig k\u00f6rbe r\u00e1t\u00e9tes vir\u00e1gminta d\u00edsz\u00edti. M\u00e9rete \u00e1ll\u00edthat\u00f3, raku ker\u00e1mia brossal t\u0171zhet\u0151 k\u00e9nyelmesen. \u00d6vr\u00e9sze nadr\u00e1gok \u00f6vtart\u00f3j\u00e1ba f\u0171zhet\u0151. Viselhet\u0151 nadr\u00e1ghoz, szokny\u00e1hoz.Teljes hossz k\u00f6rbe:100cm.\" \/>\n<meta property=\"og:url\" content=\"https:\/\/bottanemez.hu\/en\/product\/nemez-ovtaska-2\/\" \/>\n<meta property=\"og:site_name\" content=\"Botta Nemez\" \/>\n<meta property=\"article:publisher\" content=\"https:\/\/www.facebook.com\/bottanemez\" \/>\n<meta property=\"article:modified_time\" content=\"2024-04-14T19:23:16+00:00\" \/>\n<meta property=\"og:image\" content=\"https:\/\/bottanemez.hu\/wp-content\/uploads\/2024\/04\/IMG_9825.jpg\" \/>\n\t<meta property=\"og:image:width\" content=\"583\" \/>\n\t<meta property=\"og:image:height\" content=\"640\" \/>\n\t<meta property=\"og:image:type\" content=\"image\/jpeg\" \/>\n<meta name=\"twitter:card\" content=\"summary_large_image\" \/>\n<meta name=\"twitter:label1\" content=\"Price\" \/>\n\t<meta name=\"twitter:data1\" content=\"18.000&nbsp;&#070;&#116;\" \/>\n\t<meta name=\"twitter:label2\" content=\"Availability\" \/>\n\t<meta name=\"twitter:data2\" content=\"In stock\" \/>\n<script type=\"application\/ld+json\" class=\"yoast-schema-graph\">{\"@context\":\"https:\\\/\\\/schema.org\",\"@graph\":[{\"@type\":\"WebPage\",\"@id\":\"https:\\\/\\\/bottanemez.hu\\\/termek\\\/nemez-ovtaska-2\\\/\",\"url\":\"https:\\\/\\\/bottanemez.hu\\\/termek\\\/nemez-ovtaska-2\\\/\",\"name\":\"Halv\u00e1nyz\u00f6ld vir\u00e1gos \u00f6vt\u00e1ska - Botta Nemez\",\"isPartOf\":{\"@id\":\"https:\\\/\\\/bottanemez.hu\\\/#website\"},\"primaryImageOfPage\":{\"@id\":\"https:\\\/\\\/bottanemez.hu\\\/termek\\\/nemez-ovtaska-2\\\/#primaryimage\"},\"image\":{\"@id\":\"https:\\\/\\\/bottanemez.hu\\\/termek\\\/nemez-ovtaska-2\\\/#primaryimage\"},\"thumbnailUrl\":\"https:\\\/\\\/bottanemez.hu\\\/wp-content\\\/uploads\\\/2024\\\/04\\\/IMG_9825.jpg\",\"datePublished\":\"2024-04-14T19:23:15+00:00\",\"dateModified\":\"2024-04-14T19:23:16+00:00\",\"description\":\"Ausztr\u00e1l merin\u00f3 gyapj\u00fab\u00f3l k\u00e9sz\u00fclt, pamutv\u00e1szonra nemezelt egyzsebes \u00f6vt\u00e1ska. Zseb\u00e9nek r\u00e1hajt\u00f3j\u00e1t \u00e9s \u00f6vr\u00e9sz\u00e9t v\u00e9gig k\u00f6rbe r\u00e1t\u00e9tes vir\u00e1gminta d\u00edsz\u00edti. M\u00e9rete \u00e1ll\u00edthat\u00f3, raku ker\u00e1mia brossal t\u0171zhet\u0151 k\u00e9nyelmesen. \u00d6vr\u00e9sze nadr\u00e1gok \u00f6vtart\u00f3j\u00e1ba f\u0171zhet\u0151. Viselhet\u0151 nadr\u00e1ghoz, szokny\u00e1hoz.Teljes hossz k\u00f6rbe:100cm.\",\"breadcrumb\":{\"@id\":\"https:\\\/\\\/bottanemez.hu\\\/termek\\\/nemez-ovtaska-2\\\/#breadcrumb\"},\"inLanguage\":\"en-GB\",\"potentialAction\":[{\"@type\":\"ReadAction\",\"target\":[\"https:\\\/\\\/bottanemez.hu\\\/termek\\\/nemez-ovtaska-2\\\/\"]}]},{\"@type\":\"ImageObject\",\"inLanguage\":\"en-GB\",\"@id\":\"https:\\\/\\\/bottanemez.hu\\\/termek\\\/nemez-ovtaska-2\\\/#primaryimage\",\"url\":\"https:\\\/\\\/bottanemez.hu\\\/wp-content\\\/uploads\\\/2024\\\/04\\\/IMG_9825.jpg\",\"contentUrl\":\"https:\\\/\\\/bottanemez.hu\\\/wp-content\\\/uploads\\\/2024\\\/04\\\/IMG_9825.jpg\",\"width\":583,\"height\":640},{\"@type\":\"BreadcrumbList\",\"@id\":\"https:\\\/\\\/bottanemez.hu\\\/termek\\\/nemez-ovtaska-2\\\/#breadcrumb\",\"itemListElement\":[{\"@type\":\"ListItem\",\"position\":1,\"name\":\"Home\",\"item\":\"https:\\\/\\\/bottanemez.hu\\\/\"},{\"@type\":\"ListItem\",\"position\":2,\"name\":\"Webshop\",\"item\":\"https:\\\/\\\/bottanemez.hu\\\/nemez-webshop\\\/\"},{\"@type\":\"ListItem\",\"position\":3,\"name\":\"Halv\u00e1nyz\u00f6ld vir\u00e1gos \u00f6vt\u00e1ska\"}]},{\"@type\":\"WebSite\",\"@id\":\"https:\\\/\\\/bottanemez.hu\\\/#website\",\"url\":\"https:\\\/\\\/bottanemez.hu\\\/\",\"name\":\"Botta Nemez\",\"description\":\"Nemez\",\"publisher\":{\"@id\":\"https:\\\/\\\/bottanemez.hu\\\/#\\\/schema\\\/person\\\/e0b43b47c83f1b8ec5102569c7e47946\"},\"potentialAction\":[{\"@type\":\"SearchAction\",\"target\":{\"@type\":\"EntryPoint\",\"urlTemplate\":\"https:\\\/\\\/bottanemez.hu\\\/?s={search_term_string}\"},\"query-input\":{\"@type\":\"PropertyValueSpecification\",\"valueRequired\":true,\"valueName\":\"search_term_string\"}}],\"inLanguage\":\"en-GB\"},{\"@type\":[\"Person\",\"Organization\"],\"@id\":\"https:\\\/\\\/bottanemez.hu\\\/#\\\/schema\\\/person\\\/e0b43b47c83f1b8ec5102569c7e47946\",\"name\":\"nemezShop\",\"image\":{\"@type\":\"ImageObject\",\"inLanguage\":\"en-GB\",\"@id\":\"https:\\\/\\\/bottanemez.hu\\\/wp-content\\\/uploads\\\/2022\\\/10\\\/cropped-bottaNemezLogo.png\",\"url\":\"https:\\\/\\\/bottanemez.hu\\\/wp-content\\\/uploads\\\/2022\\\/10\\\/cropped-bottaNemezLogo.png\",\"contentUrl\":\"https:\\\/\\\/bottanemez.hu\\\/wp-content\\\/uploads\\\/2022\\\/10\\\/cropped-bottaNemezLogo.png\",\"width\":301,\"height\":301,\"caption\":\"nemezShop\"},\"logo\":{\"@id\":\"https:\\\/\\\/bottanemez.hu\\\/wp-content\\\/uploads\\\/2022\\\/10\\\/cropped-bottaNemezLogo.png\"},\"sameAs\":[\"https:\\\/\\\/vilagitopolo.hu\",\"https:\\\/\\\/www.facebook.com\\\/bottanemez\"]}]}<\/script>\n<meta property=\"product:price:amount\" content=\"18000\" \/>\n<meta property=\"product:price:currency\" content=\"HUF\" \/>\n<meta property=\"og:availability\" content=\"instock\" \/>\n<meta property=\"product:availability\" content=\"instock\" \/>\n<meta property=\"product:condition\" content=\"new\" \/>\n<!-- \/ Yoast SEO Premium plugin. -->","yoast_head_json":{"title":"Halv\u00e1nyz\u00f6ld vir\u00e1gos \u00f6vt\u00e1ska - Botta Nemez","description":"Ausztr\u00e1l merin\u00f3 gyapj\u00fab\u00f3l k\u00e9sz\u00fclt, pamutv\u00e1szonra nemezelt egyzsebes \u00f6vt\u00e1ska. Zseb\u00e9nek r\u00e1hajt\u00f3j\u00e1t \u00e9s \u00f6vr\u00e9sz\u00e9t v\u00e9gig k\u00f6rbe r\u00e1t\u00e9tes vir\u00e1gminta d\u00edsz\u00edti. M\u00e9rete \u00e1ll\u00edthat\u00f3, raku ker\u00e1mia brossal t\u0171zhet\u0151 k\u00e9nyelmesen. \u00d6vr\u00e9sze nadr\u00e1gok \u00f6vtart\u00f3j\u00e1ba f\u0171zhet\u0151. Viselhet\u0151 nadr\u00e1ghoz, szokny\u00e1hoz.Teljes hossz k\u00f6rbe:100cm.","robots":{"index":"index","follow":"follow","max-snippet":"max-snippet:-1","max-image-preview":"max-image-preview:large","max-video-preview":"max-video-preview:-1"},"canonical":"https:\/\/bottanemez.hu\/en\/product\/nemez-ovtaska-2\/","og_locale":"en_GB","og_type":"article","og_title":"Halv\u00e1nyz\u00f6ld vir\u00e1gos \u00f6vt\u00e1ska","og_description":"Ausztr\u00e1l merin\u00f3 gyapj\u00fab\u00f3l k\u00e9sz\u00fclt, pamutv\u00e1szonra nemezelt egyzsebes \u00f6vt\u00e1ska. Zseb\u00e9nek r\u00e1hajt\u00f3j\u00e1t \u00e9s \u00f6vr\u00e9sz\u00e9t v\u00e9gig k\u00f6rbe r\u00e1t\u00e9tes vir\u00e1gminta d\u00edsz\u00edti. M\u00e9rete \u00e1ll\u00edthat\u00f3, raku ker\u00e1mia brossal t\u0171zhet\u0151 k\u00e9nyelmesen. \u00d6vr\u00e9sze nadr\u00e1gok \u00f6vtart\u00f3j\u00e1ba f\u0171zhet\u0151. Viselhet\u0151 nadr\u00e1ghoz, szokny\u00e1hoz.Teljes hossz k\u00f6rbe:100cm.","og_url":"https:\/\/bottanemez.hu\/en\/product\/nemez-ovtaska-2\/","og_site_name":"Botta Nemez","article_publisher":"https:\/\/www.facebook.com\/bottanemez","article_modified_time":"2024-04-14T19:23:16+00:00","og_image":[{"width":583,"height":640,"url":"https:\/\/bottanemez.hu\/wp-content\/uploads\/2024\/04\/IMG_9825.jpg","type":"image\/jpeg"}],"twitter_card":"summary_large_image","twitter_misc":{"Price":"18.000&nbsp;&#70;&#116;","Availability":"In stock"},"schema":{"@context":"https:\/\/schema.org","@graph":[{"@type":"WebPage","@id":"https:\/\/bottanemez.hu\/termek\/nemez-ovtaska-2\/","url":"https:\/\/bottanemez.hu\/termek\/nemez-ovtaska-2\/","name":"Halv\u00e1nyz\u00f6ld vir\u00e1gos \u00f6vt\u00e1ska - Botta Nemez","isPartOf":{"@id":"https:\/\/bottanemez.hu\/#website"},"primaryImageOfPage":{"@id":"https:\/\/bottanemez.hu\/termek\/nemez-ovtaska-2\/#primaryimage"},"image":{"@id":"https:\/\/bottanemez.hu\/termek\/nemez-ovtaska-2\/#primaryimage"},"thumbnailUrl":"https:\/\/bottanemez.hu\/wp-content\/uploads\/2024\/04\/IMG_9825.jpg","datePublished":"2024-04-14T19:23:15+00:00","dateModified":"2024-04-14T19:23:16+00:00","description":"Ausztr\u00e1l merin\u00f3 gyapj\u00fab\u00f3l k\u00e9sz\u00fclt, pamutv\u00e1szonra nemezelt egyzsebes \u00f6vt\u00e1ska. Zseb\u00e9nek r\u00e1hajt\u00f3j\u00e1t \u00e9s \u00f6vr\u00e9sz\u00e9t v\u00e9gig k\u00f6rbe r\u00e1t\u00e9tes vir\u00e1gminta d\u00edsz\u00edti. M\u00e9rete \u00e1ll\u00edthat\u00f3, raku ker\u00e1mia brossal t\u0171zhet\u0151 k\u00e9nyelmesen. \u00d6vr\u00e9sze nadr\u00e1gok \u00f6vtart\u00f3j\u00e1ba f\u0171zhet\u0151. Viselhet\u0151 nadr\u00e1ghoz, szokny\u00e1hoz.Teljes hossz k\u00f6rbe:100cm.","breadcrumb":{"@id":"https:\/\/bottanemez.hu\/termek\/nemez-ovtaska-2\/#breadcrumb"},"inLanguage":"en-GB","potentialAction":[{"@type":"ReadAction","target":["https:\/\/bottanemez.hu\/termek\/nemez-ovtaska-2\/"]}]},{"@type":"ImageObject","inLanguage":"en-GB","@id":"https:\/\/bottanemez.hu\/termek\/nemez-ovtaska-2\/#primaryimage","url":"https:\/\/bottanemez.hu\/wp-content\/uploads\/2024\/04\/IMG_9825.jpg","contentUrl":"https:\/\/bottanemez.hu\/wp-content\/uploads\/2024\/04\/IMG_9825.jpg","width":583,"height":640},{"@type":"BreadcrumbList","@id":"https:\/\/bottanemez.hu\/termek\/nemez-ovtaska-2\/#breadcrumb","itemListElement":[{"@type":"ListItem","position":1,"name":"Home","item":"https:\/\/bottanemez.hu\/"},{"@type":"ListItem","position":2,"name":"Webshop","item":"https:\/\/bottanemez.hu\/nemez-webshop\/"},{"@type":"ListItem","position":3,"name":"Halv\u00e1nyz\u00f6ld vir\u00e1gos \u00f6vt\u00e1ska"}]},{"@type":"WebSite","@id":"https:\/\/bottanemez.hu\/#website","url":"https:\/\/bottanemez.hu\/","name":"BottaFeltArt","description":"Nemez","publisher":{"@id":"https:\/\/bottanemez.hu\/#\/schema\/person\/e0b43b47c83f1b8ec5102569c7e47946"},"potentialAction":[{"@type":"SearchAction","target":{"@type":"EntryPoint","urlTemplate":"https:\/\/bottanemez.hu\/?s={search_term_string}"},"query-input":{"@type":"PropertyValueSpecification","valueRequired":true,"valueName":"search_term_string"}}],"inLanguage":"en-GB"},{"@type":["Person","Organization"],"@id":"https:\/\/bottanemez.hu\/#\/schema\/person\/e0b43b47c83f1b8ec5102569c7e47946","name":"nemezShop","image":{"@type":"ImageObject","inLanguage":"en-GB","@id":"https:\/\/bottanemez.hu\/wp-content\/uploads\/2022\/10\/cropped-bottaNemezLogo.png","url":"https:\/\/bottanemez.hu\/wp-content\/uploads\/2022\/10\/cropped-bottaNemezLogo.png","contentUrl":"https:\/\/bottanemez.hu\/wp-content\/uploads\/2022\/10\/cropped-bottaNemezLogo.png","width":301,"height":301,"caption":"nemezShop"},"logo":{"@id":"https:\/\/bottanemez.hu\/wp-content\/uploads\/2022\/10\/cropped-bottaNemezLogo.png"},"sameAs":["https:\/\/vilagitopolo.hu","https:\/\/www.facebook.com\/bottanemez"]}]},"product_price_amount":"18000","product_price_currency":"HUF","og_availability":"instock","product_availability":"instock","product_condition":"new"},"_links":{"self":[{"href":"https:\/\/bottanemez.hu\/en\/wp-json\/wp\/v2\/product\/3257","targetHints":{"allow":["GET"]}}],"collection":[{"href":"https:\/\/bottanemez.hu\/en\/wp-json\/wp\/v2\/product"}],"about":[{"href":"https:\/\/bottanemez.hu\/en\/wp-json\/wp\/v2\/types\/product"}],"wp:featuredmedia":[{"embeddable":true,"href":"https:\/\/bottanemez.hu\/en\/wp-json\/wp\/v2\/media\/3258"}],"wp:attachment":[{"href":"https:\/\/bottanemez.hu\/en\/wp-json\/wp\/v2\/media?parent=3257"}],"wp:term":[{"taxonomy":"product_brand","embeddable":true,"href":"https:\/\/bottanemez.hu\/en\/wp-json\/wp\/v2\/product_brand?post=3257"},{"taxonomy":"product_cat","embeddable":true,"href":"https:\/\/bottanemez.hu\/en\/wp-json\/wp\/v2\/product_cat?post=3257"},{"taxonomy":"product_tag","embeddable":true,"href":"https:\/\/bottanemez.hu\/en\/wp-json\/wp\/v2\/product_tag?post=3257"}],"curies":[{"name":"wp","href":"https:\/\/api.w.org\/{rel}","templated":true}]}}