{"id":2961,"date":"2023-09-17T09:27:12","date_gmt":"2023-09-17T09:27:12","guid":{"rendered":"https:\/\/bottanemez.hu\/?post_type=product&#038;p=2961"},"modified":"2026-03-30T18:42:52","modified_gmt":"2026-03-30T18:42:52","slug":"nemez-ruha-egyedi-kulonleges","status":"publish","type":"product","link":"https:\/\/bottanemez.hu\/en\/product\/nemez-ruha-egyedi-kulonleges\/","title":{"rendered":"\u0150szi-tavaszi p\u00e1ntos nemezruha"},"content":{"rendered":"<p>Pamutv\u00e1szonra nemezelt puha ausztr\u00e1l merin\u00f3 gyapj\u00fab\u00f3l egyben, varr\u00e1s n\u00e1lk\u00fcl k\u00e9sz\u00fclt, spagetti p\u00e1ntos \u0151szi-tavaszi viselet, mely \u00f6nmag\u00e1ban, r\u00f6vid ill. hossz\u00fa ujj\u00fa al\u00e1\u00f6lt\u00f6zettel egyar\u00e1nt viselhet\u0151. Sz\u00ednei az almaz\u00f6ld \u00e9s halv\u00e1nys\u00e1rga \u00e1rnyalatok k\u00f6z\u00f6tt v\u00e1ltakozik, s\u00f6t\u00e9t mohaz\u00f6ld brossal d\u00edsz\u00edtve a ruha bal v\u00e1llp\u00e1ntj\u00e1n. Szoknyar\u00e9sz eleje k\u00f6z\u00e9pen sliccelt, melyet fodrok d\u00edsz\u00edtenek, v\u00e9gigfutva a ruha alj\u00e1n.\u00a0 36-t\u00f3l-44-ig b\u00e1rmely alkaton viselhet\u0151, hiszen a fazon nem hat\u00e1rozza meg a b\u0151vebb, laz\u00e1bb vagy az enyh\u00e9n passzentos viseletet.\u00a0 K\u00fcl\u00f6nleges sz\u00ednei, egyedi anyaga ok\u00e1n felvehet\u0151 alkalmakra, ak\u00e1r v\u00e1llkend\u0151vel vagy h\u00e9tk\u00f6znapokra k\u00f6nnyed\u00e9n \u00f6nmag\u00e1ban, szabadt\u00e9ri nappali vagy esti rendezv\u00e9nyekre is.<\/p>","protected":false},"excerpt":{"rendered":"<p>Pamutv\u00e1szonra nemezelt puha ausztr\u00e1l merin\u00f3 gyapj\u00fab\u00f3l egyben, varr\u00e1s n\u00e1lk\u00fcl k\u00e9sz\u00fclt, spagetti p\u00e1ntos \u0151szi-tavaszi viselet, mely \u00f6nmag\u00e1ban, r\u00f6vid ill. hossz\u00fa ujj\u00fa al\u00e1\u00f6lt\u00f6zettel egyar\u00e1nt viselhet\u0151. Sz\u00ednei az almaz\u00f6ld \u00e9s halv\u00e1nys\u00e1rga \u00e1rnyalatok k\u00f6z\u00f6tt v\u00e1ltakozik, s\u00f6t\u00e9t mohaz\u00f6ld brossal d\u00edsz\u00edtve a ruha bal v\u00e1llp\u00e1ntj\u00e1n. Szoknyar\u00e9sz eleje k\u00f6z\u00e9pen sliccelt, melyet fodrok d\u00edsz\u00edtenek, v\u00e9gigfutva a ruha alj\u00e1n.\u00a0 36-t\u00f3l-44-ig b\u00e1rmely alkaton viselhet\u0151, hiszen a fazon nem hat\u00e1rozza meg a b\u0151vebb, laz\u00e1bb vagy az enyh\u00e9n passzentos viseletet.\u00a0 K\u00fcl\u00f6nleges sz\u00ednei, egyedi anyaga ok\u00e1n felvehet\u0151 alkalmakra, ak\u00e1r v\u00e1llkend\u0151vel vagy h\u00e9tk\u00f6znapokra k\u00f6nnyed\u00e9n \u00f6nmag\u00e1ban, szabadt\u00e9ri nappali vagy esti rendezv\u00e9nyekre is.<\/p>","protected":false},"featured_media":2962,"template":"","meta":[],"product_brand":[],"product_cat":[44],"product_tag":[52,50,53],"class_list":{"0":"post-2961","1":"product","2":"type-product","3":"status-publish","4":"has-post-thumbnail","6":"product_cat-ruhak","7":"product_tag-egyedi","8":"product_tag-nemez","9":"product_tag-ruha","11":"first","12":"instock","13":"shipping-taxable","14":"purchasable","15":"product-type-simple"},"yoast_head":"<!-- This site is optimized with the Yoast SEO Premium plugin v27.6 (Yoast SEO v27.6) - https:\/\/yoast.com\/product\/yoast-seo-premium-wordpress\/ -->\n<title>\u0150szi-tavaszi p\u00e1ntos nemezruha - Botta Nemez<\/title>\n<meta name=\"description\" content=\"Pamutv\u00e1szonra nemezelt puha ausztr\u00e1l merin\u00f3 gyapj\u00fab\u00f3l egyben, varr\u00e1s n\u00e1lk\u00fcl k\u00e9sz\u00fclt, spagetti p\u00e1ntos \u0151szi-tavaszi viselet, mely \u00f6nmag\u00e1ban, r\u00f6vid ill. hossz\u00fa ujj\u00fa al\u00e1\u00f6lt\u00f6zettel egyar\u00e1nt viselhet\u0151. Sz\u00ednei az almaz\u00f6ld \u00e9s halv\u00e1nys\u00e1rga \u00e1rnyalatok k\u00f6z\u00f6tt v\u00e1ltakozik, s\u00f6t\u00e9t mohaz\u00f6ld brossal d\u00edsz\u00edtve a ruha bal v\u00e1llp\u00e1ntj\u00e1n. Szoknyar\u00e9sz eleje k\u00f6z\u00e9pen sliccelt, melyet fodrok d\u00edsz\u00edtenek, v\u00e9gigfutva a ruha alj\u00e1n.\u00a0 36-t\u00f3l-44-ig b\u00e1rmely alkaton viselhet\u0151, hiszen a fazon nem hat\u00e1rozza meg a b\u0151vebb, laz\u00e1bb vagy az enyh\u00e9n passzentos viseletet.\u00a0 K\u00fcl\u00f6nleges sz\u00ednei, egyedi anyaga ok\u00e1n felvehet\u0151 alkalmakra, ak\u00e1r v\u00e1llkend\u0151vel vagy h\u00e9tk\u00f6znapokra k\u00f6nnyed\u00e9n \u00f6nmag\u00e1ban, szabadt\u00e9ri nappali vagy esti rendezv\u00e9nyekre is.\" \/>\n<meta name=\"robots\" content=\"index, follow, max-snippet:-1, max-image-preview:large, max-video-preview:-1\" \/>\n<link rel=\"canonical\" href=\"https:\/\/bottanemez.hu\/en\/product\/nemez-ruha-egyedi-kulonleges\/\" \/>\n<meta property=\"og:locale\" content=\"en_GB\" \/>\n<meta property=\"og:type\" content=\"article\" \/>\n<meta property=\"og:title\" content=\"\u0150szi-tavaszi p\u00e1ntos nemezruha\" \/>\n<meta property=\"og:description\" content=\"Pamutv\u00e1szonra nemezelt puha ausztr\u00e1l merin\u00f3 gyapj\u00fab\u00f3l egyben, varr\u00e1s n\u00e1lk\u00fcl k\u00e9sz\u00fclt, spagetti p\u00e1ntos \u0151szi-tavaszi viselet, mely \u00f6nmag\u00e1ban, r\u00f6vid ill. hossz\u00fa ujj\u00fa al\u00e1\u00f6lt\u00f6zettel egyar\u00e1nt viselhet\u0151. Sz\u00ednei az almaz\u00f6ld \u00e9s halv\u00e1nys\u00e1rga \u00e1rnyalatok k\u00f6z\u00f6tt v\u00e1ltakozik, s\u00f6t\u00e9t mohaz\u00f6ld brossal d\u00edsz\u00edtve a ruha bal v\u00e1llp\u00e1ntj\u00e1n. Szoknyar\u00e9sz eleje k\u00f6z\u00e9pen sliccelt, melyet fodrok d\u00edsz\u00edtenek, v\u00e9gigfutva a ruha alj\u00e1n.\u00a0 36-t\u00f3l-44-ig b\u00e1rmely alkaton viselhet\u0151, hiszen a fazon nem hat\u00e1rozza meg a b\u0151vebb, laz\u00e1bb vagy az enyh\u00e9n passzentos viseletet.\u00a0 K\u00fcl\u00f6nleges sz\u00ednei, egyedi anyaga ok\u00e1n felvehet\u0151 alkalmakra, ak\u00e1r v\u00e1llkend\u0151vel vagy h\u00e9tk\u00f6znapokra k\u00f6nnyed\u00e9n \u00f6nmag\u00e1ban, szabadt\u00e9ri nappali vagy esti rendezv\u00e9nyekre is.\" \/>\n<meta property=\"og:url\" content=\"https:\/\/bottanemez.hu\/en\/product\/nemez-ruha-egyedi-kulonleges\/\" \/>\n<meta property=\"og:site_name\" content=\"Botta Nemez\" \/>\n<meta property=\"article:publisher\" content=\"https:\/\/www.facebook.com\/bottanemez\" \/>\n<meta property=\"article:modified_time\" content=\"2026-03-30T18:42:52+00:00\" \/>\n<meta property=\"og:image\" content=\"https:\/\/bottanemez.hu\/wp-content\/uploads\/2023\/09\/352634807_590642219718213_3444068833398154011_n-2.jpg\" \/>\n\t<meta property=\"og:image:width\" content=\"241\" \/>\n\t<meta property=\"og:image:height\" content=\"675\" \/>\n\t<meta property=\"og:image:type\" content=\"image\/jpeg\" \/>\n<meta name=\"twitter:card\" content=\"summary_large_image\" \/>\n<meta name=\"twitter:label1\" content=\"Price\" \/>\n\t<meta name=\"twitter:data1\" content=\"48.000&nbsp;&#070;&#116;\" \/>\n\t<meta name=\"twitter:label2\" content=\"Availability\" \/>\n\t<meta name=\"twitter:data2\" content=\"In stock\" \/>\n<script type=\"application\/ld+json\" class=\"yoast-schema-graph\">{\"@context\":\"https:\\\/\\\/schema.org\",\"@graph\":[{\"@type\":\"WebPage\",\"@id\":\"https:\\\/\\\/bottanemez.hu\\\/termek\\\/nemez-ruha-egyedi-kulonleges\\\/\",\"url\":\"https:\\\/\\\/bottanemez.hu\\\/termek\\\/nemez-ruha-egyedi-kulonleges\\\/\",\"name\":\"\u0150szi-tavaszi p\u00e1ntos nemezruha - Botta Nemez\",\"isPartOf\":{\"@id\":\"https:\\\/\\\/bottanemez.hu\\\/#website\"},\"primaryImageOfPage\":{\"@id\":\"https:\\\/\\\/bottanemez.hu\\\/termek\\\/nemez-ruha-egyedi-kulonleges\\\/#primaryimage\"},\"image\":{\"@id\":\"https:\\\/\\\/bottanemez.hu\\\/termek\\\/nemez-ruha-egyedi-kulonleges\\\/#primaryimage\"},\"thumbnailUrl\":\"https:\\\/\\\/bottanemez.hu\\\/wp-content\\\/uploads\\\/2023\\\/09\\\/352634807_590642219718213_3444068833398154011_n-2.jpg\",\"datePublished\":\"2023-09-17T09:27:12+00:00\",\"dateModified\":\"2026-03-30T18:42:52+00:00\",\"description\":\"Pamutv\u00e1szonra nemezelt puha ausztr\u00e1l merin\u00f3 gyapj\u00fab\u00f3l egyben, varr\u00e1s n\u00e1lk\u00fcl k\u00e9sz\u00fclt, spagetti p\u00e1ntos \u0151szi-tavaszi viselet, mely \u00f6nmag\u00e1ban, r\u00f6vid ill. hossz\u00fa ujj\u00fa al\u00e1\u00f6lt\u00f6zettel egyar\u00e1nt viselhet\u0151. Sz\u00ednei az almaz\u00f6ld \u00e9s halv\u00e1nys\u00e1rga \u00e1rnyalatok k\u00f6z\u00f6tt v\u00e1ltakozik, s\u00f6t\u00e9t mohaz\u00f6ld brossal d\u00edsz\u00edtve a ruha bal v\u00e1llp\u00e1ntj\u00e1n. Szoknyar\u00e9sz eleje k\u00f6z\u00e9pen sliccelt, melyet fodrok d\u00edsz\u00edtenek, v\u00e9gigfutva a ruha alj\u00e1n.\u00a0 36-t\u00f3l-44-ig b\u00e1rmely alkaton viselhet\u0151, hiszen a fazon nem hat\u00e1rozza meg a b\u0151vebb, laz\u00e1bb vagy az enyh\u00e9n passzentos viseletet.\u00a0 K\u00fcl\u00f6nleges sz\u00ednei, egyedi anyaga ok\u00e1n felvehet\u0151 alkalmakra, ak\u00e1r v\u00e1llkend\u0151vel vagy h\u00e9tk\u00f6znapokra k\u00f6nnyed\u00e9n \u00f6nmag\u00e1ban, szabadt\u00e9ri nappali vagy esti rendezv\u00e9nyekre is.\",\"breadcrumb\":{\"@id\":\"https:\\\/\\\/bottanemez.hu\\\/termek\\\/nemez-ruha-egyedi-kulonleges\\\/#breadcrumb\"},\"inLanguage\":\"en-GB\",\"potentialAction\":[{\"@type\":\"ReadAction\",\"target\":[\"https:\\\/\\\/bottanemez.hu\\\/termek\\\/nemez-ruha-egyedi-kulonleges\\\/\"]}]},{\"@type\":\"ImageObject\",\"inLanguage\":\"en-GB\",\"@id\":\"https:\\\/\\\/bottanemez.hu\\\/termek\\\/nemez-ruha-egyedi-kulonleges\\\/#primaryimage\",\"url\":\"https:\\\/\\\/bottanemez.hu\\\/wp-content\\\/uploads\\\/2023\\\/09\\\/352634807_590642219718213_3444068833398154011_n-2.jpg\",\"contentUrl\":\"https:\\\/\\\/bottanemez.hu\\\/wp-content\\\/uploads\\\/2023\\\/09\\\/352634807_590642219718213_3444068833398154011_n-2.jpg\",\"width\":241,\"height\":675},{\"@type\":\"BreadcrumbList\",\"@id\":\"https:\\\/\\\/bottanemez.hu\\\/termek\\\/nemez-ruha-egyedi-kulonleges\\\/#breadcrumb\",\"itemListElement\":[{\"@type\":\"ListItem\",\"position\":1,\"name\":\"Home\",\"item\":\"https:\\\/\\\/bottanemez.hu\\\/\"},{\"@type\":\"ListItem\",\"position\":2,\"name\":\"Webshop\",\"item\":\"https:\\\/\\\/bottanemez.hu\\\/nemez-webshop\\\/\"},{\"@type\":\"ListItem\",\"position\":3,\"name\":\"\u0150szi-tavaszi p\u00e1ntos nemezruha\"}]},{\"@type\":\"WebSite\",\"@id\":\"https:\\\/\\\/bottanemez.hu\\\/#website\",\"url\":\"https:\\\/\\\/bottanemez.hu\\\/\",\"name\":\"Botta Nemez\",\"description\":\"Nemez\",\"publisher\":{\"@id\":\"https:\\\/\\\/bottanemez.hu\\\/#\\\/schema\\\/person\\\/e0b43b47c83f1b8ec5102569c7e47946\"},\"potentialAction\":[{\"@type\":\"SearchAction\",\"target\":{\"@type\":\"EntryPoint\",\"urlTemplate\":\"https:\\\/\\\/bottanemez.hu\\\/?s={search_term_string}\"},\"query-input\":{\"@type\":\"PropertyValueSpecification\",\"valueRequired\":true,\"valueName\":\"search_term_string\"}}],\"inLanguage\":\"en-GB\"},{\"@type\":[\"Person\",\"Organization\"],\"@id\":\"https:\\\/\\\/bottanemez.hu\\\/#\\\/schema\\\/person\\\/e0b43b47c83f1b8ec5102569c7e47946\",\"name\":\"nemezShop\",\"image\":{\"@type\":\"ImageObject\",\"inLanguage\":\"en-GB\",\"@id\":\"https:\\\/\\\/bottanemez.hu\\\/wp-content\\\/uploads\\\/2022\\\/10\\\/cropped-bottaNemezLogo.png\",\"url\":\"https:\\\/\\\/bottanemez.hu\\\/wp-content\\\/uploads\\\/2022\\\/10\\\/cropped-bottaNemezLogo.png\",\"contentUrl\":\"https:\\\/\\\/bottanemez.hu\\\/wp-content\\\/uploads\\\/2022\\\/10\\\/cropped-bottaNemezLogo.png\",\"width\":301,\"height\":301,\"caption\":\"nemezShop\"},\"logo\":{\"@id\":\"https:\\\/\\\/bottanemez.hu\\\/wp-content\\\/uploads\\\/2022\\\/10\\\/cropped-bottaNemezLogo.png\"},\"sameAs\":[\"https:\\\/\\\/vilagitopolo.hu\",\"https:\\\/\\\/www.facebook.com\\\/bottanemez\"]}]}<\/script>\n<meta property=\"product:price:amount\" content=\"48000\" \/>\n<meta property=\"product:price:currency\" content=\"HUF\" \/>\n<meta property=\"og:availability\" content=\"instock\" \/>\n<meta property=\"product:availability\" content=\"instock\" \/>\n<meta property=\"product:condition\" content=\"new\" \/>\n<!-- \/ Yoast SEO Premium plugin. -->","yoast_head_json":{"title":"\u0150szi-tavaszi p\u00e1ntos nemezruha - Botta Nemez","description":"Pamutv\u00e1szonra nemezelt puha ausztr\u00e1l merin\u00f3 gyapj\u00fab\u00f3l egyben, varr\u00e1s n\u00e1lk\u00fcl k\u00e9sz\u00fclt, spagetti p\u00e1ntos \u0151szi-tavaszi viselet, mely \u00f6nmag\u00e1ban, r\u00f6vid ill. hossz\u00fa ujj\u00fa al\u00e1\u00f6lt\u00f6zettel egyar\u00e1nt viselhet\u0151. Sz\u00ednei az almaz\u00f6ld \u00e9s halv\u00e1nys\u00e1rga \u00e1rnyalatok k\u00f6z\u00f6tt v\u00e1ltakozik, s\u00f6t\u00e9t mohaz\u00f6ld brossal d\u00edsz\u00edtve a ruha bal v\u00e1llp\u00e1ntj\u00e1n. Szoknyar\u00e9sz eleje k\u00f6z\u00e9pen sliccelt, melyet fodrok d\u00edsz\u00edtenek, v\u00e9gigfutva a ruha alj\u00e1n.\u00a0 36-t\u00f3l-44-ig b\u00e1rmely alkaton viselhet\u0151, hiszen a fazon nem hat\u00e1rozza meg a b\u0151vebb, laz\u00e1bb vagy az enyh\u00e9n passzentos viseletet.\u00a0 K\u00fcl\u00f6nleges sz\u00ednei, egyedi anyaga ok\u00e1n felvehet\u0151 alkalmakra, ak\u00e1r v\u00e1llkend\u0151vel vagy h\u00e9tk\u00f6znapokra k\u00f6nnyed\u00e9n \u00f6nmag\u00e1ban, szabadt\u00e9ri nappali vagy esti rendezv\u00e9nyekre is.","robots":{"index":"index","follow":"follow","max-snippet":"max-snippet:-1","max-image-preview":"max-image-preview:large","max-video-preview":"max-video-preview:-1"},"canonical":"https:\/\/bottanemez.hu\/en\/product\/nemez-ruha-egyedi-kulonleges\/","og_locale":"en_GB","og_type":"article","og_title":"\u0150szi-tavaszi p\u00e1ntos nemezruha","og_description":"Pamutv\u00e1szonra nemezelt puha ausztr\u00e1l merin\u00f3 gyapj\u00fab\u00f3l egyben, varr\u00e1s n\u00e1lk\u00fcl k\u00e9sz\u00fclt, spagetti p\u00e1ntos \u0151szi-tavaszi viselet, mely \u00f6nmag\u00e1ban, r\u00f6vid ill. hossz\u00fa ujj\u00fa al\u00e1\u00f6lt\u00f6zettel egyar\u00e1nt viselhet\u0151. Sz\u00ednei az almaz\u00f6ld \u00e9s halv\u00e1nys\u00e1rga \u00e1rnyalatok k\u00f6z\u00f6tt v\u00e1ltakozik, s\u00f6t\u00e9t mohaz\u00f6ld brossal d\u00edsz\u00edtve a ruha bal v\u00e1llp\u00e1ntj\u00e1n. Szoknyar\u00e9sz eleje k\u00f6z\u00e9pen sliccelt, melyet fodrok d\u00edsz\u00edtenek, v\u00e9gigfutva a ruha alj\u00e1n.\u00a0 36-t\u00f3l-44-ig b\u00e1rmely alkaton viselhet\u0151, hiszen a fazon nem hat\u00e1rozza meg a b\u0151vebb, laz\u00e1bb vagy az enyh\u00e9n passzentos viseletet.\u00a0 K\u00fcl\u00f6nleges sz\u00ednei, egyedi anyaga ok\u00e1n felvehet\u0151 alkalmakra, ak\u00e1r v\u00e1llkend\u0151vel vagy h\u00e9tk\u00f6znapokra k\u00f6nnyed\u00e9n \u00f6nmag\u00e1ban, szabadt\u00e9ri nappali vagy esti rendezv\u00e9nyekre is.","og_url":"https:\/\/bottanemez.hu\/en\/product\/nemez-ruha-egyedi-kulonleges\/","og_site_name":"Botta Nemez","article_publisher":"https:\/\/www.facebook.com\/bottanemez","article_modified_time":"2026-03-30T18:42:52+00:00","og_image":[{"width":241,"height":675,"url":"https:\/\/bottanemez.hu\/wp-content\/uploads\/2023\/09\/352634807_590642219718213_3444068833398154011_n-2.jpg","type":"image\/jpeg"}],"twitter_card":"summary_large_image","twitter_misc":{"Price":"48.000&nbsp;&#70;&#116;","Availability":"In stock"},"schema":{"@context":"https:\/\/schema.org","@graph":[{"@type":"WebPage","@id":"https:\/\/bottanemez.hu\/termek\/nemez-ruha-egyedi-kulonleges\/","url":"https:\/\/bottanemez.hu\/termek\/nemez-ruha-egyedi-kulonleges\/","name":"\u0150szi-tavaszi p\u00e1ntos nemezruha - Botta Nemez","isPartOf":{"@id":"https:\/\/bottanemez.hu\/#website"},"primaryImageOfPage":{"@id":"https:\/\/bottanemez.hu\/termek\/nemez-ruha-egyedi-kulonleges\/#primaryimage"},"image":{"@id":"https:\/\/bottanemez.hu\/termek\/nemez-ruha-egyedi-kulonleges\/#primaryimage"},"thumbnailUrl":"https:\/\/bottanemez.hu\/wp-content\/uploads\/2023\/09\/352634807_590642219718213_3444068833398154011_n-2.jpg","datePublished":"2023-09-17T09:27:12+00:00","dateModified":"2026-03-30T18:42:52+00:00","description":"Pamutv\u00e1szonra nemezelt puha ausztr\u00e1l merin\u00f3 gyapj\u00fab\u00f3l egyben, varr\u00e1s n\u00e1lk\u00fcl k\u00e9sz\u00fclt, spagetti p\u00e1ntos \u0151szi-tavaszi viselet, mely \u00f6nmag\u00e1ban, r\u00f6vid ill. hossz\u00fa ujj\u00fa al\u00e1\u00f6lt\u00f6zettel egyar\u00e1nt viselhet\u0151. Sz\u00ednei az almaz\u00f6ld \u00e9s halv\u00e1nys\u00e1rga \u00e1rnyalatok k\u00f6z\u00f6tt v\u00e1ltakozik, s\u00f6t\u00e9t mohaz\u00f6ld brossal d\u00edsz\u00edtve a ruha bal v\u00e1llp\u00e1ntj\u00e1n. Szoknyar\u00e9sz eleje k\u00f6z\u00e9pen sliccelt, melyet fodrok d\u00edsz\u00edtenek, v\u00e9gigfutva a ruha alj\u00e1n.\u00a0 36-t\u00f3l-44-ig b\u00e1rmely alkaton viselhet\u0151, hiszen a fazon nem hat\u00e1rozza meg a b\u0151vebb, laz\u00e1bb vagy az enyh\u00e9n passzentos viseletet.\u00a0 K\u00fcl\u00f6nleges sz\u00ednei, egyedi anyaga ok\u00e1n felvehet\u0151 alkalmakra, ak\u00e1r v\u00e1llkend\u0151vel vagy h\u00e9tk\u00f6znapokra k\u00f6nnyed\u00e9n \u00f6nmag\u00e1ban, szabadt\u00e9ri nappali vagy esti rendezv\u00e9nyekre is.","breadcrumb":{"@id":"https:\/\/bottanemez.hu\/termek\/nemez-ruha-egyedi-kulonleges\/#breadcrumb"},"inLanguage":"en-GB","potentialAction":[{"@type":"ReadAction","target":["https:\/\/bottanemez.hu\/termek\/nemez-ruha-egyedi-kulonleges\/"]}]},{"@type":"ImageObject","inLanguage":"en-GB","@id":"https:\/\/bottanemez.hu\/termek\/nemez-ruha-egyedi-kulonleges\/#primaryimage","url":"https:\/\/bottanemez.hu\/wp-content\/uploads\/2023\/09\/352634807_590642219718213_3444068833398154011_n-2.jpg","contentUrl":"https:\/\/bottanemez.hu\/wp-content\/uploads\/2023\/09\/352634807_590642219718213_3444068833398154011_n-2.jpg","width":241,"height":675},{"@type":"BreadcrumbList","@id":"https:\/\/bottanemez.hu\/termek\/nemez-ruha-egyedi-kulonleges\/#breadcrumb","itemListElement":[{"@type":"ListItem","position":1,"name":"Home","item":"https:\/\/bottanemez.hu\/"},{"@type":"ListItem","position":2,"name":"Webshop","item":"https:\/\/bottanemez.hu\/nemez-webshop\/"},{"@type":"ListItem","position":3,"name":"\u0150szi-tavaszi p\u00e1ntos nemezruha"}]},{"@type":"WebSite","@id":"https:\/\/bottanemez.hu\/#website","url":"https:\/\/bottanemez.hu\/","name":"BottaFeltArt","description":"Nemez","publisher":{"@id":"https:\/\/bottanemez.hu\/#\/schema\/person\/e0b43b47c83f1b8ec5102569c7e47946"},"potentialAction":[{"@type":"SearchAction","target":{"@type":"EntryPoint","urlTemplate":"https:\/\/bottanemez.hu\/?s={search_term_string}"},"query-input":{"@type":"PropertyValueSpecification","valueRequired":true,"valueName":"search_term_string"}}],"inLanguage":"en-GB"},{"@type":["Person","Organization"],"@id":"https:\/\/bottanemez.hu\/#\/schema\/person\/e0b43b47c83f1b8ec5102569c7e47946","name":"nemezShop","image":{"@type":"ImageObject","inLanguage":"en-GB","@id":"https:\/\/bottanemez.hu\/wp-content\/uploads\/2022\/10\/cropped-bottaNemezLogo.png","url":"https:\/\/bottanemez.hu\/wp-content\/uploads\/2022\/10\/cropped-bottaNemezLogo.png","contentUrl":"https:\/\/bottanemez.hu\/wp-content\/uploads\/2022\/10\/cropped-bottaNemezLogo.png","width":301,"height":301,"caption":"nemezShop"},"logo":{"@id":"https:\/\/bottanemez.hu\/wp-content\/uploads\/2022\/10\/cropped-bottaNemezLogo.png"},"sameAs":["https:\/\/vilagitopolo.hu","https:\/\/www.facebook.com\/bottanemez"]}]},"product_price_amount":"48000","product_price_currency":"HUF","og_availability":"instock","product_availability":"instock","product_condition":"new"},"_links":{"self":[{"href":"https:\/\/bottanemez.hu\/en\/wp-json\/wp\/v2\/product\/2961","targetHints":{"allow":["GET"]}}],"collection":[{"href":"https:\/\/bottanemez.hu\/en\/wp-json\/wp\/v2\/product"}],"about":[{"href":"https:\/\/bottanemez.hu\/en\/wp-json\/wp\/v2\/types\/product"}],"wp:featuredmedia":[{"embeddable":true,"href":"https:\/\/bottanemez.hu\/en\/wp-json\/wp\/v2\/media\/2962"}],"wp:attachment":[{"href":"https:\/\/bottanemez.hu\/en\/wp-json\/wp\/v2\/media?parent=2961"}],"wp:term":[{"taxonomy":"product_brand","embeddable":true,"href":"https:\/\/bottanemez.hu\/en\/wp-json\/wp\/v2\/product_brand?post=2961"},{"taxonomy":"product_cat","embeddable":true,"href":"https:\/\/bottanemez.hu\/en\/wp-json\/wp\/v2\/product_cat?post=2961"},{"taxonomy":"product_tag","embeddable":true,"href":"https:\/\/bottanemez.hu\/en\/wp-json\/wp\/v2\/product_tag?post=2961"}],"curies":[{"name":"wp","href":"https:\/\/api.w.org\/{rel}","templated":true}]}}