{"id":2942,"date":"2023-09-17T09:06:18","date_gmt":"2023-09-17T09:06:18","guid":{"rendered":"https:\/\/bottanemez.hu\/?post_type=product&#038;p=2942"},"modified":"2023-09-17T09:06:19","modified_gmt":"2023-09-17T09:06:19","slug":"selyem-nemez-alkalmi-estelyi-ruha","status":"publish","type":"product","link":"https:\/\/bottanemez.hu\/en\/product\/selyem-nemez-alkalmi-estelyi-ruha\/","title":{"rendered":"Selyem-nemez est\u00e9lyi-alkalmi ruha boler\u00f3val"},"content":{"rendered":"<p>A ruha selyemre nemezelt puha ausztr\u00e1l merin\u00f3 gyapj\u00fab\u00f3l k\u00e9sz\u00fclt, egyben, varr\u00e1s n\u00e9lk\u00fcl. M\u00e9rete \u00e1ll\u00edthat\u00f3 a ruha h\u00e1toldal\u00e1n selyemsz\u00e1llal z\u00e1r\u00f3d\u00f3 f\u0171z\u0151nek k\u00f6sz\u00f6nhet\u0151en, \u00edgy 36-t\u00f3l 44-es m\u00e9retig k\u00e9nyelmesen viselhet\u0151.<\/p>\n<p>Szoknyar\u00e9sze cs\u00edp\u0151t\u0151l b\u0151v\u00fcl\u0151, mely harmoniz\u00e1l a boler\u00f3 mint\u00e1zat\u00e1val: nemez r\u00e9szbe bedolgozott piros-feh\u00e9r-z\u00f6ld vir\u00e1gok, selyem r\u00e9szletek.<\/p>\n<p>Nyakkiv\u00e1g\u00e1sa mellk\u00f6z\u00e9pig \u00e9r, melyet bross-szer\u0171en egy szint\u00e9n nemezbe dolgozott selyem-pelyhes r\u00f3zsa minta d\u00edsz\u00edt. A selyem-pelyhes mint\u00e1zat a k\u00fcl\u00f6n\u00e1ll\u00f3 \u00e9s k\u00fcl\u00f6n is viselhet\u0151 boler\u00f3 nyakr\u00e9sz\u00e9n is visszak\u00f6sz\u00f6n. A ruha nyakr\u00e9sze beb\u00faj\u00f3s fazon\u00fa, selyem fodor.<\/p>\n<p>Est\u00e9lyekre, d\u00e9lut\u00e1ni \u00f6sszej\u00f6vetelekre, fogad\u00e1sra, b\u00e1lokra k\u00e9sz\u00fclt egyedi, k\u00fcl\u00f6nleges viselet.<\/p>","protected":false},"excerpt":{"rendered":"<p>A ruha selyemre nemezelt puha ausztr\u00e1l merin\u00f3 gyapj\u00fab\u00f3l k\u00e9sz\u00fclt, egyben, varr\u00e1s n\u00e9lk\u00fcl. M\u00e9rete \u00e1ll\u00edthat\u00f3 a ruha h\u00e1toldal\u00e1n selyemsz\u00e1llal z\u00e1r\u00f3d\u00f3 f\u0171z\u0151nek k\u00f6sz\u00f6nhet\u0151en, \u00edgy 36-t\u00f3l 44-es m\u00e9retig k\u00e9nyelmesen viselhet\u0151.<\/p>\n<p>Szoknyar\u00e9sze cs\u00edp\u0151t\u0151l b\u0151v\u00fcl\u0151, mely harmoniz\u00e1l a boler\u00f3 mint\u00e1zat\u00e1val: nemez r\u00e9szbe bedolgozott piros-feh\u00e9r-z\u00f6ld vir\u00e1gok, selyem r\u00e9szletek.<\/p>\n<p>Nyakkiv\u00e1g\u00e1sa mellk\u00f6z\u00e9pig \u00e9r, melyet bross-szer\u0171en egy szint\u00e9n nemezbe dolgozott selyem-pelyhes r\u00f3zsa minta d\u00edsz\u00edt. A selyem-pelyhes mint\u00e1zat a k\u00fcl\u00f6n\u00e1ll\u00f3 \u00e9s k\u00fcl\u00f6n is viselhet\u0151 boler\u00f3 nyakr\u00e9sz\u00e9n is visszak\u00f6sz\u00f6n. A ruha nyakr\u00e9sze beb\u00faj\u00f3s fazon\u00fa, selyem fodor.<\/p>\n<p>Est\u00e9lyekre, d\u00e9lut\u00e1ni \u00f6sszej\u00f6vetelekre, fogad\u00e1sra, b\u00e1lokra k\u00e9sz\u00fclt egyedi, k\u00fcl\u00f6nleges viselet.<\/p>","protected":false},"featured_media":2943,"template":"","meta":[],"product_brand":[],"product_cat":[44],"product_tag":[47,54,50,53,49],"class_list":{"0":"post-2942","1":"product","2":"type-product","3":"status-publish","4":"has-post-thumbnail","6":"product_cat-ruhak","7":"product_tag-alkalmi","8":"product_tag-estelyi","9":"product_tag-nemez","10":"product_tag-ruha","11":"product_tag-selyem","13":"first","14":"instock","15":"shipping-taxable","16":"purchasable","17":"product-type-simple"},"yoast_head":"<!-- This site is optimized with the Yoast SEO Premium plugin v27.6 (Yoast SEO v27.6) - https:\/\/yoast.com\/product\/yoast-seo-premium-wordpress\/ -->\n<title>Selyem-nemez est\u00e9lyi-alkalmi ruha boler\u00f3val - Botta Nemez<\/title>\n<meta name=\"description\" content=\"A ruha selyemre nemezelt puha ausztr\u00e1l merin\u00f3 gyapj\u00fab\u00f3l k\u00e9sz\u00fclt, egyben, varr\u00e1s n\u00e9lk\u00fcl. M\u00e9rete \u00e1ll\u00edthat\u00f3 a ruha h\u00e1toldal\u00e1n selyemsz\u00e1llal z\u00e1r\u00f3d\u00f3 f\u0171z\u0151nek k\u00f6sz\u00f6nhet\u0151en, \u00edgy 36-t\u00f3l 44-es m\u00e9retig k\u00e9nyelmesen viselhet\u0151.Szoknyar\u00e9sze cs\u00edp\u0151t\u0151l b\u0151v\u00fcl\u0151, mely harmoniz\u00e1l a boler\u00f3 mint\u00e1zat\u00e1val: nemez r\u00e9szbe bedolgozott piros-feh\u00e9r-z\u00f6ld vir\u00e1gok, selyem r\u00e9szletek.Nyakkiv\u00e1g\u00e1sa mellk\u00f6z\u00e9pig \u00e9r, melyet bross-szer\u0171en egy szint\u00e9n nemezbe dolgozott selyem-pelyhes r\u00f3zsa minta d\u00edsz\u00edt. A selyem-pelyhes mint\u00e1zat a k\u00fcl\u00f6n\u00e1ll\u00f3 \u00e9s k\u00fcl\u00f6n is viselhet\u0151 boler\u00f3 nyakr\u00e9sz\u00e9n is visszak\u00f6sz\u00f6n. A ruha nyakr\u00e9sze beb\u00faj\u00f3s fazon\u00fa, selyem fodor.Est\u00e9lyekre, d\u00e9lut\u00e1ni \u00f6sszej\u00f6vetelekre, fogad\u00e1sra, b\u00e1lokra k\u00e9sz\u00fclt egyedi, k\u00fcl\u00f6nleges viselet.\" \/>\n<meta name=\"robots\" content=\"index, follow, max-snippet:-1, max-image-preview:large, max-video-preview:-1\" \/>\n<link rel=\"canonical\" href=\"https:\/\/bottanemez.hu\/en\/product\/selyem-nemez-alkalmi-estelyi-ruha\/\" \/>\n<meta property=\"og:locale\" content=\"en_GB\" \/>\n<meta property=\"og:type\" content=\"article\" \/>\n<meta property=\"og:title\" content=\"Selyem-nemez est\u00e9lyi-alkalmi ruha boler\u00f3val\" \/>\n<meta property=\"og:description\" content=\"A ruha selyemre nemezelt puha ausztr\u00e1l merin\u00f3 gyapj\u00fab\u00f3l k\u00e9sz\u00fclt, egyben, varr\u00e1s n\u00e9lk\u00fcl. M\u00e9rete \u00e1ll\u00edthat\u00f3 a ruha h\u00e1toldal\u00e1n selyemsz\u00e1llal z\u00e1r\u00f3d\u00f3 f\u0171z\u0151nek k\u00f6sz\u00f6nhet\u0151en, \u00edgy 36-t\u00f3l 44-es m\u00e9retig k\u00e9nyelmesen viselhet\u0151.Szoknyar\u00e9sze cs\u00edp\u0151t\u0151l b\u0151v\u00fcl\u0151, mely harmoniz\u00e1l a boler\u00f3 mint\u00e1zat\u00e1val: nemez r\u00e9szbe bedolgozott piros-feh\u00e9r-z\u00f6ld vir\u00e1gok, selyem r\u00e9szletek.Nyakkiv\u00e1g\u00e1sa mellk\u00f6z\u00e9pig \u00e9r, melyet bross-szer\u0171en egy szint\u00e9n nemezbe dolgozott selyem-pelyhes r\u00f3zsa minta d\u00edsz\u00edt. A selyem-pelyhes mint\u00e1zat a k\u00fcl\u00f6n\u00e1ll\u00f3 \u00e9s k\u00fcl\u00f6n is viselhet\u0151 boler\u00f3 nyakr\u00e9sz\u00e9n is visszak\u00f6sz\u00f6n. A ruha nyakr\u00e9sze beb\u00faj\u00f3s fazon\u00fa, selyem fodor.Est\u00e9lyekre, d\u00e9lut\u00e1ni \u00f6sszej\u00f6vetelekre, fogad\u00e1sra, b\u00e1lokra k\u00e9sz\u00fclt egyedi, k\u00fcl\u00f6nleges viselet.\" \/>\n<meta property=\"og:url\" content=\"https:\/\/bottanemez.hu\/en\/product\/selyem-nemez-alkalmi-estelyi-ruha\/\" \/>\n<meta property=\"og:site_name\" content=\"Botta Nemez\" \/>\n<meta property=\"article:publisher\" content=\"https:\/\/www.facebook.com\/bottanemez\" \/>\n<meta property=\"article:modified_time\" content=\"2023-09-17T09:06:19+00:00\" \/>\n<meta property=\"og:image\" content=\"https:\/\/bottanemez.hu\/wp-content\/uploads\/2023\/09\/352604261_265673409454154_8254468653503703124_n-2.jpg\" \/>\n\t<meta property=\"og:image:width\" content=\"244\" \/>\n\t<meta property=\"og:image:height\" content=\"718\" \/>\n\t<meta property=\"og:image:type\" content=\"image\/jpeg\" \/>\n<meta name=\"twitter:card\" content=\"summary_large_image\" \/>\n<meta name=\"twitter:label1\" content=\"Price\" \/>\n\t<meta name=\"twitter:data1\" content=\"230.000&nbsp;&#070;&#116;\" \/>\n\t<meta name=\"twitter:label2\" content=\"Availability\" \/>\n\t<meta name=\"twitter:data2\" content=\"In stock\" \/>\n<script type=\"application\/ld+json\" class=\"yoast-schema-graph\">{\"@context\":\"https:\\\/\\\/schema.org\",\"@graph\":[{\"@type\":\"WebPage\",\"@id\":\"https:\\\/\\\/bottanemez.hu\\\/termek\\\/selyem-nemez-alkalmi-estelyi-ruha\\\/\",\"url\":\"https:\\\/\\\/bottanemez.hu\\\/termek\\\/selyem-nemez-alkalmi-estelyi-ruha\\\/\",\"name\":\"Selyem-nemez est\u00e9lyi-alkalmi ruha boler\u00f3val - Botta Nemez\",\"isPartOf\":{\"@id\":\"https:\\\/\\\/bottanemez.hu\\\/#website\"},\"primaryImageOfPage\":{\"@id\":\"https:\\\/\\\/bottanemez.hu\\\/termek\\\/selyem-nemez-alkalmi-estelyi-ruha\\\/#primaryimage\"},\"image\":{\"@id\":\"https:\\\/\\\/bottanemez.hu\\\/termek\\\/selyem-nemez-alkalmi-estelyi-ruha\\\/#primaryimage\"},\"thumbnailUrl\":\"https:\\\/\\\/bottanemez.hu\\\/wp-content\\\/uploads\\\/2023\\\/09\\\/352604261_265673409454154_8254468653503703124_n-2.jpg\",\"datePublished\":\"2023-09-17T09:06:18+00:00\",\"dateModified\":\"2023-09-17T09:06:19+00:00\",\"description\":\"A ruha selyemre nemezelt puha ausztr\u00e1l merin\u00f3 gyapj\u00fab\u00f3l k\u00e9sz\u00fclt, egyben, varr\u00e1s n\u00e9lk\u00fcl. M\u00e9rete \u00e1ll\u00edthat\u00f3 a ruha h\u00e1toldal\u00e1n selyemsz\u00e1llal z\u00e1r\u00f3d\u00f3 f\u0171z\u0151nek k\u00f6sz\u00f6nhet\u0151en, \u00edgy 36-t\u00f3l 44-es m\u00e9retig k\u00e9nyelmesen viselhet\u0151.Szoknyar\u00e9sze cs\u00edp\u0151t\u0151l b\u0151v\u00fcl\u0151, mely harmoniz\u00e1l a boler\u00f3 mint\u00e1zat\u00e1val: nemez r\u00e9szbe bedolgozott piros-feh\u00e9r-z\u00f6ld vir\u00e1gok, selyem r\u00e9szletek.Nyakkiv\u00e1g\u00e1sa mellk\u00f6z\u00e9pig \u00e9r, melyet bross-szer\u0171en egy szint\u00e9n nemezbe dolgozott selyem-pelyhes r\u00f3zsa minta d\u00edsz\u00edt. A selyem-pelyhes mint\u00e1zat a k\u00fcl\u00f6n\u00e1ll\u00f3 \u00e9s k\u00fcl\u00f6n is viselhet\u0151 boler\u00f3 nyakr\u00e9sz\u00e9n is visszak\u00f6sz\u00f6n. A ruha nyakr\u00e9sze beb\u00faj\u00f3s fazon\u00fa, selyem fodor.Est\u00e9lyekre, d\u00e9lut\u00e1ni \u00f6sszej\u00f6vetelekre, fogad\u00e1sra, b\u00e1lokra k\u00e9sz\u00fclt egyedi, k\u00fcl\u00f6nleges viselet.\",\"breadcrumb\":{\"@id\":\"https:\\\/\\\/bottanemez.hu\\\/termek\\\/selyem-nemez-alkalmi-estelyi-ruha\\\/#breadcrumb\"},\"inLanguage\":\"en-GB\",\"potentialAction\":[{\"@type\":\"ReadAction\",\"target\":[\"https:\\\/\\\/bottanemez.hu\\\/termek\\\/selyem-nemez-alkalmi-estelyi-ruha\\\/\"]}]},{\"@type\":\"ImageObject\",\"inLanguage\":\"en-GB\",\"@id\":\"https:\\\/\\\/bottanemez.hu\\\/termek\\\/selyem-nemez-alkalmi-estelyi-ruha\\\/#primaryimage\",\"url\":\"https:\\\/\\\/bottanemez.hu\\\/wp-content\\\/uploads\\\/2023\\\/09\\\/352604261_265673409454154_8254468653503703124_n-2.jpg\",\"contentUrl\":\"https:\\\/\\\/bottanemez.hu\\\/wp-content\\\/uploads\\\/2023\\\/09\\\/352604261_265673409454154_8254468653503703124_n-2.jpg\",\"width\":244,\"height\":718},{\"@type\":\"BreadcrumbList\",\"@id\":\"https:\\\/\\\/bottanemez.hu\\\/termek\\\/selyem-nemez-alkalmi-estelyi-ruha\\\/#breadcrumb\",\"itemListElement\":[{\"@type\":\"ListItem\",\"position\":1,\"name\":\"Home\",\"item\":\"https:\\\/\\\/bottanemez.hu\\\/\"},{\"@type\":\"ListItem\",\"position\":2,\"name\":\"Webshop\",\"item\":\"https:\\\/\\\/bottanemez.hu\\\/nemez-webshop\\\/\"},{\"@type\":\"ListItem\",\"position\":3,\"name\":\"Selyem-nemez est\u00e9lyi-alkalmi ruha boler\u00f3val\"}]},{\"@type\":\"WebSite\",\"@id\":\"https:\\\/\\\/bottanemez.hu\\\/#website\",\"url\":\"https:\\\/\\\/bottanemez.hu\\\/\",\"name\":\"Botta Nemez\",\"description\":\"Nemez\",\"publisher\":{\"@id\":\"https:\\\/\\\/bottanemez.hu\\\/#\\\/schema\\\/person\\\/e0b43b47c83f1b8ec5102569c7e47946\"},\"potentialAction\":[{\"@type\":\"SearchAction\",\"target\":{\"@type\":\"EntryPoint\",\"urlTemplate\":\"https:\\\/\\\/bottanemez.hu\\\/?s={search_term_string}\"},\"query-input\":{\"@type\":\"PropertyValueSpecification\",\"valueRequired\":true,\"valueName\":\"search_term_string\"}}],\"inLanguage\":\"en-GB\"},{\"@type\":[\"Person\",\"Organization\"],\"@id\":\"https:\\\/\\\/bottanemez.hu\\\/#\\\/schema\\\/person\\\/e0b43b47c83f1b8ec5102569c7e47946\",\"name\":\"nemezShop\",\"image\":{\"@type\":\"ImageObject\",\"inLanguage\":\"en-GB\",\"@id\":\"https:\\\/\\\/bottanemez.hu\\\/wp-content\\\/uploads\\\/2022\\\/10\\\/cropped-bottaNemezLogo.png\",\"url\":\"https:\\\/\\\/bottanemez.hu\\\/wp-content\\\/uploads\\\/2022\\\/10\\\/cropped-bottaNemezLogo.png\",\"contentUrl\":\"https:\\\/\\\/bottanemez.hu\\\/wp-content\\\/uploads\\\/2022\\\/10\\\/cropped-bottaNemezLogo.png\",\"width\":301,\"height\":301,\"caption\":\"nemezShop\"},\"logo\":{\"@id\":\"https:\\\/\\\/bottanemez.hu\\\/wp-content\\\/uploads\\\/2022\\\/10\\\/cropped-bottaNemezLogo.png\"},\"sameAs\":[\"https:\\\/\\\/vilagitopolo.hu\",\"https:\\\/\\\/www.facebook.com\\\/bottanemez\"]}]}<\/script>\n<meta property=\"product:price:amount\" content=\"230000\" \/>\n<meta property=\"product:price:currency\" content=\"HUF\" \/>\n<meta property=\"og:availability\" content=\"instock\" \/>\n<meta property=\"product:availability\" content=\"instock\" \/>\n<meta property=\"product:condition\" content=\"new\" \/>\n<!-- \/ Yoast SEO Premium plugin. -->","yoast_head_json":{"title":"Selyem-nemez est\u00e9lyi-alkalmi ruha boler\u00f3val - Botta Nemez","description":"A ruha selyemre nemezelt puha ausztr\u00e1l merin\u00f3 gyapj\u00fab\u00f3l k\u00e9sz\u00fclt, egyben, varr\u00e1s n\u00e9lk\u00fcl. M\u00e9rete \u00e1ll\u00edthat\u00f3 a ruha h\u00e1toldal\u00e1n selyemsz\u00e1llal z\u00e1r\u00f3d\u00f3 f\u0171z\u0151nek k\u00f6sz\u00f6nhet\u0151en, \u00edgy 36-t\u00f3l 44-es m\u00e9retig k\u00e9nyelmesen viselhet\u0151.Szoknyar\u00e9sze cs\u00edp\u0151t\u0151l b\u0151v\u00fcl\u0151, mely harmoniz\u00e1l a boler\u00f3 mint\u00e1zat\u00e1val: nemez r\u00e9szbe bedolgozott piros-feh\u00e9r-z\u00f6ld vir\u00e1gok, selyem r\u00e9szletek.Nyakkiv\u00e1g\u00e1sa mellk\u00f6z\u00e9pig \u00e9r, melyet bross-szer\u0171en egy szint\u00e9n nemezbe dolgozott selyem-pelyhes r\u00f3zsa minta d\u00edsz\u00edt. A selyem-pelyhes mint\u00e1zat a k\u00fcl\u00f6n\u00e1ll\u00f3 \u00e9s k\u00fcl\u00f6n is viselhet\u0151 boler\u00f3 nyakr\u00e9sz\u00e9n is visszak\u00f6sz\u00f6n. A ruha nyakr\u00e9sze beb\u00faj\u00f3s fazon\u00fa, selyem fodor.Est\u00e9lyekre, d\u00e9lut\u00e1ni \u00f6sszej\u00f6vetelekre, fogad\u00e1sra, b\u00e1lokra k\u00e9sz\u00fclt egyedi, k\u00fcl\u00f6nleges viselet.","robots":{"index":"index","follow":"follow","max-snippet":"max-snippet:-1","max-image-preview":"max-image-preview:large","max-video-preview":"max-video-preview:-1"},"canonical":"https:\/\/bottanemez.hu\/en\/product\/selyem-nemez-alkalmi-estelyi-ruha\/","og_locale":"en_GB","og_type":"article","og_title":"Selyem-nemez est\u00e9lyi-alkalmi ruha boler\u00f3val","og_description":"A ruha selyemre nemezelt puha ausztr\u00e1l merin\u00f3 gyapj\u00fab\u00f3l k\u00e9sz\u00fclt, egyben, varr\u00e1s n\u00e9lk\u00fcl. M\u00e9rete \u00e1ll\u00edthat\u00f3 a ruha h\u00e1toldal\u00e1n selyemsz\u00e1llal z\u00e1r\u00f3d\u00f3 f\u0171z\u0151nek k\u00f6sz\u00f6nhet\u0151en, \u00edgy 36-t\u00f3l 44-es m\u00e9retig k\u00e9nyelmesen viselhet\u0151.Szoknyar\u00e9sze cs\u00edp\u0151t\u0151l b\u0151v\u00fcl\u0151, mely harmoniz\u00e1l a boler\u00f3 mint\u00e1zat\u00e1val: nemez r\u00e9szbe bedolgozott piros-feh\u00e9r-z\u00f6ld vir\u00e1gok, selyem r\u00e9szletek.Nyakkiv\u00e1g\u00e1sa mellk\u00f6z\u00e9pig \u00e9r, melyet bross-szer\u0171en egy szint\u00e9n nemezbe dolgozott selyem-pelyhes r\u00f3zsa minta d\u00edsz\u00edt. A selyem-pelyhes mint\u00e1zat a k\u00fcl\u00f6n\u00e1ll\u00f3 \u00e9s k\u00fcl\u00f6n is viselhet\u0151 boler\u00f3 nyakr\u00e9sz\u00e9n is visszak\u00f6sz\u00f6n. A ruha nyakr\u00e9sze beb\u00faj\u00f3s fazon\u00fa, selyem fodor.Est\u00e9lyekre, d\u00e9lut\u00e1ni \u00f6sszej\u00f6vetelekre, fogad\u00e1sra, b\u00e1lokra k\u00e9sz\u00fclt egyedi, k\u00fcl\u00f6nleges viselet.","og_url":"https:\/\/bottanemez.hu\/en\/product\/selyem-nemez-alkalmi-estelyi-ruha\/","og_site_name":"Botta Nemez","article_publisher":"https:\/\/www.facebook.com\/bottanemez","article_modified_time":"2023-09-17T09:06:19+00:00","og_image":[{"width":244,"height":718,"url":"https:\/\/bottanemez.hu\/wp-content\/uploads\/2023\/09\/352604261_265673409454154_8254468653503703124_n-2.jpg","type":"image\/jpeg"}],"twitter_card":"summary_large_image","twitter_misc":{"Price":"230.000&nbsp;&#70;&#116;","Availability":"In stock"},"schema":{"@context":"https:\/\/schema.org","@graph":[{"@type":"WebPage","@id":"https:\/\/bottanemez.hu\/termek\/selyem-nemez-alkalmi-estelyi-ruha\/","url":"https:\/\/bottanemez.hu\/termek\/selyem-nemez-alkalmi-estelyi-ruha\/","name":"Selyem-nemez est\u00e9lyi-alkalmi ruha boler\u00f3val - Botta Nemez","isPartOf":{"@id":"https:\/\/bottanemez.hu\/#website"},"primaryImageOfPage":{"@id":"https:\/\/bottanemez.hu\/termek\/selyem-nemez-alkalmi-estelyi-ruha\/#primaryimage"},"image":{"@id":"https:\/\/bottanemez.hu\/termek\/selyem-nemez-alkalmi-estelyi-ruha\/#primaryimage"},"thumbnailUrl":"https:\/\/bottanemez.hu\/wp-content\/uploads\/2023\/09\/352604261_265673409454154_8254468653503703124_n-2.jpg","datePublished":"2023-09-17T09:06:18+00:00","dateModified":"2023-09-17T09:06:19+00:00","description":"A ruha selyemre nemezelt puha ausztr\u00e1l merin\u00f3 gyapj\u00fab\u00f3l k\u00e9sz\u00fclt, egyben, varr\u00e1s n\u00e9lk\u00fcl. M\u00e9rete \u00e1ll\u00edthat\u00f3 a ruha h\u00e1toldal\u00e1n selyemsz\u00e1llal z\u00e1r\u00f3d\u00f3 f\u0171z\u0151nek k\u00f6sz\u00f6nhet\u0151en, \u00edgy 36-t\u00f3l 44-es m\u00e9retig k\u00e9nyelmesen viselhet\u0151.Szoknyar\u00e9sze cs\u00edp\u0151t\u0151l b\u0151v\u00fcl\u0151, mely harmoniz\u00e1l a boler\u00f3 mint\u00e1zat\u00e1val: nemez r\u00e9szbe bedolgozott piros-feh\u00e9r-z\u00f6ld vir\u00e1gok, selyem r\u00e9szletek.Nyakkiv\u00e1g\u00e1sa mellk\u00f6z\u00e9pig \u00e9r, melyet bross-szer\u0171en egy szint\u00e9n nemezbe dolgozott selyem-pelyhes r\u00f3zsa minta d\u00edsz\u00edt. A selyem-pelyhes mint\u00e1zat a k\u00fcl\u00f6n\u00e1ll\u00f3 \u00e9s k\u00fcl\u00f6n is viselhet\u0151 boler\u00f3 nyakr\u00e9sz\u00e9n is visszak\u00f6sz\u00f6n. A ruha nyakr\u00e9sze beb\u00faj\u00f3s fazon\u00fa, selyem fodor.Est\u00e9lyekre, d\u00e9lut\u00e1ni \u00f6sszej\u00f6vetelekre, fogad\u00e1sra, b\u00e1lokra k\u00e9sz\u00fclt egyedi, k\u00fcl\u00f6nleges viselet.","breadcrumb":{"@id":"https:\/\/bottanemez.hu\/termek\/selyem-nemez-alkalmi-estelyi-ruha\/#breadcrumb"},"inLanguage":"en-GB","potentialAction":[{"@type":"ReadAction","target":["https:\/\/bottanemez.hu\/termek\/selyem-nemez-alkalmi-estelyi-ruha\/"]}]},{"@type":"ImageObject","inLanguage":"en-GB","@id":"https:\/\/bottanemez.hu\/termek\/selyem-nemez-alkalmi-estelyi-ruha\/#primaryimage","url":"https:\/\/bottanemez.hu\/wp-content\/uploads\/2023\/09\/352604261_265673409454154_8254468653503703124_n-2.jpg","contentUrl":"https:\/\/bottanemez.hu\/wp-content\/uploads\/2023\/09\/352604261_265673409454154_8254468653503703124_n-2.jpg","width":244,"height":718},{"@type":"BreadcrumbList","@id":"https:\/\/bottanemez.hu\/termek\/selyem-nemez-alkalmi-estelyi-ruha\/#breadcrumb","itemListElement":[{"@type":"ListItem","position":1,"name":"Home","item":"https:\/\/bottanemez.hu\/"},{"@type":"ListItem","position":2,"name":"Webshop","item":"https:\/\/bottanemez.hu\/nemez-webshop\/"},{"@type":"ListItem","position":3,"name":"Selyem-nemez est\u00e9lyi-alkalmi ruha boler\u00f3val"}]},{"@type":"WebSite","@id":"https:\/\/bottanemez.hu\/#website","url":"https:\/\/bottanemez.hu\/","name":"BottaFeltArt","description":"Nemez","publisher":{"@id":"https:\/\/bottanemez.hu\/#\/schema\/person\/e0b43b47c83f1b8ec5102569c7e47946"},"potentialAction":[{"@type":"SearchAction","target":{"@type":"EntryPoint","urlTemplate":"https:\/\/bottanemez.hu\/?s={search_term_string}"},"query-input":{"@type":"PropertyValueSpecification","valueRequired":true,"valueName":"search_term_string"}}],"inLanguage":"en-GB"},{"@type":["Person","Organization"],"@id":"https:\/\/bottanemez.hu\/#\/schema\/person\/e0b43b47c83f1b8ec5102569c7e47946","name":"nemezShop","image":{"@type":"ImageObject","inLanguage":"en-GB","@id":"https:\/\/bottanemez.hu\/wp-content\/uploads\/2022\/10\/cropped-bottaNemezLogo.png","url":"https:\/\/bottanemez.hu\/wp-content\/uploads\/2022\/10\/cropped-bottaNemezLogo.png","contentUrl":"https:\/\/bottanemez.hu\/wp-content\/uploads\/2022\/10\/cropped-bottaNemezLogo.png","width":301,"height":301,"caption":"nemezShop"},"logo":{"@id":"https:\/\/bottanemez.hu\/wp-content\/uploads\/2022\/10\/cropped-bottaNemezLogo.png"},"sameAs":["https:\/\/vilagitopolo.hu","https:\/\/www.facebook.com\/bottanemez"]}]},"product_price_amount":"230000","product_price_currency":"HUF","og_availability":"instock","product_availability":"instock","product_condition":"new"},"_links":{"self":[{"href":"https:\/\/bottanemez.hu\/en\/wp-json\/wp\/v2\/product\/2942","targetHints":{"allow":["GET"]}}],"collection":[{"href":"https:\/\/bottanemez.hu\/en\/wp-json\/wp\/v2\/product"}],"about":[{"href":"https:\/\/bottanemez.hu\/en\/wp-json\/wp\/v2\/types\/product"}],"wp:featuredmedia":[{"embeddable":true,"href":"https:\/\/bottanemez.hu\/en\/wp-json\/wp\/v2\/media\/2943"}],"wp:attachment":[{"href":"https:\/\/bottanemez.hu\/en\/wp-json\/wp\/v2\/media?parent=2942"}],"wp:term":[{"taxonomy":"product_brand","embeddable":true,"href":"https:\/\/bottanemez.hu\/en\/wp-json\/wp\/v2\/product_brand?post=2942"},{"taxonomy":"product_cat","embeddable":true,"href":"https:\/\/bottanemez.hu\/en\/wp-json\/wp\/v2\/product_cat?post=2942"},{"taxonomy":"product_tag","embeddable":true,"href":"https:\/\/bottanemez.hu\/en\/wp-json\/wp\/v2\/product_tag?post=2942"}],"curies":[{"name":"wp","href":"https:\/\/api.w.org\/{rel}","templated":true}]}}