{"id":2919,"date":"2023-09-17T08:52:08","date_gmt":"2023-09-17T08:52:08","guid":{"rendered":"https:\/\/bottanemez.hu\/?post_type=product&#038;p=2919"},"modified":"2023-09-17T08:52:50","modified_gmt":"2023-09-17T08:52:50","slug":"selyem-nemez-fekete-voros-alkalmi-ruha-ovvel","status":"publish","type":"product","link":"https:\/\/bottanemez.hu\/en\/product\/selyem-nemez-fekete-voros-alkalmi-ruha-ovvel\/","title":{"rendered":"Selyem-nemez fekete-v\u00f6r\u00f6s alkalmi ruha \u00f6vvel"},"content":{"rendered":"<p>Pong\u00e9 selyemre nemezelt finom ausztr\u00e1l merin\u00f3 gyapj\u00fab\u00f3l k\u00e9sz\u00fclt, egyben, varr\u00e1s n\u00e9lk\u00fcl. A nyakkiv\u00e1g\u00e1sn\u00e1l \u00e9s a szoknya alj\u00e1n\u00e1l v\u00e9kony fekete csipke van benemezelve, v\u00e1llain\u00e1l szabadon lebeg\u0151 selyem teszi k\u00f6nnyedd\u00e9 a ruh\u00e1t. Als\u00f3szoknya r\u00e9sze t\u00fall\u00f3g a fels\u0151 nemezszokny\u00e1n. Mell k\u00f6zep\u00e9ig felfut\u00f3 v\u00f6r\u00f6s \u00f6vr\u00e9sze \u00e1tt\u00f6rt vir\u00e1gmot\u00edvummal, selyem r\u00f3zs\u00e1val teszi \u00e9l\u00e9nkk\u00e9, v\u00e1ltozatoss\u00e1 a lefel\u00e9 b\u0151v\u00fcl\u0151 fazon\u00fa fekete, k\u00f6nny\u0171 es\u00e9s\u0171 ruh\u00e1t. Az \u00f6vr\u00e9sz a ruha h\u00e1toldal\u00e1n megk\u00f6thet\u0151, selyem r\u00f3zs\u00e1kban v\u00e9gz\u0151d\u0151 nemez sz\u00e1llal, ezzel a ruha szorosan a der\u00e9kra idomul, fodross\u00e1 t\u00e9ve a szoknyar\u00e9szt. Lapos \u00e9s magas sark\u00fa cip\u0151vel is egyar\u00e1nt eleg\u00e1ns, egyedi, k\u00fcl\u00f6nleges darab, mely els\u0151sorban a 20-as, 30-as koroszt\u00e1ly sz\u00e1m\u00e1ra k\u00e9sz\u00fclt, esti-d\u00e9lut\u00e1ni alkalmakra.<\/p>","protected":false},"excerpt":{"rendered":"<p>Pong\u00e9 selyemre nemezelt finom ausztr\u00e1l merin\u00f3 gyapj\u00fab\u00f3l k\u00e9sz\u00fclt, egyben, varr\u00e1s n\u00e9lk\u00fcl. A nyakkiv\u00e1g\u00e1sn\u00e1l \u00e9s a szoknya alj\u00e1n\u00e1l v\u00e9kony fekete csipke van benemezelve, v\u00e1llain\u00e1l szabadon lebeg\u0151 selyem teszi k\u00f6nnyedd\u00e9 a ruh\u00e1t. Als\u00f3szoknya r\u00e9sze t\u00fall\u00f3g a fels\u0151 nemezszokny\u00e1n. Mell k\u00f6zep\u00e9ig felfut\u00f3 v\u00f6r\u00f6s \u00f6vr\u00e9sze \u00e1tt\u00f6rt vir\u00e1gmot\u00edvummal, selyem r\u00f3zs\u00e1val teszi \u00e9l\u00e9nkk\u00e9, v\u00e1ltozatoss\u00e1 a lefel\u00e9 b\u0151v\u00fcl\u0151 fazon\u00fa fekete, k\u00f6nny\u0171 es\u00e9s\u0171 ruh\u00e1t. Az \u00f6vr\u00e9sz a ruha h\u00e1toldal\u00e1n megk\u00f6thet\u0151, selyem r\u00f3zs\u00e1kban v\u00e9gz\u0151d\u0151 nemez sz\u00e1llal, ezzel a ruha szorosan a der\u00e9kra idomul, fodross\u00e1 t\u00e9ve a szoknyar\u00e9szt. Lapos \u00e9s magas sark\u00fa cip\u0151vel is egyar\u00e1nt eleg\u00e1ns, egyedi, k\u00fcl\u00f6nleges darab, mely els\u0151sorban a 20-as, 30-as koroszt\u00e1ly sz\u00e1m\u00e1ra k\u00e9sz\u00fclt, esti-d\u00e9lut\u00e1ni alkalmakra.<\/p>","protected":false},"featured_media":2920,"template":"","meta":[],"product_brand":[],"product_cat":[44],"product_tag":[47,52,50,53,49],"class_list":{"0":"post-2919","1":"product","2":"type-product","3":"status-publish","4":"has-post-thumbnail","6":"product_cat-ruhak","7":"product_tag-alkalmi","8":"product_tag-egyedi","9":"product_tag-nemez","10":"product_tag-ruha","11":"product_tag-selyem","13":"first","14":"instock","15":"shipping-taxable","16":"purchasable","17":"product-type-simple"},"yoast_head":"<!-- This site is optimized with the Yoast SEO Premium plugin v27.6 (Yoast SEO v27.6) - https:\/\/yoast.com\/product\/yoast-seo-premium-wordpress\/ -->\n<title>Selyem-nemez fekete-v\u00f6r\u00f6s alkalmi ruha \u00f6vvel - Botta Nemez<\/title>\n<meta name=\"description\" content=\"Pong\u00e9 selyemre nemezelt finom ausztr\u00e1l merin\u00f3 gyapj\u00fab\u00f3l k\u00e9sz\u00fclt, egyben, varr\u00e1s n\u00e9lk\u00fcl. A nyakkiv\u00e1g\u00e1sn\u00e1l \u00e9s a szoknya alj\u00e1n\u00e1l v\u00e9kony fekete csipke van benemezelve, v\u00e1llain\u00e1l szabadon lebeg\u0151 selyem teszi k\u00f6nnyedd\u00e9 a ruh\u00e1t. Als\u00f3szoknya r\u00e9sze t\u00fall\u00f3g a fels\u0151 nemezszokny\u00e1n. Mell k\u00f6zep\u00e9ig felfut\u00f3 v\u00f6r\u00f6s \u00f6vr\u00e9sze \u00e1tt\u00f6rt vir\u00e1gmot\u00edvummal, selyem r\u00f3zs\u00e1val teszi \u00e9l\u00e9nkk\u00e9, v\u00e1ltozatoss\u00e1 a lefel\u00e9 b\u0151v\u00fcl\u0151 fazon\u00fa fekete, k\u00f6nny\u0171 es\u00e9s\u0171 ruh\u00e1t. Az \u00f6vr\u00e9sz a ruha h\u00e1toldal\u00e1n megk\u00f6thet\u0151, selyem r\u00f3zs\u00e1kban v\u00e9gz\u0151d\u0151 nemez sz\u00e1llal, ezzel a ruha szorosan a der\u00e9kra idomul, fodross\u00e1 t\u00e9ve a szoknyar\u00e9szt. Lapos \u00e9s magas sark\u00fa cip\u0151vel is egyar\u00e1nt eleg\u00e1ns, egyedi, k\u00fcl\u00f6nleges darab, mely els\u0151sorban a 20-as, 30-as koroszt\u00e1ly sz\u00e1m\u00e1ra k\u00e9sz\u00fclt, esti-d\u00e9lut\u00e1ni alkalmakra.\" \/>\n<meta name=\"robots\" content=\"index, follow, max-snippet:-1, max-image-preview:large, max-video-preview:-1\" \/>\n<link rel=\"canonical\" href=\"https:\/\/bottanemez.hu\/en\/product\/selyem-nemez-fekete-voros-alkalmi-ruha-ovvel\/\" \/>\n<meta property=\"og:locale\" content=\"en_GB\" \/>\n<meta property=\"og:type\" content=\"article\" \/>\n<meta property=\"og:title\" content=\"Selyem-nemez fekete-v\u00f6r\u00f6s alkalmi ruha \u00f6vvel\" \/>\n<meta property=\"og:description\" content=\"Pong\u00e9 selyemre nemezelt finom ausztr\u00e1l merin\u00f3 gyapj\u00fab\u00f3l k\u00e9sz\u00fclt, egyben, varr\u00e1s n\u00e9lk\u00fcl. A nyakkiv\u00e1g\u00e1sn\u00e1l \u00e9s a szoknya alj\u00e1n\u00e1l v\u00e9kony fekete csipke van benemezelve, v\u00e1llain\u00e1l szabadon lebeg\u0151 selyem teszi k\u00f6nnyedd\u00e9 a ruh\u00e1t. Als\u00f3szoknya r\u00e9sze t\u00fall\u00f3g a fels\u0151 nemezszokny\u00e1n. Mell k\u00f6zep\u00e9ig felfut\u00f3 v\u00f6r\u00f6s \u00f6vr\u00e9sze \u00e1tt\u00f6rt vir\u00e1gmot\u00edvummal, selyem r\u00f3zs\u00e1val teszi \u00e9l\u00e9nkk\u00e9, v\u00e1ltozatoss\u00e1 a lefel\u00e9 b\u0151v\u00fcl\u0151 fazon\u00fa fekete, k\u00f6nny\u0171 es\u00e9s\u0171 ruh\u00e1t. Az \u00f6vr\u00e9sz a ruha h\u00e1toldal\u00e1n megk\u00f6thet\u0151, selyem r\u00f3zs\u00e1kban v\u00e9gz\u0151d\u0151 nemez sz\u00e1llal, ezzel a ruha szorosan a der\u00e9kra idomul, fodross\u00e1 t\u00e9ve a szoknyar\u00e9szt. Lapos \u00e9s magas sark\u00fa cip\u0151vel is egyar\u00e1nt eleg\u00e1ns, egyedi, k\u00fcl\u00f6nleges darab, mely els\u0151sorban a 20-as, 30-as koroszt\u00e1ly sz\u00e1m\u00e1ra k\u00e9sz\u00fclt, esti-d\u00e9lut\u00e1ni alkalmakra.\" \/>\n<meta property=\"og:url\" content=\"https:\/\/bottanemez.hu\/en\/product\/selyem-nemez-fekete-voros-alkalmi-ruha-ovvel\/\" \/>\n<meta property=\"og:site_name\" content=\"Botta Nemez\" \/>\n<meta property=\"article:publisher\" content=\"https:\/\/www.facebook.com\/bottanemez\" \/>\n<meta property=\"article:modified_time\" content=\"2023-09-17T08:52:50+00:00\" \/>\n<meta property=\"og:image\" content=\"https:\/\/bottanemez.hu\/wp-content\/uploads\/2023\/09\/351624651_1417327532336313_1093678206475016944_n-2.jpg\" \/>\n\t<meta property=\"og:image:width\" content=\"561\" \/>\n\t<meta property=\"og:image:height\" content=\"837\" \/>\n\t<meta property=\"og:image:type\" content=\"image\/jpeg\" \/>\n<meta name=\"twitter:card\" content=\"summary_large_image\" \/>\n<meta name=\"twitter:label1\" content=\"Price\" \/>\n\t<meta name=\"twitter:data1\" content=\"160.000&nbsp;&#070;&#116;\" \/>\n\t<meta name=\"twitter:label2\" content=\"Availability\" \/>\n\t<meta name=\"twitter:data2\" content=\"In stock\" \/>\n<script type=\"application\/ld+json\" class=\"yoast-schema-graph\">{\"@context\":\"https:\\\/\\\/schema.org\",\"@graph\":[{\"@type\":\"WebPage\",\"@id\":\"https:\\\/\\\/bottanemez.hu\\\/termek\\\/selyem-nemez-fekete-voros-alkalmi-ruha-ovvel\\\/\",\"url\":\"https:\\\/\\\/bottanemez.hu\\\/termek\\\/selyem-nemez-fekete-voros-alkalmi-ruha-ovvel\\\/\",\"name\":\"Selyem-nemez fekete-v\u00f6r\u00f6s alkalmi ruha \u00f6vvel - Botta Nemez\",\"isPartOf\":{\"@id\":\"https:\\\/\\\/bottanemez.hu\\\/#website\"},\"primaryImageOfPage\":{\"@id\":\"https:\\\/\\\/bottanemez.hu\\\/termek\\\/selyem-nemez-fekete-voros-alkalmi-ruha-ovvel\\\/#primaryimage\"},\"image\":{\"@id\":\"https:\\\/\\\/bottanemez.hu\\\/termek\\\/selyem-nemez-fekete-voros-alkalmi-ruha-ovvel\\\/#primaryimage\"},\"thumbnailUrl\":\"https:\\\/\\\/bottanemez.hu\\\/wp-content\\\/uploads\\\/2023\\\/09\\\/351624651_1417327532336313_1093678206475016944_n-2.jpg\",\"datePublished\":\"2023-09-17T08:52:08+00:00\",\"dateModified\":\"2023-09-17T08:52:50+00:00\",\"description\":\"Pong\u00e9 selyemre nemezelt finom ausztr\u00e1l merin\u00f3 gyapj\u00fab\u00f3l k\u00e9sz\u00fclt, egyben, varr\u00e1s n\u00e9lk\u00fcl. A nyakkiv\u00e1g\u00e1sn\u00e1l \u00e9s a szoknya alj\u00e1n\u00e1l v\u00e9kony fekete csipke van benemezelve, v\u00e1llain\u00e1l szabadon lebeg\u0151 selyem teszi k\u00f6nnyedd\u00e9 a ruh\u00e1t. Als\u00f3szoknya r\u00e9sze t\u00fall\u00f3g a fels\u0151 nemezszokny\u00e1n. Mell k\u00f6zep\u00e9ig felfut\u00f3 v\u00f6r\u00f6s \u00f6vr\u00e9sze \u00e1tt\u00f6rt vir\u00e1gmot\u00edvummal, selyem r\u00f3zs\u00e1val teszi \u00e9l\u00e9nkk\u00e9, v\u00e1ltozatoss\u00e1 a lefel\u00e9 b\u0151v\u00fcl\u0151 fazon\u00fa fekete, k\u00f6nny\u0171 es\u00e9s\u0171 ruh\u00e1t. Az \u00f6vr\u00e9sz a ruha h\u00e1toldal\u00e1n megk\u00f6thet\u0151, selyem r\u00f3zs\u00e1kban v\u00e9gz\u0151d\u0151 nemez sz\u00e1llal, ezzel a ruha szorosan a der\u00e9kra idomul, fodross\u00e1 t\u00e9ve a szoknyar\u00e9szt. Lapos \u00e9s magas sark\u00fa cip\u0151vel is egyar\u00e1nt eleg\u00e1ns, egyedi, k\u00fcl\u00f6nleges darab, mely els\u0151sorban a 20-as, 30-as koroszt\u00e1ly sz\u00e1m\u00e1ra k\u00e9sz\u00fclt, esti-d\u00e9lut\u00e1ni alkalmakra.\",\"breadcrumb\":{\"@id\":\"https:\\\/\\\/bottanemez.hu\\\/termek\\\/selyem-nemez-fekete-voros-alkalmi-ruha-ovvel\\\/#breadcrumb\"},\"inLanguage\":\"en-GB\",\"potentialAction\":[{\"@type\":\"ReadAction\",\"target\":[\"https:\\\/\\\/bottanemez.hu\\\/termek\\\/selyem-nemez-fekete-voros-alkalmi-ruha-ovvel\\\/\"]}]},{\"@type\":\"ImageObject\",\"inLanguage\":\"en-GB\",\"@id\":\"https:\\\/\\\/bottanemez.hu\\\/termek\\\/selyem-nemez-fekete-voros-alkalmi-ruha-ovvel\\\/#primaryimage\",\"url\":\"https:\\\/\\\/bottanemez.hu\\\/wp-content\\\/uploads\\\/2023\\\/09\\\/351624651_1417327532336313_1093678206475016944_n-2.jpg\",\"contentUrl\":\"https:\\\/\\\/bottanemez.hu\\\/wp-content\\\/uploads\\\/2023\\\/09\\\/351624651_1417327532336313_1093678206475016944_n-2.jpg\",\"width\":561,\"height\":837},{\"@type\":\"BreadcrumbList\",\"@id\":\"https:\\\/\\\/bottanemez.hu\\\/termek\\\/selyem-nemez-fekete-voros-alkalmi-ruha-ovvel\\\/#breadcrumb\",\"itemListElement\":[{\"@type\":\"ListItem\",\"position\":1,\"name\":\"Home\",\"item\":\"https:\\\/\\\/bottanemez.hu\\\/\"},{\"@type\":\"ListItem\",\"position\":2,\"name\":\"Webshop\",\"item\":\"https:\\\/\\\/bottanemez.hu\\\/nemez-webshop\\\/\"},{\"@type\":\"ListItem\",\"position\":3,\"name\":\"Selyem-nemez fekete-v\u00f6r\u00f6s alkalmi ruha \u00f6vvel\"}]},{\"@type\":\"WebSite\",\"@id\":\"https:\\\/\\\/bottanemez.hu\\\/#website\",\"url\":\"https:\\\/\\\/bottanemez.hu\\\/\",\"name\":\"Botta Nemez\",\"description\":\"Nemez\",\"publisher\":{\"@id\":\"https:\\\/\\\/bottanemez.hu\\\/#\\\/schema\\\/person\\\/e0b43b47c83f1b8ec5102569c7e47946\"},\"potentialAction\":[{\"@type\":\"SearchAction\",\"target\":{\"@type\":\"EntryPoint\",\"urlTemplate\":\"https:\\\/\\\/bottanemez.hu\\\/?s={search_term_string}\"},\"query-input\":{\"@type\":\"PropertyValueSpecification\",\"valueRequired\":true,\"valueName\":\"search_term_string\"}}],\"inLanguage\":\"en-GB\"},{\"@type\":[\"Person\",\"Organization\"],\"@id\":\"https:\\\/\\\/bottanemez.hu\\\/#\\\/schema\\\/person\\\/e0b43b47c83f1b8ec5102569c7e47946\",\"name\":\"nemezShop\",\"image\":{\"@type\":\"ImageObject\",\"inLanguage\":\"en-GB\",\"@id\":\"https:\\\/\\\/bottanemez.hu\\\/wp-content\\\/uploads\\\/2022\\\/10\\\/cropped-bottaNemezLogo.png\",\"url\":\"https:\\\/\\\/bottanemez.hu\\\/wp-content\\\/uploads\\\/2022\\\/10\\\/cropped-bottaNemezLogo.png\",\"contentUrl\":\"https:\\\/\\\/bottanemez.hu\\\/wp-content\\\/uploads\\\/2022\\\/10\\\/cropped-bottaNemezLogo.png\",\"width\":301,\"height\":301,\"caption\":\"nemezShop\"},\"logo\":{\"@id\":\"https:\\\/\\\/bottanemez.hu\\\/wp-content\\\/uploads\\\/2022\\\/10\\\/cropped-bottaNemezLogo.png\"},\"sameAs\":[\"https:\\\/\\\/vilagitopolo.hu\",\"https:\\\/\\\/www.facebook.com\\\/bottanemez\"]}]}<\/script>\n<meta property=\"product:price:amount\" content=\"160000\" \/>\n<meta property=\"product:price:currency\" content=\"HUF\" \/>\n<meta property=\"og:availability\" content=\"instock\" \/>\n<meta property=\"product:availability\" content=\"instock\" \/>\n<meta property=\"product:condition\" content=\"new\" \/>\n<!-- \/ Yoast SEO Premium plugin. -->","yoast_head_json":{"title":"Selyem-nemez fekete-v\u00f6r\u00f6s alkalmi ruha \u00f6vvel - Botta Nemez","description":"Pong\u00e9 selyemre nemezelt finom ausztr\u00e1l merin\u00f3 gyapj\u00fab\u00f3l k\u00e9sz\u00fclt, egyben, varr\u00e1s n\u00e9lk\u00fcl. A nyakkiv\u00e1g\u00e1sn\u00e1l \u00e9s a szoknya alj\u00e1n\u00e1l v\u00e9kony fekete csipke van benemezelve, v\u00e1llain\u00e1l szabadon lebeg\u0151 selyem teszi k\u00f6nnyedd\u00e9 a ruh\u00e1t. Als\u00f3szoknya r\u00e9sze t\u00fall\u00f3g a fels\u0151 nemezszokny\u00e1n. Mell k\u00f6zep\u00e9ig felfut\u00f3 v\u00f6r\u00f6s \u00f6vr\u00e9sze \u00e1tt\u00f6rt vir\u00e1gmot\u00edvummal, selyem r\u00f3zs\u00e1val teszi \u00e9l\u00e9nkk\u00e9, v\u00e1ltozatoss\u00e1 a lefel\u00e9 b\u0151v\u00fcl\u0151 fazon\u00fa fekete, k\u00f6nny\u0171 es\u00e9s\u0171 ruh\u00e1t. Az \u00f6vr\u00e9sz a ruha h\u00e1toldal\u00e1n megk\u00f6thet\u0151, selyem r\u00f3zs\u00e1kban v\u00e9gz\u0151d\u0151 nemez sz\u00e1llal, ezzel a ruha szorosan a der\u00e9kra idomul, fodross\u00e1 t\u00e9ve a szoknyar\u00e9szt. Lapos \u00e9s magas sark\u00fa cip\u0151vel is egyar\u00e1nt eleg\u00e1ns, egyedi, k\u00fcl\u00f6nleges darab, mely els\u0151sorban a 20-as, 30-as koroszt\u00e1ly sz\u00e1m\u00e1ra k\u00e9sz\u00fclt, esti-d\u00e9lut\u00e1ni alkalmakra.","robots":{"index":"index","follow":"follow","max-snippet":"max-snippet:-1","max-image-preview":"max-image-preview:large","max-video-preview":"max-video-preview:-1"},"canonical":"https:\/\/bottanemez.hu\/en\/product\/selyem-nemez-fekete-voros-alkalmi-ruha-ovvel\/","og_locale":"en_GB","og_type":"article","og_title":"Selyem-nemez fekete-v\u00f6r\u00f6s alkalmi ruha \u00f6vvel","og_description":"Pong\u00e9 selyemre nemezelt finom ausztr\u00e1l merin\u00f3 gyapj\u00fab\u00f3l k\u00e9sz\u00fclt, egyben, varr\u00e1s n\u00e9lk\u00fcl. A nyakkiv\u00e1g\u00e1sn\u00e1l \u00e9s a szoknya alj\u00e1n\u00e1l v\u00e9kony fekete csipke van benemezelve, v\u00e1llain\u00e1l szabadon lebeg\u0151 selyem teszi k\u00f6nnyedd\u00e9 a ruh\u00e1t. Als\u00f3szoknya r\u00e9sze t\u00fall\u00f3g a fels\u0151 nemezszokny\u00e1n. Mell k\u00f6zep\u00e9ig felfut\u00f3 v\u00f6r\u00f6s \u00f6vr\u00e9sze \u00e1tt\u00f6rt vir\u00e1gmot\u00edvummal, selyem r\u00f3zs\u00e1val teszi \u00e9l\u00e9nkk\u00e9, v\u00e1ltozatoss\u00e1 a lefel\u00e9 b\u0151v\u00fcl\u0151 fazon\u00fa fekete, k\u00f6nny\u0171 es\u00e9s\u0171 ruh\u00e1t. Az \u00f6vr\u00e9sz a ruha h\u00e1toldal\u00e1n megk\u00f6thet\u0151, selyem r\u00f3zs\u00e1kban v\u00e9gz\u0151d\u0151 nemez sz\u00e1llal, ezzel a ruha szorosan a der\u00e9kra idomul, fodross\u00e1 t\u00e9ve a szoknyar\u00e9szt. Lapos \u00e9s magas sark\u00fa cip\u0151vel is egyar\u00e1nt eleg\u00e1ns, egyedi, k\u00fcl\u00f6nleges darab, mely els\u0151sorban a 20-as, 30-as koroszt\u00e1ly sz\u00e1m\u00e1ra k\u00e9sz\u00fclt, esti-d\u00e9lut\u00e1ni alkalmakra.","og_url":"https:\/\/bottanemez.hu\/en\/product\/selyem-nemez-fekete-voros-alkalmi-ruha-ovvel\/","og_site_name":"Botta Nemez","article_publisher":"https:\/\/www.facebook.com\/bottanemez","article_modified_time":"2023-09-17T08:52:50+00:00","og_image":[{"width":561,"height":837,"url":"https:\/\/bottanemez.hu\/wp-content\/uploads\/2023\/09\/351624651_1417327532336313_1093678206475016944_n-2.jpg","type":"image\/jpeg"}],"twitter_card":"summary_large_image","twitter_misc":{"Price":"160.000&nbsp;&#70;&#116;","Availability":"In stock"},"schema":{"@context":"https:\/\/schema.org","@graph":[{"@type":"WebPage","@id":"https:\/\/bottanemez.hu\/termek\/selyem-nemez-fekete-voros-alkalmi-ruha-ovvel\/","url":"https:\/\/bottanemez.hu\/termek\/selyem-nemez-fekete-voros-alkalmi-ruha-ovvel\/","name":"Selyem-nemez fekete-v\u00f6r\u00f6s alkalmi ruha \u00f6vvel - Botta Nemez","isPartOf":{"@id":"https:\/\/bottanemez.hu\/#website"},"primaryImageOfPage":{"@id":"https:\/\/bottanemez.hu\/termek\/selyem-nemez-fekete-voros-alkalmi-ruha-ovvel\/#primaryimage"},"image":{"@id":"https:\/\/bottanemez.hu\/termek\/selyem-nemez-fekete-voros-alkalmi-ruha-ovvel\/#primaryimage"},"thumbnailUrl":"https:\/\/bottanemez.hu\/wp-content\/uploads\/2023\/09\/351624651_1417327532336313_1093678206475016944_n-2.jpg","datePublished":"2023-09-17T08:52:08+00:00","dateModified":"2023-09-17T08:52:50+00:00","description":"Pong\u00e9 selyemre nemezelt finom ausztr\u00e1l merin\u00f3 gyapj\u00fab\u00f3l k\u00e9sz\u00fclt, egyben, varr\u00e1s n\u00e9lk\u00fcl. A nyakkiv\u00e1g\u00e1sn\u00e1l \u00e9s a szoknya alj\u00e1n\u00e1l v\u00e9kony fekete csipke van benemezelve, v\u00e1llain\u00e1l szabadon lebeg\u0151 selyem teszi k\u00f6nnyedd\u00e9 a ruh\u00e1t. Als\u00f3szoknya r\u00e9sze t\u00fall\u00f3g a fels\u0151 nemezszokny\u00e1n. Mell k\u00f6zep\u00e9ig felfut\u00f3 v\u00f6r\u00f6s \u00f6vr\u00e9sze \u00e1tt\u00f6rt vir\u00e1gmot\u00edvummal, selyem r\u00f3zs\u00e1val teszi \u00e9l\u00e9nkk\u00e9, v\u00e1ltozatoss\u00e1 a lefel\u00e9 b\u0151v\u00fcl\u0151 fazon\u00fa fekete, k\u00f6nny\u0171 es\u00e9s\u0171 ruh\u00e1t. Az \u00f6vr\u00e9sz a ruha h\u00e1toldal\u00e1n megk\u00f6thet\u0151, selyem r\u00f3zs\u00e1kban v\u00e9gz\u0151d\u0151 nemez sz\u00e1llal, ezzel a ruha szorosan a der\u00e9kra idomul, fodross\u00e1 t\u00e9ve a szoknyar\u00e9szt. Lapos \u00e9s magas sark\u00fa cip\u0151vel is egyar\u00e1nt eleg\u00e1ns, egyedi, k\u00fcl\u00f6nleges darab, mely els\u0151sorban a 20-as, 30-as koroszt\u00e1ly sz\u00e1m\u00e1ra k\u00e9sz\u00fclt, esti-d\u00e9lut\u00e1ni alkalmakra.","breadcrumb":{"@id":"https:\/\/bottanemez.hu\/termek\/selyem-nemez-fekete-voros-alkalmi-ruha-ovvel\/#breadcrumb"},"inLanguage":"en-GB","potentialAction":[{"@type":"ReadAction","target":["https:\/\/bottanemez.hu\/termek\/selyem-nemez-fekete-voros-alkalmi-ruha-ovvel\/"]}]},{"@type":"ImageObject","inLanguage":"en-GB","@id":"https:\/\/bottanemez.hu\/termek\/selyem-nemez-fekete-voros-alkalmi-ruha-ovvel\/#primaryimage","url":"https:\/\/bottanemez.hu\/wp-content\/uploads\/2023\/09\/351624651_1417327532336313_1093678206475016944_n-2.jpg","contentUrl":"https:\/\/bottanemez.hu\/wp-content\/uploads\/2023\/09\/351624651_1417327532336313_1093678206475016944_n-2.jpg","width":561,"height":837},{"@type":"BreadcrumbList","@id":"https:\/\/bottanemez.hu\/termek\/selyem-nemez-fekete-voros-alkalmi-ruha-ovvel\/#breadcrumb","itemListElement":[{"@type":"ListItem","position":1,"name":"Home","item":"https:\/\/bottanemez.hu\/"},{"@type":"ListItem","position":2,"name":"Webshop","item":"https:\/\/bottanemez.hu\/nemez-webshop\/"},{"@type":"ListItem","position":3,"name":"Selyem-nemez fekete-v\u00f6r\u00f6s alkalmi ruha \u00f6vvel"}]},{"@type":"WebSite","@id":"https:\/\/bottanemez.hu\/#website","url":"https:\/\/bottanemez.hu\/","name":"BottaFeltArt","description":"Nemez","publisher":{"@id":"https:\/\/bottanemez.hu\/#\/schema\/person\/e0b43b47c83f1b8ec5102569c7e47946"},"potentialAction":[{"@type":"SearchAction","target":{"@type":"EntryPoint","urlTemplate":"https:\/\/bottanemez.hu\/?s={search_term_string}"},"query-input":{"@type":"PropertyValueSpecification","valueRequired":true,"valueName":"search_term_string"}}],"inLanguage":"en-GB"},{"@type":["Person","Organization"],"@id":"https:\/\/bottanemez.hu\/#\/schema\/person\/e0b43b47c83f1b8ec5102569c7e47946","name":"nemezShop","image":{"@type":"ImageObject","inLanguage":"en-GB","@id":"https:\/\/bottanemez.hu\/wp-content\/uploads\/2022\/10\/cropped-bottaNemezLogo.png","url":"https:\/\/bottanemez.hu\/wp-content\/uploads\/2022\/10\/cropped-bottaNemezLogo.png","contentUrl":"https:\/\/bottanemez.hu\/wp-content\/uploads\/2022\/10\/cropped-bottaNemezLogo.png","width":301,"height":301,"caption":"nemezShop"},"logo":{"@id":"https:\/\/bottanemez.hu\/wp-content\/uploads\/2022\/10\/cropped-bottaNemezLogo.png"},"sameAs":["https:\/\/vilagitopolo.hu","https:\/\/www.facebook.com\/bottanemez"]}]},"product_price_amount":"160000","product_price_currency":"HUF","og_availability":"instock","product_availability":"instock","product_condition":"new"},"_links":{"self":[{"href":"https:\/\/bottanemez.hu\/en\/wp-json\/wp\/v2\/product\/2919","targetHints":{"allow":["GET"]}}],"collection":[{"href":"https:\/\/bottanemez.hu\/en\/wp-json\/wp\/v2\/product"}],"about":[{"href":"https:\/\/bottanemez.hu\/en\/wp-json\/wp\/v2\/types\/product"}],"wp:featuredmedia":[{"embeddable":true,"href":"https:\/\/bottanemez.hu\/en\/wp-json\/wp\/v2\/media\/2920"}],"wp:attachment":[{"href":"https:\/\/bottanemez.hu\/en\/wp-json\/wp\/v2\/media?parent=2919"}],"wp:term":[{"taxonomy":"product_brand","embeddable":true,"href":"https:\/\/bottanemez.hu\/en\/wp-json\/wp\/v2\/product_brand?post=2919"},{"taxonomy":"product_cat","embeddable":true,"href":"https:\/\/bottanemez.hu\/en\/wp-json\/wp\/v2\/product_cat?post=2919"},{"taxonomy":"product_tag","embeddable":true,"href":"https:\/\/bottanemez.hu\/en\/wp-json\/wp\/v2\/product_tag?post=2919"}],"curies":[{"name":"wp","href":"https:\/\/api.w.org\/{rel}","templated":true}]}}