{"id":2876,"date":"2023-09-17T05:54:10","date_gmt":"2023-09-17T05:54:10","guid":{"rendered":"https:\/\/bottanemez.hu\/?post_type=product&#038;p=2876"},"modified":"2023-09-17T05:54:11","modified_gmt":"2023-09-17T05:54:11","slug":"selyem-nemez-romantikus-fuzos-eskuvoi-ruha","status":"publish","type":"product","link":"https:\/\/bottanemez.hu\/en\/product\/selyem-nemez-romantikus-fuzos-eskuvoi-ruha\/","title":{"rendered":"Selyem-nemez romantikus, f\u0171z\u0151s esk\u00fcv\u0151i ruha"},"content":{"rendered":"<p>Ez az esk\u00fcv\u0151i-alkalmi ruha chiffon selyemre, k\u00e9zzel nemezelt finom, ausztr\u00e1l merin\u00f3i gyapj\u00fab\u00f3l k\u00e9sz\u00fclt, varr\u00e1s n\u00e9lk\u00fcl, egy darabb\u00f3l.<\/p>\n<p>Eleje fels\u0151 r\u00e9sz\u00e9t varr\u00e1s n\u00e9lk\u00fcl, r\u00e1nemezel\u00e9ssel selyem r\u00f3zs\u00e1k, selyem fodrok \u00e9s feh\u00e9r gy\u00f6ngy\u00f6k d\u00edsz\u00edtik. H\u00e1toldal\u00e1n gy\u00f6ngysorral, r\u00f3zs\u00e1val t\u0171zdelt, selyemsz\u00e1llal z\u00e1r\u00f3d\u00f3 f\u0171z\u0151, mely \u00e1ltal m\u00e9retre \u00e1ll\u00edthat\u00f3 36-t\u00f3l eg\u00e9szen 44 m\u00e9retig.<\/p>\n<p>Als\u00f3 r\u00e9sze \u00e1ttetsz\u0151 k\u00f6nnyed chiffon selyem, h\u00e1toldal\u00e1n sliccelt, alj\u00e1n k\u00f6rbe valamint v\u00e9gig a nyitott r\u00e9szen nemez fodorral k\u00fcl\u00f6nlegess\u00e9 t\u00e9ve, \u00edgy a selyemnek eleg\u00e1ns tart\u00e1st \u00e9s rakott jelleget ad.<\/p>\n<p>Fazonja eleg\u00e1ns, mer\u00e9sz \u00e9s k\u00fcl\u00f6nleges, \u00f6tv\u00f6zi a modern \u00e9s klasszikus elemeket.<\/p>","protected":false},"excerpt":{"rendered":"<p>Ez az esk\u00fcv\u0151i-alkalmi ruha chiffon selyemre, k\u00e9zzel nemezelt finom, ausztr\u00e1l merin\u00f3i gyapj\u00fab\u00f3l k\u00e9sz\u00fclt, varr\u00e1s n\u00e9lk\u00fcl, egy darabb\u00f3l.<\/p>\n<p>Eleje fels\u0151 r\u00e9sz\u00e9t varr\u00e1s n\u00e9lk\u00fcl, r\u00e1nemezel\u00e9ssel selyem r\u00f3zs\u00e1k, selyem fodrok \u00e9s feh\u00e9r gy\u00f6ngy\u00f6k d\u00edsz\u00edtik. H\u00e1toldal\u00e1n gy\u00f6ngysorral, r\u00f3zs\u00e1val t\u0171zdelt, selyemsz\u00e1llal z\u00e1r\u00f3d\u00f3 f\u0171z\u0151, mely \u00e1ltal m\u00e9retre \u00e1ll\u00edthat\u00f3 36-t\u00f3l eg\u00e9szen 44 m\u00e9retig.<\/p>\n<p>Als\u00f3 r\u00e9sze \u00e1ttetsz\u0151 k\u00f6nnyed chiffon selyem, h\u00e1toldal\u00e1n sliccelt, alj\u00e1n k\u00f6rbe valamint v\u00e9gig a nyitott r\u00e9szen nemez fodorral k\u00fcl\u00f6nlegess\u00e9 t\u00e9ve, \u00edgy a selyemnek eleg\u00e1ns tart\u00e1st \u00e9s rakott jelleget ad.<\/p>\n<p>Fazonja eleg\u00e1ns, mer\u00e9sz \u00e9s k\u00fcl\u00f6nleges, \u00f6tv\u00f6zi a modern \u00e9s klasszikus elemeket.<\/p>","protected":false},"featured_media":2877,"template":"","meta":[],"product_brand":[],"product_cat":[44],"product_tag":[47,48,46,50,49],"class_list":{"0":"post-2876","1":"product","2":"type-product","3":"status-publish","4":"has-post-thumbnail","6":"product_cat-ruhak","7":"product_tag-alkalmi","8":"product_tag-elegans","9":"product_tag-eskuvo","10":"product_tag-nemez","11":"product_tag-selyem","13":"first","14":"instock","15":"shipping-taxable","16":"purchasable","17":"product-type-simple"},"yoast_head":"<!-- This site is optimized with the Yoast SEO Premium plugin v27.6 (Yoast SEO v27.6) - https:\/\/yoast.com\/product\/yoast-seo-premium-wordpress\/ -->\n<title>Selyem-nemez romantikus, f\u0171z\u0151s esk\u00fcv\u0151i ruha - Botta Nemez<\/title>\n<meta name=\"description\" content=\"Ez az esk\u00fcv\u0151i-alkalmi ruha chiffon selyemre, k\u00e9zzel nemezelt finom, ausztr\u00e1l merin\u00f3i gyapj\u00fab\u00f3l k\u00e9sz\u00fclt, varr\u00e1s n\u00e9lk\u00fcl, egy darabb\u00f3l.Eleje fels\u0151 r\u00e9sz\u00e9t varr\u00e1s n\u00e9lk\u00fcl, r\u00e1nemezel\u00e9ssel selyem r\u00f3zs\u00e1k, selyem fodrok \u00e9s feh\u00e9r gy\u00f6ngy\u00f6k d\u00edsz\u00edtik. H\u00e1toldal\u00e1n gy\u00f6ngysorral, r\u00f3zs\u00e1val t\u0171zdelt, selyemsz\u00e1llal z\u00e1r\u00f3d\u00f3 f\u0171z\u0151, mely \u00e1ltal m\u00e9retre \u00e1ll\u00edthat\u00f3 36-t\u00f3l eg\u00e9szen 44 m\u00e9retig.Als\u00f3 r\u00e9sze \u00e1ttetsz\u0151 k\u00f6nnyed chiffon selyem, h\u00e1toldal\u00e1n sliccelt, alj\u00e1n k\u00f6rbe valamint v\u00e9gig a nyitott r\u00e9szen nemez fodorral k\u00fcl\u00f6nlegess\u00e9 t\u00e9ve, \u00edgy a selyemnek eleg\u00e1ns tart\u00e1st \u00e9s rakott jelleget ad.Fazonja eleg\u00e1ns, mer\u00e9sz \u00e9s k\u00fcl\u00f6nleges, \u00f6tv\u00f6zi a modern \u00e9s klasszikus elemeket.\" \/>\n<meta name=\"robots\" content=\"index, follow, max-snippet:-1, max-image-preview:large, max-video-preview:-1\" \/>\n<link rel=\"canonical\" href=\"https:\/\/bottanemez.hu\/en\/product\/selyem-nemez-romantikus-fuzos-eskuvoi-ruha\/\" \/>\n<meta property=\"og:locale\" content=\"en_GB\" \/>\n<meta property=\"og:type\" content=\"article\" \/>\n<meta property=\"og:title\" content=\"Selyem-nemez romantikus, f\u0171z\u0151s esk\u00fcv\u0151i ruha\" \/>\n<meta property=\"og:description\" content=\"Ez az esk\u00fcv\u0151i-alkalmi ruha chiffon selyemre, k\u00e9zzel nemezelt finom, ausztr\u00e1l merin\u00f3i gyapj\u00fab\u00f3l k\u00e9sz\u00fclt, varr\u00e1s n\u00e9lk\u00fcl, egy darabb\u00f3l.Eleje fels\u0151 r\u00e9sz\u00e9t varr\u00e1s n\u00e9lk\u00fcl, r\u00e1nemezel\u00e9ssel selyem r\u00f3zs\u00e1k, selyem fodrok \u00e9s feh\u00e9r gy\u00f6ngy\u00f6k d\u00edsz\u00edtik. H\u00e1toldal\u00e1n gy\u00f6ngysorral, r\u00f3zs\u00e1val t\u0171zdelt, selyemsz\u00e1llal z\u00e1r\u00f3d\u00f3 f\u0171z\u0151, mely \u00e1ltal m\u00e9retre \u00e1ll\u00edthat\u00f3 36-t\u00f3l eg\u00e9szen 44 m\u00e9retig.Als\u00f3 r\u00e9sze \u00e1ttetsz\u0151 k\u00f6nnyed chiffon selyem, h\u00e1toldal\u00e1n sliccelt, alj\u00e1n k\u00f6rbe valamint v\u00e9gig a nyitott r\u00e9szen nemez fodorral k\u00fcl\u00f6nlegess\u00e9 t\u00e9ve, \u00edgy a selyemnek eleg\u00e1ns tart\u00e1st \u00e9s rakott jelleget ad.Fazonja eleg\u00e1ns, mer\u00e9sz \u00e9s k\u00fcl\u00f6nleges, \u00f6tv\u00f6zi a modern \u00e9s klasszikus elemeket.\" \/>\n<meta property=\"og:url\" content=\"https:\/\/bottanemez.hu\/en\/product\/selyem-nemez-romantikus-fuzos-eskuvoi-ruha\/\" \/>\n<meta property=\"og:site_name\" content=\"Botta Nemez\" \/>\n<meta property=\"article:publisher\" content=\"https:\/\/www.facebook.com\/bottanemez\" \/>\n<meta property=\"article:modified_time\" content=\"2023-09-17T05:54:11+00:00\" \/>\n<meta property=\"og:image\" content=\"https:\/\/bottanemez.hu\/wp-content\/uploads\/2023\/09\/351312077_997389541257588_3677156317029568322_n-2.jpg\" \/>\n\t<meta property=\"og:image:width\" content=\"311\" \/>\n\t<meta property=\"og:image:height\" content=\"783\" \/>\n\t<meta property=\"og:image:type\" content=\"image\/jpeg\" \/>\n<meta name=\"twitter:card\" content=\"summary_large_image\" \/>\n<meta name=\"twitter:label1\" content=\"Price\" \/>\n\t<meta name=\"twitter:data1\" content=\"370.000&nbsp;&#070;&#116;\" \/>\n\t<meta name=\"twitter:label2\" content=\"Availability\" \/>\n\t<meta name=\"twitter:data2\" content=\"In stock\" \/>\n<script type=\"application\/ld+json\" class=\"yoast-schema-graph\">{\"@context\":\"https:\\\/\\\/schema.org\",\"@graph\":[{\"@type\":\"WebPage\",\"@id\":\"https:\\\/\\\/bottanemez.hu\\\/termek\\\/selyem-nemez-romantikus-fuzos-eskuvoi-ruha\\\/\",\"url\":\"https:\\\/\\\/bottanemez.hu\\\/termek\\\/selyem-nemez-romantikus-fuzos-eskuvoi-ruha\\\/\",\"name\":\"Selyem-nemez romantikus, f\u0171z\u0151s esk\u00fcv\u0151i ruha - Botta Nemez\",\"isPartOf\":{\"@id\":\"https:\\\/\\\/bottanemez.hu\\\/#website\"},\"primaryImageOfPage\":{\"@id\":\"https:\\\/\\\/bottanemez.hu\\\/termek\\\/selyem-nemez-romantikus-fuzos-eskuvoi-ruha\\\/#primaryimage\"},\"image\":{\"@id\":\"https:\\\/\\\/bottanemez.hu\\\/termek\\\/selyem-nemez-romantikus-fuzos-eskuvoi-ruha\\\/#primaryimage\"},\"thumbnailUrl\":\"https:\\\/\\\/bottanemez.hu\\\/wp-content\\\/uploads\\\/2023\\\/09\\\/351312077_997389541257588_3677156317029568322_n-2.jpg\",\"datePublished\":\"2023-09-17T05:54:10+00:00\",\"dateModified\":\"2023-09-17T05:54:11+00:00\",\"description\":\"Ez az esk\u00fcv\u0151i-alkalmi ruha chiffon selyemre, k\u00e9zzel nemezelt finom, ausztr\u00e1l merin\u00f3i gyapj\u00fab\u00f3l k\u00e9sz\u00fclt, varr\u00e1s n\u00e9lk\u00fcl, egy darabb\u00f3l.Eleje fels\u0151 r\u00e9sz\u00e9t varr\u00e1s n\u00e9lk\u00fcl, r\u00e1nemezel\u00e9ssel selyem r\u00f3zs\u00e1k, selyem fodrok \u00e9s feh\u00e9r gy\u00f6ngy\u00f6k d\u00edsz\u00edtik. H\u00e1toldal\u00e1n gy\u00f6ngysorral, r\u00f3zs\u00e1val t\u0171zdelt, selyemsz\u00e1llal z\u00e1r\u00f3d\u00f3 f\u0171z\u0151, mely \u00e1ltal m\u00e9retre \u00e1ll\u00edthat\u00f3 36-t\u00f3l eg\u00e9szen 44 m\u00e9retig.Als\u00f3 r\u00e9sze \u00e1ttetsz\u0151 k\u00f6nnyed chiffon selyem, h\u00e1toldal\u00e1n sliccelt, alj\u00e1n k\u00f6rbe valamint v\u00e9gig a nyitott r\u00e9szen nemez fodorral k\u00fcl\u00f6nlegess\u00e9 t\u00e9ve, \u00edgy a selyemnek eleg\u00e1ns tart\u00e1st \u00e9s rakott jelleget ad.Fazonja eleg\u00e1ns, mer\u00e9sz \u00e9s k\u00fcl\u00f6nleges, \u00f6tv\u00f6zi a modern \u00e9s klasszikus elemeket.\",\"breadcrumb\":{\"@id\":\"https:\\\/\\\/bottanemez.hu\\\/termek\\\/selyem-nemez-romantikus-fuzos-eskuvoi-ruha\\\/#breadcrumb\"},\"inLanguage\":\"en-GB\",\"potentialAction\":[{\"@type\":\"ReadAction\",\"target\":[\"https:\\\/\\\/bottanemez.hu\\\/termek\\\/selyem-nemez-romantikus-fuzos-eskuvoi-ruha\\\/\"]}]},{\"@type\":\"ImageObject\",\"inLanguage\":\"en-GB\",\"@id\":\"https:\\\/\\\/bottanemez.hu\\\/termek\\\/selyem-nemez-romantikus-fuzos-eskuvoi-ruha\\\/#primaryimage\",\"url\":\"https:\\\/\\\/bottanemez.hu\\\/wp-content\\\/uploads\\\/2023\\\/09\\\/351312077_997389541257588_3677156317029568322_n-2.jpg\",\"contentUrl\":\"https:\\\/\\\/bottanemez.hu\\\/wp-content\\\/uploads\\\/2023\\\/09\\\/351312077_997389541257588_3677156317029568322_n-2.jpg\",\"width\":311,\"height\":783},{\"@type\":\"BreadcrumbList\",\"@id\":\"https:\\\/\\\/bottanemez.hu\\\/termek\\\/selyem-nemez-romantikus-fuzos-eskuvoi-ruha\\\/#breadcrumb\",\"itemListElement\":[{\"@type\":\"ListItem\",\"position\":1,\"name\":\"Home\",\"item\":\"https:\\\/\\\/bottanemez.hu\\\/\"},{\"@type\":\"ListItem\",\"position\":2,\"name\":\"Webshop\",\"item\":\"https:\\\/\\\/bottanemez.hu\\\/nemez-webshop\\\/\"},{\"@type\":\"ListItem\",\"position\":3,\"name\":\"Selyem-nemez romantikus, f\u0171z\u0151s esk\u00fcv\u0151i ruha\"}]},{\"@type\":\"WebSite\",\"@id\":\"https:\\\/\\\/bottanemez.hu\\\/#website\",\"url\":\"https:\\\/\\\/bottanemez.hu\\\/\",\"name\":\"Botta Nemez\",\"description\":\"Nemez\",\"publisher\":{\"@id\":\"https:\\\/\\\/bottanemez.hu\\\/#\\\/schema\\\/person\\\/e0b43b47c83f1b8ec5102569c7e47946\"},\"potentialAction\":[{\"@type\":\"SearchAction\",\"target\":{\"@type\":\"EntryPoint\",\"urlTemplate\":\"https:\\\/\\\/bottanemez.hu\\\/?s={search_term_string}\"},\"query-input\":{\"@type\":\"PropertyValueSpecification\",\"valueRequired\":true,\"valueName\":\"search_term_string\"}}],\"inLanguage\":\"en-GB\"},{\"@type\":[\"Person\",\"Organization\"],\"@id\":\"https:\\\/\\\/bottanemez.hu\\\/#\\\/schema\\\/person\\\/e0b43b47c83f1b8ec5102569c7e47946\",\"name\":\"nemezShop\",\"image\":{\"@type\":\"ImageObject\",\"inLanguage\":\"en-GB\",\"@id\":\"https:\\\/\\\/bottanemez.hu\\\/wp-content\\\/uploads\\\/2022\\\/10\\\/cropped-bottaNemezLogo.png\",\"url\":\"https:\\\/\\\/bottanemez.hu\\\/wp-content\\\/uploads\\\/2022\\\/10\\\/cropped-bottaNemezLogo.png\",\"contentUrl\":\"https:\\\/\\\/bottanemez.hu\\\/wp-content\\\/uploads\\\/2022\\\/10\\\/cropped-bottaNemezLogo.png\",\"width\":301,\"height\":301,\"caption\":\"nemezShop\"},\"logo\":{\"@id\":\"https:\\\/\\\/bottanemez.hu\\\/wp-content\\\/uploads\\\/2022\\\/10\\\/cropped-bottaNemezLogo.png\"},\"sameAs\":[\"https:\\\/\\\/vilagitopolo.hu\",\"https:\\\/\\\/www.facebook.com\\\/bottanemez\"]}]}<\/script>\n<meta property=\"product:price:amount\" content=\"370000\" \/>\n<meta property=\"product:price:currency\" content=\"HUF\" \/>\n<meta property=\"og:availability\" content=\"instock\" \/>\n<meta property=\"product:availability\" content=\"instock\" \/>\n<meta property=\"product:condition\" content=\"new\" \/>\n<!-- \/ Yoast SEO Premium plugin. -->","yoast_head_json":{"title":"Selyem-nemez romantikus, f\u0171z\u0151s esk\u00fcv\u0151i ruha - Botta Nemez","description":"Ez az esk\u00fcv\u0151i-alkalmi ruha chiffon selyemre, k\u00e9zzel nemezelt finom, ausztr\u00e1l merin\u00f3i gyapj\u00fab\u00f3l k\u00e9sz\u00fclt, varr\u00e1s n\u00e9lk\u00fcl, egy darabb\u00f3l.Eleje fels\u0151 r\u00e9sz\u00e9t varr\u00e1s n\u00e9lk\u00fcl, r\u00e1nemezel\u00e9ssel selyem r\u00f3zs\u00e1k, selyem fodrok \u00e9s feh\u00e9r gy\u00f6ngy\u00f6k d\u00edsz\u00edtik. H\u00e1toldal\u00e1n gy\u00f6ngysorral, r\u00f3zs\u00e1val t\u0171zdelt, selyemsz\u00e1llal z\u00e1r\u00f3d\u00f3 f\u0171z\u0151, mely \u00e1ltal m\u00e9retre \u00e1ll\u00edthat\u00f3 36-t\u00f3l eg\u00e9szen 44 m\u00e9retig.Als\u00f3 r\u00e9sze \u00e1ttetsz\u0151 k\u00f6nnyed chiffon selyem, h\u00e1toldal\u00e1n sliccelt, alj\u00e1n k\u00f6rbe valamint v\u00e9gig a nyitott r\u00e9szen nemez fodorral k\u00fcl\u00f6nlegess\u00e9 t\u00e9ve, \u00edgy a selyemnek eleg\u00e1ns tart\u00e1st \u00e9s rakott jelleget ad.Fazonja eleg\u00e1ns, mer\u00e9sz \u00e9s k\u00fcl\u00f6nleges, \u00f6tv\u00f6zi a modern \u00e9s klasszikus elemeket.","robots":{"index":"index","follow":"follow","max-snippet":"max-snippet:-1","max-image-preview":"max-image-preview:large","max-video-preview":"max-video-preview:-1"},"canonical":"https:\/\/bottanemez.hu\/en\/product\/selyem-nemez-romantikus-fuzos-eskuvoi-ruha\/","og_locale":"en_GB","og_type":"article","og_title":"Selyem-nemez romantikus, f\u0171z\u0151s esk\u00fcv\u0151i ruha","og_description":"Ez az esk\u00fcv\u0151i-alkalmi ruha chiffon selyemre, k\u00e9zzel nemezelt finom, ausztr\u00e1l merin\u00f3i gyapj\u00fab\u00f3l k\u00e9sz\u00fclt, varr\u00e1s n\u00e9lk\u00fcl, egy darabb\u00f3l.Eleje fels\u0151 r\u00e9sz\u00e9t varr\u00e1s n\u00e9lk\u00fcl, r\u00e1nemezel\u00e9ssel selyem r\u00f3zs\u00e1k, selyem fodrok \u00e9s feh\u00e9r gy\u00f6ngy\u00f6k d\u00edsz\u00edtik. H\u00e1toldal\u00e1n gy\u00f6ngysorral, r\u00f3zs\u00e1val t\u0171zdelt, selyemsz\u00e1llal z\u00e1r\u00f3d\u00f3 f\u0171z\u0151, mely \u00e1ltal m\u00e9retre \u00e1ll\u00edthat\u00f3 36-t\u00f3l eg\u00e9szen 44 m\u00e9retig.Als\u00f3 r\u00e9sze \u00e1ttetsz\u0151 k\u00f6nnyed chiffon selyem, h\u00e1toldal\u00e1n sliccelt, alj\u00e1n k\u00f6rbe valamint v\u00e9gig a nyitott r\u00e9szen nemez fodorral k\u00fcl\u00f6nlegess\u00e9 t\u00e9ve, \u00edgy a selyemnek eleg\u00e1ns tart\u00e1st \u00e9s rakott jelleget ad.Fazonja eleg\u00e1ns, mer\u00e9sz \u00e9s k\u00fcl\u00f6nleges, \u00f6tv\u00f6zi a modern \u00e9s klasszikus elemeket.","og_url":"https:\/\/bottanemez.hu\/en\/product\/selyem-nemez-romantikus-fuzos-eskuvoi-ruha\/","og_site_name":"Botta Nemez","article_publisher":"https:\/\/www.facebook.com\/bottanemez","article_modified_time":"2023-09-17T05:54:11+00:00","og_image":[{"width":311,"height":783,"url":"https:\/\/bottanemez.hu\/wp-content\/uploads\/2023\/09\/351312077_997389541257588_3677156317029568322_n-2.jpg","type":"image\/jpeg"}],"twitter_card":"summary_large_image","twitter_misc":{"Price":"370.000&nbsp;&#70;&#116;","Availability":"In stock"},"schema":{"@context":"https:\/\/schema.org","@graph":[{"@type":"WebPage","@id":"https:\/\/bottanemez.hu\/termek\/selyem-nemez-romantikus-fuzos-eskuvoi-ruha\/","url":"https:\/\/bottanemez.hu\/termek\/selyem-nemez-romantikus-fuzos-eskuvoi-ruha\/","name":"Selyem-nemez romantikus, f\u0171z\u0151s esk\u00fcv\u0151i ruha - Botta Nemez","isPartOf":{"@id":"https:\/\/bottanemez.hu\/#website"},"primaryImageOfPage":{"@id":"https:\/\/bottanemez.hu\/termek\/selyem-nemez-romantikus-fuzos-eskuvoi-ruha\/#primaryimage"},"image":{"@id":"https:\/\/bottanemez.hu\/termek\/selyem-nemez-romantikus-fuzos-eskuvoi-ruha\/#primaryimage"},"thumbnailUrl":"https:\/\/bottanemez.hu\/wp-content\/uploads\/2023\/09\/351312077_997389541257588_3677156317029568322_n-2.jpg","datePublished":"2023-09-17T05:54:10+00:00","dateModified":"2023-09-17T05:54:11+00:00","description":"Ez az esk\u00fcv\u0151i-alkalmi ruha chiffon selyemre, k\u00e9zzel nemezelt finom, ausztr\u00e1l merin\u00f3i gyapj\u00fab\u00f3l k\u00e9sz\u00fclt, varr\u00e1s n\u00e9lk\u00fcl, egy darabb\u00f3l.Eleje fels\u0151 r\u00e9sz\u00e9t varr\u00e1s n\u00e9lk\u00fcl, r\u00e1nemezel\u00e9ssel selyem r\u00f3zs\u00e1k, selyem fodrok \u00e9s feh\u00e9r gy\u00f6ngy\u00f6k d\u00edsz\u00edtik. H\u00e1toldal\u00e1n gy\u00f6ngysorral, r\u00f3zs\u00e1val t\u0171zdelt, selyemsz\u00e1llal z\u00e1r\u00f3d\u00f3 f\u0171z\u0151, mely \u00e1ltal m\u00e9retre \u00e1ll\u00edthat\u00f3 36-t\u00f3l eg\u00e9szen 44 m\u00e9retig.Als\u00f3 r\u00e9sze \u00e1ttetsz\u0151 k\u00f6nnyed chiffon selyem, h\u00e1toldal\u00e1n sliccelt, alj\u00e1n k\u00f6rbe valamint v\u00e9gig a nyitott r\u00e9szen nemez fodorral k\u00fcl\u00f6nlegess\u00e9 t\u00e9ve, \u00edgy a selyemnek eleg\u00e1ns tart\u00e1st \u00e9s rakott jelleget ad.Fazonja eleg\u00e1ns, mer\u00e9sz \u00e9s k\u00fcl\u00f6nleges, \u00f6tv\u00f6zi a modern \u00e9s klasszikus elemeket.","breadcrumb":{"@id":"https:\/\/bottanemez.hu\/termek\/selyem-nemez-romantikus-fuzos-eskuvoi-ruha\/#breadcrumb"},"inLanguage":"en-GB","potentialAction":[{"@type":"ReadAction","target":["https:\/\/bottanemez.hu\/termek\/selyem-nemez-romantikus-fuzos-eskuvoi-ruha\/"]}]},{"@type":"ImageObject","inLanguage":"en-GB","@id":"https:\/\/bottanemez.hu\/termek\/selyem-nemez-romantikus-fuzos-eskuvoi-ruha\/#primaryimage","url":"https:\/\/bottanemez.hu\/wp-content\/uploads\/2023\/09\/351312077_997389541257588_3677156317029568322_n-2.jpg","contentUrl":"https:\/\/bottanemez.hu\/wp-content\/uploads\/2023\/09\/351312077_997389541257588_3677156317029568322_n-2.jpg","width":311,"height":783},{"@type":"BreadcrumbList","@id":"https:\/\/bottanemez.hu\/termek\/selyem-nemez-romantikus-fuzos-eskuvoi-ruha\/#breadcrumb","itemListElement":[{"@type":"ListItem","position":1,"name":"Home","item":"https:\/\/bottanemez.hu\/"},{"@type":"ListItem","position":2,"name":"Webshop","item":"https:\/\/bottanemez.hu\/nemez-webshop\/"},{"@type":"ListItem","position":3,"name":"Selyem-nemez romantikus, f\u0171z\u0151s esk\u00fcv\u0151i ruha"}]},{"@type":"WebSite","@id":"https:\/\/bottanemez.hu\/#website","url":"https:\/\/bottanemez.hu\/","name":"BottaFeltArt","description":"Nemez","publisher":{"@id":"https:\/\/bottanemez.hu\/#\/schema\/person\/e0b43b47c83f1b8ec5102569c7e47946"},"potentialAction":[{"@type":"SearchAction","target":{"@type":"EntryPoint","urlTemplate":"https:\/\/bottanemez.hu\/?s={search_term_string}"},"query-input":{"@type":"PropertyValueSpecification","valueRequired":true,"valueName":"search_term_string"}}],"inLanguage":"en-GB"},{"@type":["Person","Organization"],"@id":"https:\/\/bottanemez.hu\/#\/schema\/person\/e0b43b47c83f1b8ec5102569c7e47946","name":"nemezShop","image":{"@type":"ImageObject","inLanguage":"en-GB","@id":"https:\/\/bottanemez.hu\/wp-content\/uploads\/2022\/10\/cropped-bottaNemezLogo.png","url":"https:\/\/bottanemez.hu\/wp-content\/uploads\/2022\/10\/cropped-bottaNemezLogo.png","contentUrl":"https:\/\/bottanemez.hu\/wp-content\/uploads\/2022\/10\/cropped-bottaNemezLogo.png","width":301,"height":301,"caption":"nemezShop"},"logo":{"@id":"https:\/\/bottanemez.hu\/wp-content\/uploads\/2022\/10\/cropped-bottaNemezLogo.png"},"sameAs":["https:\/\/vilagitopolo.hu","https:\/\/www.facebook.com\/bottanemez"]}]},"product_price_amount":"370000","product_price_currency":"HUF","og_availability":"instock","product_availability":"instock","product_condition":"new"},"_links":{"self":[{"href":"https:\/\/bottanemez.hu\/en\/wp-json\/wp\/v2\/product\/2876","targetHints":{"allow":["GET"]}}],"collection":[{"href":"https:\/\/bottanemez.hu\/en\/wp-json\/wp\/v2\/product"}],"about":[{"href":"https:\/\/bottanemez.hu\/en\/wp-json\/wp\/v2\/types\/product"}],"wp:featuredmedia":[{"embeddable":true,"href":"https:\/\/bottanemez.hu\/en\/wp-json\/wp\/v2\/media\/2877"}],"wp:attachment":[{"href":"https:\/\/bottanemez.hu\/en\/wp-json\/wp\/v2\/media?parent=2876"}],"wp:term":[{"taxonomy":"product_brand","embeddable":true,"href":"https:\/\/bottanemez.hu\/en\/wp-json\/wp\/v2\/product_brand?post=2876"},{"taxonomy":"product_cat","embeddable":true,"href":"https:\/\/bottanemez.hu\/en\/wp-json\/wp\/v2\/product_cat?post=2876"},{"taxonomy":"product_tag","embeddable":true,"href":"https:\/\/bottanemez.hu\/en\/wp-json\/wp\/v2\/product_tag?post=2876"}],"curies":[{"name":"wp","href":"https:\/\/api.w.org\/{rel}","templated":true}]}}