{"id":2775,"date":"2023-02-06T08:55:54","date_gmt":"2023-02-06T08:55:54","guid":{"rendered":"https:\/\/bottanemez.hu\/?post_type=product&#038;p=2775"},"modified":"2025-04-10T08:24:48","modified_gmt":"2025-04-10T08:24:48","slug":"nemez-sal-viragos","status":"publish","type":"product","link":"https:\/\/bottanemez.hu\/en\/product\/nemez-sal-viragos\/","title":{"rendered":"Lazac-sz\u00fcrke tulip\u00e1nos s\u00e1l"},"content":{"rendered":"<p>Selyemre nemezelt ausztr\u00e1l merin\u00f3 gyapj\u00fab\u00f3l k\u00e9sz\u00fclt, k\u00f6nnyed es\u00e9s\u0171 s\u00e1l. Egyik v\u00e9g\u00e9n l\u00f3g\u00f3 levelek, m\u00e1sik v\u00e9g\u00e9n tulip\u00e1nok d\u00edsz\u00edtik. Sz\u00edn\u00e1tmenetes a lazac \u00e9s sz\u00fcrke sz\u00ednek k\u00f6z\u00f6tt, mely felvehet\u0151 a sz\u00fcrke, fekete, feh\u00e9r, lacaz, narancs, k\u00e9kes\u00a0 \u00e1rnyalataihoz. Viselhet\u0151 s\u00e1lk\u00e9nt vagy v\u00e1llkend\u0151k\u00e9nt \u0151szt\u0151l tavasz v\u00e9g\u00e9ig, de a ny\u00e1resti id\u0151szakban is kellemes. T\u0171zhet\u0151 brossal t\u00f6bb vari\u00e1ci\u00f3ban vagy megk\u00f6thet\u0151 szok\u00e1s szerint.<\/p>\n<p>Moshat\u00f3 k\u00e9zzel, mos\u00f3szerrel, vasalhat\u00f3-g\u0151z\u00f6lhet\u0151 nedves \u00e1llapotban.<\/p>\n<p>M\u00e9rete: 155 x 40cm<\/p>","protected":false},"excerpt":{"rendered":"<p>Selyemre nemezelt ausztr\u00e1l merin\u00f3 gyapj\u00fab\u00f3l k\u00e9sz\u00fclt, k\u00f6nnyed es\u00e9s\u0171 s\u00e1l. Egyik v\u00e9g\u00e9n l\u00f3g\u00f3 levelek, m\u00e1sik v\u00e9g\u00e9n tulip\u00e1nok d\u00edsz\u00edtik. Sz\u00edn\u00e1tmenetes a lazac \u00e9s sz\u00fcrke sz\u00ednek k\u00f6z\u00f6tt, mely felvehet\u0151 a sz\u00fcrke, fekete, feh\u00e9r, lacaz, narancs, k\u00e9kes\u00a0 \u00e1rnyalataihoz. Viselhet\u0151 s\u00e1lk\u00e9nt vagy v\u00e1llkend\u0151k\u00e9nt \u0151szt\u0151l tavasz v\u00e9g\u00e9ig, de a ny\u00e1resti id\u0151szakban is kellemes. T\u0171zhet\u0151 brossal t\u00f6bb vari\u00e1ci\u00f3ban vagy megk\u00f6thet\u0151 szok\u00e1s szerint.<\/p>\n<p>Moshat\u00f3 k\u00e9zzel, mos\u00f3szerrel, vasalhat\u00f3-g\u0151z\u00f6lhet\u0151 nedves \u00e1llapotban.<\/p>\n<p>M\u00e9rete: 155 x 40cm<\/p>","protected":false},"featured_media":2776,"template":"","meta":[],"product_brand":[],"product_cat":[24],"product_tag":[],"class_list":{"0":"post-2775","1":"product","2":"type-product","3":"status-publish","4":"has-post-thumbnail","6":"product_cat-nemez-sal","8":"first","9":"instock","10":"sale","11":"shipping-taxable","12":"purchasable","13":"product-type-simple"},"yoast_head":"<!-- This site is optimized with the Yoast SEO Premium plugin v27.6 (Yoast SEO v27.6) - https:\/\/yoast.com\/product\/yoast-seo-premium-wordpress\/ -->\n<title>Lazac-sz\u00fcrke tulip\u00e1nos s\u00e1l - Botta Nemez<\/title>\n<meta name=\"description\" content=\"Nuno nemez k\u00f6nnyed s\u00e1l, lazac, sz\u00fcrke sz\u00ednekben, tulip\u00e1nnal, levelekkel d\u00edsz\u00edtve. Ausztr\u00e1l merino gyapj\u00fab\u00f3l nemezelt v\u00e1llkend\u0151.\" \/>\n<meta name=\"robots\" content=\"index, follow, max-snippet:-1, max-image-preview:large, max-video-preview:-1\" \/>\n<link rel=\"canonical\" href=\"https:\/\/bottanemez.hu\/en\/product\/nemez-sal-viragos\/\" \/>\n<meta property=\"og:locale\" content=\"en_GB\" \/>\n<meta property=\"og:type\" content=\"article\" \/>\n<meta property=\"og:title\" content=\"Lazac-sz\u00fcrke tulip\u00e1nos s\u00e1l\" \/>\n<meta property=\"og:description\" content=\"Nuno nemez k\u00f6nnyed s\u00e1l, lazac, sz\u00fcrke sz\u00ednekben, tulip\u00e1nnal, levelekkel d\u00edsz\u00edtve. Ausztr\u00e1l merino gyapj\u00fab\u00f3l nemezelt v\u00e1llkend\u0151.\" \/>\n<meta property=\"og:url\" content=\"https:\/\/bottanemez.hu\/en\/product\/nemez-sal-viragos\/\" \/>\n<meta property=\"og:site_name\" content=\"Botta Nemez\" \/>\n<meta property=\"article:publisher\" content=\"https:\/\/www.facebook.com\/bottanemez\" \/>\n<meta property=\"article:modified_time\" content=\"2025-04-10T08:24:48+00:00\" \/>\n<meta property=\"og:image\" content=\"https:\/\/bottanemez.hu\/wp-content\/uploads\/2023\/02\/lazac-szurke-sal-5-scaled-e1675672877367.jpg\" \/>\n\t<meta property=\"og:image:width\" content=\"1366\" \/>\n\t<meta property=\"og:image:height\" content=\"2560\" \/>\n\t<meta property=\"og:image:type\" content=\"image\/jpeg\" \/>\n<meta name=\"twitter:card\" content=\"summary_large_image\" \/>\n<meta name=\"twitter:label1\" content=\"Price\" \/>\n\t<meta name=\"twitter:data1\" content=\"24.000&nbsp;&#070;&#116;\" \/>\n\t<meta name=\"twitter:label2\" content=\"Availability\" \/>\n\t<meta name=\"twitter:data2\" content=\"In stock\" \/>\n<script type=\"application\/ld+json\" class=\"yoast-schema-graph\">{\"@context\":\"https:\\\/\\\/schema.org\",\"@graph\":[{\"@type\":\"WebPage\",\"@id\":\"https:\\\/\\\/bottanemez.hu\\\/termek\\\/nemez-sal-viragos\\\/\",\"url\":\"https:\\\/\\\/bottanemez.hu\\\/termek\\\/nemez-sal-viragos\\\/\",\"name\":\"Lazac-sz\u00fcrke tulip\u00e1nos s\u00e1l - Botta Nemez\",\"isPartOf\":{\"@id\":\"https:\\\/\\\/bottanemez.hu\\\/#website\"},\"primaryImageOfPage\":{\"@id\":\"https:\\\/\\\/bottanemez.hu\\\/termek\\\/nemez-sal-viragos\\\/#primaryimage\"},\"image\":{\"@id\":\"https:\\\/\\\/bottanemez.hu\\\/termek\\\/nemez-sal-viragos\\\/#primaryimage\"},\"thumbnailUrl\":\"https:\\\/\\\/bottanemez.hu\\\/wp-content\\\/uploads\\\/2023\\\/02\\\/lazac-szurke-sal-5-scaled-e1675672877367.jpg\",\"datePublished\":\"2023-02-06T08:55:54+00:00\",\"dateModified\":\"2025-04-10T08:24:48+00:00\",\"description\":\"Nuno nemez k\u00f6nnyed s\u00e1l, lazac, sz\u00fcrke sz\u00ednekben, tulip\u00e1nnal, levelekkel d\u00edsz\u00edtve. Ausztr\u00e1l merino gyapj\u00fab\u00f3l nemezelt v\u00e1llkend\u0151.\",\"breadcrumb\":{\"@id\":\"https:\\\/\\\/bottanemez.hu\\\/termek\\\/nemez-sal-viragos\\\/#breadcrumb\"},\"inLanguage\":\"en-GB\",\"potentialAction\":[{\"@type\":\"ReadAction\",\"target\":[\"https:\\\/\\\/bottanemez.hu\\\/termek\\\/nemez-sal-viragos\\\/\"]}]},{\"@type\":\"ImageObject\",\"inLanguage\":\"en-GB\",\"@id\":\"https:\\\/\\\/bottanemez.hu\\\/termek\\\/nemez-sal-viragos\\\/#primaryimage\",\"url\":\"https:\\\/\\\/bottanemez.hu\\\/wp-content\\\/uploads\\\/2023\\\/02\\\/lazac-szurke-sal-5-scaled-e1675672877367.jpg\",\"contentUrl\":\"https:\\\/\\\/bottanemez.hu\\\/wp-content\\\/uploads\\\/2023\\\/02\\\/lazac-szurke-sal-5-scaled-e1675672877367.jpg\",\"width\":1366,\"height\":2560},{\"@type\":\"BreadcrumbList\",\"@id\":\"https:\\\/\\\/bottanemez.hu\\\/termek\\\/nemez-sal-viragos\\\/#breadcrumb\",\"itemListElement\":[{\"@type\":\"ListItem\",\"position\":1,\"name\":\"Home\",\"item\":\"https:\\\/\\\/bottanemez.hu\\\/\"},{\"@type\":\"ListItem\",\"position\":2,\"name\":\"Webshop\",\"item\":\"https:\\\/\\\/bottanemez.hu\\\/nemez-webshop\\\/\"},{\"@type\":\"ListItem\",\"position\":3,\"name\":\"Lazac-sz\u00fcrke tulip\u00e1nos s\u00e1l\"}]},{\"@type\":\"WebSite\",\"@id\":\"https:\\\/\\\/bottanemez.hu\\\/#website\",\"url\":\"https:\\\/\\\/bottanemez.hu\\\/\",\"name\":\"Botta Nemez\",\"description\":\"Nemez\",\"publisher\":{\"@id\":\"https:\\\/\\\/bottanemez.hu\\\/#\\\/schema\\\/person\\\/e0b43b47c83f1b8ec5102569c7e47946\"},\"potentialAction\":[{\"@type\":\"SearchAction\",\"target\":{\"@type\":\"EntryPoint\",\"urlTemplate\":\"https:\\\/\\\/bottanemez.hu\\\/?s={search_term_string}\"},\"query-input\":{\"@type\":\"PropertyValueSpecification\",\"valueRequired\":true,\"valueName\":\"search_term_string\"}}],\"inLanguage\":\"en-GB\"},{\"@type\":[\"Person\",\"Organization\"],\"@id\":\"https:\\\/\\\/bottanemez.hu\\\/#\\\/schema\\\/person\\\/e0b43b47c83f1b8ec5102569c7e47946\",\"name\":\"nemezShop\",\"image\":{\"@type\":\"ImageObject\",\"inLanguage\":\"en-GB\",\"@id\":\"https:\\\/\\\/bottanemez.hu\\\/wp-content\\\/uploads\\\/2022\\\/10\\\/cropped-bottaNemezLogo.png\",\"url\":\"https:\\\/\\\/bottanemez.hu\\\/wp-content\\\/uploads\\\/2022\\\/10\\\/cropped-bottaNemezLogo.png\",\"contentUrl\":\"https:\\\/\\\/bottanemez.hu\\\/wp-content\\\/uploads\\\/2022\\\/10\\\/cropped-bottaNemezLogo.png\",\"width\":301,\"height\":301,\"caption\":\"nemezShop\"},\"logo\":{\"@id\":\"https:\\\/\\\/bottanemez.hu\\\/wp-content\\\/uploads\\\/2022\\\/10\\\/cropped-bottaNemezLogo.png\"},\"sameAs\":[\"https:\\\/\\\/vilagitopolo.hu\",\"https:\\\/\\\/www.facebook.com\\\/bottanemez\"]}]}<\/script>\n<meta property=\"product:price:amount\" content=\"24000\" \/>\n<meta property=\"product:price:currency\" content=\"HUF\" \/>\n<meta property=\"og:availability\" content=\"instock\" \/>\n<meta property=\"product:availability\" content=\"instock\" \/>\n<meta property=\"product:condition\" content=\"new\" \/>\n<!-- \/ Yoast SEO Premium plugin. -->","yoast_head_json":{"title":"Lazac-sz\u00fcrke tulip\u00e1nos s\u00e1l - Botta Nemez","description":"Nuno nemez k\u00f6nnyed s\u00e1l, lazac, sz\u00fcrke sz\u00ednekben, tulip\u00e1nnal, levelekkel d\u00edsz\u00edtve. Ausztr\u00e1l merino gyapj\u00fab\u00f3l nemezelt v\u00e1llkend\u0151.","robots":{"index":"index","follow":"follow","max-snippet":"max-snippet:-1","max-image-preview":"max-image-preview:large","max-video-preview":"max-video-preview:-1"},"canonical":"https:\/\/bottanemez.hu\/en\/product\/nemez-sal-viragos\/","og_locale":"en_GB","og_type":"article","og_title":"Lazac-sz\u00fcrke tulip\u00e1nos s\u00e1l","og_description":"Nuno nemez k\u00f6nnyed s\u00e1l, lazac, sz\u00fcrke sz\u00ednekben, tulip\u00e1nnal, levelekkel d\u00edsz\u00edtve. Ausztr\u00e1l merino gyapj\u00fab\u00f3l nemezelt v\u00e1llkend\u0151.","og_url":"https:\/\/bottanemez.hu\/en\/product\/nemez-sal-viragos\/","og_site_name":"Botta Nemez","article_publisher":"https:\/\/www.facebook.com\/bottanemez","article_modified_time":"2025-04-10T08:24:48+00:00","og_image":[{"width":1366,"height":2560,"url":"https:\/\/bottanemez.hu\/wp-content\/uploads\/2023\/02\/lazac-szurke-sal-5-scaled-e1675672877367.jpg","type":"image\/jpeg"}],"twitter_card":"summary_large_image","twitter_misc":{"Price":"24.000&nbsp;&#70;&#116;","Availability":"In stock"},"schema":{"@context":"https:\/\/schema.org","@graph":[{"@type":"WebPage","@id":"https:\/\/bottanemez.hu\/termek\/nemez-sal-viragos\/","url":"https:\/\/bottanemez.hu\/termek\/nemez-sal-viragos\/","name":"Lazac-sz\u00fcrke tulip\u00e1nos s\u00e1l - Botta Nemez","isPartOf":{"@id":"https:\/\/bottanemez.hu\/#website"},"primaryImageOfPage":{"@id":"https:\/\/bottanemez.hu\/termek\/nemez-sal-viragos\/#primaryimage"},"image":{"@id":"https:\/\/bottanemez.hu\/termek\/nemez-sal-viragos\/#primaryimage"},"thumbnailUrl":"https:\/\/bottanemez.hu\/wp-content\/uploads\/2023\/02\/lazac-szurke-sal-5-scaled-e1675672877367.jpg","datePublished":"2023-02-06T08:55:54+00:00","dateModified":"2025-04-10T08:24:48+00:00","description":"Nuno nemez k\u00f6nnyed s\u00e1l, lazac, sz\u00fcrke sz\u00ednekben, tulip\u00e1nnal, levelekkel d\u00edsz\u00edtve. Ausztr\u00e1l merino gyapj\u00fab\u00f3l nemezelt v\u00e1llkend\u0151.","breadcrumb":{"@id":"https:\/\/bottanemez.hu\/termek\/nemez-sal-viragos\/#breadcrumb"},"inLanguage":"en-GB","potentialAction":[{"@type":"ReadAction","target":["https:\/\/bottanemez.hu\/termek\/nemez-sal-viragos\/"]}]},{"@type":"ImageObject","inLanguage":"en-GB","@id":"https:\/\/bottanemez.hu\/termek\/nemez-sal-viragos\/#primaryimage","url":"https:\/\/bottanemez.hu\/wp-content\/uploads\/2023\/02\/lazac-szurke-sal-5-scaled-e1675672877367.jpg","contentUrl":"https:\/\/bottanemez.hu\/wp-content\/uploads\/2023\/02\/lazac-szurke-sal-5-scaled-e1675672877367.jpg","width":1366,"height":2560},{"@type":"BreadcrumbList","@id":"https:\/\/bottanemez.hu\/termek\/nemez-sal-viragos\/#breadcrumb","itemListElement":[{"@type":"ListItem","position":1,"name":"Home","item":"https:\/\/bottanemez.hu\/"},{"@type":"ListItem","position":2,"name":"Webshop","item":"https:\/\/bottanemez.hu\/nemez-webshop\/"},{"@type":"ListItem","position":3,"name":"Lazac-sz\u00fcrke tulip\u00e1nos s\u00e1l"}]},{"@type":"WebSite","@id":"https:\/\/bottanemez.hu\/#website","url":"https:\/\/bottanemez.hu\/","name":"BottaFeltArt","description":"Nemez","publisher":{"@id":"https:\/\/bottanemez.hu\/#\/schema\/person\/e0b43b47c83f1b8ec5102569c7e47946"},"potentialAction":[{"@type":"SearchAction","target":{"@type":"EntryPoint","urlTemplate":"https:\/\/bottanemez.hu\/?s={search_term_string}"},"query-input":{"@type":"PropertyValueSpecification","valueRequired":true,"valueName":"search_term_string"}}],"inLanguage":"en-GB"},{"@type":["Person","Organization"],"@id":"https:\/\/bottanemez.hu\/#\/schema\/person\/e0b43b47c83f1b8ec5102569c7e47946","name":"nemezShop","image":{"@type":"ImageObject","inLanguage":"en-GB","@id":"https:\/\/bottanemez.hu\/wp-content\/uploads\/2022\/10\/cropped-bottaNemezLogo.png","url":"https:\/\/bottanemez.hu\/wp-content\/uploads\/2022\/10\/cropped-bottaNemezLogo.png","contentUrl":"https:\/\/bottanemez.hu\/wp-content\/uploads\/2022\/10\/cropped-bottaNemezLogo.png","width":301,"height":301,"caption":"nemezShop"},"logo":{"@id":"https:\/\/bottanemez.hu\/wp-content\/uploads\/2022\/10\/cropped-bottaNemezLogo.png"},"sameAs":["https:\/\/vilagitopolo.hu","https:\/\/www.facebook.com\/bottanemez"]}]},"product_price_amount":"24000","product_price_currency":"HUF","og_availability":"instock","product_availability":"instock","product_condition":"new"},"_links":{"self":[{"href":"https:\/\/bottanemez.hu\/en\/wp-json\/wp\/v2\/product\/2775","targetHints":{"allow":["GET"]}}],"collection":[{"href":"https:\/\/bottanemez.hu\/en\/wp-json\/wp\/v2\/product"}],"about":[{"href":"https:\/\/bottanemez.hu\/en\/wp-json\/wp\/v2\/types\/product"}],"wp:featuredmedia":[{"embeddable":true,"href":"https:\/\/bottanemez.hu\/en\/wp-json\/wp\/v2\/media\/2776"}],"wp:attachment":[{"href":"https:\/\/bottanemez.hu\/en\/wp-json\/wp\/v2\/media?parent=2775"}],"wp:term":[{"taxonomy":"product_brand","embeddable":true,"href":"https:\/\/bottanemez.hu\/en\/wp-json\/wp\/v2\/product_brand?post=2775"},{"taxonomy":"product_cat","embeddable":true,"href":"https:\/\/bottanemez.hu\/en\/wp-json\/wp\/v2\/product_cat?post=2775"},{"taxonomy":"product_tag","embeddable":true,"href":"https:\/\/bottanemez.hu\/en\/wp-json\/wp\/v2\/product_tag?post=2775"}],"curies":[{"name":"wp","href":"https:\/\/api.w.org\/{rel}","templated":true}]}}