{"id":2762,"date":"2022-12-16T19:00:51","date_gmt":"2022-12-16T19:00:51","guid":{"rendered":"https:\/\/bottanemez.hu\/?post_type=product&#038;p=2762"},"modified":"2026-03-27T14:27:23","modified_gmt":"2026-03-27T14:27:23","slug":"nemez-gyapju-kabat","status":"publish","type":"product","link":"https:\/\/bottanemez.hu\/en\/product\/nemez-gyapju-kabat\/","title":{"rendered":"\u0150sz sz\u00ednei poncs\u00f3-kab\u00e1t"},"content":{"rendered":"<p>Ausztr\u00e1l merin\u00f3 gyapj\u00fab\u00f3l nemezelt, elej\u00e9n \u00e9s ujjain mint\u00e1s pamut v\u00e1szon benemezel\u00e9ssel.<\/p>\n<p>B\u0151v\u00edtett fazon\u00fa, nagy m\u00e9ret\u0171,\u00a0 A-vonalvezet\u00e9s\u0171 \u0151szi-t\u00e9li kab\u00e1t, ujjai t\u00f6lcs\u00e9r alak\u00faak. Varr\u00e1s n\u00e9lk\u00fcl, egy darabban nemezelt. Fekete-z\u00f6ld-barna-bord\u00f3-s\u00e1rga \u0151szi sz\u00ednek kever\u00e9s\u00e9vel k\u00e9sz\u00fclt, mely a mint\u00e1s pamut v\u00e1szon r\u00e1t\u00e9ten is visszak\u00f6sz\u00f6n. Brossal v\u00e1ltozatosan t\u0171zhet\u0151, \u00f6sszefoghat\u00f3 sz\u0171kebbre vagy b\u0151vebbre, m\u00e9rett\u0151l f\u00fcgg\u0151en. Gall\u00e9rja lehajthat\u00f3 vagy \u00e1ll\u00edthat\u00f3 is. K\u00f6nnyed es\u00e9s\u0171, puha viselet.<\/p>\n<p>Moshat\u00f3 k\u00e9zzel, mos\u00f3szerrel. Vasalhat\u00f3-g\u0151z\u00f6lhet\u0151 nedves \u00e1llapotban.<\/p>\n<p>M\u00e9retek:40-48<\/p>\n<p>Hossza: 86cm<\/p>\n<p>Ujja hossza nyakt\u00f3l: 69cm<\/p>\n<p>Gall\u00e9r magass\u00e1ga:8cm<\/p>\n<p>H\u00e1t sz\u00e9less\u00e9g:66cm<\/p>\n<p>Eleje k\u00e9t oldal\u00e1nak mellb\u0151s\u00e9ge: 41 \u00e9s 44cm<\/p>\n<p>Alja k\u00f6rbe 307cm<\/p>\n<p>&nbsp;<\/p>","protected":false},"excerpt":{"rendered":"<p>Ausztr\u00e1l merin\u00f3 gyapj\u00fab\u00f3l nemezelt, elej\u00e9n \u00e9s ujjain mint\u00e1s pamut v\u00e1szon benemezel\u00e9ssel.<\/p>\n<p>B\u0151v\u00edtett fazon\u00fa, nagy m\u00e9ret\u0171,\u00a0 A-vonalvezet\u00e9s\u0171 \u0151szi-t\u00e9li kab\u00e1t, ujjai t\u00f6lcs\u00e9r alak\u00faak. Varr\u00e1s n\u00e9lk\u00fcl, egy darabban nemezelt. Fekete-z\u00f6ld-barna-bord\u00f3-s\u00e1rga \u0151szi sz\u00ednek kever\u00e9s\u00e9vel k\u00e9sz\u00fclt, mely a mint\u00e1s pamut v\u00e1szon r\u00e1t\u00e9ten is visszak\u00f6sz\u00f6n. Brossal v\u00e1ltozatosan t\u0171zhet\u0151, \u00f6sszefoghat\u00f3 sz\u0171kebbre vagy b\u0151vebbre, m\u00e9rett\u0151l f\u00fcgg\u0151en. Gall\u00e9rja lehajthat\u00f3 vagy \u00e1ll\u00edthat\u00f3 is. K\u00f6nnyed es\u00e9s\u0171, puha viselet.<\/p>\n<p>Moshat\u00f3 k\u00e9zzel, mos\u00f3szerrel. Vasalhat\u00f3-g\u0151z\u00f6lhet\u0151 nedves \u00e1llapotban.<\/p>\n<p>M\u00e9retek:40-48<\/p>\n<p>Hossza: 86cm<\/p>\n<p>Ujja hossza nyakt\u00f3l: 69cm<\/p>\n<p>Gall\u00e9r magass\u00e1ga:8cm<\/p>\n<p>H\u00e1t sz\u00e9less\u00e9g:66cm<\/p>\n<p>Eleje k\u00e9t oldal\u00e1nak mellb\u0151s\u00e9ge: 41 \u00e9s 44cm<\/p>\n<p>Alja k\u00f6rbe 307cm<\/p>","protected":false},"featured_media":3386,"template":"","meta":[],"product_brand":[],"product_cat":[23],"product_tag":[],"class_list":{"0":"post-2762","1":"product","2":"type-product","3":"status-publish","4":"has-post-thumbnail","6":"product_cat-nemez-poncso","8":"first","9":"instock","10":"shipping-taxable","11":"purchasable","12":"product-type-simple"},"yoast_head":"<!-- This site is optimized with the Yoast SEO Premium plugin v27.6 (Yoast SEO v27.6) - https:\/\/yoast.com\/product\/yoast-seo-premium-wordpress\/ -->\n<title>\u0150sz sz\u00ednei poncs\u00f3-kab\u00e1t - Botta Nemez<\/title>\n<meta name=\"description\" content=\"Nemez gyapj\u00fa n\u0151i kab\u00e1t, sz\u00ednes egyedi k\u00e9zzel, varr\u00e1s n\u00e9lk\u00fcl k\u00e9sz\u00fclt darab. \u0150szi-t\u00e9li meleg, puha, k\u00f6nnyed es\u00e9s\u0171 viselet. Brossal v\u00e1ltozatosan t\u0171zhet\u0151.\" \/>\n<meta name=\"robots\" content=\"index, follow, max-snippet:-1, max-image-preview:large, max-video-preview:-1\" \/>\n<link rel=\"canonical\" href=\"https:\/\/bottanemez.hu\/en\/product\/nemez-gyapju-kabat\/\" \/>\n<meta property=\"og:locale\" content=\"en_GB\" \/>\n<meta property=\"og:type\" content=\"article\" \/>\n<meta property=\"og:title\" content=\"\u0150sz sz\u00ednei poncs\u00f3-kab\u00e1t\" \/>\n<meta property=\"og:description\" content=\"Nemez gyapj\u00fa n\u0151i kab\u00e1t, sz\u00ednes egyedi k\u00e9zzel, varr\u00e1s n\u00e9lk\u00fcl k\u00e9sz\u00fclt darab. \u0150szi-t\u00e9li meleg, puha, k\u00f6nnyed es\u00e9s\u0171 viselet. Brossal v\u00e1ltozatosan t\u0171zhet\u0151.\" \/>\n<meta property=\"og:url\" content=\"https:\/\/bottanemez.hu\/en\/product\/nemez-gyapju-kabat\/\" \/>\n<meta property=\"og:site_name\" content=\"Botta Nemez\" \/>\n<meta property=\"article:publisher\" content=\"https:\/\/www.facebook.com\/bottanemez\" \/>\n<meta property=\"article:modified_time\" content=\"2026-03-27T14:27:23+00:00\" \/>\n<meta property=\"og:image\" content=\"https:\/\/bottanemez.hu\/wp-content\/uploads\/2022\/12\/Osz-szinei-kabat.png\" \/>\n\t<meta property=\"og:image:width\" content=\"516\" \/>\n\t<meta property=\"og:image:height\" content=\"1024\" \/>\n\t<meta property=\"og:image:type\" content=\"image\/png\" \/>\n<meta name=\"twitter:card\" content=\"summary_large_image\" \/>\n<meta name=\"twitter:label1\" content=\"Price\" \/>\n\t<meta name=\"twitter:data1\" content=\"58.000&nbsp;&#070;&#116;\" \/>\n\t<meta name=\"twitter:label2\" content=\"Availability\" \/>\n\t<meta name=\"twitter:data2\" content=\"In stock\" \/>\n<script type=\"application\/ld+json\" class=\"yoast-schema-graph\">{\"@context\":\"https:\\\/\\\/schema.org\",\"@graph\":[{\"@type\":\"WebPage\",\"@id\":\"https:\\\/\\\/bottanemez.hu\\\/termek\\\/nemez-gyapju-kabat\\\/\",\"url\":\"https:\\\/\\\/bottanemez.hu\\\/termek\\\/nemez-gyapju-kabat\\\/\",\"name\":\"\u0150sz sz\u00ednei poncs\u00f3-kab\u00e1t - Botta Nemez\",\"isPartOf\":{\"@id\":\"https:\\\/\\\/bottanemez.hu\\\/#website\"},\"primaryImageOfPage\":{\"@id\":\"https:\\\/\\\/bottanemez.hu\\\/termek\\\/nemez-gyapju-kabat\\\/#primaryimage\"},\"image\":{\"@id\":\"https:\\\/\\\/bottanemez.hu\\\/termek\\\/nemez-gyapju-kabat\\\/#primaryimage\"},\"thumbnailUrl\":\"https:\\\/\\\/bottanemez.hu\\\/wp-content\\\/uploads\\\/2022\\\/12\\\/Osz-szinei-kabat.png\",\"datePublished\":\"2022-12-16T19:00:51+00:00\",\"dateModified\":\"2026-03-27T14:27:23+00:00\",\"description\":\"Nemez gyapj\u00fa n\u0151i kab\u00e1t, sz\u00ednes egyedi k\u00e9zzel, varr\u00e1s n\u00e9lk\u00fcl k\u00e9sz\u00fclt darab. \u0150szi-t\u00e9li meleg, puha, k\u00f6nnyed es\u00e9s\u0171 viselet. Brossal v\u00e1ltozatosan t\u0171zhet\u0151.\",\"breadcrumb\":{\"@id\":\"https:\\\/\\\/bottanemez.hu\\\/termek\\\/nemez-gyapju-kabat\\\/#breadcrumb\"},\"inLanguage\":\"en-GB\",\"potentialAction\":[{\"@type\":\"ReadAction\",\"target\":[\"https:\\\/\\\/bottanemez.hu\\\/termek\\\/nemez-gyapju-kabat\\\/\"]}]},{\"@type\":\"ImageObject\",\"inLanguage\":\"en-GB\",\"@id\":\"https:\\\/\\\/bottanemez.hu\\\/termek\\\/nemez-gyapju-kabat\\\/#primaryimage\",\"url\":\"https:\\\/\\\/bottanemez.hu\\\/wp-content\\\/uploads\\\/2022\\\/12\\\/Osz-szinei-kabat.png\",\"contentUrl\":\"https:\\\/\\\/bottanemez.hu\\\/wp-content\\\/uploads\\\/2022\\\/12\\\/Osz-szinei-kabat.png\",\"width\":516,\"height\":1024},{\"@type\":\"BreadcrumbList\",\"@id\":\"https:\\\/\\\/bottanemez.hu\\\/termek\\\/nemez-gyapju-kabat\\\/#breadcrumb\",\"itemListElement\":[{\"@type\":\"ListItem\",\"position\":1,\"name\":\"Home\",\"item\":\"https:\\\/\\\/bottanemez.hu\\\/\"},{\"@type\":\"ListItem\",\"position\":2,\"name\":\"Webshop\",\"item\":\"https:\\\/\\\/bottanemez.hu\\\/nemez-webshop\\\/\"},{\"@type\":\"ListItem\",\"position\":3,\"name\":\"\u0150sz sz\u00ednei poncs\u00f3-kab\u00e1t\"}]},{\"@type\":\"WebSite\",\"@id\":\"https:\\\/\\\/bottanemez.hu\\\/#website\",\"url\":\"https:\\\/\\\/bottanemez.hu\\\/\",\"name\":\"Botta Nemez\",\"description\":\"Nemez\",\"publisher\":{\"@id\":\"https:\\\/\\\/bottanemez.hu\\\/#\\\/schema\\\/person\\\/e0b43b47c83f1b8ec5102569c7e47946\"},\"potentialAction\":[{\"@type\":\"SearchAction\",\"target\":{\"@type\":\"EntryPoint\",\"urlTemplate\":\"https:\\\/\\\/bottanemez.hu\\\/?s={search_term_string}\"},\"query-input\":{\"@type\":\"PropertyValueSpecification\",\"valueRequired\":true,\"valueName\":\"search_term_string\"}}],\"inLanguage\":\"en-GB\"},{\"@type\":[\"Person\",\"Organization\"],\"@id\":\"https:\\\/\\\/bottanemez.hu\\\/#\\\/schema\\\/person\\\/e0b43b47c83f1b8ec5102569c7e47946\",\"name\":\"nemezShop\",\"image\":{\"@type\":\"ImageObject\",\"inLanguage\":\"en-GB\",\"@id\":\"https:\\\/\\\/bottanemez.hu\\\/wp-content\\\/uploads\\\/2022\\\/10\\\/cropped-bottaNemezLogo.png\",\"url\":\"https:\\\/\\\/bottanemez.hu\\\/wp-content\\\/uploads\\\/2022\\\/10\\\/cropped-bottaNemezLogo.png\",\"contentUrl\":\"https:\\\/\\\/bottanemez.hu\\\/wp-content\\\/uploads\\\/2022\\\/10\\\/cropped-bottaNemezLogo.png\",\"width\":301,\"height\":301,\"caption\":\"nemezShop\"},\"logo\":{\"@id\":\"https:\\\/\\\/bottanemez.hu\\\/wp-content\\\/uploads\\\/2022\\\/10\\\/cropped-bottaNemezLogo.png\"},\"sameAs\":[\"https:\\\/\\\/vilagitopolo.hu\",\"https:\\\/\\\/www.facebook.com\\\/bottanemez\"]}]}<\/script>\n<meta property=\"product:price:amount\" content=\"58000\" \/>\n<meta property=\"product:price:currency\" content=\"HUF\" \/>\n<meta property=\"og:availability\" content=\"instock\" \/>\n<meta property=\"product:availability\" content=\"instock\" \/>\n<meta property=\"product:condition\" content=\"new\" \/>\n<!-- \/ Yoast SEO Premium plugin. -->","yoast_head_json":{"title":"\u0150sz sz\u00ednei poncs\u00f3-kab\u00e1t - Botta Nemez","description":"Nemez gyapj\u00fa n\u0151i kab\u00e1t, sz\u00ednes egyedi k\u00e9zzel, varr\u00e1s n\u00e9lk\u00fcl k\u00e9sz\u00fclt darab. \u0150szi-t\u00e9li meleg, puha, k\u00f6nnyed es\u00e9s\u0171 viselet. Brossal v\u00e1ltozatosan t\u0171zhet\u0151.","robots":{"index":"index","follow":"follow","max-snippet":"max-snippet:-1","max-image-preview":"max-image-preview:large","max-video-preview":"max-video-preview:-1"},"canonical":"https:\/\/bottanemez.hu\/en\/product\/nemez-gyapju-kabat\/","og_locale":"en_GB","og_type":"article","og_title":"\u0150sz sz\u00ednei poncs\u00f3-kab\u00e1t","og_description":"Nemez gyapj\u00fa n\u0151i kab\u00e1t, sz\u00ednes egyedi k\u00e9zzel, varr\u00e1s n\u00e9lk\u00fcl k\u00e9sz\u00fclt darab. \u0150szi-t\u00e9li meleg, puha, k\u00f6nnyed es\u00e9s\u0171 viselet. Brossal v\u00e1ltozatosan t\u0171zhet\u0151.","og_url":"https:\/\/bottanemez.hu\/en\/product\/nemez-gyapju-kabat\/","og_site_name":"Botta Nemez","article_publisher":"https:\/\/www.facebook.com\/bottanemez","article_modified_time":"2026-03-27T14:27:23+00:00","og_image":[{"width":516,"height":1024,"url":"https:\/\/bottanemez.hu\/wp-content\/uploads\/2022\/12\/Osz-szinei-kabat.png","type":"image\/png"}],"twitter_card":"summary_large_image","twitter_misc":{"Price":"58.000&nbsp;&#70;&#116;","Availability":"In stock"},"schema":{"@context":"https:\/\/schema.org","@graph":[{"@type":"WebPage","@id":"https:\/\/bottanemez.hu\/termek\/nemez-gyapju-kabat\/","url":"https:\/\/bottanemez.hu\/termek\/nemez-gyapju-kabat\/","name":"\u0150sz sz\u00ednei poncs\u00f3-kab\u00e1t - Botta Nemez","isPartOf":{"@id":"https:\/\/bottanemez.hu\/#website"},"primaryImageOfPage":{"@id":"https:\/\/bottanemez.hu\/termek\/nemez-gyapju-kabat\/#primaryimage"},"image":{"@id":"https:\/\/bottanemez.hu\/termek\/nemez-gyapju-kabat\/#primaryimage"},"thumbnailUrl":"https:\/\/bottanemez.hu\/wp-content\/uploads\/2022\/12\/Osz-szinei-kabat.png","datePublished":"2022-12-16T19:00:51+00:00","dateModified":"2026-03-27T14:27:23+00:00","description":"Nemez gyapj\u00fa n\u0151i kab\u00e1t, sz\u00ednes egyedi k\u00e9zzel, varr\u00e1s n\u00e9lk\u00fcl k\u00e9sz\u00fclt darab. \u0150szi-t\u00e9li meleg, puha, k\u00f6nnyed es\u00e9s\u0171 viselet. Brossal v\u00e1ltozatosan t\u0171zhet\u0151.","breadcrumb":{"@id":"https:\/\/bottanemez.hu\/termek\/nemez-gyapju-kabat\/#breadcrumb"},"inLanguage":"en-GB","potentialAction":[{"@type":"ReadAction","target":["https:\/\/bottanemez.hu\/termek\/nemez-gyapju-kabat\/"]}]},{"@type":"ImageObject","inLanguage":"en-GB","@id":"https:\/\/bottanemez.hu\/termek\/nemez-gyapju-kabat\/#primaryimage","url":"https:\/\/bottanemez.hu\/wp-content\/uploads\/2022\/12\/Osz-szinei-kabat.png","contentUrl":"https:\/\/bottanemez.hu\/wp-content\/uploads\/2022\/12\/Osz-szinei-kabat.png","width":516,"height":1024},{"@type":"BreadcrumbList","@id":"https:\/\/bottanemez.hu\/termek\/nemez-gyapju-kabat\/#breadcrumb","itemListElement":[{"@type":"ListItem","position":1,"name":"Home","item":"https:\/\/bottanemez.hu\/"},{"@type":"ListItem","position":2,"name":"Webshop","item":"https:\/\/bottanemez.hu\/nemez-webshop\/"},{"@type":"ListItem","position":3,"name":"\u0150sz sz\u00ednei poncs\u00f3-kab\u00e1t"}]},{"@type":"WebSite","@id":"https:\/\/bottanemez.hu\/#website","url":"https:\/\/bottanemez.hu\/","name":"BottaFeltArt","description":"Nemez","publisher":{"@id":"https:\/\/bottanemez.hu\/#\/schema\/person\/e0b43b47c83f1b8ec5102569c7e47946"},"potentialAction":[{"@type":"SearchAction","target":{"@type":"EntryPoint","urlTemplate":"https:\/\/bottanemez.hu\/?s={search_term_string}"},"query-input":{"@type":"PropertyValueSpecification","valueRequired":true,"valueName":"search_term_string"}}],"inLanguage":"en-GB"},{"@type":["Person","Organization"],"@id":"https:\/\/bottanemez.hu\/#\/schema\/person\/e0b43b47c83f1b8ec5102569c7e47946","name":"nemezShop","image":{"@type":"ImageObject","inLanguage":"en-GB","@id":"https:\/\/bottanemez.hu\/wp-content\/uploads\/2022\/10\/cropped-bottaNemezLogo.png","url":"https:\/\/bottanemez.hu\/wp-content\/uploads\/2022\/10\/cropped-bottaNemezLogo.png","contentUrl":"https:\/\/bottanemez.hu\/wp-content\/uploads\/2022\/10\/cropped-bottaNemezLogo.png","width":301,"height":301,"caption":"nemezShop"},"logo":{"@id":"https:\/\/bottanemez.hu\/wp-content\/uploads\/2022\/10\/cropped-bottaNemezLogo.png"},"sameAs":["https:\/\/vilagitopolo.hu","https:\/\/www.facebook.com\/bottanemez"]}]},"product_price_amount":"58000","product_price_currency":"HUF","og_availability":"instock","product_availability":"instock","product_condition":"new"},"_links":{"self":[{"href":"https:\/\/bottanemez.hu\/en\/wp-json\/wp\/v2\/product\/2762","targetHints":{"allow":["GET"]}}],"collection":[{"href":"https:\/\/bottanemez.hu\/en\/wp-json\/wp\/v2\/product"}],"about":[{"href":"https:\/\/bottanemez.hu\/en\/wp-json\/wp\/v2\/types\/product"}],"wp:featuredmedia":[{"embeddable":true,"href":"https:\/\/bottanemez.hu\/en\/wp-json\/wp\/v2\/media\/3386"}],"wp:attachment":[{"href":"https:\/\/bottanemez.hu\/en\/wp-json\/wp\/v2\/media?parent=2762"}],"wp:term":[{"taxonomy":"product_brand","embeddable":true,"href":"https:\/\/bottanemez.hu\/en\/wp-json\/wp\/v2\/product_brand?post=2762"},{"taxonomy":"product_cat","embeddable":true,"href":"https:\/\/bottanemez.hu\/en\/wp-json\/wp\/v2\/product_cat?post=2762"},{"taxonomy":"product_tag","embeddable":true,"href":"https:\/\/bottanemez.hu\/en\/wp-json\/wp\/v2\/product_tag?post=2762"}],"curies":[{"name":"wp","href":"https:\/\/api.w.org\/{rel}","templated":true}]}}