{"id":2467,"date":"2022-10-20T08:41:31","date_gmt":"2022-10-20T08:41:31","guid":{"rendered":"https:\/\/vilagitopolo.hu\/termek\/teli-melleny\/"},"modified":"2026-03-27T17:22:18","modified_gmt":"2026-03-27T17:22:18","slug":"viragos-melleny-nemez","status":"publish","type":"product","link":"https:\/\/bottanemez.hu\/en\/product\/viragos-melleny-nemez\/","title":{"rendered":"Mell\u00e9ny bord\u00f3-feh\u00e9r-z\u00f6ld-fekete"},"content":{"rendered":"<p><em>Viszk\u00f3z-gyapj\u00fa \u00f6sszedolgoz\u00e1s\u00e1val k\u00e9sz\u00fclt egyedi nemez mell\u00e9ny, 5 gombol\u00e1ssal z\u00e1r\u00f3d\u00f3. T\u00e9li-\u0151szi viselet szokny\u00e1val, nadr\u00e1ggal egyar\u00e1nt.<br \/>\n<\/em><\/p>\n<p><em>Hossz: 50cm Mell: 94cm\u00a0 Cs\u00edp\u0151: 112cm<\/em><\/p>","protected":false},"excerpt":{"rendered":"<p><em>Anyaga: ausztr\u00e1l merin\u00f3 gyapj\u00fa, vir\u00e1gos viszk\u00f3z r\u00e1t\u00e9ttel el\u00f6l.<\/em><\/p>\n<p>K\u00e9zzel moshat\u00f3, g\u0151z\u00f6lhet\u0151.<\/p>\n<p>M\u00e9rete:36-38<\/p>\n<p><em>Hossz: 50cm Mell: 94cm\u00a0 Cs\u00edp\u0151: 112cm<\/em><\/p>","protected":false},"featured_media":3396,"template":"","meta":[],"product_brand":[],"product_cat":[22],"product_tag":[],"class_list":{"0":"post-2467","1":"product","2":"type-product","3":"status-publish","4":"has-post-thumbnail","6":"product_cat-nemez-felso","8":"first","9":"instock","10":"purchasable","11":"product-type-simple"},"yoast_head":"<!-- This site is optimized with the Yoast SEO Premium plugin v27.6 (Yoast SEO v27.6) - https:\/\/yoast.com\/product\/yoast-seo-premium-wordpress\/ -->\n<title>Mell\u00e9ny bord\u00f3-feh\u00e9r-z\u00f6ld-fekete - Botta Nemez<\/title>\n<meta name=\"description\" content=\"Viszk\u00f3z-gyapj\u00fa \u00f6sszedolgoz\u00e1s\u00e1val k\u00e9sz\u00fclt egyedi nemez mell\u00e9ny, 5 gombol\u00e1ssal z\u00e1r\u00f3d\u00f3. T\u00e9li-\u0151szi viselet szokny\u00e1val, nadr\u00e1ggal egyar\u00e1nt.\" \/>\n<meta name=\"robots\" content=\"index, follow, max-snippet:-1, max-image-preview:large, max-video-preview:-1\" \/>\n<link rel=\"canonical\" href=\"https:\/\/bottanemez.hu\/en\/product\/viragos-melleny-nemez\/\" \/>\n<meta property=\"og:locale\" content=\"en_GB\" \/>\n<meta property=\"og:type\" content=\"article\" \/>\n<meta property=\"og:title\" content=\"Mell\u00e9ny bord\u00f3-feh\u00e9r-z\u00f6ld-fekete\" \/>\n<meta property=\"og:description\" content=\"Viszk\u00f3z-gyapj\u00fa \u00f6sszedolgoz\u00e1s\u00e1val k\u00e9sz\u00fclt egyedi nemez mell\u00e9ny, 5 gombol\u00e1ssal z\u00e1r\u00f3d\u00f3. T\u00e9li-\u0151szi viselet szokny\u00e1val, nadr\u00e1ggal egyar\u00e1nt.\" \/>\n<meta property=\"og:url\" content=\"https:\/\/bottanemez.hu\/en\/product\/viragos-melleny-nemez\/\" \/>\n<meta property=\"og:site_name\" content=\"Botta Nemez\" \/>\n<meta property=\"article:publisher\" content=\"https:\/\/www.facebook.com\/bottanemez\" \/>\n<meta property=\"article:modified_time\" content=\"2026-03-27T17:22:18+00:00\" \/>\n<meta property=\"og:image\" content=\"https:\/\/bottanemez.hu\/wp-content\/uploads\/2022\/10\/Teli-melleny-1.png\" \/>\n\t<meta property=\"og:image:width\" content=\"710\" \/>\n\t<meta property=\"og:image:height\" content=\"1056\" \/>\n\t<meta property=\"og:image:type\" content=\"image\/png\" \/>\n<meta name=\"twitter:card\" content=\"summary_large_image\" \/>\n<meta name=\"twitter:label1\" content=\"Price\" \/>\n\t<meta name=\"twitter:data1\" content=\"45.000&nbsp;&#070;&#116;\" \/>\n\t<meta name=\"twitter:label2\" content=\"Availability\" \/>\n\t<meta name=\"twitter:data2\" content=\"In stock\" \/>\n<script type=\"application\/ld+json\" class=\"yoast-schema-graph\">{\"@context\":\"https:\\\/\\\/schema.org\",\"@graph\":[{\"@type\":\"WebPage\",\"@id\":\"https:\\\/\\\/bottanemez.hu\\\/termek\\\/viragos-melleny-nemez\\\/\",\"url\":\"https:\\\/\\\/bottanemez.hu\\\/termek\\\/viragos-melleny-nemez\\\/\",\"name\":\"Mell\u00e9ny bord\u00f3-feh\u00e9r-z\u00f6ld-fekete - Botta Nemez\",\"isPartOf\":{\"@id\":\"https:\\\/\\\/bottanemez.hu\\\/#website\"},\"primaryImageOfPage\":{\"@id\":\"https:\\\/\\\/bottanemez.hu\\\/termek\\\/viragos-melleny-nemez\\\/#primaryimage\"},\"image\":{\"@id\":\"https:\\\/\\\/bottanemez.hu\\\/termek\\\/viragos-melleny-nemez\\\/#primaryimage\"},\"thumbnailUrl\":\"https:\\\/\\\/bottanemez.hu\\\/wp-content\\\/uploads\\\/2022\\\/10\\\/Teli-melleny-1.png\",\"datePublished\":\"2022-10-20T08:41:31+00:00\",\"dateModified\":\"2026-03-27T17:22:18+00:00\",\"description\":\"Viszk\u00f3z-gyapj\u00fa \u00f6sszedolgoz\u00e1s\u00e1val k\u00e9sz\u00fclt egyedi nemez mell\u00e9ny, 5 gombol\u00e1ssal z\u00e1r\u00f3d\u00f3. T\u00e9li-\u0151szi viselet szokny\u00e1val, nadr\u00e1ggal egyar\u00e1nt.\",\"breadcrumb\":{\"@id\":\"https:\\\/\\\/bottanemez.hu\\\/termek\\\/viragos-melleny-nemez\\\/#breadcrumb\"},\"inLanguage\":\"en-GB\",\"potentialAction\":[{\"@type\":\"ReadAction\",\"target\":[\"https:\\\/\\\/bottanemez.hu\\\/termek\\\/viragos-melleny-nemez\\\/\"]}]},{\"@type\":\"ImageObject\",\"inLanguage\":\"en-GB\",\"@id\":\"https:\\\/\\\/bottanemez.hu\\\/termek\\\/viragos-melleny-nemez\\\/#primaryimage\",\"url\":\"https:\\\/\\\/bottanemez.hu\\\/wp-content\\\/uploads\\\/2022\\\/10\\\/Teli-melleny-1.png\",\"contentUrl\":\"https:\\\/\\\/bottanemez.hu\\\/wp-content\\\/uploads\\\/2022\\\/10\\\/Teli-melleny-1.png\",\"width\":710,\"height\":1056},{\"@type\":\"BreadcrumbList\",\"@id\":\"https:\\\/\\\/bottanemez.hu\\\/termek\\\/viragos-melleny-nemez\\\/#breadcrumb\",\"itemListElement\":[{\"@type\":\"ListItem\",\"position\":1,\"name\":\"Home\",\"item\":\"https:\\\/\\\/bottanemez.hu\\\/\"},{\"@type\":\"ListItem\",\"position\":2,\"name\":\"Webshop\",\"item\":\"https:\\\/\\\/bottanemez.hu\\\/nemez-webshop\\\/\"},{\"@type\":\"ListItem\",\"position\":3,\"name\":\"Mell\u00e9ny bord\u00f3-feh\u00e9r-z\u00f6ld-fekete\"}]},{\"@type\":\"WebSite\",\"@id\":\"https:\\\/\\\/bottanemez.hu\\\/#website\",\"url\":\"https:\\\/\\\/bottanemez.hu\\\/\",\"name\":\"Botta Nemez\",\"description\":\"Nemez\",\"publisher\":{\"@id\":\"https:\\\/\\\/bottanemez.hu\\\/#\\\/schema\\\/person\\\/e0b43b47c83f1b8ec5102569c7e47946\"},\"potentialAction\":[{\"@type\":\"SearchAction\",\"target\":{\"@type\":\"EntryPoint\",\"urlTemplate\":\"https:\\\/\\\/bottanemez.hu\\\/?s={search_term_string}\"},\"query-input\":{\"@type\":\"PropertyValueSpecification\",\"valueRequired\":true,\"valueName\":\"search_term_string\"}}],\"inLanguage\":\"en-GB\"},{\"@type\":[\"Person\",\"Organization\"],\"@id\":\"https:\\\/\\\/bottanemez.hu\\\/#\\\/schema\\\/person\\\/e0b43b47c83f1b8ec5102569c7e47946\",\"name\":\"nemezShop\",\"image\":{\"@type\":\"ImageObject\",\"inLanguage\":\"en-GB\",\"@id\":\"https:\\\/\\\/bottanemez.hu\\\/wp-content\\\/uploads\\\/2022\\\/10\\\/cropped-bottaNemezLogo.png\",\"url\":\"https:\\\/\\\/bottanemez.hu\\\/wp-content\\\/uploads\\\/2022\\\/10\\\/cropped-bottaNemezLogo.png\",\"contentUrl\":\"https:\\\/\\\/bottanemez.hu\\\/wp-content\\\/uploads\\\/2022\\\/10\\\/cropped-bottaNemezLogo.png\",\"width\":301,\"height\":301,\"caption\":\"nemezShop\"},\"logo\":{\"@id\":\"https:\\\/\\\/bottanemez.hu\\\/wp-content\\\/uploads\\\/2022\\\/10\\\/cropped-bottaNemezLogo.png\"},\"sameAs\":[\"https:\\\/\\\/vilagitopolo.hu\",\"https:\\\/\\\/www.facebook.com\\\/bottanemez\"]}]}<\/script>\n<meta property=\"product:price:amount\" content=\"45000\" \/>\n<meta property=\"product:price:currency\" content=\"HUF\" \/>\n<meta property=\"og:availability\" content=\"instock\" \/>\n<meta property=\"product:availability\" content=\"instock\" \/>\n<meta property=\"product:retailer_item_id\" content=\"1336e84ca6eb\" \/>\n<meta property=\"product:condition\" content=\"new\" \/>\n<!-- \/ Yoast SEO Premium plugin. -->","yoast_head_json":{"title":"Mell\u00e9ny bord\u00f3-feh\u00e9r-z\u00f6ld-fekete - Botta Nemez","description":"Viszk\u00f3z-gyapj\u00fa \u00f6sszedolgoz\u00e1s\u00e1val k\u00e9sz\u00fclt egyedi nemez mell\u00e9ny, 5 gombol\u00e1ssal z\u00e1r\u00f3d\u00f3. T\u00e9li-\u0151szi viselet szokny\u00e1val, nadr\u00e1ggal egyar\u00e1nt.","robots":{"index":"index","follow":"follow","max-snippet":"max-snippet:-1","max-image-preview":"max-image-preview:large","max-video-preview":"max-video-preview:-1"},"canonical":"https:\/\/bottanemez.hu\/en\/product\/viragos-melleny-nemez\/","og_locale":"en_GB","og_type":"article","og_title":"Mell\u00e9ny bord\u00f3-feh\u00e9r-z\u00f6ld-fekete","og_description":"Viszk\u00f3z-gyapj\u00fa \u00f6sszedolgoz\u00e1s\u00e1val k\u00e9sz\u00fclt egyedi nemez mell\u00e9ny, 5 gombol\u00e1ssal z\u00e1r\u00f3d\u00f3. T\u00e9li-\u0151szi viselet szokny\u00e1val, nadr\u00e1ggal egyar\u00e1nt.","og_url":"https:\/\/bottanemez.hu\/en\/product\/viragos-melleny-nemez\/","og_site_name":"Botta Nemez","article_publisher":"https:\/\/www.facebook.com\/bottanemez","article_modified_time":"2026-03-27T17:22:18+00:00","og_image":[{"width":710,"height":1056,"url":"https:\/\/bottanemez.hu\/wp-content\/uploads\/2022\/10\/Teli-melleny-1.png","type":"image\/png"}],"twitter_card":"summary_large_image","twitter_misc":{"Price":"45.000&nbsp;&#70;&#116;","Availability":"In stock"},"schema":{"@context":"https:\/\/schema.org","@graph":[{"@type":"WebPage","@id":"https:\/\/bottanemez.hu\/termek\/viragos-melleny-nemez\/","url":"https:\/\/bottanemez.hu\/termek\/viragos-melleny-nemez\/","name":"Mell\u00e9ny bord\u00f3-feh\u00e9r-z\u00f6ld-fekete - Botta Nemez","isPartOf":{"@id":"https:\/\/bottanemez.hu\/#website"},"primaryImageOfPage":{"@id":"https:\/\/bottanemez.hu\/termek\/viragos-melleny-nemez\/#primaryimage"},"image":{"@id":"https:\/\/bottanemez.hu\/termek\/viragos-melleny-nemez\/#primaryimage"},"thumbnailUrl":"https:\/\/bottanemez.hu\/wp-content\/uploads\/2022\/10\/Teli-melleny-1.png","datePublished":"2022-10-20T08:41:31+00:00","dateModified":"2026-03-27T17:22:18+00:00","description":"Viszk\u00f3z-gyapj\u00fa \u00f6sszedolgoz\u00e1s\u00e1val k\u00e9sz\u00fclt egyedi nemez mell\u00e9ny, 5 gombol\u00e1ssal z\u00e1r\u00f3d\u00f3. T\u00e9li-\u0151szi viselet szokny\u00e1val, nadr\u00e1ggal egyar\u00e1nt.","breadcrumb":{"@id":"https:\/\/bottanemez.hu\/termek\/viragos-melleny-nemez\/#breadcrumb"},"inLanguage":"en-GB","potentialAction":[{"@type":"ReadAction","target":["https:\/\/bottanemez.hu\/termek\/viragos-melleny-nemez\/"]}]},{"@type":"ImageObject","inLanguage":"en-GB","@id":"https:\/\/bottanemez.hu\/termek\/viragos-melleny-nemez\/#primaryimage","url":"https:\/\/bottanemez.hu\/wp-content\/uploads\/2022\/10\/Teli-melleny-1.png","contentUrl":"https:\/\/bottanemez.hu\/wp-content\/uploads\/2022\/10\/Teli-melleny-1.png","width":710,"height":1056},{"@type":"BreadcrumbList","@id":"https:\/\/bottanemez.hu\/termek\/viragos-melleny-nemez\/#breadcrumb","itemListElement":[{"@type":"ListItem","position":1,"name":"Home","item":"https:\/\/bottanemez.hu\/"},{"@type":"ListItem","position":2,"name":"Webshop","item":"https:\/\/bottanemez.hu\/nemez-webshop\/"},{"@type":"ListItem","position":3,"name":"Mell\u00e9ny bord\u00f3-feh\u00e9r-z\u00f6ld-fekete"}]},{"@type":"WebSite","@id":"https:\/\/bottanemez.hu\/#website","url":"https:\/\/bottanemez.hu\/","name":"BottaFeltArt","description":"Nemez","publisher":{"@id":"https:\/\/bottanemez.hu\/#\/schema\/person\/e0b43b47c83f1b8ec5102569c7e47946"},"potentialAction":[{"@type":"SearchAction","target":{"@type":"EntryPoint","urlTemplate":"https:\/\/bottanemez.hu\/?s={search_term_string}"},"query-input":{"@type":"PropertyValueSpecification","valueRequired":true,"valueName":"search_term_string"}}],"inLanguage":"en-GB"},{"@type":["Person","Organization"],"@id":"https:\/\/bottanemez.hu\/#\/schema\/person\/e0b43b47c83f1b8ec5102569c7e47946","name":"nemezShop","image":{"@type":"ImageObject","inLanguage":"en-GB","@id":"https:\/\/bottanemez.hu\/wp-content\/uploads\/2022\/10\/cropped-bottaNemezLogo.png","url":"https:\/\/bottanemez.hu\/wp-content\/uploads\/2022\/10\/cropped-bottaNemezLogo.png","contentUrl":"https:\/\/bottanemez.hu\/wp-content\/uploads\/2022\/10\/cropped-bottaNemezLogo.png","width":301,"height":301,"caption":"nemezShop"},"logo":{"@id":"https:\/\/bottanemez.hu\/wp-content\/uploads\/2022\/10\/cropped-bottaNemezLogo.png"},"sameAs":["https:\/\/vilagitopolo.hu","https:\/\/www.facebook.com\/bottanemez"]}]},"product_price_amount":"45000","product_price_currency":"HUF","og_availability":"instock","product_availability":"instock","product_retailer_item_id":"1336e84ca6eb","product_condition":"new"},"_links":{"self":[{"href":"https:\/\/bottanemez.hu\/en\/wp-json\/wp\/v2\/product\/2467","targetHints":{"allow":["GET"]}}],"collection":[{"href":"https:\/\/bottanemez.hu\/en\/wp-json\/wp\/v2\/product"}],"about":[{"href":"https:\/\/bottanemez.hu\/en\/wp-json\/wp\/v2\/types\/product"}],"wp:featuredmedia":[{"embeddable":true,"href":"https:\/\/bottanemez.hu\/en\/wp-json\/wp\/v2\/media\/3396"}],"wp:attachment":[{"href":"https:\/\/bottanemez.hu\/en\/wp-json\/wp\/v2\/media?parent=2467"}],"wp:term":[{"taxonomy":"product_brand","embeddable":true,"href":"https:\/\/bottanemez.hu\/en\/wp-json\/wp\/v2\/product_brand?post=2467"},{"taxonomy":"product_cat","embeddable":true,"href":"https:\/\/bottanemez.hu\/en\/wp-json\/wp\/v2\/product_cat?post=2467"},{"taxonomy":"product_tag","embeddable":true,"href":"https:\/\/bottanemez.hu\/en\/wp-json\/wp\/v2\/product_tag?post=2467"}],"curies":[{"name":"wp","href":"https:\/\/api.w.org\/{rel}","templated":true}]}}