{"id":2440,"date":"2022-10-20T08:41:31","date_gmt":"2022-10-20T08:41:31","guid":{"rendered":"https:\/\/vilagitopolo.hu\/termek\/fekete-feher-kala-stola\/"},"modified":"2025-04-10T08:23:58","modified_gmt":"2025-04-10T08:23:58","slug":"fekete-feher-kendo","status":"publish","type":"product","link":"https:\/\/bottanemez.hu\/en\/product\/fekete-feher-kendo\/","title":{"rendered":"Fekete-feh\u00e9r k\u00e1la st\u00f3la"},"content":{"rendered":"<p>Anyaga: ausztr\u00e1l merin\u00f3 gyapj\u00fa, g\u00e9z szeg\u00e9llyel, rojtokkal. Hat feh\u00e9r kidomborod\u00f3 k\u00e1la vir\u00e1ggal \u00e9s hat sz\u00fcrke lel\u00f3g\u00f3 k\u00e1la vir\u00e1ggal az alj\u00e1n.<\/p>\n<p>M\u00e9rete: 192cm x 55cm<\/p>\n<p>Ehhez a st\u00f3l\u00e1hoz p\u00e9nzt\u00e1rc\u00e1t \u00e9s nyak\u00e9ket is tal\u00e1lsz!<\/p>","protected":false},"excerpt":{"rendered":"<p>Anyaga: ausztr\u00e1l merin\u00f3 gyapj\u00fa, g\u00e9z szeg\u00e9llyel, rojtokkal. Hat feh\u00e9r kidomborod\u00f3 k\u00e1la vir\u00e1ggal \u00e9s hat sz\u00fcrke lel\u00f3g\u00f3 k\u00e1la vir\u00e1ggal az alj\u00e1n.<\/p>\n<p>M\u00e9rete: 192cm x 55cm<\/p>\n<p>Ehhez a st\u00f3l\u00e1hoz p\u00e9nzt\u00e1rc\u00e1t \u00e9s nyak\u00e9ket is tal\u00e1lsz!<\/p>","protected":false},"featured_media":2441,"template":"","meta":[],"product_brand":[],"product_cat":[24],"product_tag":[],"class_list":{"0":"post-2440","1":"product","2":"type-product","3":"status-publish","4":"has-post-thumbnail","6":"product_cat-nemez-sal","8":"first","9":"instock","10":"sale","11":"purchasable","12":"product-type-simple"},"yoast_head":"<!-- This site is optimized with the Yoast SEO Premium plugin v27.6 (Yoast SEO v27.6) - https:\/\/yoast.com\/product\/yoast-seo-premium-wordpress\/ -->\n<title>Fekete-feh\u00e9r k\u00e1la st\u00f3la - Botta Nemez<\/title>\n<meta name=\"description\" content=\"Ausztr\u00e1l merin\u00f3 gyapj\u00fa, g\u00e9z szeg\u00e9llyel, rojtokkal. Hat feh\u00e9r kidomborod\u00f3 k\u00e1la vir\u00e1ggal \u00e9s hat sz\u00fcrke lel\u00f3g\u00f3 k\u00e1la vir\u00e1ggal az alj\u00e1n.\" \/>\n<meta name=\"robots\" content=\"index, follow, max-snippet:-1, max-image-preview:large, max-video-preview:-1\" \/>\n<link rel=\"canonical\" href=\"https:\/\/bottanemez.hu\/en\/product\/fekete-feher-kendo\/\" \/>\n<meta property=\"og:locale\" content=\"en_GB\" \/>\n<meta property=\"og:type\" content=\"article\" \/>\n<meta property=\"og:title\" content=\"Fekete-feh\u00e9r k\u00e1la st\u00f3la\" \/>\n<meta property=\"og:description\" content=\"Ausztr\u00e1l merin\u00f3 gyapj\u00fa, g\u00e9z szeg\u00e9llyel, rojtokkal. Hat feh\u00e9r kidomborod\u00f3 k\u00e1la vir\u00e1ggal \u00e9s hat sz\u00fcrke lel\u00f3g\u00f3 k\u00e1la vir\u00e1ggal az alj\u00e1n.\" \/>\n<meta property=\"og:url\" content=\"https:\/\/bottanemez.hu\/en\/product\/fekete-feher-kendo\/\" \/>\n<meta property=\"og:site_name\" content=\"Botta Nemez\" \/>\n<meta property=\"article:publisher\" content=\"https:\/\/www.facebook.com\/bottanemez\" \/>\n<meta property=\"article:modified_time\" content=\"2025-04-10T08:23:58+00:00\" \/>\n<meta property=\"og:image\" content=\"https:\/\/bottanemez.hu\/wp-content\/uploads\/2022\/10\/IMG_1318.jpg\" \/>\n\t<meta property=\"og:image:width\" content=\"1434\" \/>\n\t<meta property=\"og:image:height\" content=\"1920\" \/>\n\t<meta property=\"og:image:type\" content=\"image\/jpeg\" \/>\n<meta name=\"twitter:card\" content=\"summary_large_image\" \/>\n<meta name=\"twitter:label1\" content=\"Price\" \/>\n\t<meta name=\"twitter:data1\" content=\"35.000&nbsp;&#070;&#116;\" \/>\n\t<meta name=\"twitter:label2\" content=\"Availability\" \/>\n\t<meta name=\"twitter:data2\" content=\"In stock\" \/>\n<script type=\"application\/ld+json\" class=\"yoast-schema-graph\">{\"@context\":\"https:\\\/\\\/schema.org\",\"@graph\":[{\"@type\":\"WebPage\",\"@id\":\"https:\\\/\\\/bottanemez.hu\\\/termek\\\/fekete-feher-kendo\\\/\",\"url\":\"https:\\\/\\\/bottanemez.hu\\\/termek\\\/fekete-feher-kendo\\\/\",\"name\":\"Fekete-feh\u00e9r k\u00e1la st\u00f3la - Botta Nemez\",\"isPartOf\":{\"@id\":\"https:\\\/\\\/bottanemez.hu\\\/#website\"},\"primaryImageOfPage\":{\"@id\":\"https:\\\/\\\/bottanemez.hu\\\/termek\\\/fekete-feher-kendo\\\/#primaryimage\"},\"image\":{\"@id\":\"https:\\\/\\\/bottanemez.hu\\\/termek\\\/fekete-feher-kendo\\\/#primaryimage\"},\"thumbnailUrl\":\"https:\\\/\\\/bottanemez.hu\\\/wp-content\\\/uploads\\\/2022\\\/10\\\/IMG_1318.jpg\",\"datePublished\":\"2022-10-20T08:41:31+00:00\",\"dateModified\":\"2025-04-10T08:23:58+00:00\",\"description\":\"Ausztr\u00e1l merin\u00f3 gyapj\u00fa, g\u00e9z szeg\u00e9llyel, rojtokkal. Hat feh\u00e9r kidomborod\u00f3 k\u00e1la vir\u00e1ggal \u00e9s hat sz\u00fcrke lel\u00f3g\u00f3 k\u00e1la vir\u00e1ggal az alj\u00e1n.\",\"breadcrumb\":{\"@id\":\"https:\\\/\\\/bottanemez.hu\\\/termek\\\/fekete-feher-kendo\\\/#breadcrumb\"},\"inLanguage\":\"en-GB\",\"potentialAction\":[{\"@type\":\"ReadAction\",\"target\":[\"https:\\\/\\\/bottanemez.hu\\\/termek\\\/fekete-feher-kendo\\\/\"]}]},{\"@type\":\"ImageObject\",\"inLanguage\":\"en-GB\",\"@id\":\"https:\\\/\\\/bottanemez.hu\\\/termek\\\/fekete-feher-kendo\\\/#primaryimage\",\"url\":\"https:\\\/\\\/bottanemez.hu\\\/wp-content\\\/uploads\\\/2022\\\/10\\\/IMG_1318.jpg\",\"contentUrl\":\"https:\\\/\\\/bottanemez.hu\\\/wp-content\\\/uploads\\\/2022\\\/10\\\/IMG_1318.jpg\",\"width\":1434,\"height\":1920},{\"@type\":\"BreadcrumbList\",\"@id\":\"https:\\\/\\\/bottanemez.hu\\\/termek\\\/fekete-feher-kendo\\\/#breadcrumb\",\"itemListElement\":[{\"@type\":\"ListItem\",\"position\":1,\"name\":\"Home\",\"item\":\"https:\\\/\\\/bottanemez.hu\\\/\"},{\"@type\":\"ListItem\",\"position\":2,\"name\":\"Webshop\",\"item\":\"https:\\\/\\\/bottanemez.hu\\\/nemez-webshop\\\/\"},{\"@type\":\"ListItem\",\"position\":3,\"name\":\"Fekete-feh\u00e9r k\u00e1la st\u00f3la\"}]},{\"@type\":\"WebSite\",\"@id\":\"https:\\\/\\\/bottanemez.hu\\\/#website\",\"url\":\"https:\\\/\\\/bottanemez.hu\\\/\",\"name\":\"Botta Nemez\",\"description\":\"Nemez\",\"publisher\":{\"@id\":\"https:\\\/\\\/bottanemez.hu\\\/#\\\/schema\\\/person\\\/e0b43b47c83f1b8ec5102569c7e47946\"},\"potentialAction\":[{\"@type\":\"SearchAction\",\"target\":{\"@type\":\"EntryPoint\",\"urlTemplate\":\"https:\\\/\\\/bottanemez.hu\\\/?s={search_term_string}\"},\"query-input\":{\"@type\":\"PropertyValueSpecification\",\"valueRequired\":true,\"valueName\":\"search_term_string\"}}],\"inLanguage\":\"en-GB\"},{\"@type\":[\"Person\",\"Organization\"],\"@id\":\"https:\\\/\\\/bottanemez.hu\\\/#\\\/schema\\\/person\\\/e0b43b47c83f1b8ec5102569c7e47946\",\"name\":\"nemezShop\",\"image\":{\"@type\":\"ImageObject\",\"inLanguage\":\"en-GB\",\"@id\":\"https:\\\/\\\/bottanemez.hu\\\/wp-content\\\/uploads\\\/2022\\\/10\\\/cropped-bottaNemezLogo.png\",\"url\":\"https:\\\/\\\/bottanemez.hu\\\/wp-content\\\/uploads\\\/2022\\\/10\\\/cropped-bottaNemezLogo.png\",\"contentUrl\":\"https:\\\/\\\/bottanemez.hu\\\/wp-content\\\/uploads\\\/2022\\\/10\\\/cropped-bottaNemezLogo.png\",\"width\":301,\"height\":301,\"caption\":\"nemezShop\"},\"logo\":{\"@id\":\"https:\\\/\\\/bottanemez.hu\\\/wp-content\\\/uploads\\\/2022\\\/10\\\/cropped-bottaNemezLogo.png\"},\"sameAs\":[\"https:\\\/\\\/vilagitopolo.hu\",\"https:\\\/\\\/www.facebook.com\\\/bottanemez\"]}]}<\/script>\n<meta property=\"product:price:amount\" content=\"35000\" \/>\n<meta property=\"product:price:currency\" content=\"HUF\" \/>\n<meta property=\"og:availability\" content=\"instock\" \/>\n<meta property=\"product:availability\" content=\"instock\" \/>\n<meta property=\"product:retailer_item_id\" content=\"3e4987058524\" \/>\n<meta property=\"product:condition\" content=\"new\" \/>\n<!-- \/ Yoast SEO Premium plugin. -->","yoast_head_json":{"title":"Fekete-feh\u00e9r k\u00e1la st\u00f3la - Botta Nemez","description":"Ausztr\u00e1l merin\u00f3 gyapj\u00fa, g\u00e9z szeg\u00e9llyel, rojtokkal. Hat feh\u00e9r kidomborod\u00f3 k\u00e1la vir\u00e1ggal \u00e9s hat sz\u00fcrke lel\u00f3g\u00f3 k\u00e1la vir\u00e1ggal az alj\u00e1n.","robots":{"index":"index","follow":"follow","max-snippet":"max-snippet:-1","max-image-preview":"max-image-preview:large","max-video-preview":"max-video-preview:-1"},"canonical":"https:\/\/bottanemez.hu\/en\/product\/fekete-feher-kendo\/","og_locale":"en_GB","og_type":"article","og_title":"Fekete-feh\u00e9r k\u00e1la st\u00f3la","og_description":"Ausztr\u00e1l merin\u00f3 gyapj\u00fa, g\u00e9z szeg\u00e9llyel, rojtokkal. Hat feh\u00e9r kidomborod\u00f3 k\u00e1la vir\u00e1ggal \u00e9s hat sz\u00fcrke lel\u00f3g\u00f3 k\u00e1la vir\u00e1ggal az alj\u00e1n.","og_url":"https:\/\/bottanemez.hu\/en\/product\/fekete-feher-kendo\/","og_site_name":"Botta Nemez","article_publisher":"https:\/\/www.facebook.com\/bottanemez","article_modified_time":"2025-04-10T08:23:58+00:00","og_image":[{"width":1434,"height":1920,"url":"https:\/\/bottanemez.hu\/wp-content\/uploads\/2022\/10\/IMG_1318.jpg","type":"image\/jpeg"}],"twitter_card":"summary_large_image","twitter_misc":{"Price":"35.000&nbsp;&#70;&#116;","Availability":"In stock"},"schema":{"@context":"https:\/\/schema.org","@graph":[{"@type":"WebPage","@id":"https:\/\/bottanemez.hu\/termek\/fekete-feher-kendo\/","url":"https:\/\/bottanemez.hu\/termek\/fekete-feher-kendo\/","name":"Fekete-feh\u00e9r k\u00e1la st\u00f3la - Botta Nemez","isPartOf":{"@id":"https:\/\/bottanemez.hu\/#website"},"primaryImageOfPage":{"@id":"https:\/\/bottanemez.hu\/termek\/fekete-feher-kendo\/#primaryimage"},"image":{"@id":"https:\/\/bottanemez.hu\/termek\/fekete-feher-kendo\/#primaryimage"},"thumbnailUrl":"https:\/\/bottanemez.hu\/wp-content\/uploads\/2022\/10\/IMG_1318.jpg","datePublished":"2022-10-20T08:41:31+00:00","dateModified":"2025-04-10T08:23:58+00:00","description":"Ausztr\u00e1l merin\u00f3 gyapj\u00fa, g\u00e9z szeg\u00e9llyel, rojtokkal. Hat feh\u00e9r kidomborod\u00f3 k\u00e1la vir\u00e1ggal \u00e9s hat sz\u00fcrke lel\u00f3g\u00f3 k\u00e1la vir\u00e1ggal az alj\u00e1n.","breadcrumb":{"@id":"https:\/\/bottanemez.hu\/termek\/fekete-feher-kendo\/#breadcrumb"},"inLanguage":"en-GB","potentialAction":[{"@type":"ReadAction","target":["https:\/\/bottanemez.hu\/termek\/fekete-feher-kendo\/"]}]},{"@type":"ImageObject","inLanguage":"en-GB","@id":"https:\/\/bottanemez.hu\/termek\/fekete-feher-kendo\/#primaryimage","url":"https:\/\/bottanemez.hu\/wp-content\/uploads\/2022\/10\/IMG_1318.jpg","contentUrl":"https:\/\/bottanemez.hu\/wp-content\/uploads\/2022\/10\/IMG_1318.jpg","width":1434,"height":1920},{"@type":"BreadcrumbList","@id":"https:\/\/bottanemez.hu\/termek\/fekete-feher-kendo\/#breadcrumb","itemListElement":[{"@type":"ListItem","position":1,"name":"Home","item":"https:\/\/bottanemez.hu\/"},{"@type":"ListItem","position":2,"name":"Webshop","item":"https:\/\/bottanemez.hu\/nemez-webshop\/"},{"@type":"ListItem","position":3,"name":"Fekete-feh\u00e9r k\u00e1la st\u00f3la"}]},{"@type":"WebSite","@id":"https:\/\/bottanemez.hu\/#website","url":"https:\/\/bottanemez.hu\/","name":"BottaFeltArt","description":"Nemez","publisher":{"@id":"https:\/\/bottanemez.hu\/#\/schema\/person\/e0b43b47c83f1b8ec5102569c7e47946"},"potentialAction":[{"@type":"SearchAction","target":{"@type":"EntryPoint","urlTemplate":"https:\/\/bottanemez.hu\/?s={search_term_string}"},"query-input":{"@type":"PropertyValueSpecification","valueRequired":true,"valueName":"search_term_string"}}],"inLanguage":"en-GB"},{"@type":["Person","Organization"],"@id":"https:\/\/bottanemez.hu\/#\/schema\/person\/e0b43b47c83f1b8ec5102569c7e47946","name":"nemezShop","image":{"@type":"ImageObject","inLanguage":"en-GB","@id":"https:\/\/bottanemez.hu\/wp-content\/uploads\/2022\/10\/cropped-bottaNemezLogo.png","url":"https:\/\/bottanemez.hu\/wp-content\/uploads\/2022\/10\/cropped-bottaNemezLogo.png","contentUrl":"https:\/\/bottanemez.hu\/wp-content\/uploads\/2022\/10\/cropped-bottaNemezLogo.png","width":301,"height":301,"caption":"nemezShop"},"logo":{"@id":"https:\/\/bottanemez.hu\/wp-content\/uploads\/2022\/10\/cropped-bottaNemezLogo.png"},"sameAs":["https:\/\/vilagitopolo.hu","https:\/\/www.facebook.com\/bottanemez"]}]},"product_price_amount":"35000","product_price_currency":"HUF","og_availability":"instock","product_availability":"instock","product_retailer_item_id":"3e4987058524","product_condition":"new"},"_links":{"self":[{"href":"https:\/\/bottanemez.hu\/en\/wp-json\/wp\/v2\/product\/2440","targetHints":{"allow":["GET"]}}],"collection":[{"href":"https:\/\/bottanemez.hu\/en\/wp-json\/wp\/v2\/product"}],"about":[{"href":"https:\/\/bottanemez.hu\/en\/wp-json\/wp\/v2\/types\/product"}],"wp:featuredmedia":[{"embeddable":true,"href":"https:\/\/bottanemez.hu\/en\/wp-json\/wp\/v2\/media\/2441"}],"wp:attachment":[{"href":"https:\/\/bottanemez.hu\/en\/wp-json\/wp\/v2\/media?parent=2440"}],"wp:term":[{"taxonomy":"product_brand","embeddable":true,"href":"https:\/\/bottanemez.hu\/en\/wp-json\/wp\/v2\/product_brand?post=2440"},{"taxonomy":"product_cat","embeddable":true,"href":"https:\/\/bottanemez.hu\/en\/wp-json\/wp\/v2\/product_cat?post=2440"},{"taxonomy":"product_tag","embeddable":true,"href":"https:\/\/bottanemez.hu\/en\/wp-json\/wp\/v2\/product_tag?post=2440"}],"curies":[{"name":"wp","href":"https:\/\/api.w.org\/{rel}","templated":true}]}}