{"id":2426,"date":"2022-10-20T08:41:07","date_gmt":"2022-10-20T08:41:07","guid":{"rendered":"https:\/\/vilagitopolo.hu\/termek\/attetszo-stola\/"},"modified":"2025-04-10T08:19:46","modified_gmt":"2025-04-10T08:19:46","slug":"feher-stola-kendo","status":"publish","type":"product","link":"https:\/\/bottanemez.hu\/en\/product\/feher-stola-kendo\/","title":{"rendered":"\u00c1ttetsz\u0151 st\u00f3la"},"content":{"rendered":"<p>Organz\u00e1ra nemezelt ausztr\u00e1l merino gyapj\u00fa, selyemsz\u00e1lakkal. K\u00f6nnyed es\u00e9s\u0171, eleg\u00e1ns tavaszi-ny\u00e1ri, \u00e1ttetsz\u0151 v\u00e1llkend\u0151, st\u00f3la.<\/p>\n<p>M\u00e9rete: 140cm x 50cm<\/p>","protected":false},"excerpt":{"rendered":"<p>Anyaga: ausztr\u00e1l merin\u00f3 gyapj\u00fa, selyem sz\u00e1l, organza.<\/p>\n<p>M\u00e9rete: 140cm x 50cm<\/p>","protected":false},"featured_media":2427,"template":"","meta":[],"product_brand":[],"product_cat":[24],"product_tag":[],"class_list":{"0":"post-2426","1":"product","2":"type-product","3":"status-publish","4":"has-post-thumbnail","6":"product_cat-nemez-sal","8":"first","9":"instock","10":"sale","11":"purchasable","12":"product-type-simple"},"yoast_head":"<!-- This site is optimized with the Yoast SEO Premium plugin v27.6 (Yoast SEO v27.6) - https:\/\/yoast.com\/product\/yoast-seo-premium-wordpress\/ -->\n<title>\u00c1ttetsz\u0151 st\u00f3la - Botta Nemez<\/title>\n<meta name=\"description\" content=\"Organz\u00e1ra nemezelt ausztr\u00e1l merino gyapj\u00fa, selyemsz\u00e1lakkal. K\u00f6nnyed es\u00e9s\u0171, eleg\u00e1ns tavaszi-ny\u00e1ri, \u00e1ttetsz\u0151 v\u00e1llkend\u0151, st\u00f3la.\" \/>\n<meta name=\"robots\" content=\"index, follow, max-snippet:-1, max-image-preview:large, max-video-preview:-1\" \/>\n<link rel=\"canonical\" href=\"https:\/\/bottanemez.hu\/en\/product\/feher-stola-kendo\/\" \/>\n<meta property=\"og:locale\" content=\"en_GB\" \/>\n<meta property=\"og:type\" content=\"article\" \/>\n<meta property=\"og:title\" content=\"\u00c1ttetsz\u0151 st\u00f3la\" \/>\n<meta property=\"og:description\" content=\"Organz\u00e1ra nemezelt ausztr\u00e1l merino gyapj\u00fa, selyemsz\u00e1lakkal. K\u00f6nnyed es\u00e9s\u0171, eleg\u00e1ns tavaszi-ny\u00e1ri, \u00e1ttetsz\u0151 v\u00e1llkend\u0151, st\u00f3la.\" \/>\n<meta property=\"og:url\" content=\"https:\/\/bottanemez.hu\/en\/product\/feher-stola-kendo\/\" \/>\n<meta property=\"og:site_name\" content=\"Botta Nemez\" \/>\n<meta property=\"article:publisher\" content=\"https:\/\/www.facebook.com\/bottanemez\" \/>\n<meta property=\"article:modified_time\" content=\"2025-04-10T08:19:46+00:00\" \/>\n<meta property=\"og:image\" content=\"https:\/\/bottanemez.hu\/wp-content\/uploads\/2022\/10\/IMG_1643.jpg\" \/>\n\t<meta property=\"og:image:width\" content=\"1434\" \/>\n\t<meta property=\"og:image:height\" content=\"1920\" \/>\n\t<meta property=\"og:image:type\" content=\"image\/jpeg\" \/>\n<meta name=\"twitter:card\" content=\"summary_large_image\" \/>\n<meta name=\"twitter:label1\" content=\"Price\" \/>\n\t<meta name=\"twitter:data1\" content=\"15.000&nbsp;&#070;&#116;\" \/>\n\t<meta name=\"twitter:label2\" content=\"Availability\" \/>\n\t<meta name=\"twitter:data2\" content=\"In stock\" \/>\n<script type=\"application\/ld+json\" class=\"yoast-schema-graph\">{\"@context\":\"https:\\\/\\\/schema.org\",\"@graph\":[{\"@type\":\"WebPage\",\"@id\":\"https:\\\/\\\/bottanemez.hu\\\/termek\\\/feher-stola-kendo\\\/\",\"url\":\"https:\\\/\\\/bottanemez.hu\\\/termek\\\/feher-stola-kendo\\\/\",\"name\":\"\u00c1ttetsz\u0151 st\u00f3la - Botta Nemez\",\"isPartOf\":{\"@id\":\"https:\\\/\\\/bottanemez.hu\\\/#website\"},\"primaryImageOfPage\":{\"@id\":\"https:\\\/\\\/bottanemez.hu\\\/termek\\\/feher-stola-kendo\\\/#primaryimage\"},\"image\":{\"@id\":\"https:\\\/\\\/bottanemez.hu\\\/termek\\\/feher-stola-kendo\\\/#primaryimage\"},\"thumbnailUrl\":\"https:\\\/\\\/bottanemez.hu\\\/wp-content\\\/uploads\\\/2022\\\/10\\\/IMG_1643.jpg\",\"datePublished\":\"2022-10-20T08:41:07+00:00\",\"dateModified\":\"2025-04-10T08:19:46+00:00\",\"description\":\"Organz\u00e1ra nemezelt ausztr\u00e1l merino gyapj\u00fa, selyemsz\u00e1lakkal. K\u00f6nnyed es\u00e9s\u0171, eleg\u00e1ns tavaszi-ny\u00e1ri, \u00e1ttetsz\u0151 v\u00e1llkend\u0151, st\u00f3la.\",\"breadcrumb\":{\"@id\":\"https:\\\/\\\/bottanemez.hu\\\/termek\\\/feher-stola-kendo\\\/#breadcrumb\"},\"inLanguage\":\"en-GB\",\"potentialAction\":[{\"@type\":\"ReadAction\",\"target\":[\"https:\\\/\\\/bottanemez.hu\\\/termek\\\/feher-stola-kendo\\\/\"]}]},{\"@type\":\"ImageObject\",\"inLanguage\":\"en-GB\",\"@id\":\"https:\\\/\\\/bottanemez.hu\\\/termek\\\/feher-stola-kendo\\\/#primaryimage\",\"url\":\"https:\\\/\\\/bottanemez.hu\\\/wp-content\\\/uploads\\\/2022\\\/10\\\/IMG_1643.jpg\",\"contentUrl\":\"https:\\\/\\\/bottanemez.hu\\\/wp-content\\\/uploads\\\/2022\\\/10\\\/IMG_1643.jpg\",\"width\":1434,\"height\":1920},{\"@type\":\"BreadcrumbList\",\"@id\":\"https:\\\/\\\/bottanemez.hu\\\/termek\\\/feher-stola-kendo\\\/#breadcrumb\",\"itemListElement\":[{\"@type\":\"ListItem\",\"position\":1,\"name\":\"Home\",\"item\":\"https:\\\/\\\/bottanemez.hu\\\/\"},{\"@type\":\"ListItem\",\"position\":2,\"name\":\"Webshop\",\"item\":\"https:\\\/\\\/bottanemez.hu\\\/nemez-webshop\\\/\"},{\"@type\":\"ListItem\",\"position\":3,\"name\":\"\u00c1ttetsz\u0151 st\u00f3la\"}]},{\"@type\":\"WebSite\",\"@id\":\"https:\\\/\\\/bottanemez.hu\\\/#website\",\"url\":\"https:\\\/\\\/bottanemez.hu\\\/\",\"name\":\"Botta Nemez\",\"description\":\"Nemez\",\"publisher\":{\"@id\":\"https:\\\/\\\/bottanemez.hu\\\/#\\\/schema\\\/person\\\/e0b43b47c83f1b8ec5102569c7e47946\"},\"potentialAction\":[{\"@type\":\"SearchAction\",\"target\":{\"@type\":\"EntryPoint\",\"urlTemplate\":\"https:\\\/\\\/bottanemez.hu\\\/?s={search_term_string}\"},\"query-input\":{\"@type\":\"PropertyValueSpecification\",\"valueRequired\":true,\"valueName\":\"search_term_string\"}}],\"inLanguage\":\"en-GB\"},{\"@type\":[\"Person\",\"Organization\"],\"@id\":\"https:\\\/\\\/bottanemez.hu\\\/#\\\/schema\\\/person\\\/e0b43b47c83f1b8ec5102569c7e47946\",\"name\":\"nemezShop\",\"image\":{\"@type\":\"ImageObject\",\"inLanguage\":\"en-GB\",\"@id\":\"https:\\\/\\\/bottanemez.hu\\\/wp-content\\\/uploads\\\/2022\\\/10\\\/cropped-bottaNemezLogo.png\",\"url\":\"https:\\\/\\\/bottanemez.hu\\\/wp-content\\\/uploads\\\/2022\\\/10\\\/cropped-bottaNemezLogo.png\",\"contentUrl\":\"https:\\\/\\\/bottanemez.hu\\\/wp-content\\\/uploads\\\/2022\\\/10\\\/cropped-bottaNemezLogo.png\",\"width\":301,\"height\":301,\"caption\":\"nemezShop\"},\"logo\":{\"@id\":\"https:\\\/\\\/bottanemez.hu\\\/wp-content\\\/uploads\\\/2022\\\/10\\\/cropped-bottaNemezLogo.png\"},\"sameAs\":[\"https:\\\/\\\/vilagitopolo.hu\",\"https:\\\/\\\/www.facebook.com\\\/bottanemez\"]}]}<\/script>\n<meta property=\"product:price:amount\" content=\"15000\" \/>\n<meta property=\"product:price:currency\" content=\"HUF\" \/>\n<meta property=\"og:availability\" content=\"instock\" \/>\n<meta property=\"product:availability\" content=\"instock\" \/>\n<meta property=\"product:retailer_item_id\" content=\"326d70fd5fe0\" \/>\n<meta property=\"product:condition\" content=\"new\" \/>\n<!-- \/ Yoast SEO Premium plugin. -->","yoast_head_json":{"title":"\u00c1ttetsz\u0151 st\u00f3la - Botta Nemez","description":"Organz\u00e1ra nemezelt ausztr\u00e1l merino gyapj\u00fa, selyemsz\u00e1lakkal. K\u00f6nnyed es\u00e9s\u0171, eleg\u00e1ns tavaszi-ny\u00e1ri, \u00e1ttetsz\u0151 v\u00e1llkend\u0151, st\u00f3la.","robots":{"index":"index","follow":"follow","max-snippet":"max-snippet:-1","max-image-preview":"max-image-preview:large","max-video-preview":"max-video-preview:-1"},"canonical":"https:\/\/bottanemez.hu\/en\/product\/feher-stola-kendo\/","og_locale":"en_GB","og_type":"article","og_title":"\u00c1ttetsz\u0151 st\u00f3la","og_description":"Organz\u00e1ra nemezelt ausztr\u00e1l merino gyapj\u00fa, selyemsz\u00e1lakkal. K\u00f6nnyed es\u00e9s\u0171, eleg\u00e1ns tavaszi-ny\u00e1ri, \u00e1ttetsz\u0151 v\u00e1llkend\u0151, st\u00f3la.","og_url":"https:\/\/bottanemez.hu\/en\/product\/feher-stola-kendo\/","og_site_name":"Botta Nemez","article_publisher":"https:\/\/www.facebook.com\/bottanemez","article_modified_time":"2025-04-10T08:19:46+00:00","og_image":[{"width":1434,"height":1920,"url":"https:\/\/bottanemez.hu\/wp-content\/uploads\/2022\/10\/IMG_1643.jpg","type":"image\/jpeg"}],"twitter_card":"summary_large_image","twitter_misc":{"Price":"15.000&nbsp;&#70;&#116;","Availability":"In stock"},"schema":{"@context":"https:\/\/schema.org","@graph":[{"@type":"WebPage","@id":"https:\/\/bottanemez.hu\/termek\/feher-stola-kendo\/","url":"https:\/\/bottanemez.hu\/termek\/feher-stola-kendo\/","name":"\u00c1ttetsz\u0151 st\u00f3la - Botta Nemez","isPartOf":{"@id":"https:\/\/bottanemez.hu\/#website"},"primaryImageOfPage":{"@id":"https:\/\/bottanemez.hu\/termek\/feher-stola-kendo\/#primaryimage"},"image":{"@id":"https:\/\/bottanemez.hu\/termek\/feher-stola-kendo\/#primaryimage"},"thumbnailUrl":"https:\/\/bottanemez.hu\/wp-content\/uploads\/2022\/10\/IMG_1643.jpg","datePublished":"2022-10-20T08:41:07+00:00","dateModified":"2025-04-10T08:19:46+00:00","description":"Organz\u00e1ra nemezelt ausztr\u00e1l merino gyapj\u00fa, selyemsz\u00e1lakkal. K\u00f6nnyed es\u00e9s\u0171, eleg\u00e1ns tavaszi-ny\u00e1ri, \u00e1ttetsz\u0151 v\u00e1llkend\u0151, st\u00f3la.","breadcrumb":{"@id":"https:\/\/bottanemez.hu\/termek\/feher-stola-kendo\/#breadcrumb"},"inLanguage":"en-GB","potentialAction":[{"@type":"ReadAction","target":["https:\/\/bottanemez.hu\/termek\/feher-stola-kendo\/"]}]},{"@type":"ImageObject","inLanguage":"en-GB","@id":"https:\/\/bottanemez.hu\/termek\/feher-stola-kendo\/#primaryimage","url":"https:\/\/bottanemez.hu\/wp-content\/uploads\/2022\/10\/IMG_1643.jpg","contentUrl":"https:\/\/bottanemez.hu\/wp-content\/uploads\/2022\/10\/IMG_1643.jpg","width":1434,"height":1920},{"@type":"BreadcrumbList","@id":"https:\/\/bottanemez.hu\/termek\/feher-stola-kendo\/#breadcrumb","itemListElement":[{"@type":"ListItem","position":1,"name":"Home","item":"https:\/\/bottanemez.hu\/"},{"@type":"ListItem","position":2,"name":"Webshop","item":"https:\/\/bottanemez.hu\/nemez-webshop\/"},{"@type":"ListItem","position":3,"name":"\u00c1ttetsz\u0151 st\u00f3la"}]},{"@type":"WebSite","@id":"https:\/\/bottanemez.hu\/#website","url":"https:\/\/bottanemez.hu\/","name":"BottaFeltArt","description":"Nemez","publisher":{"@id":"https:\/\/bottanemez.hu\/#\/schema\/person\/e0b43b47c83f1b8ec5102569c7e47946"},"potentialAction":[{"@type":"SearchAction","target":{"@type":"EntryPoint","urlTemplate":"https:\/\/bottanemez.hu\/?s={search_term_string}"},"query-input":{"@type":"PropertyValueSpecification","valueRequired":true,"valueName":"search_term_string"}}],"inLanguage":"en-GB"},{"@type":["Person","Organization"],"@id":"https:\/\/bottanemez.hu\/#\/schema\/person\/e0b43b47c83f1b8ec5102569c7e47946","name":"nemezShop","image":{"@type":"ImageObject","inLanguage":"en-GB","@id":"https:\/\/bottanemez.hu\/wp-content\/uploads\/2022\/10\/cropped-bottaNemezLogo.png","url":"https:\/\/bottanemez.hu\/wp-content\/uploads\/2022\/10\/cropped-bottaNemezLogo.png","contentUrl":"https:\/\/bottanemez.hu\/wp-content\/uploads\/2022\/10\/cropped-bottaNemezLogo.png","width":301,"height":301,"caption":"nemezShop"},"logo":{"@id":"https:\/\/bottanemez.hu\/wp-content\/uploads\/2022\/10\/cropped-bottaNemezLogo.png"},"sameAs":["https:\/\/vilagitopolo.hu","https:\/\/www.facebook.com\/bottanemez"]}]},"product_price_amount":"15000","product_price_currency":"HUF","og_availability":"instock","product_availability":"instock","product_retailer_item_id":"326d70fd5fe0","product_condition":"new"},"_links":{"self":[{"href":"https:\/\/bottanemez.hu\/en\/wp-json\/wp\/v2\/product\/2426","targetHints":{"allow":["GET"]}}],"collection":[{"href":"https:\/\/bottanemez.hu\/en\/wp-json\/wp\/v2\/product"}],"about":[{"href":"https:\/\/bottanemez.hu\/en\/wp-json\/wp\/v2\/types\/product"}],"wp:featuredmedia":[{"embeddable":true,"href":"https:\/\/bottanemez.hu\/en\/wp-json\/wp\/v2\/media\/2427"}],"wp:attachment":[{"href":"https:\/\/bottanemez.hu\/en\/wp-json\/wp\/v2\/media?parent=2426"}],"wp:term":[{"taxonomy":"product_brand","embeddable":true,"href":"https:\/\/bottanemez.hu\/en\/wp-json\/wp\/v2\/product_brand?post=2426"},{"taxonomy":"product_cat","embeddable":true,"href":"https:\/\/bottanemez.hu\/en\/wp-json\/wp\/v2\/product_cat?post=2426"},{"taxonomy":"product_tag","embeddable":true,"href":"https:\/\/bottanemez.hu\/en\/wp-json\/wp\/v2\/product_tag?post=2426"}],"curies":[{"name":"wp","href":"https:\/\/api.w.org\/{rel}","templated":true}]}}