{"id":2419,"date":"2022-10-20T08:41:07","date_gmt":"2022-10-20T08:41:07","guid":{"rendered":"https:\/\/vilagitopolo.hu\/termek\/tuzes-szoknya\/"},"modified":"2022-11-06T07:38:14","modified_gmt":"2022-11-06T07:38:14","slug":"bordo-gyapju-szoknya","status":"publish","type":"product","link":"https:\/\/bottanemez.hu\/en\/product\/bordo-gyapju-szoknya\/","title":{"rendered":"T\u00fczes szoknya"},"content":{"rendered":"<p>V\u00f6r\u00f6s-narancs t\u00fczes sz\u00edn\u0171, ausztr\u00e1l merin\u00f3 gyapj\u00fab\u00f3l nemezelt, pamut v\u00e1szon-selyemsz\u00e1llal d\u00edsz\u00edtett egyenes vonal\u00fa, nemezelt \u00f6vvel h\u00fazott derek\u00fa szoknya. \u0150szi-t\u00e9li viselet, k\u00e9t oldal\u00e1n sliccelt.<\/p>\n<p>M\u00e9retek:<\/p>\n<p>Hossz: 70cm, Der\u00e9k-Cs\u00edp\u0151: 80-100cm, sclicc hossza oldalt: 38cm<\/p>\n<p>Ehhez a szokny\u00e1hoz tal\u00e1lsz pelerint \u00e9s p\u00e9nzt\u00e1rc\u00e1t is!<\/p>","protected":false},"excerpt":{"rendered":"<p>Anyaga:ausztr\u00e1l merin\u00f3 gyapj\u00fa, pamut v\u00e1szon, selyemsz\u00e1llal<\/p>\n<p>\u0150szi-t\u00e9li szoknya, \u00f6vvel m\u00e9retre igaz\u00edthat\u00f3, k\u00e9toldalt sliccelt, egyenes vonal\u00fa.<\/p>\n<p>M\u00e9retek:<\/p>\n<p>Hossz: 70cm, Der\u00e9k-Cs\u00edp\u0151: 80-100cm, sclicc hossza oldalt: 38cm<\/p>\n<p>Ehhez a szokny\u00e1hoz tal\u00e1lsz pelerint \u00e9s p\u00e9nzt\u00e1rc\u00e1t is!<\/p>","protected":false},"featured_media":2420,"template":"","meta":[],"product_brand":[],"product_cat":[28],"product_tag":[],"class_list":{"0":"post-2419","1":"product","2":"type-product","3":"status-publish","4":"has-post-thumbnail","6":"product_cat-nemez-szoknya","8":"first","9":"instock","10":"purchasable","11":"product-type-simple"},"yoast_head":"<!-- This site is optimized with the Yoast SEO Premium plugin v27.6 (Yoast SEO v27.6) - https:\/\/yoast.com\/product\/yoast-seo-premium-wordpress\/ -->\n<title>T\u00fczes szoknya - Botta Nemez<\/title>\n<meta name=\"description\" content=\"V\u00f6r\u00f6s-narancs sz\u00edn\u0171, gyapj\u00fab\u00f3l nemezelt, egyenes vonal\u00fa, nemezelt \u00f6vvel h\u00fazott derek\u00fa szoknya. \u0150szi-t\u00e9li viselet, k\u00e9t oldal\u00e1n sliccelt.\" \/>\n<meta name=\"robots\" content=\"index, follow, max-snippet:-1, max-image-preview:large, max-video-preview:-1\" \/>\n<link rel=\"canonical\" href=\"https:\/\/bottanemez.hu\/en\/product\/bordo-gyapju-szoknya\/\" \/>\n<meta property=\"og:locale\" content=\"en_GB\" \/>\n<meta property=\"og:type\" content=\"article\" \/>\n<meta property=\"og:title\" content=\"T\u00fczes szoknya\" \/>\n<meta property=\"og:description\" content=\"V\u00f6r\u00f6s-narancs sz\u00edn\u0171, gyapj\u00fab\u00f3l nemezelt, egyenes vonal\u00fa, nemezelt \u00f6vvel h\u00fazott derek\u00fa szoknya. \u0150szi-t\u00e9li viselet, k\u00e9t oldal\u00e1n sliccelt.\" \/>\n<meta property=\"og:url\" content=\"https:\/\/bottanemez.hu\/en\/product\/bordo-gyapju-szoknya\/\" \/>\n<meta property=\"og:site_name\" content=\"Botta Nemez\" \/>\n<meta property=\"article:publisher\" content=\"https:\/\/www.facebook.com\/bottanemez\" \/>\n<meta property=\"article:modified_time\" content=\"2022-11-06T07:38:14+00:00\" \/>\n<meta property=\"og:image\" content=\"https:\/\/bottanemez.hu\/wp-content\/uploads\/2022\/10\/IMG_1435.jpg\" \/>\n\t<meta property=\"og:image:width\" content=\"1434\" \/>\n\t<meta property=\"og:image:height\" content=\"1920\" \/>\n\t<meta property=\"og:image:type\" content=\"image\/jpeg\" \/>\n<meta name=\"twitter:card\" content=\"summary_large_image\" \/>\n<meta name=\"twitter:label1\" content=\"Price\" \/>\n\t<meta name=\"twitter:data1\" content=\"38.000&nbsp;&#070;&#116;\" \/>\n\t<meta name=\"twitter:label2\" content=\"Availability\" \/>\n\t<meta name=\"twitter:data2\" content=\"In stock\" \/>\n<script type=\"application\/ld+json\" class=\"yoast-schema-graph\">{\"@context\":\"https:\\\/\\\/schema.org\",\"@graph\":[{\"@type\":\"WebPage\",\"@id\":\"https:\\\/\\\/bottanemez.hu\\\/termek\\\/bordo-gyapju-szoknya\\\/\",\"url\":\"https:\\\/\\\/bottanemez.hu\\\/termek\\\/bordo-gyapju-szoknya\\\/\",\"name\":\"T\u00fczes szoknya - Botta Nemez\",\"isPartOf\":{\"@id\":\"https:\\\/\\\/bottanemez.hu\\\/#website\"},\"primaryImageOfPage\":{\"@id\":\"https:\\\/\\\/bottanemez.hu\\\/termek\\\/bordo-gyapju-szoknya\\\/#primaryimage\"},\"image\":{\"@id\":\"https:\\\/\\\/bottanemez.hu\\\/termek\\\/bordo-gyapju-szoknya\\\/#primaryimage\"},\"thumbnailUrl\":\"https:\\\/\\\/bottanemez.hu\\\/wp-content\\\/uploads\\\/2022\\\/10\\\/IMG_1435.jpg\",\"datePublished\":\"2022-10-20T08:41:07+00:00\",\"dateModified\":\"2022-11-06T07:38:14+00:00\",\"description\":\"V\u00f6r\u00f6s-narancs sz\u00edn\u0171, gyapj\u00fab\u00f3l nemezelt, egyenes vonal\u00fa, nemezelt \u00f6vvel h\u00fazott derek\u00fa szoknya. \u0150szi-t\u00e9li viselet, k\u00e9t oldal\u00e1n sliccelt.\",\"breadcrumb\":{\"@id\":\"https:\\\/\\\/bottanemez.hu\\\/termek\\\/bordo-gyapju-szoknya\\\/#breadcrumb\"},\"inLanguage\":\"en-GB\",\"potentialAction\":[{\"@type\":\"ReadAction\",\"target\":[\"https:\\\/\\\/bottanemez.hu\\\/termek\\\/bordo-gyapju-szoknya\\\/\"]}]},{\"@type\":\"ImageObject\",\"inLanguage\":\"en-GB\",\"@id\":\"https:\\\/\\\/bottanemez.hu\\\/termek\\\/bordo-gyapju-szoknya\\\/#primaryimage\",\"url\":\"https:\\\/\\\/bottanemez.hu\\\/wp-content\\\/uploads\\\/2022\\\/10\\\/IMG_1435.jpg\",\"contentUrl\":\"https:\\\/\\\/bottanemez.hu\\\/wp-content\\\/uploads\\\/2022\\\/10\\\/IMG_1435.jpg\",\"width\":1434,\"height\":1920},{\"@type\":\"BreadcrumbList\",\"@id\":\"https:\\\/\\\/bottanemez.hu\\\/termek\\\/bordo-gyapju-szoknya\\\/#breadcrumb\",\"itemListElement\":[{\"@type\":\"ListItem\",\"position\":1,\"name\":\"Home\",\"item\":\"https:\\\/\\\/bottanemez.hu\\\/\"},{\"@type\":\"ListItem\",\"position\":2,\"name\":\"Webshop\",\"item\":\"https:\\\/\\\/bottanemez.hu\\\/nemez-webshop\\\/\"},{\"@type\":\"ListItem\",\"position\":3,\"name\":\"T\u00fczes szoknya\"}]},{\"@type\":\"WebSite\",\"@id\":\"https:\\\/\\\/bottanemez.hu\\\/#website\",\"url\":\"https:\\\/\\\/bottanemez.hu\\\/\",\"name\":\"Botta Nemez\",\"description\":\"Nemez\",\"publisher\":{\"@id\":\"https:\\\/\\\/bottanemez.hu\\\/#\\\/schema\\\/person\\\/e0b43b47c83f1b8ec5102569c7e47946\"},\"potentialAction\":[{\"@type\":\"SearchAction\",\"target\":{\"@type\":\"EntryPoint\",\"urlTemplate\":\"https:\\\/\\\/bottanemez.hu\\\/?s={search_term_string}\"},\"query-input\":{\"@type\":\"PropertyValueSpecification\",\"valueRequired\":true,\"valueName\":\"search_term_string\"}}],\"inLanguage\":\"en-GB\"},{\"@type\":[\"Person\",\"Organization\"],\"@id\":\"https:\\\/\\\/bottanemez.hu\\\/#\\\/schema\\\/person\\\/e0b43b47c83f1b8ec5102569c7e47946\",\"name\":\"nemezShop\",\"image\":{\"@type\":\"ImageObject\",\"inLanguage\":\"en-GB\",\"@id\":\"https:\\\/\\\/bottanemez.hu\\\/wp-content\\\/uploads\\\/2022\\\/10\\\/cropped-bottaNemezLogo.png\",\"url\":\"https:\\\/\\\/bottanemez.hu\\\/wp-content\\\/uploads\\\/2022\\\/10\\\/cropped-bottaNemezLogo.png\",\"contentUrl\":\"https:\\\/\\\/bottanemez.hu\\\/wp-content\\\/uploads\\\/2022\\\/10\\\/cropped-bottaNemezLogo.png\",\"width\":301,\"height\":301,\"caption\":\"nemezShop\"},\"logo\":{\"@id\":\"https:\\\/\\\/bottanemez.hu\\\/wp-content\\\/uploads\\\/2022\\\/10\\\/cropped-bottaNemezLogo.png\"},\"sameAs\":[\"https:\\\/\\\/vilagitopolo.hu\",\"https:\\\/\\\/www.facebook.com\\\/bottanemez\"]}]}<\/script>\n<meta property=\"product:price:amount\" content=\"38000\" \/>\n<meta property=\"product:price:currency\" content=\"HUF\" \/>\n<meta property=\"og:availability\" content=\"instock\" \/>\n<meta property=\"product:availability\" content=\"instock\" \/>\n<meta property=\"product:retailer_item_id\" content=\"0f4603520635\" \/>\n<meta property=\"product:condition\" content=\"new\" \/>\n<!-- \/ Yoast SEO Premium plugin. -->","yoast_head_json":{"title":"T\u00fczes szoknya - Botta Nemez","description":"V\u00f6r\u00f6s-narancs sz\u00edn\u0171, gyapj\u00fab\u00f3l nemezelt, egyenes vonal\u00fa, nemezelt \u00f6vvel h\u00fazott derek\u00fa szoknya. \u0150szi-t\u00e9li viselet, k\u00e9t oldal\u00e1n sliccelt.","robots":{"index":"index","follow":"follow","max-snippet":"max-snippet:-1","max-image-preview":"max-image-preview:large","max-video-preview":"max-video-preview:-1"},"canonical":"https:\/\/bottanemez.hu\/en\/product\/bordo-gyapju-szoknya\/","og_locale":"en_GB","og_type":"article","og_title":"T\u00fczes szoknya","og_description":"V\u00f6r\u00f6s-narancs sz\u00edn\u0171, gyapj\u00fab\u00f3l nemezelt, egyenes vonal\u00fa, nemezelt \u00f6vvel h\u00fazott derek\u00fa szoknya. \u0150szi-t\u00e9li viselet, k\u00e9t oldal\u00e1n sliccelt.","og_url":"https:\/\/bottanemez.hu\/en\/product\/bordo-gyapju-szoknya\/","og_site_name":"Botta Nemez","article_publisher":"https:\/\/www.facebook.com\/bottanemez","article_modified_time":"2022-11-06T07:38:14+00:00","og_image":[{"width":1434,"height":1920,"url":"https:\/\/bottanemez.hu\/wp-content\/uploads\/2022\/10\/IMG_1435.jpg","type":"image\/jpeg"}],"twitter_card":"summary_large_image","twitter_misc":{"Price":"38.000&nbsp;&#70;&#116;","Availability":"In stock"},"schema":{"@context":"https:\/\/schema.org","@graph":[{"@type":"WebPage","@id":"https:\/\/bottanemez.hu\/termek\/bordo-gyapju-szoknya\/","url":"https:\/\/bottanemez.hu\/termek\/bordo-gyapju-szoknya\/","name":"T\u00fczes szoknya - Botta Nemez","isPartOf":{"@id":"https:\/\/bottanemez.hu\/#website"},"primaryImageOfPage":{"@id":"https:\/\/bottanemez.hu\/termek\/bordo-gyapju-szoknya\/#primaryimage"},"image":{"@id":"https:\/\/bottanemez.hu\/termek\/bordo-gyapju-szoknya\/#primaryimage"},"thumbnailUrl":"https:\/\/bottanemez.hu\/wp-content\/uploads\/2022\/10\/IMG_1435.jpg","datePublished":"2022-10-20T08:41:07+00:00","dateModified":"2022-11-06T07:38:14+00:00","description":"V\u00f6r\u00f6s-narancs sz\u00edn\u0171, gyapj\u00fab\u00f3l nemezelt, egyenes vonal\u00fa, nemezelt \u00f6vvel h\u00fazott derek\u00fa szoknya. \u0150szi-t\u00e9li viselet, k\u00e9t oldal\u00e1n sliccelt.","breadcrumb":{"@id":"https:\/\/bottanemez.hu\/termek\/bordo-gyapju-szoknya\/#breadcrumb"},"inLanguage":"en-GB","potentialAction":[{"@type":"ReadAction","target":["https:\/\/bottanemez.hu\/termek\/bordo-gyapju-szoknya\/"]}]},{"@type":"ImageObject","inLanguage":"en-GB","@id":"https:\/\/bottanemez.hu\/termek\/bordo-gyapju-szoknya\/#primaryimage","url":"https:\/\/bottanemez.hu\/wp-content\/uploads\/2022\/10\/IMG_1435.jpg","contentUrl":"https:\/\/bottanemez.hu\/wp-content\/uploads\/2022\/10\/IMG_1435.jpg","width":1434,"height":1920},{"@type":"BreadcrumbList","@id":"https:\/\/bottanemez.hu\/termek\/bordo-gyapju-szoknya\/#breadcrumb","itemListElement":[{"@type":"ListItem","position":1,"name":"Home","item":"https:\/\/bottanemez.hu\/"},{"@type":"ListItem","position":2,"name":"Webshop","item":"https:\/\/bottanemez.hu\/nemez-webshop\/"},{"@type":"ListItem","position":3,"name":"T\u00fczes szoknya"}]},{"@type":"WebSite","@id":"https:\/\/bottanemez.hu\/#website","url":"https:\/\/bottanemez.hu\/","name":"BottaFeltArt","description":"Nemez","publisher":{"@id":"https:\/\/bottanemez.hu\/#\/schema\/person\/e0b43b47c83f1b8ec5102569c7e47946"},"potentialAction":[{"@type":"SearchAction","target":{"@type":"EntryPoint","urlTemplate":"https:\/\/bottanemez.hu\/?s={search_term_string}"},"query-input":{"@type":"PropertyValueSpecification","valueRequired":true,"valueName":"search_term_string"}}],"inLanguage":"en-GB"},{"@type":["Person","Organization"],"@id":"https:\/\/bottanemez.hu\/#\/schema\/person\/e0b43b47c83f1b8ec5102569c7e47946","name":"nemezShop","image":{"@type":"ImageObject","inLanguage":"en-GB","@id":"https:\/\/bottanemez.hu\/wp-content\/uploads\/2022\/10\/cropped-bottaNemezLogo.png","url":"https:\/\/bottanemez.hu\/wp-content\/uploads\/2022\/10\/cropped-bottaNemezLogo.png","contentUrl":"https:\/\/bottanemez.hu\/wp-content\/uploads\/2022\/10\/cropped-bottaNemezLogo.png","width":301,"height":301,"caption":"nemezShop"},"logo":{"@id":"https:\/\/bottanemez.hu\/wp-content\/uploads\/2022\/10\/cropped-bottaNemezLogo.png"},"sameAs":["https:\/\/vilagitopolo.hu","https:\/\/www.facebook.com\/bottanemez"]}]},"product_price_amount":"38000","product_price_currency":"HUF","og_availability":"instock","product_availability":"instock","product_retailer_item_id":"0f4603520635","product_condition":"new"},"_links":{"self":[{"href":"https:\/\/bottanemez.hu\/en\/wp-json\/wp\/v2\/product\/2419","targetHints":{"allow":["GET"]}}],"collection":[{"href":"https:\/\/bottanemez.hu\/en\/wp-json\/wp\/v2\/product"}],"about":[{"href":"https:\/\/bottanemez.hu\/en\/wp-json\/wp\/v2\/types\/product"}],"wp:featuredmedia":[{"embeddable":true,"href":"https:\/\/bottanemez.hu\/en\/wp-json\/wp\/v2\/media\/2420"}],"wp:attachment":[{"href":"https:\/\/bottanemez.hu\/en\/wp-json\/wp\/v2\/media?parent=2419"}],"wp:term":[{"taxonomy":"product_brand","embeddable":true,"href":"https:\/\/bottanemez.hu\/en\/wp-json\/wp\/v2\/product_brand?post=2419"},{"taxonomy":"product_cat","embeddable":true,"href":"https:\/\/bottanemez.hu\/en\/wp-json\/wp\/v2\/product_cat?post=2419"},{"taxonomy":"product_tag","embeddable":true,"href":"https:\/\/bottanemez.hu\/en\/wp-json\/wp\/v2\/product_tag?post=2419"}],"curies":[{"name":"wp","href":"https:\/\/api.w.org\/{rel}","templated":true}]}}