{"id":2407,"date":"2022-10-20T08:41:07","date_gmt":"2022-10-20T08:41:07","guid":{"rendered":"https:\/\/vilagitopolo.hu\/termek\/teli-erdo-kiskabat\/"},"modified":"2022-11-05T17:45:02","modified_gmt":"2022-11-05T17:45:02","slug":"barna-kabat-tavaszi","status":"publish","type":"product","link":"https:\/\/bottanemez.hu\/en\/product\/barna-kabat-tavaszi\/","title":{"rendered":"T\u00e9li erd\u0151 kiskab\u00e1t"},"content":{"rendered":"<p>H\u00e1romnegyed ujjas, t\u00fcll \u00e1ll\u00f3gall\u00e9ros, elej\u00e9n bels\u0151 kapcsos-fodros t\u00fcll z\u00e1r\u00f3d\u00e1s. Alja fodros. Alj\u00e1n, ujjak v\u00e9g\u00e9n k\u00e9k selyemsz\u00e1lak. Eleje t\u00fcll fodros, fekete csipke bet\u00e9tes.<\/p>\n<p>M\u00e9retek<\/p>\n<p>Hossz: 57cm<\/p>\n<p>Mell: 104cm<\/p>\n<p>Der\u00e9k: 92cm<\/p>\n<p>Ujj: 47cm<\/p>","protected":false},"excerpt":{"rendered":"<p>H\u00e1romnegyed ujjas, t\u00fcll \u00e1ll\u00f3gall\u00e9ros, elej\u00e9n bels\u0151 kapcsos-fodros t\u00fcll z\u00e1r\u00f3d\u00e1s. Alja fodros. Alj\u00e1n, ujjak v\u00e9g\u00e9n k\u00e9k selyemsz\u00e1lak. Eleje t\u00fcll fodros, fekete csipke bet\u00e9tes.<\/p>\n<p>M\u00e9retek<\/p>\n<p>Hossz: 57cm<\/p>\n<p>Mell: 104cm<\/p>\n<p>Der\u00e9k: 92cm<\/p>\n<p>Ujj: 47cm<\/p>","protected":false},"featured_media":2408,"template":"","meta":[],"product_brand":[],"product_cat":[23],"product_tag":[],"class_list":{"0":"post-2407","1":"product","2":"type-product","3":"status-publish","4":"has-post-thumbnail","6":"product_cat-nemez-poncso","8":"first","9":"instock","10":"purchasable","11":"product-type-simple"},"yoast_head":"<!-- This site is optimized with the Yoast SEO Premium plugin v27.6 (Yoast SEO v27.6) - https:\/\/yoast.com\/product\/yoast-seo-premium-wordpress\/ -->\n<title>T\u00e9li erd\u0151 kiskab\u00e1t - Botta Nemez<\/title>\n<meta name=\"description\" content=\"H\u00e1romnegyed ujjas, t\u00fcll \u00e1ll\u00f3gall\u00e9ros, elej\u00e9n bels\u0151 kapcsos z\u00e1r\u00f3d\u00e1s. Alj\u00e1n, ujjak v\u00e9g\u00e9n k\u00e9k selyemsz\u00e1lak. Eleje t\u00fcll fodros, fekete csipke bet\u00e9tes.\" \/>\n<meta name=\"robots\" content=\"index, follow, max-snippet:-1, max-image-preview:large, max-video-preview:-1\" \/>\n<link rel=\"canonical\" href=\"https:\/\/bottanemez.hu\/en\/product\/barna-kabat-tavaszi\/\" \/>\n<meta property=\"og:locale\" content=\"en_GB\" \/>\n<meta property=\"og:type\" content=\"article\" \/>\n<meta property=\"og:title\" content=\"T\u00e9li erd\u0151 kiskab\u00e1t\" \/>\n<meta property=\"og:description\" content=\"H\u00e1romnegyed ujjas, t\u00fcll \u00e1ll\u00f3gall\u00e9ros, elej\u00e9n bels\u0151 kapcsos z\u00e1r\u00f3d\u00e1s. Alj\u00e1n, ujjak v\u00e9g\u00e9n k\u00e9k selyemsz\u00e1lak. Eleje t\u00fcll fodros, fekete csipke bet\u00e9tes.\" \/>\n<meta property=\"og:url\" content=\"https:\/\/bottanemez.hu\/en\/product\/barna-kabat-tavaszi\/\" \/>\n<meta property=\"og:site_name\" content=\"Botta Nemez\" \/>\n<meta property=\"article:publisher\" content=\"https:\/\/www.facebook.com\/bottanemez\" \/>\n<meta property=\"article:modified_time\" content=\"2022-11-05T17:45:02+00:00\" \/>\n<meta property=\"og:image\" content=\"https:\/\/bottanemez.hu\/wp-content\/uploads\/2022\/10\/blezer-3-3.jpg\" \/>\n\t<meta property=\"og:image:width\" content=\"1440\" \/>\n\t<meta property=\"og:image:height\" content=\"1920\" \/>\n\t<meta property=\"og:image:type\" content=\"image\/jpeg\" \/>\n<meta name=\"twitter:card\" content=\"summary_large_image\" \/>\n<meta name=\"twitter:label1\" content=\"Price\" \/>\n\t<meta name=\"twitter:data1\" content=\"53.000&nbsp;&#070;&#116;\" \/>\n\t<meta name=\"twitter:label2\" content=\"Availability\" \/>\n\t<meta name=\"twitter:data2\" content=\"In stock\" \/>\n<script type=\"application\/ld+json\" class=\"yoast-schema-graph\">{\"@context\":\"https:\\\/\\\/schema.org\",\"@graph\":[{\"@type\":\"WebPage\",\"@id\":\"https:\\\/\\\/bottanemez.hu\\\/termek\\\/barna-kabat-tavaszi\\\/\",\"url\":\"https:\\\/\\\/bottanemez.hu\\\/termek\\\/barna-kabat-tavaszi\\\/\",\"name\":\"T\u00e9li erd\u0151 kiskab\u00e1t - Botta Nemez\",\"isPartOf\":{\"@id\":\"https:\\\/\\\/bottanemez.hu\\\/#website\"},\"primaryImageOfPage\":{\"@id\":\"https:\\\/\\\/bottanemez.hu\\\/termek\\\/barna-kabat-tavaszi\\\/#primaryimage\"},\"image\":{\"@id\":\"https:\\\/\\\/bottanemez.hu\\\/termek\\\/barna-kabat-tavaszi\\\/#primaryimage\"},\"thumbnailUrl\":\"https:\\\/\\\/bottanemez.hu\\\/wp-content\\\/uploads\\\/2022\\\/10\\\/blezer-3-3.jpg\",\"datePublished\":\"2022-10-20T08:41:07+00:00\",\"dateModified\":\"2022-11-05T17:45:02+00:00\",\"description\":\"H\u00e1romnegyed ujjas, t\u00fcll \u00e1ll\u00f3gall\u00e9ros, elej\u00e9n bels\u0151 kapcsos z\u00e1r\u00f3d\u00e1s. Alj\u00e1n, ujjak v\u00e9g\u00e9n k\u00e9k selyemsz\u00e1lak. Eleje t\u00fcll fodros, fekete csipke bet\u00e9tes.\",\"breadcrumb\":{\"@id\":\"https:\\\/\\\/bottanemez.hu\\\/termek\\\/barna-kabat-tavaszi\\\/#breadcrumb\"},\"inLanguage\":\"en-GB\",\"potentialAction\":[{\"@type\":\"ReadAction\",\"target\":[\"https:\\\/\\\/bottanemez.hu\\\/termek\\\/barna-kabat-tavaszi\\\/\"]}]},{\"@type\":\"ImageObject\",\"inLanguage\":\"en-GB\",\"@id\":\"https:\\\/\\\/bottanemez.hu\\\/termek\\\/barna-kabat-tavaszi\\\/#primaryimage\",\"url\":\"https:\\\/\\\/bottanemez.hu\\\/wp-content\\\/uploads\\\/2022\\\/10\\\/blezer-3-3.jpg\",\"contentUrl\":\"https:\\\/\\\/bottanemez.hu\\\/wp-content\\\/uploads\\\/2022\\\/10\\\/blezer-3-3.jpg\",\"width\":1440,\"height\":1920},{\"@type\":\"BreadcrumbList\",\"@id\":\"https:\\\/\\\/bottanemez.hu\\\/termek\\\/barna-kabat-tavaszi\\\/#breadcrumb\",\"itemListElement\":[{\"@type\":\"ListItem\",\"position\":1,\"name\":\"Home\",\"item\":\"https:\\\/\\\/bottanemez.hu\\\/\"},{\"@type\":\"ListItem\",\"position\":2,\"name\":\"Webshop\",\"item\":\"https:\\\/\\\/bottanemez.hu\\\/nemez-webshop\\\/\"},{\"@type\":\"ListItem\",\"position\":3,\"name\":\"T\u00e9li erd\u0151 kiskab\u00e1t\"}]},{\"@type\":\"WebSite\",\"@id\":\"https:\\\/\\\/bottanemez.hu\\\/#website\",\"url\":\"https:\\\/\\\/bottanemez.hu\\\/\",\"name\":\"Botta Nemez\",\"description\":\"Nemez\",\"publisher\":{\"@id\":\"https:\\\/\\\/bottanemez.hu\\\/#\\\/schema\\\/person\\\/e0b43b47c83f1b8ec5102569c7e47946\"},\"potentialAction\":[{\"@type\":\"SearchAction\",\"target\":{\"@type\":\"EntryPoint\",\"urlTemplate\":\"https:\\\/\\\/bottanemez.hu\\\/?s={search_term_string}\"},\"query-input\":{\"@type\":\"PropertyValueSpecification\",\"valueRequired\":true,\"valueName\":\"search_term_string\"}}],\"inLanguage\":\"en-GB\"},{\"@type\":[\"Person\",\"Organization\"],\"@id\":\"https:\\\/\\\/bottanemez.hu\\\/#\\\/schema\\\/person\\\/e0b43b47c83f1b8ec5102569c7e47946\",\"name\":\"nemezShop\",\"image\":{\"@type\":\"ImageObject\",\"inLanguage\":\"en-GB\",\"@id\":\"https:\\\/\\\/bottanemez.hu\\\/wp-content\\\/uploads\\\/2022\\\/10\\\/cropped-bottaNemezLogo.png\",\"url\":\"https:\\\/\\\/bottanemez.hu\\\/wp-content\\\/uploads\\\/2022\\\/10\\\/cropped-bottaNemezLogo.png\",\"contentUrl\":\"https:\\\/\\\/bottanemez.hu\\\/wp-content\\\/uploads\\\/2022\\\/10\\\/cropped-bottaNemezLogo.png\",\"width\":301,\"height\":301,\"caption\":\"nemezShop\"},\"logo\":{\"@id\":\"https:\\\/\\\/bottanemez.hu\\\/wp-content\\\/uploads\\\/2022\\\/10\\\/cropped-bottaNemezLogo.png\"},\"sameAs\":[\"https:\\\/\\\/vilagitopolo.hu\",\"https:\\\/\\\/www.facebook.com\\\/bottanemez\"]}]}<\/script>\n<meta property=\"product:price:amount\" content=\"53000\" \/>\n<meta property=\"product:price:currency\" content=\"HUF\" \/>\n<meta property=\"og:availability\" content=\"instock\" \/>\n<meta property=\"product:availability\" content=\"instock\" \/>\n<meta property=\"product:retailer_item_id\" content=\"202ea977f87d\" \/>\n<meta property=\"product:condition\" content=\"new\" \/>\n<!-- \/ Yoast SEO Premium plugin. -->","yoast_head_json":{"title":"T\u00e9li erd\u0151 kiskab\u00e1t - Botta Nemez","description":"H\u00e1romnegyed ujjas, t\u00fcll \u00e1ll\u00f3gall\u00e9ros, elej\u00e9n bels\u0151 kapcsos z\u00e1r\u00f3d\u00e1s. Alj\u00e1n, ujjak v\u00e9g\u00e9n k\u00e9k selyemsz\u00e1lak. Eleje t\u00fcll fodros, fekete csipke bet\u00e9tes.","robots":{"index":"index","follow":"follow","max-snippet":"max-snippet:-1","max-image-preview":"max-image-preview:large","max-video-preview":"max-video-preview:-1"},"canonical":"https:\/\/bottanemez.hu\/en\/product\/barna-kabat-tavaszi\/","og_locale":"en_GB","og_type":"article","og_title":"T\u00e9li erd\u0151 kiskab\u00e1t","og_description":"H\u00e1romnegyed ujjas, t\u00fcll \u00e1ll\u00f3gall\u00e9ros, elej\u00e9n bels\u0151 kapcsos z\u00e1r\u00f3d\u00e1s. Alj\u00e1n, ujjak v\u00e9g\u00e9n k\u00e9k selyemsz\u00e1lak. Eleje t\u00fcll fodros, fekete csipke bet\u00e9tes.","og_url":"https:\/\/bottanemez.hu\/en\/product\/barna-kabat-tavaszi\/","og_site_name":"Botta Nemez","article_publisher":"https:\/\/www.facebook.com\/bottanemez","article_modified_time":"2022-11-05T17:45:02+00:00","og_image":[{"width":1440,"height":1920,"url":"https:\/\/bottanemez.hu\/wp-content\/uploads\/2022\/10\/blezer-3-3.jpg","type":"image\/jpeg"}],"twitter_card":"summary_large_image","twitter_misc":{"Price":"53.000&nbsp;&#70;&#116;","Availability":"In stock"},"schema":{"@context":"https:\/\/schema.org","@graph":[{"@type":"WebPage","@id":"https:\/\/bottanemez.hu\/termek\/barna-kabat-tavaszi\/","url":"https:\/\/bottanemez.hu\/termek\/barna-kabat-tavaszi\/","name":"T\u00e9li erd\u0151 kiskab\u00e1t - Botta Nemez","isPartOf":{"@id":"https:\/\/bottanemez.hu\/#website"},"primaryImageOfPage":{"@id":"https:\/\/bottanemez.hu\/termek\/barna-kabat-tavaszi\/#primaryimage"},"image":{"@id":"https:\/\/bottanemez.hu\/termek\/barna-kabat-tavaszi\/#primaryimage"},"thumbnailUrl":"https:\/\/bottanemez.hu\/wp-content\/uploads\/2022\/10\/blezer-3-3.jpg","datePublished":"2022-10-20T08:41:07+00:00","dateModified":"2022-11-05T17:45:02+00:00","description":"H\u00e1romnegyed ujjas, t\u00fcll \u00e1ll\u00f3gall\u00e9ros, elej\u00e9n bels\u0151 kapcsos z\u00e1r\u00f3d\u00e1s. Alj\u00e1n, ujjak v\u00e9g\u00e9n k\u00e9k selyemsz\u00e1lak. Eleje t\u00fcll fodros, fekete csipke bet\u00e9tes.","breadcrumb":{"@id":"https:\/\/bottanemez.hu\/termek\/barna-kabat-tavaszi\/#breadcrumb"},"inLanguage":"en-GB","potentialAction":[{"@type":"ReadAction","target":["https:\/\/bottanemez.hu\/termek\/barna-kabat-tavaszi\/"]}]},{"@type":"ImageObject","inLanguage":"en-GB","@id":"https:\/\/bottanemez.hu\/termek\/barna-kabat-tavaszi\/#primaryimage","url":"https:\/\/bottanemez.hu\/wp-content\/uploads\/2022\/10\/blezer-3-3.jpg","contentUrl":"https:\/\/bottanemez.hu\/wp-content\/uploads\/2022\/10\/blezer-3-3.jpg","width":1440,"height":1920},{"@type":"BreadcrumbList","@id":"https:\/\/bottanemez.hu\/termek\/barna-kabat-tavaszi\/#breadcrumb","itemListElement":[{"@type":"ListItem","position":1,"name":"Home","item":"https:\/\/bottanemez.hu\/"},{"@type":"ListItem","position":2,"name":"Webshop","item":"https:\/\/bottanemez.hu\/nemez-webshop\/"},{"@type":"ListItem","position":3,"name":"T\u00e9li erd\u0151 kiskab\u00e1t"}]},{"@type":"WebSite","@id":"https:\/\/bottanemez.hu\/#website","url":"https:\/\/bottanemez.hu\/","name":"BottaFeltArt","description":"Nemez","publisher":{"@id":"https:\/\/bottanemez.hu\/#\/schema\/person\/e0b43b47c83f1b8ec5102569c7e47946"},"potentialAction":[{"@type":"SearchAction","target":{"@type":"EntryPoint","urlTemplate":"https:\/\/bottanemez.hu\/?s={search_term_string}"},"query-input":{"@type":"PropertyValueSpecification","valueRequired":true,"valueName":"search_term_string"}}],"inLanguage":"en-GB"},{"@type":["Person","Organization"],"@id":"https:\/\/bottanemez.hu\/#\/schema\/person\/e0b43b47c83f1b8ec5102569c7e47946","name":"nemezShop","image":{"@type":"ImageObject","inLanguage":"en-GB","@id":"https:\/\/bottanemez.hu\/wp-content\/uploads\/2022\/10\/cropped-bottaNemezLogo.png","url":"https:\/\/bottanemez.hu\/wp-content\/uploads\/2022\/10\/cropped-bottaNemezLogo.png","contentUrl":"https:\/\/bottanemez.hu\/wp-content\/uploads\/2022\/10\/cropped-bottaNemezLogo.png","width":301,"height":301,"caption":"nemezShop"},"logo":{"@id":"https:\/\/bottanemez.hu\/wp-content\/uploads\/2022\/10\/cropped-bottaNemezLogo.png"},"sameAs":["https:\/\/vilagitopolo.hu","https:\/\/www.facebook.com\/bottanemez"]}]},"product_price_amount":"53000","product_price_currency":"HUF","og_availability":"instock","product_availability":"instock","product_retailer_item_id":"202ea977f87d","product_condition":"new"},"_links":{"self":[{"href":"https:\/\/bottanemez.hu\/en\/wp-json\/wp\/v2\/product\/2407","targetHints":{"allow":["GET"]}}],"collection":[{"href":"https:\/\/bottanemez.hu\/en\/wp-json\/wp\/v2\/product"}],"about":[{"href":"https:\/\/bottanemez.hu\/en\/wp-json\/wp\/v2\/types\/product"}],"wp:featuredmedia":[{"embeddable":true,"href":"https:\/\/bottanemez.hu\/en\/wp-json\/wp\/v2\/media\/2408"}],"wp:attachment":[{"href":"https:\/\/bottanemez.hu\/en\/wp-json\/wp\/v2\/media?parent=2407"}],"wp:term":[{"taxonomy":"product_brand","embeddable":true,"href":"https:\/\/bottanemez.hu\/en\/wp-json\/wp\/v2\/product_brand?post=2407"},{"taxonomy":"product_cat","embeddable":true,"href":"https:\/\/bottanemez.hu\/en\/wp-json\/wp\/v2\/product_cat?post=2407"},{"taxonomy":"product_tag","embeddable":true,"href":"https:\/\/bottanemez.hu\/en\/wp-json\/wp\/v2\/product_tag?post=2407"}],"curies":[{"name":"wp","href":"https:\/\/api.w.org\/{rel}","templated":true}]}}