{"id":2399,"date":"2022-10-20T08:40:38","date_gmt":"2022-10-20T08:40:38","guid":{"rendered":"https:\/\/vilagitopolo.hu\/termek\/top\/"},"modified":"2026-03-30T18:46:30","modified_gmt":"2026-03-30T18:46:30","slug":"nemez-felso","status":"publish","type":"product","link":"https:\/\/bottanemez.hu\/en\/product\/nemez-felso\/","title":{"rendered":"P\u00e1ntos ny\u00e1ri top"},"content":{"rendered":"<div>Mint\u00e1s pamutra nemezelt, bal oldalon cipz\u00e1ros fels\u0151r\u00e9sz, s\u00f6t\u00e9tbarna-t\u00fcrkiz sz\u00edn\u00e1tmenetes.<\/div>\n<div>\n<p>M\u00e9retek:38<\/p>\n<p>Hossz: 64cm<\/p>\n<p>Mell: 86cm<\/p>\n<p>Der\u00e9k: 82cm<\/p>\n<\/div>","protected":false},"excerpt":{"rendered":"<div>Mint\u00e1s pamutra nemezelt, bal oldalon cipz\u00e1ros fels\u0151r\u00e9sz.<\/div>\n<div>\n<p>M\u00e9retek<\/p>\n<p>Hossz: 64cm<\/p>\n<p>Mell: 86cm<\/p>\n<p>Der\u00e9k: 82cm<\/p>\n<\/div>","protected":false},"featured_media":2400,"template":"","meta":[],"product_brand":[],"product_cat":[27],"product_tag":[],"class_list":{"0":"post-2399","1":"product","2":"type-product","3":"status-publish","4":"has-post-thumbnail","6":"product_cat-nemez-ruha","8":"first","9":"instock","10":"purchasable","11":"product-type-simple"},"yoast_head":"<!-- This site is optimized with the Yoast SEO Premium plugin v27.6 (Yoast SEO v27.6) - https:\/\/yoast.com\/product\/yoast-seo-premium-wordpress\/ -->\n<title>P\u00e1ntos ny\u00e1ri top - Botta Nemez<\/title>\n<meta name=\"robots\" content=\"index, follow, max-snippet:-1, max-image-preview:large, max-video-preview:-1\" \/>\n<link rel=\"canonical\" href=\"https:\/\/bottanemez.hu\/en\/product\/nemez-felso\/\" \/>\n<meta property=\"og:locale\" content=\"en_GB\" \/>\n<meta property=\"og:type\" content=\"article\" \/>\n<meta property=\"og:title\" content=\"P\u00e1ntos ny\u00e1ri top\" \/>\n<meta property=\"og:description\" content=\"Mint\u00e1s pamutra nemezelt, bal oldalon cipz\u00e1ros fels\u0151r\u00e9sz.   M\u00e9retek  Hossz: 64cm  Mell: 86cm  Der\u00e9k: 82cm\" \/>\n<meta property=\"og:url\" content=\"https:\/\/bottanemez.hu\/en\/product\/nemez-felso\/\" \/>\n<meta property=\"og:site_name\" content=\"Botta Nemez\" \/>\n<meta property=\"article:publisher\" content=\"https:\/\/www.facebook.com\/bottanemez\" \/>\n<meta property=\"article:modified_time\" content=\"2026-03-30T18:46:30+00:00\" \/>\n<meta property=\"og:image\" content=\"https:\/\/bottanemez.hu\/wp-content\/uploads\/2022\/10\/top-1.jpg\" \/>\n\t<meta property=\"og:image:width\" content=\"1440\" \/>\n\t<meta property=\"og:image:height\" content=\"1920\" \/>\n\t<meta property=\"og:image:type\" content=\"image\/jpeg\" \/>\n<meta name=\"twitter:card\" content=\"summary_large_image\" \/>\n<meta name=\"twitter:label1\" content=\"Price\" \/>\n\t<meta name=\"twitter:data1\" content=\"28.000&nbsp;&#070;&#116;\" \/>\n\t<meta name=\"twitter:label2\" content=\"Availability\" \/>\n\t<meta name=\"twitter:data2\" content=\"In stock\" \/>\n<script type=\"application\/ld+json\" class=\"yoast-schema-graph\">{\"@context\":\"https:\\\/\\\/schema.org\",\"@graph\":[{\"@type\":\"WebPage\",\"@id\":\"https:\\\/\\\/bottanemez.hu\\\/termek\\\/nemez-felso\\\/\",\"url\":\"https:\\\/\\\/bottanemez.hu\\\/termek\\\/nemez-felso\\\/\",\"name\":\"P\u00e1ntos ny\u00e1ri top - Botta Nemez\",\"isPartOf\":{\"@id\":\"https:\\\/\\\/bottanemez.hu\\\/#website\"},\"primaryImageOfPage\":{\"@id\":\"https:\\\/\\\/bottanemez.hu\\\/termek\\\/nemez-felso\\\/#primaryimage\"},\"image\":{\"@id\":\"https:\\\/\\\/bottanemez.hu\\\/termek\\\/nemez-felso\\\/#primaryimage\"},\"thumbnailUrl\":\"https:\\\/\\\/bottanemez.hu\\\/wp-content\\\/uploads\\\/2022\\\/10\\\/top-1.jpg\",\"datePublished\":\"2022-10-20T08:40:38+00:00\",\"dateModified\":\"2026-03-30T18:46:30+00:00\",\"breadcrumb\":{\"@id\":\"https:\\\/\\\/bottanemez.hu\\\/termek\\\/nemez-felso\\\/#breadcrumb\"},\"inLanguage\":\"en-GB\",\"potentialAction\":[{\"@type\":\"ReadAction\",\"target\":[\"https:\\\/\\\/bottanemez.hu\\\/termek\\\/nemez-felso\\\/\"]}]},{\"@type\":\"ImageObject\",\"inLanguage\":\"en-GB\",\"@id\":\"https:\\\/\\\/bottanemez.hu\\\/termek\\\/nemez-felso\\\/#primaryimage\",\"url\":\"https:\\\/\\\/bottanemez.hu\\\/wp-content\\\/uploads\\\/2022\\\/10\\\/top-1.jpg\",\"contentUrl\":\"https:\\\/\\\/bottanemez.hu\\\/wp-content\\\/uploads\\\/2022\\\/10\\\/top-1.jpg\",\"width\":1440,\"height\":1920},{\"@type\":\"BreadcrumbList\",\"@id\":\"https:\\\/\\\/bottanemez.hu\\\/termek\\\/nemez-felso\\\/#breadcrumb\",\"itemListElement\":[{\"@type\":\"ListItem\",\"position\":1,\"name\":\"Home\",\"item\":\"https:\\\/\\\/bottanemez.hu\\\/\"},{\"@type\":\"ListItem\",\"position\":2,\"name\":\"Webshop\",\"item\":\"https:\\\/\\\/bottanemez.hu\\\/nemez-webshop\\\/\"},{\"@type\":\"ListItem\",\"position\":3,\"name\":\"P\u00e1ntos ny\u00e1ri top\"}]},{\"@type\":\"WebSite\",\"@id\":\"https:\\\/\\\/bottanemez.hu\\\/#website\",\"url\":\"https:\\\/\\\/bottanemez.hu\\\/\",\"name\":\"Botta Nemez\",\"description\":\"Nemez\",\"publisher\":{\"@id\":\"https:\\\/\\\/bottanemez.hu\\\/#\\\/schema\\\/person\\\/e0b43b47c83f1b8ec5102569c7e47946\"},\"potentialAction\":[{\"@type\":\"SearchAction\",\"target\":{\"@type\":\"EntryPoint\",\"urlTemplate\":\"https:\\\/\\\/bottanemez.hu\\\/?s={search_term_string}\"},\"query-input\":{\"@type\":\"PropertyValueSpecification\",\"valueRequired\":true,\"valueName\":\"search_term_string\"}}],\"inLanguage\":\"en-GB\"},{\"@type\":[\"Person\",\"Organization\"],\"@id\":\"https:\\\/\\\/bottanemez.hu\\\/#\\\/schema\\\/person\\\/e0b43b47c83f1b8ec5102569c7e47946\",\"name\":\"nemezShop\",\"image\":{\"@type\":\"ImageObject\",\"inLanguage\":\"en-GB\",\"@id\":\"https:\\\/\\\/bottanemez.hu\\\/wp-content\\\/uploads\\\/2022\\\/10\\\/cropped-bottaNemezLogo.png\",\"url\":\"https:\\\/\\\/bottanemez.hu\\\/wp-content\\\/uploads\\\/2022\\\/10\\\/cropped-bottaNemezLogo.png\",\"contentUrl\":\"https:\\\/\\\/bottanemez.hu\\\/wp-content\\\/uploads\\\/2022\\\/10\\\/cropped-bottaNemezLogo.png\",\"width\":301,\"height\":301,\"caption\":\"nemezShop\"},\"logo\":{\"@id\":\"https:\\\/\\\/bottanemez.hu\\\/wp-content\\\/uploads\\\/2022\\\/10\\\/cropped-bottaNemezLogo.png\"},\"sameAs\":[\"https:\\\/\\\/vilagitopolo.hu\",\"https:\\\/\\\/www.facebook.com\\\/bottanemez\"]}]}<\/script>\n<meta property=\"product:price:amount\" content=\"28000\" \/>\n<meta property=\"product:price:currency\" content=\"HUF\" \/>\n<meta property=\"og:availability\" content=\"instock\" \/>\n<meta property=\"product:availability\" content=\"instock\" \/>\n<meta property=\"product:retailer_item_id\" content=\"e9d60fb288d9\" \/>\n<meta property=\"product:condition\" content=\"new\" \/>\n<!-- \/ Yoast SEO Premium plugin. -->","yoast_head_json":{"title":"P\u00e1ntos ny\u00e1ri top - Botta Nemez","robots":{"index":"index","follow":"follow","max-snippet":"max-snippet:-1","max-image-preview":"max-image-preview:large","max-video-preview":"max-video-preview:-1"},"canonical":"https:\/\/bottanemez.hu\/en\/product\/nemez-felso\/","og_locale":"en_GB","og_type":"article","og_title":"P\u00e1ntos ny\u00e1ri top","og_description":"Mint\u00e1s pamutra nemezelt, bal oldalon cipz\u00e1ros fels\u0151r\u00e9sz.   M\u00e9retek  Hossz: 64cm  Mell: 86cm  Der\u00e9k: 82cm","og_url":"https:\/\/bottanemez.hu\/en\/product\/nemez-felso\/","og_site_name":"Botta Nemez","article_publisher":"https:\/\/www.facebook.com\/bottanemez","article_modified_time":"2026-03-30T18:46:30+00:00","og_image":[{"width":1440,"height":1920,"url":"https:\/\/bottanemez.hu\/wp-content\/uploads\/2022\/10\/top-1.jpg","type":"image\/jpeg"}],"twitter_card":"summary_large_image","twitter_misc":{"Price":"28.000&nbsp;&#70;&#116;","Availability":"In stock"},"schema":{"@context":"https:\/\/schema.org","@graph":[{"@type":"WebPage","@id":"https:\/\/bottanemez.hu\/termek\/nemez-felso\/","url":"https:\/\/bottanemez.hu\/termek\/nemez-felso\/","name":"P\u00e1ntos ny\u00e1ri top - Botta Nemez","isPartOf":{"@id":"https:\/\/bottanemez.hu\/#website"},"primaryImageOfPage":{"@id":"https:\/\/bottanemez.hu\/termek\/nemez-felso\/#primaryimage"},"image":{"@id":"https:\/\/bottanemez.hu\/termek\/nemez-felso\/#primaryimage"},"thumbnailUrl":"https:\/\/bottanemez.hu\/wp-content\/uploads\/2022\/10\/top-1.jpg","datePublished":"2022-10-20T08:40:38+00:00","dateModified":"2026-03-30T18:46:30+00:00","breadcrumb":{"@id":"https:\/\/bottanemez.hu\/termek\/nemez-felso\/#breadcrumb"},"inLanguage":"en-GB","potentialAction":[{"@type":"ReadAction","target":["https:\/\/bottanemez.hu\/termek\/nemez-felso\/"]}]},{"@type":"ImageObject","inLanguage":"en-GB","@id":"https:\/\/bottanemez.hu\/termek\/nemez-felso\/#primaryimage","url":"https:\/\/bottanemez.hu\/wp-content\/uploads\/2022\/10\/top-1.jpg","contentUrl":"https:\/\/bottanemez.hu\/wp-content\/uploads\/2022\/10\/top-1.jpg","width":1440,"height":1920},{"@type":"BreadcrumbList","@id":"https:\/\/bottanemez.hu\/termek\/nemez-felso\/#breadcrumb","itemListElement":[{"@type":"ListItem","position":1,"name":"Home","item":"https:\/\/bottanemez.hu\/"},{"@type":"ListItem","position":2,"name":"Webshop","item":"https:\/\/bottanemez.hu\/nemez-webshop\/"},{"@type":"ListItem","position":3,"name":"P\u00e1ntos ny\u00e1ri top"}]},{"@type":"WebSite","@id":"https:\/\/bottanemez.hu\/#website","url":"https:\/\/bottanemez.hu\/","name":"BottaFeltArt","description":"Nemez","publisher":{"@id":"https:\/\/bottanemez.hu\/#\/schema\/person\/e0b43b47c83f1b8ec5102569c7e47946"},"potentialAction":[{"@type":"SearchAction","target":{"@type":"EntryPoint","urlTemplate":"https:\/\/bottanemez.hu\/?s={search_term_string}"},"query-input":{"@type":"PropertyValueSpecification","valueRequired":true,"valueName":"search_term_string"}}],"inLanguage":"en-GB"},{"@type":["Person","Organization"],"@id":"https:\/\/bottanemez.hu\/#\/schema\/person\/e0b43b47c83f1b8ec5102569c7e47946","name":"nemezShop","image":{"@type":"ImageObject","inLanguage":"en-GB","@id":"https:\/\/bottanemez.hu\/wp-content\/uploads\/2022\/10\/cropped-bottaNemezLogo.png","url":"https:\/\/bottanemez.hu\/wp-content\/uploads\/2022\/10\/cropped-bottaNemezLogo.png","contentUrl":"https:\/\/bottanemez.hu\/wp-content\/uploads\/2022\/10\/cropped-bottaNemezLogo.png","width":301,"height":301,"caption":"nemezShop"},"logo":{"@id":"https:\/\/bottanemez.hu\/wp-content\/uploads\/2022\/10\/cropped-bottaNemezLogo.png"},"sameAs":["https:\/\/vilagitopolo.hu","https:\/\/www.facebook.com\/bottanemez"]}]},"product_price_amount":"28000","product_price_currency":"HUF","og_availability":"instock","product_availability":"instock","product_retailer_item_id":"e9d60fb288d9","product_condition":"new"},"_links":{"self":[{"href":"https:\/\/bottanemez.hu\/en\/wp-json\/wp\/v2\/product\/2399","targetHints":{"allow":["GET"]}}],"collection":[{"href":"https:\/\/bottanemez.hu\/en\/wp-json\/wp\/v2\/product"}],"about":[{"href":"https:\/\/bottanemez.hu\/en\/wp-json\/wp\/v2\/types\/product"}],"wp:featuredmedia":[{"embeddable":true,"href":"https:\/\/bottanemez.hu\/en\/wp-json\/wp\/v2\/media\/2400"}],"wp:attachment":[{"href":"https:\/\/bottanemez.hu\/en\/wp-json\/wp\/v2\/media?parent=2399"}],"wp:term":[{"taxonomy":"product_brand","embeddable":true,"href":"https:\/\/bottanemez.hu\/en\/wp-json\/wp\/v2\/product_brand?post=2399"},{"taxonomy":"product_cat","embeddable":true,"href":"https:\/\/bottanemez.hu\/en\/wp-json\/wp\/v2\/product_cat?post=2399"},{"taxonomy":"product_tag","embeddable":true,"href":"https:\/\/bottanemez.hu\/en\/wp-json\/wp\/v2\/product_tag?post=2399"}],"curies":[{"name":"wp","href":"https:\/\/api.w.org\/{rel}","templated":true}]}}