{"id":2339,"date":"2022-10-20T08:39:47","date_gmt":"2022-10-20T08:39:47","guid":{"rendered":"https:\/\/vilagitopolo.hu\/termek\/madaras-mohazold-kabat\/"},"modified":"2026-03-27T14:30:19","modified_gmt":"2026-03-27T14:30:19","slug":"zold-kabat-mintas","status":"publish","type":"product","link":"https:\/\/bottanemez.hu\/en\/product\/zold-kabat-mintas\/","title":{"rendered":"Madaras mohaz\u00f6ld kab\u00e1t"},"content":{"rendered":"<p>Mint\u00e1s pamut v\u00e1szonra nemezelt ausztr\u00e1l merin\u00f3 gyapj\u00fa, k\u00f6nny\u0171 es\u00e9s\u0171, r\u00e1t\u00e9tes \u00e9s selyem sz\u00e1l mint\u00e1kkal, patenttal z\u00e1r\u00f3d\u00f3. M\u00e9rete \u00e1ll\u00edthat\u00f3 a patentok \u00e1thelyez\u00e9s\u00e9vel.<\/p>\n<p>M\u00e9ret: 38-40<\/p>\n<p>Teljes hossz: 90cm<\/p>\n<p>Mell teljes sz\u00e9less\u00e9g: 110cm<\/p>\n<p>Ujja hossza nyakt\u00f3l: 65cm<\/p>","protected":false},"excerpt":{"rendered":"<p>Mint\u00e1s pamut v\u00e1szonra nemezelt ausztr\u00e1l merin\u00f3 gyapj\u00fa, k\u00f6nny\u0171 es\u00e9s\u0171, r\u00e1t\u00e9tes \u00e9s selyem sz\u00e1l mint\u00e1kkal, patenttal z\u00e1r\u00f3d\u00f3. M\u00e9rete \u00e1ll\u00edthat\u00f3 a patentok \u00e1thelyez\u00e9s\u00e9vel.<\/p>\n<p>M\u00e9ret: 38-40<\/p>\n<p>Teljes hossz: 90cm<\/p>\n<p>Mell teljes sz\u00e9less\u00e9g: 110cm<\/p>\n<p>Ujja hossza nyakt\u00f3l: 65cm<\/p>","protected":false},"featured_media":3387,"template":"","meta":[],"product_brand":[],"product_cat":[23],"product_tag":[],"class_list":{"0":"post-2339","1":"product","2":"type-product","3":"status-publish","4":"has-post-thumbnail","6":"product_cat-nemez-poncso","8":"first","9":"instock","10":"purchasable","11":"product-type-simple"},"yoast_head":"<!-- This site is optimized with the Yoast SEO Premium plugin v27.6 (Yoast SEO v27.6) - https:\/\/yoast.com\/product\/yoast-seo-premium-wordpress\/ -->\n<title>Madaras mohaz\u00f6ld kab\u00e1t - Botta Nemez<\/title>\n<meta name=\"description\" content=\"Mint\u00e1s pamut v\u00e1szonra nemezelt gyapj\u00fa kab\u00e1t, k\u00f6nny\u0171 es\u00e9s\u0171, magas\u00edtott gall\u00e9rral. M\u00e9rete \u00e1ll\u00edthat\u00f3 a patentok \u00e1thelyez\u00e9s\u00e9vel.\" \/>\n<meta name=\"robots\" content=\"index, follow, max-snippet:-1, max-image-preview:large, max-video-preview:-1\" \/>\n<link rel=\"canonical\" href=\"https:\/\/bottanemez.hu\/en\/product\/zold-kabat-mintas\/\" \/>\n<meta property=\"og:locale\" content=\"en_GB\" \/>\n<meta property=\"og:type\" content=\"article\" \/>\n<meta property=\"og:title\" content=\"Madaras mohaz\u00f6ld kab\u00e1t\" \/>\n<meta property=\"og:description\" content=\"Mint\u00e1s pamut v\u00e1szonra nemezelt gyapj\u00fa kab\u00e1t, k\u00f6nny\u0171 es\u00e9s\u0171, magas\u00edtott gall\u00e9rral. M\u00e9rete \u00e1ll\u00edthat\u00f3 a patentok \u00e1thelyez\u00e9s\u00e9vel.\" \/>\n<meta property=\"og:url\" content=\"https:\/\/bottanemez.hu\/en\/product\/zold-kabat-mintas\/\" \/>\n<meta property=\"og:site_name\" content=\"Botta Nemez\" \/>\n<meta property=\"article:publisher\" content=\"https:\/\/www.facebook.com\/bottanemez\" \/>\n<meta property=\"article:modified_time\" content=\"2026-03-27T14:30:19+00:00\" \/>\n<meta property=\"og:image\" content=\"https:\/\/bottanemez.hu\/wp-content\/uploads\/2022\/10\/Madaras-mohazold-kabat.png\" \/>\n\t<meta property=\"og:image:width\" content=\"512\" \/>\n\t<meta property=\"og:image:height\" content=\"1024\" \/>\n\t<meta property=\"og:image:type\" content=\"image\/png\" \/>\n<meta name=\"twitter:card\" content=\"summary_large_image\" \/>\n<meta name=\"twitter:label1\" content=\"Price\" \/>\n\t<meta name=\"twitter:data1\" content=\"58.000&nbsp;&#070;&#116;\" \/>\n\t<meta name=\"twitter:label2\" content=\"Availability\" \/>\n\t<meta name=\"twitter:data2\" content=\"In stock\" \/>\n<script type=\"application\/ld+json\" class=\"yoast-schema-graph\">{\"@context\":\"https:\\\/\\\/schema.org\",\"@graph\":[{\"@type\":\"WebPage\",\"@id\":\"https:\\\/\\\/bottanemez.hu\\\/termek\\\/zold-kabat-mintas\\\/\",\"url\":\"https:\\\/\\\/bottanemez.hu\\\/termek\\\/zold-kabat-mintas\\\/\",\"name\":\"Madaras mohaz\u00f6ld kab\u00e1t - Botta Nemez\",\"isPartOf\":{\"@id\":\"https:\\\/\\\/bottanemez.hu\\\/#website\"},\"primaryImageOfPage\":{\"@id\":\"https:\\\/\\\/bottanemez.hu\\\/termek\\\/zold-kabat-mintas\\\/#primaryimage\"},\"image\":{\"@id\":\"https:\\\/\\\/bottanemez.hu\\\/termek\\\/zold-kabat-mintas\\\/#primaryimage\"},\"thumbnailUrl\":\"https:\\\/\\\/bottanemez.hu\\\/wp-content\\\/uploads\\\/2022\\\/10\\\/Madaras-mohazold-kabat.png\",\"datePublished\":\"2022-10-20T08:39:47+00:00\",\"dateModified\":\"2026-03-27T14:30:19+00:00\",\"description\":\"Mint\u00e1s pamut v\u00e1szonra nemezelt gyapj\u00fa kab\u00e1t, k\u00f6nny\u0171 es\u00e9s\u0171, magas\u00edtott gall\u00e9rral. M\u00e9rete \u00e1ll\u00edthat\u00f3 a patentok \u00e1thelyez\u00e9s\u00e9vel.\",\"breadcrumb\":{\"@id\":\"https:\\\/\\\/bottanemez.hu\\\/termek\\\/zold-kabat-mintas\\\/#breadcrumb\"},\"inLanguage\":\"en-GB\",\"potentialAction\":[{\"@type\":\"ReadAction\",\"target\":[\"https:\\\/\\\/bottanemez.hu\\\/termek\\\/zold-kabat-mintas\\\/\"]}]},{\"@type\":\"ImageObject\",\"inLanguage\":\"en-GB\",\"@id\":\"https:\\\/\\\/bottanemez.hu\\\/termek\\\/zold-kabat-mintas\\\/#primaryimage\",\"url\":\"https:\\\/\\\/bottanemez.hu\\\/wp-content\\\/uploads\\\/2022\\\/10\\\/Madaras-mohazold-kabat.png\",\"contentUrl\":\"https:\\\/\\\/bottanemez.hu\\\/wp-content\\\/uploads\\\/2022\\\/10\\\/Madaras-mohazold-kabat.png\",\"width\":512,\"height\":1024},{\"@type\":\"BreadcrumbList\",\"@id\":\"https:\\\/\\\/bottanemez.hu\\\/termek\\\/zold-kabat-mintas\\\/#breadcrumb\",\"itemListElement\":[{\"@type\":\"ListItem\",\"position\":1,\"name\":\"Home\",\"item\":\"https:\\\/\\\/bottanemez.hu\\\/\"},{\"@type\":\"ListItem\",\"position\":2,\"name\":\"Webshop\",\"item\":\"https:\\\/\\\/bottanemez.hu\\\/nemez-webshop\\\/\"},{\"@type\":\"ListItem\",\"position\":3,\"name\":\"Madaras mohaz\u00f6ld kab\u00e1t\"}]},{\"@type\":\"WebSite\",\"@id\":\"https:\\\/\\\/bottanemez.hu\\\/#website\",\"url\":\"https:\\\/\\\/bottanemez.hu\\\/\",\"name\":\"Botta Nemez\",\"description\":\"Nemez\",\"publisher\":{\"@id\":\"https:\\\/\\\/bottanemez.hu\\\/#\\\/schema\\\/person\\\/e0b43b47c83f1b8ec5102569c7e47946\"},\"potentialAction\":[{\"@type\":\"SearchAction\",\"target\":{\"@type\":\"EntryPoint\",\"urlTemplate\":\"https:\\\/\\\/bottanemez.hu\\\/?s={search_term_string}\"},\"query-input\":{\"@type\":\"PropertyValueSpecification\",\"valueRequired\":true,\"valueName\":\"search_term_string\"}}],\"inLanguage\":\"en-GB\"},{\"@type\":[\"Person\",\"Organization\"],\"@id\":\"https:\\\/\\\/bottanemez.hu\\\/#\\\/schema\\\/person\\\/e0b43b47c83f1b8ec5102569c7e47946\",\"name\":\"nemezShop\",\"image\":{\"@type\":\"ImageObject\",\"inLanguage\":\"en-GB\",\"@id\":\"https:\\\/\\\/bottanemez.hu\\\/wp-content\\\/uploads\\\/2022\\\/10\\\/cropped-bottaNemezLogo.png\",\"url\":\"https:\\\/\\\/bottanemez.hu\\\/wp-content\\\/uploads\\\/2022\\\/10\\\/cropped-bottaNemezLogo.png\",\"contentUrl\":\"https:\\\/\\\/bottanemez.hu\\\/wp-content\\\/uploads\\\/2022\\\/10\\\/cropped-bottaNemezLogo.png\",\"width\":301,\"height\":301,\"caption\":\"nemezShop\"},\"logo\":{\"@id\":\"https:\\\/\\\/bottanemez.hu\\\/wp-content\\\/uploads\\\/2022\\\/10\\\/cropped-bottaNemezLogo.png\"},\"sameAs\":[\"https:\\\/\\\/vilagitopolo.hu\",\"https:\\\/\\\/www.facebook.com\\\/bottanemez\"]}]}<\/script>\n<meta property=\"product:price:amount\" content=\"58000\" \/>\n<meta property=\"product:price:currency\" content=\"HUF\" \/>\n<meta property=\"og:availability\" content=\"instock\" \/>\n<meta property=\"product:availability\" content=\"instock\" \/>\n<meta property=\"product:retailer_item_id\" content=\"f601b5fac595\" \/>\n<meta property=\"product:condition\" content=\"new\" \/>\n<!-- \/ Yoast SEO Premium plugin. -->","yoast_head_json":{"title":"Madaras mohaz\u00f6ld kab\u00e1t - Botta Nemez","description":"Mint\u00e1s pamut v\u00e1szonra nemezelt gyapj\u00fa kab\u00e1t, k\u00f6nny\u0171 es\u00e9s\u0171, magas\u00edtott gall\u00e9rral. M\u00e9rete \u00e1ll\u00edthat\u00f3 a patentok \u00e1thelyez\u00e9s\u00e9vel.","robots":{"index":"index","follow":"follow","max-snippet":"max-snippet:-1","max-image-preview":"max-image-preview:large","max-video-preview":"max-video-preview:-1"},"canonical":"https:\/\/bottanemez.hu\/en\/product\/zold-kabat-mintas\/","og_locale":"en_GB","og_type":"article","og_title":"Madaras mohaz\u00f6ld kab\u00e1t","og_description":"Mint\u00e1s pamut v\u00e1szonra nemezelt gyapj\u00fa kab\u00e1t, k\u00f6nny\u0171 es\u00e9s\u0171, magas\u00edtott gall\u00e9rral. M\u00e9rete \u00e1ll\u00edthat\u00f3 a patentok \u00e1thelyez\u00e9s\u00e9vel.","og_url":"https:\/\/bottanemez.hu\/en\/product\/zold-kabat-mintas\/","og_site_name":"Botta Nemez","article_publisher":"https:\/\/www.facebook.com\/bottanemez","article_modified_time":"2026-03-27T14:30:19+00:00","og_image":[{"width":512,"height":1024,"url":"https:\/\/bottanemez.hu\/wp-content\/uploads\/2022\/10\/Madaras-mohazold-kabat.png","type":"image\/png"}],"twitter_card":"summary_large_image","twitter_misc":{"Price":"58.000&nbsp;&#70;&#116;","Availability":"In stock"},"schema":{"@context":"https:\/\/schema.org","@graph":[{"@type":"WebPage","@id":"https:\/\/bottanemez.hu\/termek\/zold-kabat-mintas\/","url":"https:\/\/bottanemez.hu\/termek\/zold-kabat-mintas\/","name":"Madaras mohaz\u00f6ld kab\u00e1t - Botta Nemez","isPartOf":{"@id":"https:\/\/bottanemez.hu\/#website"},"primaryImageOfPage":{"@id":"https:\/\/bottanemez.hu\/termek\/zold-kabat-mintas\/#primaryimage"},"image":{"@id":"https:\/\/bottanemez.hu\/termek\/zold-kabat-mintas\/#primaryimage"},"thumbnailUrl":"https:\/\/bottanemez.hu\/wp-content\/uploads\/2022\/10\/Madaras-mohazold-kabat.png","datePublished":"2022-10-20T08:39:47+00:00","dateModified":"2026-03-27T14:30:19+00:00","description":"Mint\u00e1s pamut v\u00e1szonra nemezelt gyapj\u00fa kab\u00e1t, k\u00f6nny\u0171 es\u00e9s\u0171, magas\u00edtott gall\u00e9rral. M\u00e9rete \u00e1ll\u00edthat\u00f3 a patentok \u00e1thelyez\u00e9s\u00e9vel.","breadcrumb":{"@id":"https:\/\/bottanemez.hu\/termek\/zold-kabat-mintas\/#breadcrumb"},"inLanguage":"en-GB","potentialAction":[{"@type":"ReadAction","target":["https:\/\/bottanemez.hu\/termek\/zold-kabat-mintas\/"]}]},{"@type":"ImageObject","inLanguage":"en-GB","@id":"https:\/\/bottanemez.hu\/termek\/zold-kabat-mintas\/#primaryimage","url":"https:\/\/bottanemez.hu\/wp-content\/uploads\/2022\/10\/Madaras-mohazold-kabat.png","contentUrl":"https:\/\/bottanemez.hu\/wp-content\/uploads\/2022\/10\/Madaras-mohazold-kabat.png","width":512,"height":1024},{"@type":"BreadcrumbList","@id":"https:\/\/bottanemez.hu\/termek\/zold-kabat-mintas\/#breadcrumb","itemListElement":[{"@type":"ListItem","position":1,"name":"Home","item":"https:\/\/bottanemez.hu\/"},{"@type":"ListItem","position":2,"name":"Webshop","item":"https:\/\/bottanemez.hu\/nemez-webshop\/"},{"@type":"ListItem","position":3,"name":"Madaras mohaz\u00f6ld kab\u00e1t"}]},{"@type":"WebSite","@id":"https:\/\/bottanemez.hu\/#website","url":"https:\/\/bottanemez.hu\/","name":"BottaFeltArt","description":"Nemez","publisher":{"@id":"https:\/\/bottanemez.hu\/#\/schema\/person\/e0b43b47c83f1b8ec5102569c7e47946"},"potentialAction":[{"@type":"SearchAction","target":{"@type":"EntryPoint","urlTemplate":"https:\/\/bottanemez.hu\/?s={search_term_string}"},"query-input":{"@type":"PropertyValueSpecification","valueRequired":true,"valueName":"search_term_string"}}],"inLanguage":"en-GB"},{"@type":["Person","Organization"],"@id":"https:\/\/bottanemez.hu\/#\/schema\/person\/e0b43b47c83f1b8ec5102569c7e47946","name":"nemezShop","image":{"@type":"ImageObject","inLanguage":"en-GB","@id":"https:\/\/bottanemez.hu\/wp-content\/uploads\/2022\/10\/cropped-bottaNemezLogo.png","url":"https:\/\/bottanemez.hu\/wp-content\/uploads\/2022\/10\/cropped-bottaNemezLogo.png","contentUrl":"https:\/\/bottanemez.hu\/wp-content\/uploads\/2022\/10\/cropped-bottaNemezLogo.png","width":301,"height":301,"caption":"nemezShop"},"logo":{"@id":"https:\/\/bottanemez.hu\/wp-content\/uploads\/2022\/10\/cropped-bottaNemezLogo.png"},"sameAs":["https:\/\/vilagitopolo.hu","https:\/\/www.facebook.com\/bottanemez"]}]},"product_price_amount":"58000","product_price_currency":"HUF","og_availability":"instock","product_availability":"instock","product_retailer_item_id":"f601b5fac595","product_condition":"new"},"_links":{"self":[{"href":"https:\/\/bottanemez.hu\/en\/wp-json\/wp\/v2\/product\/2339","targetHints":{"allow":["GET"]}}],"collection":[{"href":"https:\/\/bottanemez.hu\/en\/wp-json\/wp\/v2\/product"}],"about":[{"href":"https:\/\/bottanemez.hu\/en\/wp-json\/wp\/v2\/types\/product"}],"wp:featuredmedia":[{"embeddable":true,"href":"https:\/\/bottanemez.hu\/en\/wp-json\/wp\/v2\/media\/3387"}],"wp:attachment":[{"href":"https:\/\/bottanemez.hu\/en\/wp-json\/wp\/v2\/media?parent=2339"}],"wp:term":[{"taxonomy":"product_brand","embeddable":true,"href":"https:\/\/bottanemez.hu\/en\/wp-json\/wp\/v2\/product_brand?post=2339"},{"taxonomy":"product_cat","embeddable":true,"href":"https:\/\/bottanemez.hu\/en\/wp-json\/wp\/v2\/product_cat?post=2339"},{"taxonomy":"product_tag","embeddable":true,"href":"https:\/\/bottanemez.hu\/en\/wp-json\/wp\/v2\/product_tag?post=2339"}],"curies":[{"name":"wp","href":"https:\/\/api.w.org\/{rel}","templated":true}]}}