{"id":2307,"date":"2022-10-20T08:38:16","date_gmt":"2022-10-20T08:38:16","guid":{"rendered":"https:\/\/vilagitopolo.hu\/termek\/voros-poncso-kabat\/"},"modified":"2026-03-27T14:35:06","modified_gmt":"2026-03-27T14:35:06","slug":"bordo-poncso-kabat","status":"publish","type":"product","link":"https:\/\/bottanemez.hu\/en\/product\/bordo-poncso-kabat\/","title":{"rendered":"Bord\u00f3 mint\u00e1s poncs\u00f3-kab\u00e1t"},"content":{"rendered":"<p>Selyemre nemezelt ausztr\u00e1l merin\u00f3 gyapj\u00fa, selyemsz\u00e1l \u00e9s viszk\u00f3z d\u00edsz\u00edt\u00e9ssel.<\/p>\n<p>Magas\u00edtott nyak\u00fa, hossz\u00fa ujj\u00fa, lefel\u00e9 b\u0151v\u00fcl\u0151 szab\u00e1s\u00fa.<\/p>\n<p>M\u00e9ret:36-44<\/p>\n<p>Hossz:76cm<\/p>\n<p>Ujja hossza:65cm<\/p>\n<p>Mellb\u0151s\u00e9g: 142<\/p>","protected":false},"excerpt":{"rendered":"<p>Selyemre nemezelt ausztr\u00e1l merin\u00f3 gyapj\u00fa, selyemsz\u00e1l \u00e9s viszk\u00f3z d\u00edsz\u00edt\u00e9ssel.<\/p>\n<p>Magas\u00edtott nyak\u00fa, hossz\u00fa ujj\u00fa, lefel\u00e9 b\u0151v\u00fcl\u0151 szab\u00e1s\u00fa.<\/p>\n<p>M\u00e9ret:36-44<\/p>\n<p>Hossz:76cm<\/p>\n<p>Ujja hossza:65cm<\/p>\n<p>Mellb\u0151s\u00e9g: 142<\/p>","protected":false},"featured_media":3388,"template":"","meta":[],"product_brand":[],"product_cat":[23],"product_tag":[],"class_list":{"0":"post-2307","1":"product","2":"type-product","3":"status-publish","4":"has-post-thumbnail","6":"product_cat-nemez-poncso","8":"first","9":"instock","10":"purchasable","11":"product-type-simple"},"yoast_head":"<!-- This site is optimized with the Yoast SEO Premium plugin v27.6 (Yoast SEO v27.6) - https:\/\/yoast.com\/product\/yoast-seo-premium-wordpress\/ -->\n<title>Bord\u00f3 mint\u00e1s poncs\u00f3-kab\u00e1t - Botta Nemez<\/title>\n<meta name=\"description\" content=\"Selyemre nemezelt ausztr\u00e1l merin\u00f3 gyapj\u00fa, selyemsz\u00e1l \u00e9s viszk\u00f3z d\u00edsz\u00edt\u00e9ssel.Magas\u00edtott nyak\u00fa, hossz\u00fa ujj\u00fa, lefel\u00e9 b\u0151v\u00fcl\u0151 szab\u00e1s\u00fa.\" \/>\n<meta name=\"robots\" content=\"index, follow, max-snippet:-1, max-image-preview:large, max-video-preview:-1\" \/>\n<link rel=\"canonical\" href=\"https:\/\/bottanemez.hu\/en\/product\/bordo-poncso-kabat\/\" \/>\n<meta property=\"og:locale\" content=\"en_GB\" \/>\n<meta property=\"og:type\" content=\"article\" \/>\n<meta property=\"og:title\" content=\"Bord\u00f3 mint\u00e1s poncs\u00f3-kab\u00e1t\" \/>\n<meta property=\"og:description\" content=\"Selyemre nemezelt ausztr\u00e1l merin\u00f3 gyapj\u00fa, selyemsz\u00e1l \u00e9s viszk\u00f3z d\u00edsz\u00edt\u00e9ssel.Magas\u00edtott nyak\u00fa, hossz\u00fa ujj\u00fa, lefel\u00e9 b\u0151v\u00fcl\u0151 szab\u00e1s\u00fa.\" \/>\n<meta property=\"og:url\" content=\"https:\/\/bottanemez.hu\/en\/product\/bordo-poncso-kabat\/\" \/>\n<meta property=\"og:site_name\" content=\"Botta Nemez\" \/>\n<meta property=\"article:publisher\" content=\"https:\/\/www.facebook.com\/bottanemez\" \/>\n<meta property=\"article:modified_time\" content=\"2026-03-27T14:35:06+00:00\" \/>\n<meta property=\"og:image\" content=\"https:\/\/bottanemez.hu\/wp-content\/uploads\/2022\/10\/Bordo-mintas-poncso-kabat.png\" \/>\n\t<meta property=\"og:image:width\" content=\"519\" \/>\n\t<meta property=\"og:image:height\" content=\"1024\" \/>\n\t<meta property=\"og:image:type\" content=\"image\/png\" \/>\n<meta name=\"twitter:card\" content=\"summary_large_image\" \/>\n<meta name=\"twitter:label1\" content=\"Price\" \/>\n\t<meta name=\"twitter:data1\" content=\"55.000&nbsp;&#070;&#116;\" \/>\n\t<meta name=\"twitter:label2\" content=\"Availability\" \/>\n\t<meta name=\"twitter:data2\" content=\"In stock\" \/>\n<script type=\"application\/ld+json\" class=\"yoast-schema-graph\">{\"@context\":\"https:\\\/\\\/schema.org\",\"@graph\":[{\"@type\":\"WebPage\",\"@id\":\"https:\\\/\\\/bottanemez.hu\\\/termek\\\/bordo-poncso-kabat\\\/\",\"url\":\"https:\\\/\\\/bottanemez.hu\\\/termek\\\/bordo-poncso-kabat\\\/\",\"name\":\"Bord\u00f3 mint\u00e1s poncs\u00f3-kab\u00e1t - Botta Nemez\",\"isPartOf\":{\"@id\":\"https:\\\/\\\/bottanemez.hu\\\/#website\"},\"primaryImageOfPage\":{\"@id\":\"https:\\\/\\\/bottanemez.hu\\\/termek\\\/bordo-poncso-kabat\\\/#primaryimage\"},\"image\":{\"@id\":\"https:\\\/\\\/bottanemez.hu\\\/termek\\\/bordo-poncso-kabat\\\/#primaryimage\"},\"thumbnailUrl\":\"https:\\\/\\\/bottanemez.hu\\\/wp-content\\\/uploads\\\/2022\\\/10\\\/Bordo-mintas-poncso-kabat.png\",\"datePublished\":\"2022-10-20T08:38:16+00:00\",\"dateModified\":\"2026-03-27T14:35:06+00:00\",\"description\":\"Selyemre nemezelt ausztr\u00e1l merin\u00f3 gyapj\u00fa, selyemsz\u00e1l \u00e9s viszk\u00f3z d\u00edsz\u00edt\u00e9ssel.Magas\u00edtott nyak\u00fa, hossz\u00fa ujj\u00fa, lefel\u00e9 b\u0151v\u00fcl\u0151 szab\u00e1s\u00fa.\",\"breadcrumb\":{\"@id\":\"https:\\\/\\\/bottanemez.hu\\\/termek\\\/bordo-poncso-kabat\\\/#breadcrumb\"},\"inLanguage\":\"en-GB\",\"potentialAction\":[{\"@type\":\"ReadAction\",\"target\":[\"https:\\\/\\\/bottanemez.hu\\\/termek\\\/bordo-poncso-kabat\\\/\"]}]},{\"@type\":\"ImageObject\",\"inLanguage\":\"en-GB\",\"@id\":\"https:\\\/\\\/bottanemez.hu\\\/termek\\\/bordo-poncso-kabat\\\/#primaryimage\",\"url\":\"https:\\\/\\\/bottanemez.hu\\\/wp-content\\\/uploads\\\/2022\\\/10\\\/Bordo-mintas-poncso-kabat.png\",\"contentUrl\":\"https:\\\/\\\/bottanemez.hu\\\/wp-content\\\/uploads\\\/2022\\\/10\\\/Bordo-mintas-poncso-kabat.png\",\"width\":519,\"height\":1024},{\"@type\":\"BreadcrumbList\",\"@id\":\"https:\\\/\\\/bottanemez.hu\\\/termek\\\/bordo-poncso-kabat\\\/#breadcrumb\",\"itemListElement\":[{\"@type\":\"ListItem\",\"position\":1,\"name\":\"Home\",\"item\":\"https:\\\/\\\/bottanemez.hu\\\/\"},{\"@type\":\"ListItem\",\"position\":2,\"name\":\"Webshop\",\"item\":\"https:\\\/\\\/bottanemez.hu\\\/nemez-webshop\\\/\"},{\"@type\":\"ListItem\",\"position\":3,\"name\":\"Bord\u00f3 mint\u00e1s poncs\u00f3-kab\u00e1t\"}]},{\"@type\":\"WebSite\",\"@id\":\"https:\\\/\\\/bottanemez.hu\\\/#website\",\"url\":\"https:\\\/\\\/bottanemez.hu\\\/\",\"name\":\"Botta Nemez\",\"description\":\"Nemez\",\"publisher\":{\"@id\":\"https:\\\/\\\/bottanemez.hu\\\/#\\\/schema\\\/person\\\/e0b43b47c83f1b8ec5102569c7e47946\"},\"potentialAction\":[{\"@type\":\"SearchAction\",\"target\":{\"@type\":\"EntryPoint\",\"urlTemplate\":\"https:\\\/\\\/bottanemez.hu\\\/?s={search_term_string}\"},\"query-input\":{\"@type\":\"PropertyValueSpecification\",\"valueRequired\":true,\"valueName\":\"search_term_string\"}}],\"inLanguage\":\"en-GB\"},{\"@type\":[\"Person\",\"Organization\"],\"@id\":\"https:\\\/\\\/bottanemez.hu\\\/#\\\/schema\\\/person\\\/e0b43b47c83f1b8ec5102569c7e47946\",\"name\":\"nemezShop\",\"image\":{\"@type\":\"ImageObject\",\"inLanguage\":\"en-GB\",\"@id\":\"https:\\\/\\\/bottanemez.hu\\\/wp-content\\\/uploads\\\/2022\\\/10\\\/cropped-bottaNemezLogo.png\",\"url\":\"https:\\\/\\\/bottanemez.hu\\\/wp-content\\\/uploads\\\/2022\\\/10\\\/cropped-bottaNemezLogo.png\",\"contentUrl\":\"https:\\\/\\\/bottanemez.hu\\\/wp-content\\\/uploads\\\/2022\\\/10\\\/cropped-bottaNemezLogo.png\",\"width\":301,\"height\":301,\"caption\":\"nemezShop\"},\"logo\":{\"@id\":\"https:\\\/\\\/bottanemez.hu\\\/wp-content\\\/uploads\\\/2022\\\/10\\\/cropped-bottaNemezLogo.png\"},\"sameAs\":[\"https:\\\/\\\/vilagitopolo.hu\",\"https:\\\/\\\/www.facebook.com\\\/bottanemez\"]}]}<\/script>\n<meta property=\"product:price:amount\" content=\"55000\" \/>\n<meta property=\"product:price:currency\" content=\"HUF\" \/>\n<meta property=\"og:availability\" content=\"instock\" \/>\n<meta property=\"product:availability\" content=\"instock\" \/>\n<meta property=\"product:retailer_item_id\" content=\"b4d1ea5a6a07\" \/>\n<meta property=\"product:condition\" content=\"new\" \/>\n<!-- \/ Yoast SEO Premium plugin. -->","yoast_head_json":{"title":"Bord\u00f3 mint\u00e1s poncs\u00f3-kab\u00e1t - Botta Nemez","description":"Selyemre nemezelt ausztr\u00e1l merin\u00f3 gyapj\u00fa, selyemsz\u00e1l \u00e9s viszk\u00f3z d\u00edsz\u00edt\u00e9ssel.Magas\u00edtott nyak\u00fa, hossz\u00fa ujj\u00fa, lefel\u00e9 b\u0151v\u00fcl\u0151 szab\u00e1s\u00fa.","robots":{"index":"index","follow":"follow","max-snippet":"max-snippet:-1","max-image-preview":"max-image-preview:large","max-video-preview":"max-video-preview:-1"},"canonical":"https:\/\/bottanemez.hu\/en\/product\/bordo-poncso-kabat\/","og_locale":"en_GB","og_type":"article","og_title":"Bord\u00f3 mint\u00e1s poncs\u00f3-kab\u00e1t","og_description":"Selyemre nemezelt ausztr\u00e1l merin\u00f3 gyapj\u00fa, selyemsz\u00e1l \u00e9s viszk\u00f3z d\u00edsz\u00edt\u00e9ssel.Magas\u00edtott nyak\u00fa, hossz\u00fa ujj\u00fa, lefel\u00e9 b\u0151v\u00fcl\u0151 szab\u00e1s\u00fa.","og_url":"https:\/\/bottanemez.hu\/en\/product\/bordo-poncso-kabat\/","og_site_name":"Botta Nemez","article_publisher":"https:\/\/www.facebook.com\/bottanemez","article_modified_time":"2026-03-27T14:35:06+00:00","og_image":[{"width":519,"height":1024,"url":"https:\/\/bottanemez.hu\/wp-content\/uploads\/2022\/10\/Bordo-mintas-poncso-kabat.png","type":"image\/png"}],"twitter_card":"summary_large_image","twitter_misc":{"Price":"55.000&nbsp;&#70;&#116;","Availability":"In stock"},"schema":{"@context":"https:\/\/schema.org","@graph":[{"@type":"WebPage","@id":"https:\/\/bottanemez.hu\/termek\/bordo-poncso-kabat\/","url":"https:\/\/bottanemez.hu\/termek\/bordo-poncso-kabat\/","name":"Bord\u00f3 mint\u00e1s poncs\u00f3-kab\u00e1t - Botta Nemez","isPartOf":{"@id":"https:\/\/bottanemez.hu\/#website"},"primaryImageOfPage":{"@id":"https:\/\/bottanemez.hu\/termek\/bordo-poncso-kabat\/#primaryimage"},"image":{"@id":"https:\/\/bottanemez.hu\/termek\/bordo-poncso-kabat\/#primaryimage"},"thumbnailUrl":"https:\/\/bottanemez.hu\/wp-content\/uploads\/2022\/10\/Bordo-mintas-poncso-kabat.png","datePublished":"2022-10-20T08:38:16+00:00","dateModified":"2026-03-27T14:35:06+00:00","description":"Selyemre nemezelt ausztr\u00e1l merin\u00f3 gyapj\u00fa, selyemsz\u00e1l \u00e9s viszk\u00f3z d\u00edsz\u00edt\u00e9ssel.Magas\u00edtott nyak\u00fa, hossz\u00fa ujj\u00fa, lefel\u00e9 b\u0151v\u00fcl\u0151 szab\u00e1s\u00fa.","breadcrumb":{"@id":"https:\/\/bottanemez.hu\/termek\/bordo-poncso-kabat\/#breadcrumb"},"inLanguage":"en-GB","potentialAction":[{"@type":"ReadAction","target":["https:\/\/bottanemez.hu\/termek\/bordo-poncso-kabat\/"]}]},{"@type":"ImageObject","inLanguage":"en-GB","@id":"https:\/\/bottanemez.hu\/termek\/bordo-poncso-kabat\/#primaryimage","url":"https:\/\/bottanemez.hu\/wp-content\/uploads\/2022\/10\/Bordo-mintas-poncso-kabat.png","contentUrl":"https:\/\/bottanemez.hu\/wp-content\/uploads\/2022\/10\/Bordo-mintas-poncso-kabat.png","width":519,"height":1024},{"@type":"BreadcrumbList","@id":"https:\/\/bottanemez.hu\/termek\/bordo-poncso-kabat\/#breadcrumb","itemListElement":[{"@type":"ListItem","position":1,"name":"Home","item":"https:\/\/bottanemez.hu\/"},{"@type":"ListItem","position":2,"name":"Webshop","item":"https:\/\/bottanemez.hu\/nemez-webshop\/"},{"@type":"ListItem","position":3,"name":"Bord\u00f3 mint\u00e1s poncs\u00f3-kab\u00e1t"}]},{"@type":"WebSite","@id":"https:\/\/bottanemez.hu\/#website","url":"https:\/\/bottanemez.hu\/","name":"BottaFeltArt","description":"Nemez","publisher":{"@id":"https:\/\/bottanemez.hu\/#\/schema\/person\/e0b43b47c83f1b8ec5102569c7e47946"},"potentialAction":[{"@type":"SearchAction","target":{"@type":"EntryPoint","urlTemplate":"https:\/\/bottanemez.hu\/?s={search_term_string}"},"query-input":{"@type":"PropertyValueSpecification","valueRequired":true,"valueName":"search_term_string"}}],"inLanguage":"en-GB"},{"@type":["Person","Organization"],"@id":"https:\/\/bottanemez.hu\/#\/schema\/person\/e0b43b47c83f1b8ec5102569c7e47946","name":"nemezShop","image":{"@type":"ImageObject","inLanguage":"en-GB","@id":"https:\/\/bottanemez.hu\/wp-content\/uploads\/2022\/10\/cropped-bottaNemezLogo.png","url":"https:\/\/bottanemez.hu\/wp-content\/uploads\/2022\/10\/cropped-bottaNemezLogo.png","contentUrl":"https:\/\/bottanemez.hu\/wp-content\/uploads\/2022\/10\/cropped-bottaNemezLogo.png","width":301,"height":301,"caption":"nemezShop"},"logo":{"@id":"https:\/\/bottanemez.hu\/wp-content\/uploads\/2022\/10\/cropped-bottaNemezLogo.png"},"sameAs":["https:\/\/vilagitopolo.hu","https:\/\/www.facebook.com\/bottanemez"]}]},"product_price_amount":"55000","product_price_currency":"HUF","og_availability":"instock","product_availability":"instock","product_retailer_item_id":"b4d1ea5a6a07","product_condition":"new"},"_links":{"self":[{"href":"https:\/\/bottanemez.hu\/en\/wp-json\/wp\/v2\/product\/2307","targetHints":{"allow":["GET"]}}],"collection":[{"href":"https:\/\/bottanemez.hu\/en\/wp-json\/wp\/v2\/product"}],"about":[{"href":"https:\/\/bottanemez.hu\/en\/wp-json\/wp\/v2\/types\/product"}],"wp:featuredmedia":[{"embeddable":true,"href":"https:\/\/bottanemez.hu\/en\/wp-json\/wp\/v2\/media\/3388"}],"wp:attachment":[{"href":"https:\/\/bottanemez.hu\/en\/wp-json\/wp\/v2\/media?parent=2307"}],"wp:term":[{"taxonomy":"product_brand","embeddable":true,"href":"https:\/\/bottanemez.hu\/en\/wp-json\/wp\/v2\/product_brand?post=2307"},{"taxonomy":"product_cat","embeddable":true,"href":"https:\/\/bottanemez.hu\/en\/wp-json\/wp\/v2\/product_cat?post=2307"},{"taxonomy":"product_tag","embeddable":true,"href":"https:\/\/bottanemez.hu\/en\/wp-json\/wp\/v2\/product_tag?post=2307"}],"curies":[{"name":"wp","href":"https:\/\/api.w.org\/{rel}","templated":true}]}}