{"id":2255,"date":"2022-10-20T08:38:16","date_gmt":"2022-10-20T08:38:16","guid":{"rendered":"https:\/\/vilagitopolo.hu\/termek\/batikolt-bordo-poncso-melleny-dublo\/"},"modified":"2022-11-05T17:58:33","modified_gmt":"2022-11-05T17:58:33","slug":"bordo-batikolt-melleny-poncso","status":"publish","type":"product","link":"https:\/\/bottanemez.hu\/en\/product\/bordo-batikolt-melleny-poncso\/","title":{"rendered":"Batikolt bord\u00f3 poncs\u00f3-mell\u00e9ny dubl\u00f3"},"content":{"rendered":"<p>Anyaga ausztr\u00e1l merin\u00f3 gyapj\u00fa, selyem, pamut v\u00e1szon.<\/p>\n<p>B\u0151 fazon\u00fa, k\u00f6nny\u0171 es\u00e9s\u0171, magas\u00edtott nyakr\u00e9sszel, kiv\u00e1gott v\u00e1llr\u00e9sszel, k\u00f6rbe fut\u00f3 fodros szeg\u00e9llyel, hozz\u00e1 tartoz\u00f3 brossal v\u00e1ltozatosan t\u0171zhet\u0151.<\/p>\n<p>Mindk\u00e9t oldal\u00e1n hordhat\u00f3, dubl\u00f3 fazon:<\/p>\n<p>Egyik verzi\u00f3n\u00e1l az elej\u00e9n l\u00e1that\u00f3 batikolt mint\u00e1zat.<\/p>\n<p>M\u00e1sik verzi\u00f3n\u00e1l egysz\u00edn\u0171 bord\u00f3, feh\u00e9r fodros k\u00f6rbefut\u00f3 szeg\u00e9llyel.<\/p>\n<p>Univerz\u00e1lis m\u00e9ret, 38-44.<\/p>\n<p>Hossza v\u00e1llt\u00f3l: 56cm<\/p>\n<p>Eleje sz\u00e9less\u00e9ge:50-55cm<\/p>\n<p>H\u00e1ta sz\u00e9less\u00e9ge: 62cm<\/p>","protected":false},"excerpt":{"rendered":"<p>Anyaga ausztr\u00e1l merin\u00f3 gyapj\u00fa, selyem, pamut v\u00e1szon.<\/p>\n<p>B\u0151 fazon\u00fa, k\u00f6nny\u0171 es\u00e9s\u0171, magas\u00edtott nyakr\u00e9sszel, kiv\u00e1gott v\u00e1llr\u00e9sszel, k\u00f6rbe fut\u00f3 fodros szeg\u00e9llyel, hozz\u00e1 tartoz\u00f3 brossal v\u00e1ltozatosan t\u0171zhet\u0151.<\/p>\n<p>Mindk\u00e9t oldal\u00e1n hordhat\u00f3, dubl\u00f3 fazon:<\/p>\n<p>Egyik verzi\u00f3n\u00e1l az elej\u00e9n l\u00e1that\u00f3 batikolt mint\u00e1zat.<\/p>\n<p>M\u00e1sik verzi\u00f3n\u00e1l egysz\u00edn\u0171 bord\u00f3, feh\u00e9r fodros k\u00f6rbefut\u00f3 szeg\u00e9llyel.<\/p>\n<p>Univerz\u00e1lis m\u00e9ret, 38-44.<\/p>\n<p>Hossza v\u00e1llt\u00f3l: 56cm<\/p>\n<p>Eleje sz\u00e9less\u00e9ge:50-55cm<\/p>\n<p>H\u00e1ta sz\u00e9less\u00e9ge: 62cm<\/p>","protected":false},"featured_media":2256,"template":"","meta":[],"product_brand":[],"product_cat":[23],"product_tag":[],"class_list":{"0":"post-2255","1":"product","2":"type-product","3":"status-publish","4":"has-post-thumbnail","6":"product_cat-nemez-poncso","8":"first","9":"instock","10":"purchasable","11":"product-type-simple"},"yoast_head":"<!-- This site is optimized with the Yoast SEO Premium plugin v27.6 (Yoast SEO v27.6) - https:\/\/yoast.com\/product\/yoast-seo-premium-wordpress\/ -->\n<title>Batikolt bord\u00f3 poncs\u00f3-mell\u00e9ny dubl\u00f3 - Botta Nemez<\/title>\n<meta name=\"description\" content=\"B\u0151 fazon\u00fa, k\u00f6nny\u0171 es\u00e9s\u0171 poncs\u00f3 mell\u00e9ny, k\u00f6rbe fut\u00f3 fodros szeg\u00e9llyel, hozz\u00e1 tartoz\u00f3 brossal v\u00e1ltozatosan t\u0171zhet\u0151.Mindk\u00e9t oldal\u00e1n hordhat\u00f3, dubl\u00f3 fazon.\" \/>\n<meta name=\"robots\" content=\"index, follow, max-snippet:-1, max-image-preview:large, max-video-preview:-1\" \/>\n<link rel=\"canonical\" href=\"https:\/\/bottanemez.hu\/en\/product\/bordo-batikolt-melleny-poncso\/\" \/>\n<meta property=\"og:locale\" content=\"en_GB\" \/>\n<meta property=\"og:type\" content=\"article\" \/>\n<meta property=\"og:title\" content=\"Batikolt bord\u00f3 poncs\u00f3-mell\u00e9ny dubl\u00f3\" \/>\n<meta property=\"og:description\" content=\"B\u0151 fazon\u00fa, k\u00f6nny\u0171 es\u00e9s\u0171 poncs\u00f3 mell\u00e9ny, k\u00f6rbe fut\u00f3 fodros szeg\u00e9llyel, hozz\u00e1 tartoz\u00f3 brossal v\u00e1ltozatosan t\u0171zhet\u0151.Mindk\u00e9t oldal\u00e1n hordhat\u00f3, dubl\u00f3 fazon.\" \/>\n<meta property=\"og:url\" content=\"https:\/\/bottanemez.hu\/en\/product\/bordo-batikolt-melleny-poncso\/\" \/>\n<meta property=\"og:site_name\" content=\"Botta Nemez\" \/>\n<meta property=\"article:publisher\" content=\"https:\/\/www.facebook.com\/bottanemez\" \/>\n<meta property=\"article:modified_time\" content=\"2022-11-05T17:58:33+00:00\" \/>\n<meta property=\"og:image\" content=\"https:\/\/bottanemez.hu\/wp-content\/uploads\/2022\/10\/Bordo-batikolt-poncso-melleny-1.jpg\" \/>\n\t<meta property=\"og:image:width\" content=\"1440\" \/>\n\t<meta property=\"og:image:height\" content=\"1920\" \/>\n\t<meta property=\"og:image:type\" content=\"image\/jpeg\" \/>\n<meta name=\"twitter:card\" content=\"summary_large_image\" \/>\n<meta name=\"twitter:label1\" content=\"Price\" \/>\n\t<meta name=\"twitter:data1\" content=\"48.000&nbsp;&#070;&#116;\" \/>\n\t<meta name=\"twitter:label2\" content=\"Availability\" \/>\n\t<meta name=\"twitter:data2\" content=\"In stock\" \/>\n<script type=\"application\/ld+json\" class=\"yoast-schema-graph\">{\"@context\":\"https:\\\/\\\/schema.org\",\"@graph\":[{\"@type\":\"WebPage\",\"@id\":\"https:\\\/\\\/bottanemez.hu\\\/termek\\\/bordo-batikolt-melleny-poncso\\\/\",\"url\":\"https:\\\/\\\/bottanemez.hu\\\/termek\\\/bordo-batikolt-melleny-poncso\\\/\",\"name\":\"Batikolt bord\u00f3 poncs\u00f3-mell\u00e9ny dubl\u00f3 - Botta Nemez\",\"isPartOf\":{\"@id\":\"https:\\\/\\\/bottanemez.hu\\\/#website\"},\"primaryImageOfPage\":{\"@id\":\"https:\\\/\\\/bottanemez.hu\\\/termek\\\/bordo-batikolt-melleny-poncso\\\/#primaryimage\"},\"image\":{\"@id\":\"https:\\\/\\\/bottanemez.hu\\\/termek\\\/bordo-batikolt-melleny-poncso\\\/#primaryimage\"},\"thumbnailUrl\":\"https:\\\/\\\/bottanemez.hu\\\/wp-content\\\/uploads\\\/2022\\\/10\\\/Bordo-batikolt-poncso-melleny-1.jpg\",\"datePublished\":\"2022-10-20T08:38:16+00:00\",\"dateModified\":\"2022-11-05T17:58:33+00:00\",\"description\":\"B\u0151 fazon\u00fa, k\u00f6nny\u0171 es\u00e9s\u0171 poncs\u00f3 mell\u00e9ny, k\u00f6rbe fut\u00f3 fodros szeg\u00e9llyel, hozz\u00e1 tartoz\u00f3 brossal v\u00e1ltozatosan t\u0171zhet\u0151.Mindk\u00e9t oldal\u00e1n hordhat\u00f3, dubl\u00f3 fazon.\",\"breadcrumb\":{\"@id\":\"https:\\\/\\\/bottanemez.hu\\\/termek\\\/bordo-batikolt-melleny-poncso\\\/#breadcrumb\"},\"inLanguage\":\"en-GB\",\"potentialAction\":[{\"@type\":\"ReadAction\",\"target\":[\"https:\\\/\\\/bottanemez.hu\\\/termek\\\/bordo-batikolt-melleny-poncso\\\/\"]}]},{\"@type\":\"ImageObject\",\"inLanguage\":\"en-GB\",\"@id\":\"https:\\\/\\\/bottanemez.hu\\\/termek\\\/bordo-batikolt-melleny-poncso\\\/#primaryimage\",\"url\":\"https:\\\/\\\/bottanemez.hu\\\/wp-content\\\/uploads\\\/2022\\\/10\\\/Bordo-batikolt-poncso-melleny-1.jpg\",\"contentUrl\":\"https:\\\/\\\/bottanemez.hu\\\/wp-content\\\/uploads\\\/2022\\\/10\\\/Bordo-batikolt-poncso-melleny-1.jpg\",\"width\":1440,\"height\":1920},{\"@type\":\"BreadcrumbList\",\"@id\":\"https:\\\/\\\/bottanemez.hu\\\/termek\\\/bordo-batikolt-melleny-poncso\\\/#breadcrumb\",\"itemListElement\":[{\"@type\":\"ListItem\",\"position\":1,\"name\":\"Home\",\"item\":\"https:\\\/\\\/bottanemez.hu\\\/\"},{\"@type\":\"ListItem\",\"position\":2,\"name\":\"Webshop\",\"item\":\"https:\\\/\\\/bottanemez.hu\\\/nemez-webshop\\\/\"},{\"@type\":\"ListItem\",\"position\":3,\"name\":\"Batikolt bord\u00f3 poncs\u00f3-mell\u00e9ny dubl\u00f3\"}]},{\"@type\":\"WebSite\",\"@id\":\"https:\\\/\\\/bottanemez.hu\\\/#website\",\"url\":\"https:\\\/\\\/bottanemez.hu\\\/\",\"name\":\"Botta Nemez\",\"description\":\"Nemez\",\"publisher\":{\"@id\":\"https:\\\/\\\/bottanemez.hu\\\/#\\\/schema\\\/person\\\/e0b43b47c83f1b8ec5102569c7e47946\"},\"potentialAction\":[{\"@type\":\"SearchAction\",\"target\":{\"@type\":\"EntryPoint\",\"urlTemplate\":\"https:\\\/\\\/bottanemez.hu\\\/?s={search_term_string}\"},\"query-input\":{\"@type\":\"PropertyValueSpecification\",\"valueRequired\":true,\"valueName\":\"search_term_string\"}}],\"inLanguage\":\"en-GB\"},{\"@type\":[\"Person\",\"Organization\"],\"@id\":\"https:\\\/\\\/bottanemez.hu\\\/#\\\/schema\\\/person\\\/e0b43b47c83f1b8ec5102569c7e47946\",\"name\":\"nemezShop\",\"image\":{\"@type\":\"ImageObject\",\"inLanguage\":\"en-GB\",\"@id\":\"https:\\\/\\\/bottanemez.hu\\\/wp-content\\\/uploads\\\/2022\\\/10\\\/cropped-bottaNemezLogo.png\",\"url\":\"https:\\\/\\\/bottanemez.hu\\\/wp-content\\\/uploads\\\/2022\\\/10\\\/cropped-bottaNemezLogo.png\",\"contentUrl\":\"https:\\\/\\\/bottanemez.hu\\\/wp-content\\\/uploads\\\/2022\\\/10\\\/cropped-bottaNemezLogo.png\",\"width\":301,\"height\":301,\"caption\":\"nemezShop\"},\"logo\":{\"@id\":\"https:\\\/\\\/bottanemez.hu\\\/wp-content\\\/uploads\\\/2022\\\/10\\\/cropped-bottaNemezLogo.png\"},\"sameAs\":[\"https:\\\/\\\/vilagitopolo.hu\",\"https:\\\/\\\/www.facebook.com\\\/bottanemez\"]}]}<\/script>\n<meta property=\"product:price:amount\" content=\"48000\" \/>\n<meta property=\"product:price:currency\" content=\"HUF\" \/>\n<meta property=\"og:availability\" content=\"instock\" \/>\n<meta property=\"product:availability\" content=\"instock\" \/>\n<meta property=\"product:retailer_item_id\" content=\"ff0a6617d79d\" \/>\n<meta property=\"product:condition\" content=\"new\" \/>\n<!-- \/ Yoast SEO Premium plugin. -->","yoast_head_json":{"title":"Batikolt bord\u00f3 poncs\u00f3-mell\u00e9ny dubl\u00f3 - Botta Nemez","description":"B\u0151 fazon\u00fa, k\u00f6nny\u0171 es\u00e9s\u0171 poncs\u00f3 mell\u00e9ny, k\u00f6rbe fut\u00f3 fodros szeg\u00e9llyel, hozz\u00e1 tartoz\u00f3 brossal v\u00e1ltozatosan t\u0171zhet\u0151.Mindk\u00e9t oldal\u00e1n hordhat\u00f3, dubl\u00f3 fazon.","robots":{"index":"index","follow":"follow","max-snippet":"max-snippet:-1","max-image-preview":"max-image-preview:large","max-video-preview":"max-video-preview:-1"},"canonical":"https:\/\/bottanemez.hu\/en\/product\/bordo-batikolt-melleny-poncso\/","og_locale":"en_GB","og_type":"article","og_title":"Batikolt bord\u00f3 poncs\u00f3-mell\u00e9ny dubl\u00f3","og_description":"B\u0151 fazon\u00fa, k\u00f6nny\u0171 es\u00e9s\u0171 poncs\u00f3 mell\u00e9ny, k\u00f6rbe fut\u00f3 fodros szeg\u00e9llyel, hozz\u00e1 tartoz\u00f3 brossal v\u00e1ltozatosan t\u0171zhet\u0151.Mindk\u00e9t oldal\u00e1n hordhat\u00f3, dubl\u00f3 fazon.","og_url":"https:\/\/bottanemez.hu\/en\/product\/bordo-batikolt-melleny-poncso\/","og_site_name":"Botta Nemez","article_publisher":"https:\/\/www.facebook.com\/bottanemez","article_modified_time":"2022-11-05T17:58:33+00:00","og_image":[{"width":1440,"height":1920,"url":"https:\/\/bottanemez.hu\/wp-content\/uploads\/2022\/10\/Bordo-batikolt-poncso-melleny-1.jpg","type":"image\/jpeg"}],"twitter_card":"summary_large_image","twitter_misc":{"Price":"48.000&nbsp;&#70;&#116;","Availability":"In stock"},"schema":{"@context":"https:\/\/schema.org","@graph":[{"@type":"WebPage","@id":"https:\/\/bottanemez.hu\/termek\/bordo-batikolt-melleny-poncso\/","url":"https:\/\/bottanemez.hu\/termek\/bordo-batikolt-melleny-poncso\/","name":"Batikolt bord\u00f3 poncs\u00f3-mell\u00e9ny dubl\u00f3 - Botta Nemez","isPartOf":{"@id":"https:\/\/bottanemez.hu\/#website"},"primaryImageOfPage":{"@id":"https:\/\/bottanemez.hu\/termek\/bordo-batikolt-melleny-poncso\/#primaryimage"},"image":{"@id":"https:\/\/bottanemez.hu\/termek\/bordo-batikolt-melleny-poncso\/#primaryimage"},"thumbnailUrl":"https:\/\/bottanemez.hu\/wp-content\/uploads\/2022\/10\/Bordo-batikolt-poncso-melleny-1.jpg","datePublished":"2022-10-20T08:38:16+00:00","dateModified":"2022-11-05T17:58:33+00:00","description":"B\u0151 fazon\u00fa, k\u00f6nny\u0171 es\u00e9s\u0171 poncs\u00f3 mell\u00e9ny, k\u00f6rbe fut\u00f3 fodros szeg\u00e9llyel, hozz\u00e1 tartoz\u00f3 brossal v\u00e1ltozatosan t\u0171zhet\u0151.Mindk\u00e9t oldal\u00e1n hordhat\u00f3, dubl\u00f3 fazon.","breadcrumb":{"@id":"https:\/\/bottanemez.hu\/termek\/bordo-batikolt-melleny-poncso\/#breadcrumb"},"inLanguage":"en-GB","potentialAction":[{"@type":"ReadAction","target":["https:\/\/bottanemez.hu\/termek\/bordo-batikolt-melleny-poncso\/"]}]},{"@type":"ImageObject","inLanguage":"en-GB","@id":"https:\/\/bottanemez.hu\/termek\/bordo-batikolt-melleny-poncso\/#primaryimage","url":"https:\/\/bottanemez.hu\/wp-content\/uploads\/2022\/10\/Bordo-batikolt-poncso-melleny-1.jpg","contentUrl":"https:\/\/bottanemez.hu\/wp-content\/uploads\/2022\/10\/Bordo-batikolt-poncso-melleny-1.jpg","width":1440,"height":1920},{"@type":"BreadcrumbList","@id":"https:\/\/bottanemez.hu\/termek\/bordo-batikolt-melleny-poncso\/#breadcrumb","itemListElement":[{"@type":"ListItem","position":1,"name":"Home","item":"https:\/\/bottanemez.hu\/"},{"@type":"ListItem","position":2,"name":"Webshop","item":"https:\/\/bottanemez.hu\/nemez-webshop\/"},{"@type":"ListItem","position":3,"name":"Batikolt bord\u00f3 poncs\u00f3-mell\u00e9ny dubl\u00f3"}]},{"@type":"WebSite","@id":"https:\/\/bottanemez.hu\/#website","url":"https:\/\/bottanemez.hu\/","name":"BottaFeltArt","description":"Nemez","publisher":{"@id":"https:\/\/bottanemez.hu\/#\/schema\/person\/e0b43b47c83f1b8ec5102569c7e47946"},"potentialAction":[{"@type":"SearchAction","target":{"@type":"EntryPoint","urlTemplate":"https:\/\/bottanemez.hu\/?s={search_term_string}"},"query-input":{"@type":"PropertyValueSpecification","valueRequired":true,"valueName":"search_term_string"}}],"inLanguage":"en-GB"},{"@type":["Person","Organization"],"@id":"https:\/\/bottanemez.hu\/#\/schema\/person\/e0b43b47c83f1b8ec5102569c7e47946","name":"nemezShop","image":{"@type":"ImageObject","inLanguage":"en-GB","@id":"https:\/\/bottanemez.hu\/wp-content\/uploads\/2022\/10\/cropped-bottaNemezLogo.png","url":"https:\/\/bottanemez.hu\/wp-content\/uploads\/2022\/10\/cropped-bottaNemezLogo.png","contentUrl":"https:\/\/bottanemez.hu\/wp-content\/uploads\/2022\/10\/cropped-bottaNemezLogo.png","width":301,"height":301,"caption":"nemezShop"},"logo":{"@id":"https:\/\/bottanemez.hu\/wp-content\/uploads\/2022\/10\/cropped-bottaNemezLogo.png"},"sameAs":["https:\/\/vilagitopolo.hu","https:\/\/www.facebook.com\/bottanemez"]}]},"product_price_amount":"48000","product_price_currency":"HUF","og_availability":"instock","product_availability":"instock","product_retailer_item_id":"ff0a6617d79d","product_condition":"new"},"_links":{"self":[{"href":"https:\/\/bottanemez.hu\/en\/wp-json\/wp\/v2\/product\/2255","targetHints":{"allow":["GET"]}}],"collection":[{"href":"https:\/\/bottanemez.hu\/en\/wp-json\/wp\/v2\/product"}],"about":[{"href":"https:\/\/bottanemez.hu\/en\/wp-json\/wp\/v2\/types\/product"}],"wp:featuredmedia":[{"embeddable":true,"href":"https:\/\/bottanemez.hu\/en\/wp-json\/wp\/v2\/media\/2256"}],"wp:attachment":[{"href":"https:\/\/bottanemez.hu\/en\/wp-json\/wp\/v2\/media?parent=2255"}],"wp:term":[{"taxonomy":"product_brand","embeddable":true,"href":"https:\/\/bottanemez.hu\/en\/wp-json\/wp\/v2\/product_brand?post=2255"},{"taxonomy":"product_cat","embeddable":true,"href":"https:\/\/bottanemez.hu\/en\/wp-json\/wp\/v2\/product_cat?post=2255"},{"taxonomy":"product_tag","embeddable":true,"href":"https:\/\/bottanemez.hu\/en\/wp-json\/wp\/v2\/product_tag?post=2255"}],"curies":[{"name":"wp","href":"https:\/\/api.w.org\/{rel}","templated":true}]}}