{"id":2083,"date":"2022-10-20T08:24:13","date_gmt":"2022-10-20T08:24:13","guid":{"rendered":"https:\/\/vilagitopolo.hu\/termek\/lila-rovid-ujju-blezer\/"},"modified":"2022-10-20T08:26:00","modified_gmt":"2022-10-20T08:26:00","slug":"lila-rovid-ujju-blezer","status":"publish","type":"product","link":"https:\/\/bottanemez.hu\/en\/product\/lila-rovid-ujju-blezer\/","title":{"rendered":"Lila r\u00f6vid ujj\u00fa bl\u00e9zer"},"content":{"rendered":"<p>Ausztr\u00e1l merin\u00f3 gyapj\u00fa, orgona lila-p\u00fcsp\u00f6k lila, r\u00f6vid ujj\u00fa eleg\u00e1ns, k\u00f6nny\u0171 es\u00e9s\u0171 v\u00e9kony bl\u00e9zer, gall\u00e9r kihajt\u00f3 r\u00e9sz\u00e9n mint\u00e1s selyem bet\u00e9ttel. Brossal vari\u00e1lhat\u00f3 visel\u00e9si m\u00f3dok.<\/p>\n<p>M\u00e9retek:38-42<\/p>\n<p>Hossz:49cm<\/p>\n<p>Eleje sz\u00e9less\u00e9g:31 \u00e9s 34cm<\/p>\n<p>H\u00e1ta sz\u00e9less\u00e9g:49cm<\/p>\n<p>Teljes mellb\u0151s\u00e9g:114cm<\/p>\n<p>Ujj hossz:32cm<\/p>","protected":false},"excerpt":{"rendered":"<p>Ausztr\u00e1l merin\u00f3 gyapj\u00fa, orgona lila-p\u00fcsp\u00f6k lila, r\u00f6vid ujj\u00fa eleg\u00e1ns, k\u00f6nny\u0171 es\u00e9s\u0171 v\u00e9kony bl\u00e9zer, gall\u00e9r kihajt\u00f3 r\u00e9sz\u00e9n mint\u00e1s selyem bet\u00e9ttel. Brossal vari\u00e1lhat\u00f3 visel\u00e9si m\u00f3dok.<\/p>\n<p>M\u00e9retek:38-42<\/p>\n<p>Hossz:49cm<\/p>\n<p>Eleje sz\u00e9less\u00e9g:31 \u00e9s 34cm<\/p>\n<p>H\u00e1ta sz\u00e9less\u00e9g:49cm<\/p>\n<p>Teljes mellb\u0151s\u00e9g:114cm<\/p>\n<p>Ujj hossz:32cm<\/p>","protected":false},"featured_media":2084,"template":"","meta":[],"product_brand":[],"product_cat":[22],"product_tag":[],"class_list":{"0":"post-2083","1":"product","2":"type-product","3":"status-publish","4":"has-post-thumbnail","6":"product_cat-nemez-felso","8":"first","9":"instock","10":"purchasable","11":"product-type-simple"},"yoast_head":"<!-- This site is optimized with the Yoast SEO Premium plugin v27.6 (Yoast SEO v27.6) - https:\/\/yoast.com\/product\/yoast-seo-premium-wordpress\/ -->\n<title>Lila r\u00f6vid ujj\u00fa bl\u00e9zer - Botta Nemez<\/title>\n<meta name=\"robots\" content=\"index, follow, max-snippet:-1, max-image-preview:large, max-video-preview:-1\" \/>\n<link rel=\"canonical\" href=\"https:\/\/bottanemez.hu\/en\/product\/lila-rovid-ujju-blezer\/\" \/>\n<meta property=\"og:locale\" content=\"en_GB\" \/>\n<meta property=\"og:type\" content=\"article\" \/>\n<meta property=\"og:title\" content=\"Lila r\u00f6vid ujj\u00fa bl\u00e9zer\" \/>\n<meta property=\"og:description\" content=\"Ausztr\u00e1l merin\u00f3 gyapj\u00fa, orgona lila-p\u00fcsp\u00f6k lila, r\u00f6vid ujj\u00fa eleg\u00e1ns, k\u00f6nny\u0171 es\u00e9s\u0171 v\u00e9kony bl\u00e9zer, gall\u00e9r kihajt\u00f3 r\u00e9sz\u00e9n mint\u00e1s selyem bet\u00e9ttel. Brossal vari\u00e1lhat\u00f3 visel\u00e9si m\u00f3dok.M\u00e9retek:38-42Hossz:49cmEleje sz\u00e9less\u00e9g:31 \u00e9s 34cmH\u00e1ta sz\u00e9less\u00e9g:49cmTeljes mellb\u0151s\u00e9g:114cmUjj hossz:32cm\" \/>\n<meta property=\"og:url\" content=\"https:\/\/bottanemez.hu\/en\/product\/lila-rovid-ujju-blezer\/\" \/>\n<meta property=\"og:site_name\" content=\"Botta Nemez\" \/>\n<meta property=\"article:publisher\" content=\"https:\/\/www.facebook.com\/bottanemez\" \/>\n<meta property=\"article:modified_time\" content=\"2022-10-20T08:26:00+00:00\" \/>\n<meta property=\"og:image\" content=\"https:\/\/bottanemez.hu\/wp-content\/uploads\/2022\/10\/lila-blezer-1.jpg\" \/>\n\t<meta property=\"og:image:width\" content=\"1440\" \/>\n\t<meta property=\"og:image:height\" content=\"1920\" \/>\n\t<meta property=\"og:image:type\" content=\"image\/jpeg\" \/>\n<meta name=\"twitter:card\" content=\"summary_large_image\" \/>\n<meta name=\"twitter:label1\" content=\"Price\" \/>\n\t<meta name=\"twitter:data1\" content=\"50.000&nbsp;&#070;&#116;\" \/>\n\t<meta name=\"twitter:label2\" content=\"Availability\" \/>\n\t<meta name=\"twitter:data2\" content=\"In stock\" \/>\n<script type=\"application\/ld+json\" class=\"yoast-schema-graph\">{\"@context\":\"https:\\\/\\\/schema.org\",\"@graph\":[{\"@type\":\"WebPage\",\"@id\":\"https:\\\/\\\/bottanemez.hu\\\/en\\\/product\\\/lila-rovid-ujju-blezer\\\/\",\"url\":\"https:\\\/\\\/bottanemez.hu\\\/en\\\/product\\\/lila-rovid-ujju-blezer\\\/\",\"name\":\"Lila r\u00f6vid ujj\u00fa bl\u00e9zer - Botta Nemez\",\"isPartOf\":{\"@id\":\"https:\\\/\\\/bottanemez.hu\\\/#website\"},\"primaryImageOfPage\":{\"@id\":\"https:\\\/\\\/bottanemez.hu\\\/en\\\/product\\\/lila-rovid-ujju-blezer\\\/#primaryimage\"},\"image\":{\"@id\":\"https:\\\/\\\/bottanemez.hu\\\/en\\\/product\\\/lila-rovid-ujju-blezer\\\/#primaryimage\"},\"thumbnailUrl\":\"https:\\\/\\\/bottanemez.hu\\\/wp-content\\\/uploads\\\/2022\\\/10\\\/lila-blezer-1.jpg\",\"datePublished\":\"2022-10-20T08:24:13+00:00\",\"dateModified\":\"2022-10-20T08:26:00+00:00\",\"breadcrumb\":{\"@id\":\"https:\\\/\\\/bottanemez.hu\\\/en\\\/product\\\/lila-rovid-ujju-blezer\\\/#breadcrumb\"},\"inLanguage\":\"en-GB\",\"potentialAction\":[{\"@type\":\"ReadAction\",\"target\":[\"https:\\\/\\\/bottanemez.hu\\\/en\\\/product\\\/lila-rovid-ujju-blezer\\\/\"]}]},{\"@type\":\"ImageObject\",\"inLanguage\":\"en-GB\",\"@id\":\"https:\\\/\\\/bottanemez.hu\\\/en\\\/product\\\/lila-rovid-ujju-blezer\\\/#primaryimage\",\"url\":\"https:\\\/\\\/bottanemez.hu\\\/wp-content\\\/uploads\\\/2022\\\/10\\\/lila-blezer-1.jpg\",\"contentUrl\":\"https:\\\/\\\/bottanemez.hu\\\/wp-content\\\/uploads\\\/2022\\\/10\\\/lila-blezer-1.jpg\",\"width\":1440,\"height\":1920},{\"@type\":\"BreadcrumbList\",\"@id\":\"https:\\\/\\\/bottanemez.hu\\\/en\\\/product\\\/lila-rovid-ujju-blezer\\\/#breadcrumb\",\"itemListElement\":[{\"@type\":\"ListItem\",\"position\":1,\"name\":\"Home\",\"item\":\"https:\\\/\\\/bottanemez.hu\\\/\"},{\"@type\":\"ListItem\",\"position\":2,\"name\":\"Webshop\",\"item\":\"https:\\\/\\\/bottanemez.hu\\\/nemez-webshop\\\/\"},{\"@type\":\"ListItem\",\"position\":3,\"name\":\"Lila r\u00f6vid ujj\u00fa bl\u00e9zer\"}]},{\"@type\":\"WebSite\",\"@id\":\"https:\\\/\\\/bottanemez.hu\\\/#website\",\"url\":\"https:\\\/\\\/bottanemez.hu\\\/\",\"name\":\"Botta Nemez\",\"description\":\"Nemez\",\"publisher\":{\"@id\":\"https:\\\/\\\/bottanemez.hu\\\/#\\\/schema\\\/person\\\/e0b43b47c83f1b8ec5102569c7e47946\"},\"potentialAction\":[{\"@type\":\"SearchAction\",\"target\":{\"@type\":\"EntryPoint\",\"urlTemplate\":\"https:\\\/\\\/bottanemez.hu\\\/?s={search_term_string}\"},\"query-input\":{\"@type\":\"PropertyValueSpecification\",\"valueRequired\":true,\"valueName\":\"search_term_string\"}}],\"inLanguage\":\"en-GB\"},{\"@type\":[\"Person\",\"Organization\"],\"@id\":\"https:\\\/\\\/bottanemez.hu\\\/#\\\/schema\\\/person\\\/e0b43b47c83f1b8ec5102569c7e47946\",\"name\":\"nemezShop\",\"image\":{\"@type\":\"ImageObject\",\"inLanguage\":\"en-GB\",\"@id\":\"https:\\\/\\\/bottanemez.hu\\\/wp-content\\\/uploads\\\/2022\\\/10\\\/cropped-bottaNemezLogo.png\",\"url\":\"https:\\\/\\\/bottanemez.hu\\\/wp-content\\\/uploads\\\/2022\\\/10\\\/cropped-bottaNemezLogo.png\",\"contentUrl\":\"https:\\\/\\\/bottanemez.hu\\\/wp-content\\\/uploads\\\/2022\\\/10\\\/cropped-bottaNemezLogo.png\",\"width\":301,\"height\":301,\"caption\":\"nemezShop\"},\"logo\":{\"@id\":\"https:\\\/\\\/bottanemez.hu\\\/wp-content\\\/uploads\\\/2022\\\/10\\\/cropped-bottaNemezLogo.png\"},\"sameAs\":[\"https:\\\/\\\/vilagitopolo.hu\",\"https:\\\/\\\/www.facebook.com\\\/bottanemez\"]}]}<\/script>\n<meta property=\"product:price:amount\" content=\"50000\" \/>\n<meta property=\"product:price:currency\" content=\"HUF\" \/>\n<meta property=\"og:availability\" content=\"instock\" \/>\n<meta property=\"product:availability\" content=\"instock\" \/>\n<meta property=\"product:retailer_item_id\" content=\"7b6d230e9823\" \/>\n<meta property=\"product:condition\" content=\"new\" \/>\n<!-- \/ Yoast SEO Premium plugin. -->","yoast_head_json":{"title":"Lila r\u00f6vid ujj\u00fa bl\u00e9zer - Botta Nemez","robots":{"index":"index","follow":"follow","max-snippet":"max-snippet:-1","max-image-preview":"max-image-preview:large","max-video-preview":"max-video-preview:-1"},"canonical":"https:\/\/bottanemez.hu\/en\/product\/lila-rovid-ujju-blezer\/","og_locale":"en_GB","og_type":"article","og_title":"Lila r\u00f6vid ujj\u00fa bl\u00e9zer","og_description":"Ausztr\u00e1l merin\u00f3 gyapj\u00fa, orgona lila-p\u00fcsp\u00f6k lila, r\u00f6vid ujj\u00fa eleg\u00e1ns, k\u00f6nny\u0171 es\u00e9s\u0171 v\u00e9kony bl\u00e9zer, gall\u00e9r kihajt\u00f3 r\u00e9sz\u00e9n mint\u00e1s selyem bet\u00e9ttel. Brossal vari\u00e1lhat\u00f3 visel\u00e9si m\u00f3dok.M\u00e9retek:38-42Hossz:49cmEleje sz\u00e9less\u00e9g:31 \u00e9s 34cmH\u00e1ta sz\u00e9less\u00e9g:49cmTeljes mellb\u0151s\u00e9g:114cmUjj hossz:32cm","og_url":"https:\/\/bottanemez.hu\/en\/product\/lila-rovid-ujju-blezer\/","og_site_name":"Botta Nemez","article_publisher":"https:\/\/www.facebook.com\/bottanemez","article_modified_time":"2022-10-20T08:26:00+00:00","og_image":[{"width":1440,"height":1920,"url":"https:\/\/bottanemez.hu\/wp-content\/uploads\/2022\/10\/lila-blezer-1.jpg","type":"image\/jpeg"}],"twitter_card":"summary_large_image","twitter_misc":{"Price":"50.000&nbsp;&#70;&#116;","Availability":"In stock"},"schema":{"@context":"https:\/\/schema.org","@graph":[{"@type":"WebPage","@id":"https:\/\/bottanemez.hu\/en\/product\/lila-rovid-ujju-blezer\/","url":"https:\/\/bottanemez.hu\/en\/product\/lila-rovid-ujju-blezer\/","name":"Lila r\u00f6vid ujj\u00fa bl\u00e9zer - Botta Nemez","isPartOf":{"@id":"https:\/\/bottanemez.hu\/#website"},"primaryImageOfPage":{"@id":"https:\/\/bottanemez.hu\/en\/product\/lila-rovid-ujju-blezer\/#primaryimage"},"image":{"@id":"https:\/\/bottanemez.hu\/en\/product\/lila-rovid-ujju-blezer\/#primaryimage"},"thumbnailUrl":"https:\/\/bottanemez.hu\/wp-content\/uploads\/2022\/10\/lila-blezer-1.jpg","datePublished":"2022-10-20T08:24:13+00:00","dateModified":"2022-10-20T08:26:00+00:00","breadcrumb":{"@id":"https:\/\/bottanemez.hu\/en\/product\/lila-rovid-ujju-blezer\/#breadcrumb"},"inLanguage":"en-GB","potentialAction":[{"@type":"ReadAction","target":["https:\/\/bottanemez.hu\/en\/product\/lila-rovid-ujju-blezer\/"]}]},{"@type":"ImageObject","inLanguage":"en-GB","@id":"https:\/\/bottanemez.hu\/en\/product\/lila-rovid-ujju-blezer\/#primaryimage","url":"https:\/\/bottanemez.hu\/wp-content\/uploads\/2022\/10\/lila-blezer-1.jpg","contentUrl":"https:\/\/bottanemez.hu\/wp-content\/uploads\/2022\/10\/lila-blezer-1.jpg","width":1440,"height":1920},{"@type":"BreadcrumbList","@id":"https:\/\/bottanemez.hu\/en\/product\/lila-rovid-ujju-blezer\/#breadcrumb","itemListElement":[{"@type":"ListItem","position":1,"name":"Home","item":"https:\/\/bottanemez.hu\/"},{"@type":"ListItem","position":2,"name":"Webshop","item":"https:\/\/bottanemez.hu\/nemez-webshop\/"},{"@type":"ListItem","position":3,"name":"Lila r\u00f6vid ujj\u00fa bl\u00e9zer"}]},{"@type":"WebSite","@id":"https:\/\/bottanemez.hu\/#website","url":"https:\/\/bottanemez.hu\/","name":"BottaFeltArt","description":"Nemez","publisher":{"@id":"https:\/\/bottanemez.hu\/#\/schema\/person\/e0b43b47c83f1b8ec5102569c7e47946"},"potentialAction":[{"@type":"SearchAction","target":{"@type":"EntryPoint","urlTemplate":"https:\/\/bottanemez.hu\/?s={search_term_string}"},"query-input":{"@type":"PropertyValueSpecification","valueRequired":true,"valueName":"search_term_string"}}],"inLanguage":"en-GB"},{"@type":["Person","Organization"],"@id":"https:\/\/bottanemez.hu\/#\/schema\/person\/e0b43b47c83f1b8ec5102569c7e47946","name":"nemezShop","image":{"@type":"ImageObject","inLanguage":"en-GB","@id":"https:\/\/bottanemez.hu\/wp-content\/uploads\/2022\/10\/cropped-bottaNemezLogo.png","url":"https:\/\/bottanemez.hu\/wp-content\/uploads\/2022\/10\/cropped-bottaNemezLogo.png","contentUrl":"https:\/\/bottanemez.hu\/wp-content\/uploads\/2022\/10\/cropped-bottaNemezLogo.png","width":301,"height":301,"caption":"nemezShop"},"logo":{"@id":"https:\/\/bottanemez.hu\/wp-content\/uploads\/2022\/10\/cropped-bottaNemezLogo.png"},"sameAs":["https:\/\/vilagitopolo.hu","https:\/\/www.facebook.com\/bottanemez"]}]},"product_price_amount":"50000","product_price_currency":"HUF","og_availability":"instock","product_availability":"instock","product_retailer_item_id":"7b6d230e9823","product_condition":"new"},"_links":{"self":[{"href":"https:\/\/bottanemez.hu\/en\/wp-json\/wp\/v2\/product\/2083","targetHints":{"allow":["GET"]}}],"collection":[{"href":"https:\/\/bottanemez.hu\/en\/wp-json\/wp\/v2\/product"}],"about":[{"href":"https:\/\/bottanemez.hu\/en\/wp-json\/wp\/v2\/types\/product"}],"wp:featuredmedia":[{"embeddable":true,"href":"https:\/\/bottanemez.hu\/en\/wp-json\/wp\/v2\/media\/2084"}],"wp:attachment":[{"href":"https:\/\/bottanemez.hu\/en\/wp-json\/wp\/v2\/media?parent=2083"}],"wp:term":[{"taxonomy":"product_brand","embeddable":true,"href":"https:\/\/bottanemez.hu\/en\/wp-json\/wp\/v2\/product_brand?post=2083"},{"taxonomy":"product_cat","embeddable":true,"href":"https:\/\/bottanemez.hu\/en\/wp-json\/wp\/v2\/product_cat?post=2083"},{"taxonomy":"product_tag","embeddable":true,"href":"https:\/\/bottanemez.hu\/en\/wp-json\/wp\/v2\/product_tag?post=2083"}],"curies":[{"name":"wp","href":"https:\/\/api.w.org\/{rel}","templated":true}]}}