{"id":2061,"date":"2022-10-20T08:24:13","date_gmt":"2022-10-20T08:24:13","guid":{"rendered":"https:\/\/vilagitopolo.hu\/termek\/kekfesto-tunika-2\/"},"modified":"2026-03-30T18:49:33","modified_gmt":"2026-03-30T18:49:33","slug":"kekfesto-tunika-2","status":"publish","type":"product","link":"https:\/\/bottanemez.hu\/en\/product\/kekfesto-tunika-2\/","title":{"rendered":"K\u00e9kfest\u0151 tunika"},"content":{"rendered":"<p>Selyem k\u00e9kfest\u0151 szoknyar\u00e9sszel kombin\u00e1lt k\u00f6nnyed, v\u00e9kony ausztr\u00e1l merino gyapj\u00fa fels\u0151r\u00e9sz, elej\u00e9n-h\u00e1t\u00e1n V-kiv\u00e1g\u00e1s\u00fa nyakr\u00e9sszel. Elej\u00e9n s\u00f6t\u00e9tk\u00e9k gall\u00e9rral, k\u00e9kfest\u0151 selyem-gy\u00f6ngy r\u00f3zsa d\u00edsszel.<br \/>M\u00e9ret: 40-44<br \/>Hossz:85cm<br \/>Mellb\u0151s\u00e9g:96cm<br \/>Cs\u00edp\u0151b\u0151s\u00e9g:106cm&nbsp;<\/p>","protected":false},"excerpt":{"rendered":"<p>Selyem k\u00e9kfest\u0151 szoknyar\u00e9sszel kombin\u00e1lt k\u00f6nnyed, v\u00e9kony ausztr\u00e1l merino gyapj\u00fa fels\u0151r\u00e9sz, elej\u00e9n-h\u00e1t\u00e1n V-kiv\u00e1g\u00e1s\u00fa nyakr\u00e9sszel. Elej\u00e9n s\u00f6t\u00e9tk\u00e9k gall\u00e9rral, k\u00e9kfest\u0151 selyem-gy\u00f6ngy r\u00f3zsa d\u00edsszel.<br \/>M\u00e9ret: 40-44<br \/>Hossz:85cm<br \/>Mellb\u0151s\u00e9g:96cm<br \/>Cs\u00edp\u0151b\u0151s\u00e9g:106cm&nbsp;<\/p>","protected":false},"featured_media":2062,"template":"","meta":[],"product_brand":[],"product_cat":[27],"product_tag":[],"class_list":{"0":"post-2061","1":"product","2":"type-product","3":"status-publish","4":"has-post-thumbnail","6":"product_cat-nemez-ruha","8":"first","9":"instock","10":"purchasable","11":"product-type-simple"},"yoast_head":"<!-- This site is optimized with the Yoast SEO Premium plugin v27.6 (Yoast SEO v27.6) - https:\/\/yoast.com\/product\/yoast-seo-premium-wordpress\/ -->\n<title>K\u00e9kfest\u0151 tunika - Botta Nemez<\/title>\n<meta name=\"robots\" content=\"index, follow, max-snippet:-1, max-image-preview:large, max-video-preview:-1\" \/>\n<link rel=\"canonical\" href=\"https:\/\/bottanemez.hu\/en\/product\/kekfesto-tunika-2\/\" \/>\n<meta property=\"og:locale\" content=\"en_GB\" \/>\n<meta property=\"og:type\" content=\"article\" \/>\n<meta property=\"og:title\" content=\"K\u00e9kfest\u0151 tunika\" \/>\n<meta property=\"og:description\" content=\"Selyem k\u00e9kfest\u0151 szoknyar\u00e9sszel kombin\u00e1lt k\u00f6nnyed, v\u00e9kony ausztr\u00e1l merino gyapj\u00fa fels\u0151r\u00e9sz, elej\u00e9n-h\u00e1t\u00e1n V-kiv\u00e1g\u00e1s\u00fa nyakr\u00e9sszel. Elej\u00e9n s\u00f6t\u00e9tk\u00e9k gall\u00e9rral, k\u00e9kfest\u0151 selyem-gy\u00f6ngy r\u00f3zsa d\u00edsszel.M\u00e9ret: 40-44Hossz:85cmMellb\u0151s\u00e9g:96cmCs\u00edp\u0151b\u0151s\u00e9g:106cm&nbsp;\" \/>\n<meta property=\"og:url\" content=\"https:\/\/bottanemez.hu\/en\/product\/kekfesto-tunika-2\/\" \/>\n<meta property=\"og:site_name\" content=\"Botta Nemez\" \/>\n<meta property=\"article:publisher\" content=\"https:\/\/www.facebook.com\/bottanemez\" \/>\n<meta property=\"article:modified_time\" content=\"2026-03-30T18:49:33+00:00\" \/>\n<meta property=\"og:image\" content=\"https:\/\/bottanemez.hu\/wp-content\/uploads\/2022\/10\/2CF965E3-AF8E-4487-91E1-9AE6350D1483.jpeg\" \/>\n\t<meta property=\"og:image:width\" content=\"1440\" \/>\n\t<meta property=\"og:image:height\" content=\"1920\" \/>\n\t<meta property=\"og:image:type\" content=\"image\/jpeg\" \/>\n<meta name=\"twitter:card\" content=\"summary_large_image\" \/>\n<meta name=\"twitter:label1\" content=\"Price\" \/>\n\t<meta name=\"twitter:data1\" content=\"52.000&nbsp;&#070;&#116;\" \/>\n\t<meta name=\"twitter:label2\" content=\"Availability\" \/>\n\t<meta name=\"twitter:data2\" content=\"In stock\" \/>\n<script type=\"application\/ld+json\" class=\"yoast-schema-graph\">{\"@context\":\"https:\\\/\\\/schema.org\",\"@graph\":[{\"@type\":\"WebPage\",\"@id\":\"https:\\\/\\\/bottanemez.hu\\\/termek\\\/kekfesto-tunika-2\\\/\",\"url\":\"https:\\\/\\\/bottanemez.hu\\\/termek\\\/kekfesto-tunika-2\\\/\",\"name\":\"K\u00e9kfest\u0151 tunika - Botta Nemez\",\"isPartOf\":{\"@id\":\"https:\\\/\\\/bottanemez.hu\\\/#website\"},\"primaryImageOfPage\":{\"@id\":\"https:\\\/\\\/bottanemez.hu\\\/termek\\\/kekfesto-tunika-2\\\/#primaryimage\"},\"image\":{\"@id\":\"https:\\\/\\\/bottanemez.hu\\\/termek\\\/kekfesto-tunika-2\\\/#primaryimage\"},\"thumbnailUrl\":\"https:\\\/\\\/bottanemez.hu\\\/wp-content\\\/uploads\\\/2022\\\/10\\\/2CF965E3-AF8E-4487-91E1-9AE6350D1483.jpeg\",\"datePublished\":\"2022-10-20T08:24:13+00:00\",\"dateModified\":\"2026-03-30T18:49:33+00:00\",\"breadcrumb\":{\"@id\":\"https:\\\/\\\/bottanemez.hu\\\/termek\\\/kekfesto-tunika-2\\\/#breadcrumb\"},\"inLanguage\":\"en-GB\",\"potentialAction\":[{\"@type\":\"ReadAction\",\"target\":[\"https:\\\/\\\/bottanemez.hu\\\/termek\\\/kekfesto-tunika-2\\\/\"]}]},{\"@type\":\"ImageObject\",\"inLanguage\":\"en-GB\",\"@id\":\"https:\\\/\\\/bottanemez.hu\\\/termek\\\/kekfesto-tunika-2\\\/#primaryimage\",\"url\":\"https:\\\/\\\/bottanemez.hu\\\/wp-content\\\/uploads\\\/2022\\\/10\\\/2CF965E3-AF8E-4487-91E1-9AE6350D1483.jpeg\",\"contentUrl\":\"https:\\\/\\\/bottanemez.hu\\\/wp-content\\\/uploads\\\/2022\\\/10\\\/2CF965E3-AF8E-4487-91E1-9AE6350D1483.jpeg\",\"width\":1440,\"height\":1920},{\"@type\":\"BreadcrumbList\",\"@id\":\"https:\\\/\\\/bottanemez.hu\\\/termek\\\/kekfesto-tunika-2\\\/#breadcrumb\",\"itemListElement\":[{\"@type\":\"ListItem\",\"position\":1,\"name\":\"Home\",\"item\":\"https:\\\/\\\/bottanemez.hu\\\/\"},{\"@type\":\"ListItem\",\"position\":2,\"name\":\"Webshop\",\"item\":\"https:\\\/\\\/bottanemez.hu\\\/nemez-webshop\\\/\"},{\"@type\":\"ListItem\",\"position\":3,\"name\":\"K\u00e9kfest\u0151 tunika\"}]},{\"@type\":\"WebSite\",\"@id\":\"https:\\\/\\\/bottanemez.hu\\\/#website\",\"url\":\"https:\\\/\\\/bottanemez.hu\\\/\",\"name\":\"Botta Nemez\",\"description\":\"Nemez\",\"publisher\":{\"@id\":\"https:\\\/\\\/bottanemez.hu\\\/#\\\/schema\\\/person\\\/e0b43b47c83f1b8ec5102569c7e47946\"},\"potentialAction\":[{\"@type\":\"SearchAction\",\"target\":{\"@type\":\"EntryPoint\",\"urlTemplate\":\"https:\\\/\\\/bottanemez.hu\\\/?s={search_term_string}\"},\"query-input\":{\"@type\":\"PropertyValueSpecification\",\"valueRequired\":true,\"valueName\":\"search_term_string\"}}],\"inLanguage\":\"en-GB\"},{\"@type\":[\"Person\",\"Organization\"],\"@id\":\"https:\\\/\\\/bottanemez.hu\\\/#\\\/schema\\\/person\\\/e0b43b47c83f1b8ec5102569c7e47946\",\"name\":\"nemezShop\",\"image\":{\"@type\":\"ImageObject\",\"inLanguage\":\"en-GB\",\"@id\":\"https:\\\/\\\/bottanemez.hu\\\/wp-content\\\/uploads\\\/2022\\\/10\\\/cropped-bottaNemezLogo.png\",\"url\":\"https:\\\/\\\/bottanemez.hu\\\/wp-content\\\/uploads\\\/2022\\\/10\\\/cropped-bottaNemezLogo.png\",\"contentUrl\":\"https:\\\/\\\/bottanemez.hu\\\/wp-content\\\/uploads\\\/2022\\\/10\\\/cropped-bottaNemezLogo.png\",\"width\":301,\"height\":301,\"caption\":\"nemezShop\"},\"logo\":{\"@id\":\"https:\\\/\\\/bottanemez.hu\\\/wp-content\\\/uploads\\\/2022\\\/10\\\/cropped-bottaNemezLogo.png\"},\"sameAs\":[\"https:\\\/\\\/vilagitopolo.hu\",\"https:\\\/\\\/www.facebook.com\\\/bottanemez\"]}]}<\/script>\n<meta property=\"product:price:amount\" content=\"52000\" \/>\n<meta property=\"product:price:currency\" content=\"HUF\" \/>\n<meta property=\"og:availability\" content=\"instock\" \/>\n<meta property=\"product:availability\" content=\"instock\" \/>\n<meta property=\"product:retailer_item_id\" content=\"5d5e0d974d0e\" \/>\n<meta property=\"product:condition\" content=\"new\" \/>\n<!-- \/ Yoast SEO Premium plugin. -->","yoast_head_json":{"title":"K\u00e9kfest\u0151 tunika - Botta Nemez","robots":{"index":"index","follow":"follow","max-snippet":"max-snippet:-1","max-image-preview":"max-image-preview:large","max-video-preview":"max-video-preview:-1"},"canonical":"https:\/\/bottanemez.hu\/en\/product\/kekfesto-tunika-2\/","og_locale":"en_GB","og_type":"article","og_title":"K\u00e9kfest\u0151 tunika","og_description":"Selyem k\u00e9kfest\u0151 szoknyar\u00e9sszel kombin\u00e1lt k\u00f6nnyed, v\u00e9kony ausztr\u00e1l merino gyapj\u00fa fels\u0151r\u00e9sz, elej\u00e9n-h\u00e1t\u00e1n V-kiv\u00e1g\u00e1s\u00fa nyakr\u00e9sszel. Elej\u00e9n s\u00f6t\u00e9tk\u00e9k gall\u00e9rral, k\u00e9kfest\u0151 selyem-gy\u00f6ngy r\u00f3zsa d\u00edsszel.M\u00e9ret: 40-44Hossz:85cmMellb\u0151s\u00e9g:96cmCs\u00edp\u0151b\u0151s\u00e9g:106cm&nbsp;","og_url":"https:\/\/bottanemez.hu\/en\/product\/kekfesto-tunika-2\/","og_site_name":"Botta Nemez","article_publisher":"https:\/\/www.facebook.com\/bottanemez","article_modified_time":"2026-03-30T18:49:33+00:00","og_image":[{"width":1440,"height":1920,"url":"https:\/\/bottanemez.hu\/wp-content\/uploads\/2022\/10\/2CF965E3-AF8E-4487-91E1-9AE6350D1483.jpeg","type":"image\/jpeg"}],"twitter_card":"summary_large_image","twitter_misc":{"Price":"52.000&nbsp;&#70;&#116;","Availability":"In stock"},"schema":{"@context":"https:\/\/schema.org","@graph":[{"@type":"WebPage","@id":"https:\/\/bottanemez.hu\/termek\/kekfesto-tunika-2\/","url":"https:\/\/bottanemez.hu\/termek\/kekfesto-tunika-2\/","name":"K\u00e9kfest\u0151 tunika - Botta Nemez","isPartOf":{"@id":"https:\/\/bottanemez.hu\/#website"},"primaryImageOfPage":{"@id":"https:\/\/bottanemez.hu\/termek\/kekfesto-tunika-2\/#primaryimage"},"image":{"@id":"https:\/\/bottanemez.hu\/termek\/kekfesto-tunika-2\/#primaryimage"},"thumbnailUrl":"https:\/\/bottanemez.hu\/wp-content\/uploads\/2022\/10\/2CF965E3-AF8E-4487-91E1-9AE6350D1483.jpeg","datePublished":"2022-10-20T08:24:13+00:00","dateModified":"2026-03-30T18:49:33+00:00","breadcrumb":{"@id":"https:\/\/bottanemez.hu\/termek\/kekfesto-tunika-2\/#breadcrumb"},"inLanguage":"en-GB","potentialAction":[{"@type":"ReadAction","target":["https:\/\/bottanemez.hu\/termek\/kekfesto-tunika-2\/"]}]},{"@type":"ImageObject","inLanguage":"en-GB","@id":"https:\/\/bottanemez.hu\/termek\/kekfesto-tunika-2\/#primaryimage","url":"https:\/\/bottanemez.hu\/wp-content\/uploads\/2022\/10\/2CF965E3-AF8E-4487-91E1-9AE6350D1483.jpeg","contentUrl":"https:\/\/bottanemez.hu\/wp-content\/uploads\/2022\/10\/2CF965E3-AF8E-4487-91E1-9AE6350D1483.jpeg","width":1440,"height":1920},{"@type":"BreadcrumbList","@id":"https:\/\/bottanemez.hu\/termek\/kekfesto-tunika-2\/#breadcrumb","itemListElement":[{"@type":"ListItem","position":1,"name":"Home","item":"https:\/\/bottanemez.hu\/"},{"@type":"ListItem","position":2,"name":"Webshop","item":"https:\/\/bottanemez.hu\/nemez-webshop\/"},{"@type":"ListItem","position":3,"name":"K\u00e9kfest\u0151 tunika"}]},{"@type":"WebSite","@id":"https:\/\/bottanemez.hu\/#website","url":"https:\/\/bottanemez.hu\/","name":"BottaFeltArt","description":"Nemez","publisher":{"@id":"https:\/\/bottanemez.hu\/#\/schema\/person\/e0b43b47c83f1b8ec5102569c7e47946"},"potentialAction":[{"@type":"SearchAction","target":{"@type":"EntryPoint","urlTemplate":"https:\/\/bottanemez.hu\/?s={search_term_string}"},"query-input":{"@type":"PropertyValueSpecification","valueRequired":true,"valueName":"search_term_string"}}],"inLanguage":"en-GB"},{"@type":["Person","Organization"],"@id":"https:\/\/bottanemez.hu\/#\/schema\/person\/e0b43b47c83f1b8ec5102569c7e47946","name":"nemezShop","image":{"@type":"ImageObject","inLanguage":"en-GB","@id":"https:\/\/bottanemez.hu\/wp-content\/uploads\/2022\/10\/cropped-bottaNemezLogo.png","url":"https:\/\/bottanemez.hu\/wp-content\/uploads\/2022\/10\/cropped-bottaNemezLogo.png","contentUrl":"https:\/\/bottanemez.hu\/wp-content\/uploads\/2022\/10\/cropped-bottaNemezLogo.png","width":301,"height":301,"caption":"nemezShop"},"logo":{"@id":"https:\/\/bottanemez.hu\/wp-content\/uploads\/2022\/10\/cropped-bottaNemezLogo.png"},"sameAs":["https:\/\/vilagitopolo.hu","https:\/\/www.facebook.com\/bottanemez"]}]},"product_price_amount":"52000","product_price_currency":"HUF","og_availability":"instock","product_availability":"instock","product_retailer_item_id":"5d5e0d974d0e","product_condition":"new"},"_links":{"self":[{"href":"https:\/\/bottanemez.hu\/en\/wp-json\/wp\/v2\/product\/2061","targetHints":{"allow":["GET"]}}],"collection":[{"href":"https:\/\/bottanemez.hu\/en\/wp-json\/wp\/v2\/product"}],"about":[{"href":"https:\/\/bottanemez.hu\/en\/wp-json\/wp\/v2\/types\/product"}],"wp:featuredmedia":[{"embeddable":true,"href":"https:\/\/bottanemez.hu\/en\/wp-json\/wp\/v2\/media\/2062"}],"wp:attachment":[{"href":"https:\/\/bottanemez.hu\/en\/wp-json\/wp\/v2\/media?parent=2061"}],"wp:term":[{"taxonomy":"product_brand","embeddable":true,"href":"https:\/\/bottanemez.hu\/en\/wp-json\/wp\/v2\/product_brand?post=2061"},{"taxonomy":"product_cat","embeddable":true,"href":"https:\/\/bottanemez.hu\/en\/wp-json\/wp\/v2\/product_cat?post=2061"},{"taxonomy":"product_tag","embeddable":true,"href":"https:\/\/bottanemez.hu\/en\/wp-json\/wp\/v2\/product_tag?post=2061"}],"curies":[{"name":"wp","href":"https:\/\/api.w.org\/{rel}","templated":true}]}}