{"id":2034,"date":"2022-10-20T08:24:13","date_gmt":"2022-10-20T08:24:13","guid":{"rendered":"https:\/\/vilagitopolo.hu\/termek\/hofeher-ujjatlan-tunika\/"},"modified":"2026-03-30T18:50:12","modified_gmt":"2026-03-30T18:50:12","slug":"hofeher-ujjatlan-tunika","status":"publish","type":"product","link":"https:\/\/bottanemez.hu\/en\/product\/hofeher-ujjatlan-tunika\/","title":{"rendered":"H\u00f3feh\u00e9r ujjatlan tunika"},"content":{"rendered":"<p>Ausztr\u00e1l merin\u00f3 gyapj\u00fab\u00f3l \u00e9s selyemb\u0151l k\u00e9sz\u00fclt ujjatlan h\u00f3feh\u00e9r ny\u00e1ri, k\u00f6nnyed tunika. Elej\u00e9nek V-kiv\u00e1g\u00e1s\u00fa nyak\u00e1t selyem chiffon benemezelt fodor d\u00edsz\u00edti, melyet k\u00f6z\u00e9pen egy nagy selyem chiffon r\u00f3zsa z\u00e1r le k\u00f6z\u00e9pen. K\u00e9t v\u00e1ll\u00e1t szint\u00e9n selyem r\u00f3zsa d\u00edsz\u00edti.. Mellr\u00e9sze v\u00e9kony merin\u00f3 gyapj\u00fa, elej\u00e9n der\u00e9k r\u00e9szen \u00e1ttetsz\u0151 selyem chiffon bet\u00e9t, melyet r\u00e1t\u00e9tes technik\u00e1val nemez minta d\u00edsz\u00edt. Cs\u00edp\u0151n\u00e9l szint\u00e9n v\u00e9kony ausztr\u00e1l merin\u00f3 gyapj\u00fa benemezelt selyem r\u00f3zs\u00e1kkal. Der\u00e9kt\u00f3l lefel\u00e9 k\u00e9t oldalon felv\u00e1gott selyem pong\u00e9, mely t\u00e9rd f\u00f6l\u00f6tt v\u00e9gz\u0151dik. K\u00f6nnyed, eleg\u00e1ns ny\u00e1ri darab, melyet r\u00f6vid vagy hossz\u00fa nadr\u00e1ggal, szokny\u00e1val egyar\u00e1nt lehet viselni. M\u00e9ret: 38-40<\/p>\n<p>Hossz:95cm<\/p>\n<p>Mell:88<\/p>\n<p>Cs\u00edp\u0151:86<\/p>\n<p>Der\u00e9k:98<\/p>","protected":false},"excerpt":{"rendered":"<p>Ausztr\u00e1l merin\u00f3 gyapj\u00fab\u00f3l \u00e9s selyemb\u0151l k\u00e9sz\u00fclt ujjatlan h\u00f3feh\u00e9r ny\u00e1ri, k\u00f6nnyed tunika. Elej\u00e9nek V-kiv\u00e1g\u00e1s\u00fa nyak\u00e1t selyem chiffon benemezelt fodor d\u00edsz\u00edti, melyet k\u00f6z\u00e9pen egy nagy selyem chiffon r\u00f3zsa z\u00e1r le k\u00f6z\u00e9pen. K\u00e9t v\u00e1ll\u00e1t szint\u00e9n selyem r\u00f3zsa d\u00edsz\u00edti.. Mellr\u00e9sze v\u00e9kony merin\u00f3 gyapj\u00fa, elej\u00e9n der\u00e9k r\u00e9szen \u00e1ttetsz\u0151 selyem chiffon bet\u00e9t, melyet r\u00e1t\u00e9tes technik\u00e1val nemez minta d\u00edsz\u00edt. Cs\u00edp\u0151n\u00e9l szint\u00e9n v\u00e9kony ausztr\u00e1l merin\u00f3 gyapj\u00fa benemezelt selyem r\u00f3zs\u00e1kkal. Der\u00e9kt\u00f3l lefel\u00e9 k\u00e9t oldalon felv\u00e1gott selyem pong\u00e9, mely t\u00e9rd f\u00f6l\u00f6tt v\u00e9gz\u0151dik. K\u00f6nnyed, eleg\u00e1ns ny\u00e1ri darab, melyet r\u00f6vid vagy hossz\u00fa nadr\u00e1ggal, szokny\u00e1val egyar\u00e1nt lehet viselni. M\u00e9ret: 38-40<\/p>\n<p>Hossz:95cm<\/p>\n<p>Mell:88<\/p>\n<p>Cs\u00edp\u0151:86<\/p>\n<p>Der\u00e9k:98<\/p>","protected":false},"featured_media":3030,"template":"","meta":[],"product_brand":[],"product_cat":[27],"product_tag":[],"class_list":{"0":"post-2034","1":"product","2":"type-product","3":"status-publish","4":"has-post-thumbnail","6":"product_cat-nemez-ruha","8":"first","9":"instock","10":"purchasable","11":"product-type-simple"},"yoast_head":"<!-- This site is optimized with the Yoast SEO Premium plugin v27.6 (Yoast SEO v27.6) - https:\/\/yoast.com\/product\/yoast-seo-premium-wordpress\/ -->\n<title>H\u00f3feh\u00e9r ujjatlan tunika - Botta Nemez<\/title>\n<meta name=\"robots\" content=\"index, follow, max-snippet:-1, max-image-preview:large, max-video-preview:-1\" \/>\n<link rel=\"canonical\" href=\"https:\/\/bottanemez.hu\/en\/product\/hofeher-ujjatlan-tunika\/\" \/>\n<meta property=\"og:locale\" content=\"en_GB\" \/>\n<meta property=\"og:type\" content=\"article\" \/>\n<meta property=\"og:title\" content=\"H\u00f3feh\u00e9r ujjatlan tunika\" \/>\n<meta property=\"og:description\" content=\"Ausztr\u00e1l merin\u00f3 gyapj\u00fab\u00f3l \u00e9s selyemb\u0151l k\u00e9sz\u00fclt ujjatlan h\u00f3feh\u00e9r ny\u00e1ri, k\u00f6nnyed tunika. Elej\u00e9nek V-kiv\u00e1g\u00e1s\u00fa nyak\u00e1t selyem chiffon benemezelt fodor d\u00edsz\u00edti, melyet k\u00f6z\u00e9pen egy nagy selyem chiffon r\u00f3zsa z\u00e1r le k\u00f6z\u00e9pen. K\u00e9t v\u00e1ll\u00e1t szint\u00e9n selyem r\u00f3zsa d\u00edsz\u00edti.. Mellr\u00e9sze v\u00e9kony merin\u00f3 gyapj\u00fa, elej\u00e9n der\u00e9k r\u00e9szen \u00e1ttetsz\u0151 selyem chiffon bet\u00e9t, melyet r\u00e1t\u00e9tes technik\u00e1val nemez minta d\u00edsz\u00edt. Cs\u00edp\u0151n\u00e9l szint\u00e9n v\u00e9kony ausztr\u00e1l merin\u00f3 gyapj\u00fa benemezelt selyem r\u00f3zs\u00e1kkal. Der\u00e9kt\u00f3l lefel\u00e9 k\u00e9t oldalon felv\u00e1gott selyem pong\u00e9, mely t\u00e9rd f\u00f6l\u00f6tt v\u00e9gz\u0151dik. K\u00f6nnyed, eleg\u00e1ns ny\u00e1ri darab, melyet r\u00f6vid vagy hossz\u00fa nadr\u00e1ggal, szokny\u00e1val egyar\u00e1nt lehet viselni. M\u00e9ret: 38-40  Hossz:95cm  Mell:88  Cs\u00edp\u0151:86  Der\u00e9k:98\" \/>\n<meta property=\"og:url\" content=\"https:\/\/bottanemez.hu\/en\/product\/hofeher-ujjatlan-tunika\/\" \/>\n<meta property=\"og:site_name\" content=\"Botta Nemez\" \/>\n<meta property=\"article:publisher\" content=\"https:\/\/www.facebook.com\/bottanemez\" \/>\n<meta property=\"article:modified_time\" content=\"2026-03-30T18:50:12+00:00\" \/>\n<meta property=\"og:image\" content=\"https:\/\/bottanemez.hu\/wp-content\/uploads\/2022\/10\/en-feher-6-scaled.jpg\" \/>\n\t<meta property=\"og:image:width\" content=\"1387\" \/>\n\t<meta property=\"og:image:height\" content=\"2560\" \/>\n\t<meta property=\"og:image:type\" content=\"image\/jpeg\" \/>\n<meta name=\"twitter:card\" content=\"summary_large_image\" \/>\n<meta name=\"twitter:label1\" content=\"Price\" \/>\n\t<meta name=\"twitter:data1\" content=\"48.000&nbsp;&#070;&#116;\" \/>\n\t<meta name=\"twitter:label2\" content=\"Availability\" \/>\n\t<meta name=\"twitter:data2\" content=\"In stock\" \/>\n<script type=\"application\/ld+json\" class=\"yoast-schema-graph\">{\"@context\":\"https:\\\/\\\/schema.org\",\"@graph\":[{\"@type\":\"WebPage\",\"@id\":\"https:\\\/\\\/bottanemez.hu\\\/termek\\\/hofeher-ujjatlan-tunika\\\/\",\"url\":\"https:\\\/\\\/bottanemez.hu\\\/termek\\\/hofeher-ujjatlan-tunika\\\/\",\"name\":\"H\u00f3feh\u00e9r ujjatlan tunika - Botta Nemez\",\"isPartOf\":{\"@id\":\"https:\\\/\\\/bottanemez.hu\\\/#website\"},\"primaryImageOfPage\":{\"@id\":\"https:\\\/\\\/bottanemez.hu\\\/termek\\\/hofeher-ujjatlan-tunika\\\/#primaryimage\"},\"image\":{\"@id\":\"https:\\\/\\\/bottanemez.hu\\\/termek\\\/hofeher-ujjatlan-tunika\\\/#primaryimage\"},\"thumbnailUrl\":\"https:\\\/\\\/bottanemez.hu\\\/wp-content\\\/uploads\\\/2022\\\/10\\\/en-feher-6-scaled.jpg\",\"datePublished\":\"2022-10-20T08:24:13+00:00\",\"dateModified\":\"2026-03-30T18:50:12+00:00\",\"breadcrumb\":{\"@id\":\"https:\\\/\\\/bottanemez.hu\\\/termek\\\/hofeher-ujjatlan-tunika\\\/#breadcrumb\"},\"inLanguage\":\"en-GB\",\"potentialAction\":[{\"@type\":\"ReadAction\",\"target\":[\"https:\\\/\\\/bottanemez.hu\\\/termek\\\/hofeher-ujjatlan-tunika\\\/\"]}]},{\"@type\":\"ImageObject\",\"inLanguage\":\"en-GB\",\"@id\":\"https:\\\/\\\/bottanemez.hu\\\/termek\\\/hofeher-ujjatlan-tunika\\\/#primaryimage\",\"url\":\"https:\\\/\\\/bottanemez.hu\\\/wp-content\\\/uploads\\\/2022\\\/10\\\/en-feher-6-scaled.jpg\",\"contentUrl\":\"https:\\\/\\\/bottanemez.hu\\\/wp-content\\\/uploads\\\/2022\\\/10\\\/en-feher-6-scaled.jpg\",\"width\":1387,\"height\":2560},{\"@type\":\"BreadcrumbList\",\"@id\":\"https:\\\/\\\/bottanemez.hu\\\/termek\\\/hofeher-ujjatlan-tunika\\\/#breadcrumb\",\"itemListElement\":[{\"@type\":\"ListItem\",\"position\":1,\"name\":\"Home\",\"item\":\"https:\\\/\\\/bottanemez.hu\\\/\"},{\"@type\":\"ListItem\",\"position\":2,\"name\":\"Webshop\",\"item\":\"https:\\\/\\\/bottanemez.hu\\\/nemez-webshop\\\/\"},{\"@type\":\"ListItem\",\"position\":3,\"name\":\"H\u00f3feh\u00e9r ujjatlan tunika\"}]},{\"@type\":\"WebSite\",\"@id\":\"https:\\\/\\\/bottanemez.hu\\\/#website\",\"url\":\"https:\\\/\\\/bottanemez.hu\\\/\",\"name\":\"Botta Nemez\",\"description\":\"Nemez\",\"publisher\":{\"@id\":\"https:\\\/\\\/bottanemez.hu\\\/#\\\/schema\\\/person\\\/e0b43b47c83f1b8ec5102569c7e47946\"},\"potentialAction\":[{\"@type\":\"SearchAction\",\"target\":{\"@type\":\"EntryPoint\",\"urlTemplate\":\"https:\\\/\\\/bottanemez.hu\\\/?s={search_term_string}\"},\"query-input\":{\"@type\":\"PropertyValueSpecification\",\"valueRequired\":true,\"valueName\":\"search_term_string\"}}],\"inLanguage\":\"en-GB\"},{\"@type\":[\"Person\",\"Organization\"],\"@id\":\"https:\\\/\\\/bottanemez.hu\\\/#\\\/schema\\\/person\\\/e0b43b47c83f1b8ec5102569c7e47946\",\"name\":\"nemezShop\",\"image\":{\"@type\":\"ImageObject\",\"inLanguage\":\"en-GB\",\"@id\":\"https:\\\/\\\/bottanemez.hu\\\/wp-content\\\/uploads\\\/2022\\\/10\\\/cropped-bottaNemezLogo.png\",\"url\":\"https:\\\/\\\/bottanemez.hu\\\/wp-content\\\/uploads\\\/2022\\\/10\\\/cropped-bottaNemezLogo.png\",\"contentUrl\":\"https:\\\/\\\/bottanemez.hu\\\/wp-content\\\/uploads\\\/2022\\\/10\\\/cropped-bottaNemezLogo.png\",\"width\":301,\"height\":301,\"caption\":\"nemezShop\"},\"logo\":{\"@id\":\"https:\\\/\\\/bottanemez.hu\\\/wp-content\\\/uploads\\\/2022\\\/10\\\/cropped-bottaNemezLogo.png\"},\"sameAs\":[\"https:\\\/\\\/vilagitopolo.hu\",\"https:\\\/\\\/www.facebook.com\\\/bottanemez\"]}]}<\/script>\n<meta property=\"product:price:amount\" content=\"48000\" \/>\n<meta property=\"product:price:currency\" content=\"HUF\" \/>\n<meta property=\"og:availability\" content=\"instock\" \/>\n<meta property=\"product:availability\" content=\"instock\" \/>\n<meta property=\"product:retailer_item_id\" content=\"ce745852bde7\" \/>\n<meta property=\"product:condition\" content=\"new\" \/>\n<!-- \/ Yoast SEO Premium plugin. -->","yoast_head_json":{"title":"H\u00f3feh\u00e9r ujjatlan tunika - Botta Nemez","robots":{"index":"index","follow":"follow","max-snippet":"max-snippet:-1","max-image-preview":"max-image-preview:large","max-video-preview":"max-video-preview:-1"},"canonical":"https:\/\/bottanemez.hu\/en\/product\/hofeher-ujjatlan-tunika\/","og_locale":"en_GB","og_type":"article","og_title":"H\u00f3feh\u00e9r ujjatlan tunika","og_description":"Ausztr\u00e1l merin\u00f3 gyapj\u00fab\u00f3l \u00e9s selyemb\u0151l k\u00e9sz\u00fclt ujjatlan h\u00f3feh\u00e9r ny\u00e1ri, k\u00f6nnyed tunika. Elej\u00e9nek V-kiv\u00e1g\u00e1s\u00fa nyak\u00e1t selyem chiffon benemezelt fodor d\u00edsz\u00edti, melyet k\u00f6z\u00e9pen egy nagy selyem chiffon r\u00f3zsa z\u00e1r le k\u00f6z\u00e9pen. K\u00e9t v\u00e1ll\u00e1t szint\u00e9n selyem r\u00f3zsa d\u00edsz\u00edti.. Mellr\u00e9sze v\u00e9kony merin\u00f3 gyapj\u00fa, elej\u00e9n der\u00e9k r\u00e9szen \u00e1ttetsz\u0151 selyem chiffon bet\u00e9t, melyet r\u00e1t\u00e9tes technik\u00e1val nemez minta d\u00edsz\u00edt. Cs\u00edp\u0151n\u00e9l szint\u00e9n v\u00e9kony ausztr\u00e1l merin\u00f3 gyapj\u00fa benemezelt selyem r\u00f3zs\u00e1kkal. Der\u00e9kt\u00f3l lefel\u00e9 k\u00e9t oldalon felv\u00e1gott selyem pong\u00e9, mely t\u00e9rd f\u00f6l\u00f6tt v\u00e9gz\u0151dik. K\u00f6nnyed, eleg\u00e1ns ny\u00e1ri darab, melyet r\u00f6vid vagy hossz\u00fa nadr\u00e1ggal, szokny\u00e1val egyar\u00e1nt lehet viselni. M\u00e9ret: 38-40  Hossz:95cm  Mell:88  Cs\u00edp\u0151:86  Der\u00e9k:98","og_url":"https:\/\/bottanemez.hu\/en\/product\/hofeher-ujjatlan-tunika\/","og_site_name":"Botta Nemez","article_publisher":"https:\/\/www.facebook.com\/bottanemez","article_modified_time":"2026-03-30T18:50:12+00:00","og_image":[{"width":1387,"height":2560,"url":"https:\/\/bottanemez.hu\/wp-content\/uploads\/2022\/10\/en-feher-6-scaled.jpg","type":"image\/jpeg"}],"twitter_card":"summary_large_image","twitter_misc":{"Price":"48.000&nbsp;&#70;&#116;","Availability":"In stock"},"schema":{"@context":"https:\/\/schema.org","@graph":[{"@type":"WebPage","@id":"https:\/\/bottanemez.hu\/termek\/hofeher-ujjatlan-tunika\/","url":"https:\/\/bottanemez.hu\/termek\/hofeher-ujjatlan-tunika\/","name":"H\u00f3feh\u00e9r ujjatlan tunika - Botta Nemez","isPartOf":{"@id":"https:\/\/bottanemez.hu\/#website"},"primaryImageOfPage":{"@id":"https:\/\/bottanemez.hu\/termek\/hofeher-ujjatlan-tunika\/#primaryimage"},"image":{"@id":"https:\/\/bottanemez.hu\/termek\/hofeher-ujjatlan-tunika\/#primaryimage"},"thumbnailUrl":"https:\/\/bottanemez.hu\/wp-content\/uploads\/2022\/10\/en-feher-6-scaled.jpg","datePublished":"2022-10-20T08:24:13+00:00","dateModified":"2026-03-30T18:50:12+00:00","breadcrumb":{"@id":"https:\/\/bottanemez.hu\/termek\/hofeher-ujjatlan-tunika\/#breadcrumb"},"inLanguage":"en-GB","potentialAction":[{"@type":"ReadAction","target":["https:\/\/bottanemez.hu\/termek\/hofeher-ujjatlan-tunika\/"]}]},{"@type":"ImageObject","inLanguage":"en-GB","@id":"https:\/\/bottanemez.hu\/termek\/hofeher-ujjatlan-tunika\/#primaryimage","url":"https:\/\/bottanemez.hu\/wp-content\/uploads\/2022\/10\/en-feher-6-scaled.jpg","contentUrl":"https:\/\/bottanemez.hu\/wp-content\/uploads\/2022\/10\/en-feher-6-scaled.jpg","width":1387,"height":2560},{"@type":"BreadcrumbList","@id":"https:\/\/bottanemez.hu\/termek\/hofeher-ujjatlan-tunika\/#breadcrumb","itemListElement":[{"@type":"ListItem","position":1,"name":"Home","item":"https:\/\/bottanemez.hu\/"},{"@type":"ListItem","position":2,"name":"Webshop","item":"https:\/\/bottanemez.hu\/nemez-webshop\/"},{"@type":"ListItem","position":3,"name":"H\u00f3feh\u00e9r ujjatlan tunika"}]},{"@type":"WebSite","@id":"https:\/\/bottanemez.hu\/#website","url":"https:\/\/bottanemez.hu\/","name":"BottaFeltArt","description":"Nemez","publisher":{"@id":"https:\/\/bottanemez.hu\/#\/schema\/person\/e0b43b47c83f1b8ec5102569c7e47946"},"potentialAction":[{"@type":"SearchAction","target":{"@type":"EntryPoint","urlTemplate":"https:\/\/bottanemez.hu\/?s={search_term_string}"},"query-input":{"@type":"PropertyValueSpecification","valueRequired":true,"valueName":"search_term_string"}}],"inLanguage":"en-GB"},{"@type":["Person","Organization"],"@id":"https:\/\/bottanemez.hu\/#\/schema\/person\/e0b43b47c83f1b8ec5102569c7e47946","name":"nemezShop","image":{"@type":"ImageObject","inLanguage":"en-GB","@id":"https:\/\/bottanemez.hu\/wp-content\/uploads\/2022\/10\/cropped-bottaNemezLogo.png","url":"https:\/\/bottanemez.hu\/wp-content\/uploads\/2022\/10\/cropped-bottaNemezLogo.png","contentUrl":"https:\/\/bottanemez.hu\/wp-content\/uploads\/2022\/10\/cropped-bottaNemezLogo.png","width":301,"height":301,"caption":"nemezShop"},"logo":{"@id":"https:\/\/bottanemez.hu\/wp-content\/uploads\/2022\/10\/cropped-bottaNemezLogo.png"},"sameAs":["https:\/\/vilagitopolo.hu","https:\/\/www.facebook.com\/bottanemez"]}]},"product_price_amount":"48000","product_price_currency":"HUF","og_availability":"instock","product_availability":"instock","product_retailer_item_id":"ce745852bde7","product_condition":"new"},"_links":{"self":[{"href":"https:\/\/bottanemez.hu\/en\/wp-json\/wp\/v2\/product\/2034","targetHints":{"allow":["GET"]}}],"collection":[{"href":"https:\/\/bottanemez.hu\/en\/wp-json\/wp\/v2\/product"}],"about":[{"href":"https:\/\/bottanemez.hu\/en\/wp-json\/wp\/v2\/types\/product"}],"wp:featuredmedia":[{"embeddable":true,"href":"https:\/\/bottanemez.hu\/en\/wp-json\/wp\/v2\/media\/3030"}],"wp:attachment":[{"href":"https:\/\/bottanemez.hu\/en\/wp-json\/wp\/v2\/media?parent=2034"}],"wp:term":[{"taxonomy":"product_brand","embeddable":true,"href":"https:\/\/bottanemez.hu\/en\/wp-json\/wp\/v2\/product_brand?post=2034"},{"taxonomy":"product_cat","embeddable":true,"href":"https:\/\/bottanemez.hu\/en\/wp-json\/wp\/v2\/product_cat?post=2034"},{"taxonomy":"product_tag","embeddable":true,"href":"https:\/\/bottanemez.hu\/en\/wp-json\/wp\/v2\/product_tag?post=2034"}],"curies":[{"name":"wp","href":"https:\/\/api.w.org\/{rel}","templated":true}]}}