{"id":2021,"date":"2022-10-20T08:24:13","date_gmt":"2022-10-20T08:24:13","guid":{"rendered":"https:\/\/vilagitopolo.hu\/termek\/padlizsan-atlapolos-felso\/"},"modified":"2026-03-27T15:09:22","modified_gmt":"2026-03-27T15:09:22","slug":"nemez-melleny-gyapju-10","status":"publish","type":"product","link":"https:\/\/bottanemez.hu\/en\/product\/nemez-melleny-gyapju-10\/","title":{"rendered":"Padlizs\u00e1n \u00e1tlapol\u00f3s fels\u0151"},"content":{"rendered":"<p>Ausztr\u00e1l merin\u00f3 gyapj\u00fa v\u00e9kony, k\u00f6nnyed tavaszi-\u0151szi fels\u0151r\u00e9sz selyem szeg\u00e9llyel az alj\u00e1n. Brossal t\u0171zhet\u0151, vari\u00e1lhat\u00f3 \u00f6sszez\u00e1r\u00e1ssal. Viselhet\u0151 \u00f6nmag\u00e1ban vagy mell\u00e9nyk\u00e9nt al\u00e1\u00f6lt\u00f6z\u00e9ssel. Cs\u00f3nak nyakkiv\u00e1g\u00e1s\u00fa, egyenes fazon\u00fa, \u00e1tlapol\u00f3s z\u00e1r\u00f3d\u00e1sa miatt t\u00f6bb m\u00e9retet is mag\u00e1ban foglal, eleje sz\u0171kebben vagy sz\u00e9lesebben is t\u0171zhet\u0151.<\/p>\n<p>M\u00e9ret:38-44<\/p>\n<p>Hossz:57cm<\/p>\n<p>Cs\u00edp\u0151 k\u00f6rm\u00e9ret:105cm<\/p>\n<p>V\u00e1ll teljes k\u00f6rm\u00e9ret:100cm<\/p>\n<p>Mell teljes k\u00f6rm\u00e9ret:107cm<\/p>","protected":false},"excerpt":{"rendered":"<p>Ausztr\u00e1l merin\u00f3 gyapj\u00fa v\u00e9kony, k\u00f6nnyed tavaszi-\u0151szi fels\u0151r\u00e9sz selyem szeg\u00e9llyel az alj\u00e1n. Brossal t\u0171zhet\u0151, vari\u00e1lhat\u00f3 \u00f6sszez\u00e1r\u00e1ssal. Viselhet\u0151 \u00f6nmag\u00e1ban vagy mell\u00e9nyk\u00e9nt al\u00e1\u00f6lt\u00f6z\u00e9ssel. Cs\u00f3nak nyakkiv\u00e1g\u00e1s\u00fa, egyenes fazon\u00fa, \u00e1tlapol\u00f3s z\u00e1r\u00f3d\u00e1sa miatt t\u00f6bb m\u00e9retet is mag\u00e1ban foglal, eleje sz\u0171kebben vagy sz\u00e9lesebben is t\u0171zhet\u0151.<\/p>\n<p>M\u00e9ret:38-44<\/p>\n<p>Hossz:57cm<\/p>\n<p>Cs\u00edp\u0151 k\u00f6rm\u00e9ret:105cm<\/p>\n<p>V\u00e1ll teljes k\u00f6rm\u00e9ret:100cm<\/p>\n<p>Mell teljes k\u00f6rm\u00e9ret:107cm<\/p>","protected":false},"featured_media":3393,"template":"","meta":[],"product_brand":[],"product_cat":[22],"product_tag":[],"class_list":{"0":"post-2021","1":"product","2":"type-product","3":"status-publish","4":"has-post-thumbnail","6":"product_cat-nemez-felso","8":"first","9":"instock","10":"purchasable","11":"product-type-simple"},"yoast_head":"<!-- This site is optimized with the Yoast SEO Premium plugin v27.6 (Yoast SEO v27.6) - https:\/\/yoast.com\/product\/yoast-seo-premium-wordpress\/ -->\n<title>Padlizs\u00e1n \u00e1tlapol\u00f3s fels\u0151 - Botta Nemez<\/title>\n<meta name=\"description\" content=\"Tavaszi-\u0151szi nemez fels\u0151r\u00e9sz selyem szeg\u00e9llyel. Ker\u00e1mia brossal vari\u00e1lhat\u00f3 \u00f6sszez\u00e1r\u00e1ssal. Cs\u00f3nak nyak\u00fa, \u00e1tlapol\u00f3s, t\u00f6bb m\u00e9retet is mag\u00e1ban foglal.\" \/>\n<meta name=\"robots\" content=\"index, follow, max-snippet:-1, max-image-preview:large, max-video-preview:-1\" \/>\n<link rel=\"canonical\" href=\"https:\/\/bottanemez.hu\/en\/product\/nemez-melleny-gyapju-10\/\" \/>\n<meta property=\"og:locale\" content=\"en_GB\" \/>\n<meta property=\"og:type\" content=\"article\" \/>\n<meta property=\"og:title\" content=\"Padlizs\u00e1n \u00e1tlapol\u00f3s fels\u0151\" \/>\n<meta property=\"og:description\" content=\"Tavaszi-\u0151szi nemez fels\u0151r\u00e9sz selyem szeg\u00e9llyel. Ker\u00e1mia brossal vari\u00e1lhat\u00f3 \u00f6sszez\u00e1r\u00e1ssal. Cs\u00f3nak nyak\u00fa, \u00e1tlapol\u00f3s, t\u00f6bb m\u00e9retet is mag\u00e1ban foglal.\" \/>\n<meta property=\"og:url\" content=\"https:\/\/bottanemez.hu\/en\/product\/nemez-melleny-gyapju-10\/\" \/>\n<meta property=\"og:site_name\" content=\"Botta Nemez\" \/>\n<meta property=\"article:publisher\" content=\"https:\/\/www.facebook.com\/bottanemez\" \/>\n<meta property=\"article:modified_time\" content=\"2026-03-27T15:09:22+00:00\" \/>\n<meta property=\"og:image\" content=\"https:\/\/bottanemez.hu\/wp-content\/uploads\/2022\/10\/padlizsan-atlapolos-felso.png\" \/>\n\t<meta property=\"og:image:width\" content=\"519\" \/>\n\t<meta property=\"og:image:height\" content=\"1024\" \/>\n\t<meta property=\"og:image:type\" content=\"image\/png\" \/>\n<meta name=\"twitter:card\" content=\"summary_large_image\" \/>\n<meta name=\"twitter:label1\" content=\"Price\" \/>\n\t<meta name=\"twitter:data1\" content=\"45.000&nbsp;&#070;&#116;\" \/>\n\t<meta name=\"twitter:label2\" content=\"Availability\" \/>\n\t<meta name=\"twitter:data2\" content=\"In stock\" \/>\n<script type=\"application\/ld+json\" class=\"yoast-schema-graph\">{\"@context\":\"https:\\\/\\\/schema.org\",\"@graph\":[{\"@type\":\"WebPage\",\"@id\":\"https:\\\/\\\/bottanemez.hu\\\/termek\\\/nemez-melleny-gyapju-10\\\/\",\"url\":\"https:\\\/\\\/bottanemez.hu\\\/termek\\\/nemez-melleny-gyapju-10\\\/\",\"name\":\"Padlizs\u00e1n \u00e1tlapol\u00f3s fels\u0151 - Botta Nemez\",\"isPartOf\":{\"@id\":\"https:\\\/\\\/bottanemez.hu\\\/#website\"},\"primaryImageOfPage\":{\"@id\":\"https:\\\/\\\/bottanemez.hu\\\/termek\\\/nemez-melleny-gyapju-10\\\/#primaryimage\"},\"image\":{\"@id\":\"https:\\\/\\\/bottanemez.hu\\\/termek\\\/nemez-melleny-gyapju-10\\\/#primaryimage\"},\"thumbnailUrl\":\"https:\\\/\\\/bottanemez.hu\\\/wp-content\\\/uploads\\\/2022\\\/10\\\/padlizsan-atlapolos-felso.png\",\"datePublished\":\"2022-10-20T08:24:13+00:00\",\"dateModified\":\"2026-03-27T15:09:22+00:00\",\"description\":\"Tavaszi-\u0151szi nemez fels\u0151r\u00e9sz selyem szeg\u00e9llyel. Ker\u00e1mia brossal vari\u00e1lhat\u00f3 \u00f6sszez\u00e1r\u00e1ssal. Cs\u00f3nak nyak\u00fa, \u00e1tlapol\u00f3s, t\u00f6bb m\u00e9retet is mag\u00e1ban foglal.\",\"breadcrumb\":{\"@id\":\"https:\\\/\\\/bottanemez.hu\\\/termek\\\/nemez-melleny-gyapju-10\\\/#breadcrumb\"},\"inLanguage\":\"en-GB\",\"potentialAction\":[{\"@type\":\"ReadAction\",\"target\":[\"https:\\\/\\\/bottanemez.hu\\\/termek\\\/nemez-melleny-gyapju-10\\\/\"]}]},{\"@type\":\"ImageObject\",\"inLanguage\":\"en-GB\",\"@id\":\"https:\\\/\\\/bottanemez.hu\\\/termek\\\/nemez-melleny-gyapju-10\\\/#primaryimage\",\"url\":\"https:\\\/\\\/bottanemez.hu\\\/wp-content\\\/uploads\\\/2022\\\/10\\\/padlizsan-atlapolos-felso.png\",\"contentUrl\":\"https:\\\/\\\/bottanemez.hu\\\/wp-content\\\/uploads\\\/2022\\\/10\\\/padlizsan-atlapolos-felso.png\",\"width\":519,\"height\":1024},{\"@type\":\"BreadcrumbList\",\"@id\":\"https:\\\/\\\/bottanemez.hu\\\/termek\\\/nemez-melleny-gyapju-10\\\/#breadcrumb\",\"itemListElement\":[{\"@type\":\"ListItem\",\"position\":1,\"name\":\"Home\",\"item\":\"https:\\\/\\\/bottanemez.hu\\\/\"},{\"@type\":\"ListItem\",\"position\":2,\"name\":\"Webshop\",\"item\":\"https:\\\/\\\/bottanemez.hu\\\/nemez-webshop\\\/\"},{\"@type\":\"ListItem\",\"position\":3,\"name\":\"Padlizs\u00e1n \u00e1tlapol\u00f3s fels\u0151\"}]},{\"@type\":\"WebSite\",\"@id\":\"https:\\\/\\\/bottanemez.hu\\\/#website\",\"url\":\"https:\\\/\\\/bottanemez.hu\\\/\",\"name\":\"Botta Nemez\",\"description\":\"Nemez\",\"publisher\":{\"@id\":\"https:\\\/\\\/bottanemez.hu\\\/#\\\/schema\\\/person\\\/e0b43b47c83f1b8ec5102569c7e47946\"},\"potentialAction\":[{\"@type\":\"SearchAction\",\"target\":{\"@type\":\"EntryPoint\",\"urlTemplate\":\"https:\\\/\\\/bottanemez.hu\\\/?s={search_term_string}\"},\"query-input\":{\"@type\":\"PropertyValueSpecification\",\"valueRequired\":true,\"valueName\":\"search_term_string\"}}],\"inLanguage\":\"en-GB\"},{\"@type\":[\"Person\",\"Organization\"],\"@id\":\"https:\\\/\\\/bottanemez.hu\\\/#\\\/schema\\\/person\\\/e0b43b47c83f1b8ec5102569c7e47946\",\"name\":\"nemezShop\",\"image\":{\"@type\":\"ImageObject\",\"inLanguage\":\"en-GB\",\"@id\":\"https:\\\/\\\/bottanemez.hu\\\/wp-content\\\/uploads\\\/2022\\\/10\\\/cropped-bottaNemezLogo.png\",\"url\":\"https:\\\/\\\/bottanemez.hu\\\/wp-content\\\/uploads\\\/2022\\\/10\\\/cropped-bottaNemezLogo.png\",\"contentUrl\":\"https:\\\/\\\/bottanemez.hu\\\/wp-content\\\/uploads\\\/2022\\\/10\\\/cropped-bottaNemezLogo.png\",\"width\":301,\"height\":301,\"caption\":\"nemezShop\"},\"logo\":{\"@id\":\"https:\\\/\\\/bottanemez.hu\\\/wp-content\\\/uploads\\\/2022\\\/10\\\/cropped-bottaNemezLogo.png\"},\"sameAs\":[\"https:\\\/\\\/vilagitopolo.hu\",\"https:\\\/\\\/www.facebook.com\\\/bottanemez\"]}]}<\/script>\n<meta property=\"product:price:amount\" content=\"45000\" \/>\n<meta property=\"product:price:currency\" content=\"HUF\" \/>\n<meta property=\"og:availability\" content=\"instock\" \/>\n<meta property=\"product:availability\" content=\"instock\" \/>\n<meta property=\"product:retailer_item_id\" content=\"bc179e04c8d5\" \/>\n<meta property=\"product:condition\" content=\"new\" \/>\n<!-- \/ Yoast SEO Premium plugin. -->","yoast_head_json":{"title":"Padlizs\u00e1n \u00e1tlapol\u00f3s fels\u0151 - Botta Nemez","description":"Tavaszi-\u0151szi nemez fels\u0151r\u00e9sz selyem szeg\u00e9llyel. Ker\u00e1mia brossal vari\u00e1lhat\u00f3 \u00f6sszez\u00e1r\u00e1ssal. Cs\u00f3nak nyak\u00fa, \u00e1tlapol\u00f3s, t\u00f6bb m\u00e9retet is mag\u00e1ban foglal.","robots":{"index":"index","follow":"follow","max-snippet":"max-snippet:-1","max-image-preview":"max-image-preview:large","max-video-preview":"max-video-preview:-1"},"canonical":"https:\/\/bottanemez.hu\/en\/product\/nemez-melleny-gyapju-10\/","og_locale":"en_GB","og_type":"article","og_title":"Padlizs\u00e1n \u00e1tlapol\u00f3s fels\u0151","og_description":"Tavaszi-\u0151szi nemez fels\u0151r\u00e9sz selyem szeg\u00e9llyel. Ker\u00e1mia brossal vari\u00e1lhat\u00f3 \u00f6sszez\u00e1r\u00e1ssal. Cs\u00f3nak nyak\u00fa, \u00e1tlapol\u00f3s, t\u00f6bb m\u00e9retet is mag\u00e1ban foglal.","og_url":"https:\/\/bottanemez.hu\/en\/product\/nemez-melleny-gyapju-10\/","og_site_name":"Botta Nemez","article_publisher":"https:\/\/www.facebook.com\/bottanemez","article_modified_time":"2026-03-27T15:09:22+00:00","og_image":[{"width":519,"height":1024,"url":"https:\/\/bottanemez.hu\/wp-content\/uploads\/2022\/10\/padlizsan-atlapolos-felso.png","type":"image\/png"}],"twitter_card":"summary_large_image","twitter_misc":{"Price":"45.000&nbsp;&#70;&#116;","Availability":"In stock"},"schema":{"@context":"https:\/\/schema.org","@graph":[{"@type":"WebPage","@id":"https:\/\/bottanemez.hu\/termek\/nemez-melleny-gyapju-10\/","url":"https:\/\/bottanemez.hu\/termek\/nemez-melleny-gyapju-10\/","name":"Padlizs\u00e1n \u00e1tlapol\u00f3s fels\u0151 - Botta Nemez","isPartOf":{"@id":"https:\/\/bottanemez.hu\/#website"},"primaryImageOfPage":{"@id":"https:\/\/bottanemez.hu\/termek\/nemez-melleny-gyapju-10\/#primaryimage"},"image":{"@id":"https:\/\/bottanemez.hu\/termek\/nemez-melleny-gyapju-10\/#primaryimage"},"thumbnailUrl":"https:\/\/bottanemez.hu\/wp-content\/uploads\/2022\/10\/padlizsan-atlapolos-felso.png","datePublished":"2022-10-20T08:24:13+00:00","dateModified":"2026-03-27T15:09:22+00:00","description":"Tavaszi-\u0151szi nemez fels\u0151r\u00e9sz selyem szeg\u00e9llyel. Ker\u00e1mia brossal vari\u00e1lhat\u00f3 \u00f6sszez\u00e1r\u00e1ssal. Cs\u00f3nak nyak\u00fa, \u00e1tlapol\u00f3s, t\u00f6bb m\u00e9retet is mag\u00e1ban foglal.","breadcrumb":{"@id":"https:\/\/bottanemez.hu\/termek\/nemez-melleny-gyapju-10\/#breadcrumb"},"inLanguage":"en-GB","potentialAction":[{"@type":"ReadAction","target":["https:\/\/bottanemez.hu\/termek\/nemez-melleny-gyapju-10\/"]}]},{"@type":"ImageObject","inLanguage":"en-GB","@id":"https:\/\/bottanemez.hu\/termek\/nemez-melleny-gyapju-10\/#primaryimage","url":"https:\/\/bottanemez.hu\/wp-content\/uploads\/2022\/10\/padlizsan-atlapolos-felso.png","contentUrl":"https:\/\/bottanemez.hu\/wp-content\/uploads\/2022\/10\/padlizsan-atlapolos-felso.png","width":519,"height":1024},{"@type":"BreadcrumbList","@id":"https:\/\/bottanemez.hu\/termek\/nemez-melleny-gyapju-10\/#breadcrumb","itemListElement":[{"@type":"ListItem","position":1,"name":"Home","item":"https:\/\/bottanemez.hu\/"},{"@type":"ListItem","position":2,"name":"Webshop","item":"https:\/\/bottanemez.hu\/nemez-webshop\/"},{"@type":"ListItem","position":3,"name":"Padlizs\u00e1n \u00e1tlapol\u00f3s fels\u0151"}]},{"@type":"WebSite","@id":"https:\/\/bottanemez.hu\/#website","url":"https:\/\/bottanemez.hu\/","name":"BottaFeltArt","description":"Nemez","publisher":{"@id":"https:\/\/bottanemez.hu\/#\/schema\/person\/e0b43b47c83f1b8ec5102569c7e47946"},"potentialAction":[{"@type":"SearchAction","target":{"@type":"EntryPoint","urlTemplate":"https:\/\/bottanemez.hu\/?s={search_term_string}"},"query-input":{"@type":"PropertyValueSpecification","valueRequired":true,"valueName":"search_term_string"}}],"inLanguage":"en-GB"},{"@type":["Person","Organization"],"@id":"https:\/\/bottanemez.hu\/#\/schema\/person\/e0b43b47c83f1b8ec5102569c7e47946","name":"nemezShop","image":{"@type":"ImageObject","inLanguage":"en-GB","@id":"https:\/\/bottanemez.hu\/wp-content\/uploads\/2022\/10\/cropped-bottaNemezLogo.png","url":"https:\/\/bottanemez.hu\/wp-content\/uploads\/2022\/10\/cropped-bottaNemezLogo.png","contentUrl":"https:\/\/bottanemez.hu\/wp-content\/uploads\/2022\/10\/cropped-bottaNemezLogo.png","width":301,"height":301,"caption":"nemezShop"},"logo":{"@id":"https:\/\/bottanemez.hu\/wp-content\/uploads\/2022\/10\/cropped-bottaNemezLogo.png"},"sameAs":["https:\/\/vilagitopolo.hu","https:\/\/www.facebook.com\/bottanemez"]}]},"product_price_amount":"45000","product_price_currency":"HUF","og_availability":"instock","product_availability":"instock","product_retailer_item_id":"bc179e04c8d5","product_condition":"new"},"_links":{"self":[{"href":"https:\/\/bottanemez.hu\/en\/wp-json\/wp\/v2\/product\/2021","targetHints":{"allow":["GET"]}}],"collection":[{"href":"https:\/\/bottanemez.hu\/en\/wp-json\/wp\/v2\/product"}],"about":[{"href":"https:\/\/bottanemez.hu\/en\/wp-json\/wp\/v2\/types\/product"}],"wp:featuredmedia":[{"embeddable":true,"href":"https:\/\/bottanemez.hu\/en\/wp-json\/wp\/v2\/media\/3393"}],"wp:attachment":[{"href":"https:\/\/bottanemez.hu\/en\/wp-json\/wp\/v2\/media?parent=2021"}],"wp:term":[{"taxonomy":"product_brand","embeddable":true,"href":"https:\/\/bottanemez.hu\/en\/wp-json\/wp\/v2\/product_brand?post=2021"},{"taxonomy":"product_cat","embeddable":true,"href":"https:\/\/bottanemez.hu\/en\/wp-json\/wp\/v2\/product_cat?post=2021"},{"taxonomy":"product_tag","embeddable":true,"href":"https:\/\/bottanemez.hu\/en\/wp-json\/wp\/v2\/product_tag?post=2021"}],"curies":[{"name":"wp","href":"https:\/\/api.w.org\/{rel}","templated":true}]}}