{"id":1988,"date":"2022-10-20T08:24:13","date_gmt":"2022-10-20T08:24:13","guid":{"rendered":"https:\/\/vilagitopolo.hu\/termek\/romantikus-pasztellek\/"},"modified":"2026-03-30T18:50:54","modified_gmt":"2026-03-30T18:50:54","slug":"selyem-nemez-ruha","status":"publish","type":"product","link":"https:\/\/bottanemez.hu\/en\/product\/selyem-nemez-ruha\/","title":{"rendered":"Romantikus pasztellek"},"content":{"rendered":"<p>G\u00e9zre nemezelt ausztr\u00e1l merin\u00f3 gyapj\u00fa, k\u00f6nny\u0171 es\u00e9s\u0171 tavaszi-ny\u00e1ri ruha. B\u0151, \u00e1tlapol\u00f3s b\u0151v\u00fcl\u0151 fazon\u00fa, ujjatlan, megk\u00f6t\u0151s, k\u00f6nnyed ruha. Viselhet\u0151 \u00f6nmag\u00e1ban vagy f\u00f6l\u00fcl al\u00e1\u00f6lt\u00f6zettel. \u00c1tlapol\u00f3s fazonja miatt t\u00f6bb m\u00e9retre illik. Der\u00e9kr\u00e9szen ill. mell alatt hossz\u00fa megk\u00f6t\u0151vel r\u00f6gz\u00edthet\u0151 t\u00f6bb m\u00f3don, v\u00e1ltozatosan. Szoknyar\u00e9sze A-vonalvezet\u00e9s\u0171. \u00c1tlapol\u00f3s oldal\u00e1t hosszanti ir\u00e1nyban feh\u00e9r selyem fodor, valamint elej\u00e9t benemezelt selyem r\u00f3zs\u00e1k d\u00edsz\u00edtik.<\/p>\n<p>M\u00e9ret:40-48.<\/p>\n<p>Hossz:100cm<\/p>\n<p>Mell teljes sz\u00e9less\u00e9g:154cm<\/p>\n<p>Der\u00e9kn\u00e9l teljes sz\u00e9less\u00e9g:160cm<\/p>\n<p>Szoknya r\u00e9sz alj teljes sz\u00e9less\u00e9g:236cm<\/p>","protected":false},"excerpt":{"rendered":"<p>G\u00e9zre nemezelt ausztr\u00e1l merin\u00f3 gyapj\u00fa. B\u0151, \u00e1tlapol\u00f3s b\u0151v\u00fcl\u0151 fazon\u00fa, ujjatlan, megk\u00f6t\u0151s, k\u00f6nnyed ny\u00e1ri ruha. Viselhet\u0151 \u00f6nmag\u00e1ban vagy f\u00f6l\u00fcl al\u00e1\u00f6lt\u00f6zettel. \u00c1tlapol\u00f3s fazonja miatt t\u00f6bb m\u00e9retre illik. Der\u00e9kr\u00e9szen ill. mell alatt hossz\u00fa megk\u00f6t\u0151vel r\u00f6gz\u00edthet\u0151 t\u00f6bb m\u00f3don, v\u00e1ltozatosan. Szoknyar\u00e9sze A-vonalvezet\u00e9s\u0171. \u00c1tlapol\u00f3s oldal\u00e1t hosszanti ir\u00e1nyban feh\u00e9r selyem fodor, valamint elej\u00e9t benemezelt selyem r\u00f3zs\u00e1k d\u00edsz\u00edtik.M\u00e9ret:40-48.<\/p>\n<p>Hossz:100cm<\/p>\n<p>Mell teljes sz\u00e9less\u00e9g:154cm<\/p>\n<p>Der\u00e9kn\u00e9l teljes sz\u00e9less\u00e9g:160cm<\/p>\n<p>Szoknya r\u00e9sz alj teljes sz\u00e9less\u00e9g:236cm<\/p>","protected":false},"featured_media":1989,"template":"","meta":[],"product_brand":[],"product_cat":[44],"product_tag":[],"class_list":{"0":"post-1988","1":"product","2":"type-product","3":"status-publish","4":"has-post-thumbnail","6":"product_cat-ruhak","8":"first","9":"instock","10":"purchasable","11":"product-type-simple"},"yoast_head":"<!-- This site is optimized with the Yoast SEO Premium plugin v27.6 (Yoast SEO v27.6) - https:\/\/yoast.com\/product\/yoast-seo-premium-wordpress\/ -->\n<title>Romantikus pasztellek - Botta Nemez<\/title>\n<meta name=\"description\" content=\"Selyem-nemez \u00e1tlapol\u00f3s, b\u0151v\u00fcl\u0151 fazon\u00fa, ujjatlan, megk\u00f6t\u0151s, k\u00f6nnyed tavaszi-ny\u00e1ri ruha. Der\u00e9kr\u00e9szen ill. mell alatt v\u00e1ltozatosan megk\u00f6thet\u0151.\" \/>\n<meta name=\"robots\" content=\"index, follow, max-snippet:-1, max-image-preview:large, max-video-preview:-1\" \/>\n<link rel=\"canonical\" href=\"https:\/\/bottanemez.hu\/en\/product\/selyem-nemez-ruha\/\" \/>\n<meta property=\"og:locale\" content=\"en_GB\" \/>\n<meta property=\"og:type\" content=\"article\" \/>\n<meta property=\"og:title\" content=\"Romantikus pasztellek\" \/>\n<meta property=\"og:description\" content=\"Selyem-nemez \u00e1tlapol\u00f3s, b\u0151v\u00fcl\u0151 fazon\u00fa, ujjatlan, megk\u00f6t\u0151s, k\u00f6nnyed tavaszi-ny\u00e1ri ruha. Der\u00e9kr\u00e9szen ill. mell alatt v\u00e1ltozatosan megk\u00f6thet\u0151.\" \/>\n<meta property=\"og:url\" content=\"https:\/\/bottanemez.hu\/en\/product\/selyem-nemez-ruha\/\" \/>\n<meta property=\"og:site_name\" content=\"Botta Nemez\" \/>\n<meta property=\"article:publisher\" content=\"https:\/\/www.facebook.com\/bottanemez\" \/>\n<meta property=\"article:modified_time\" content=\"2026-03-30T18:50:54+00:00\" \/>\n<meta property=\"og:image\" content=\"https:\/\/bottanemez.hu\/wp-content\/uploads\/2022\/10\/pasztell-ruha-6.jpg\" \/>\n\t<meta property=\"og:image:width\" content=\"831\" \/>\n\t<meta property=\"og:image:height\" content=\"1920\" \/>\n\t<meta property=\"og:image:type\" content=\"image\/jpeg\" \/>\n<meta name=\"twitter:card\" content=\"summary_large_image\" \/>\n<meta name=\"twitter:label1\" content=\"Price\" \/>\n\t<meta name=\"twitter:data1\" content=\"55.000&nbsp;&#070;&#116;\" \/>\n\t<meta name=\"twitter:label2\" content=\"Availability\" \/>\n\t<meta name=\"twitter:data2\" content=\"In stock\" \/>\n<script type=\"application\/ld+json\" class=\"yoast-schema-graph\">{\"@context\":\"https:\\\/\\\/schema.org\",\"@graph\":[{\"@type\":\"WebPage\",\"@id\":\"https:\\\/\\\/bottanemez.hu\\\/termek\\\/selyem-nemez-ruha\\\/\",\"url\":\"https:\\\/\\\/bottanemez.hu\\\/termek\\\/selyem-nemez-ruha\\\/\",\"name\":\"Romantikus pasztellek - Botta Nemez\",\"isPartOf\":{\"@id\":\"https:\\\/\\\/bottanemez.hu\\\/#website\"},\"primaryImageOfPage\":{\"@id\":\"https:\\\/\\\/bottanemez.hu\\\/termek\\\/selyem-nemez-ruha\\\/#primaryimage\"},\"image\":{\"@id\":\"https:\\\/\\\/bottanemez.hu\\\/termek\\\/selyem-nemez-ruha\\\/#primaryimage\"},\"thumbnailUrl\":\"https:\\\/\\\/bottanemez.hu\\\/wp-content\\\/uploads\\\/2022\\\/10\\\/pasztell-ruha-6.jpg\",\"datePublished\":\"2022-10-20T08:24:13+00:00\",\"dateModified\":\"2026-03-30T18:50:54+00:00\",\"description\":\"Selyem-nemez \u00e1tlapol\u00f3s, b\u0151v\u00fcl\u0151 fazon\u00fa, ujjatlan, megk\u00f6t\u0151s, k\u00f6nnyed tavaszi-ny\u00e1ri ruha. Der\u00e9kr\u00e9szen ill. mell alatt v\u00e1ltozatosan megk\u00f6thet\u0151.\",\"breadcrumb\":{\"@id\":\"https:\\\/\\\/bottanemez.hu\\\/termek\\\/selyem-nemez-ruha\\\/#breadcrumb\"},\"inLanguage\":\"en-GB\",\"potentialAction\":[{\"@type\":\"ReadAction\",\"target\":[\"https:\\\/\\\/bottanemez.hu\\\/termek\\\/selyem-nemez-ruha\\\/\"]}]},{\"@type\":\"ImageObject\",\"inLanguage\":\"en-GB\",\"@id\":\"https:\\\/\\\/bottanemez.hu\\\/termek\\\/selyem-nemez-ruha\\\/#primaryimage\",\"url\":\"https:\\\/\\\/bottanemez.hu\\\/wp-content\\\/uploads\\\/2022\\\/10\\\/pasztell-ruha-6.jpg\",\"contentUrl\":\"https:\\\/\\\/bottanemez.hu\\\/wp-content\\\/uploads\\\/2022\\\/10\\\/pasztell-ruha-6.jpg\",\"width\":831,\"height\":1920},{\"@type\":\"BreadcrumbList\",\"@id\":\"https:\\\/\\\/bottanemez.hu\\\/termek\\\/selyem-nemez-ruha\\\/#breadcrumb\",\"itemListElement\":[{\"@type\":\"ListItem\",\"position\":1,\"name\":\"Home\",\"item\":\"https:\\\/\\\/bottanemez.hu\\\/\"},{\"@type\":\"ListItem\",\"position\":2,\"name\":\"Webshop\",\"item\":\"https:\\\/\\\/bottanemez.hu\\\/nemez-webshop\\\/\"},{\"@type\":\"ListItem\",\"position\":3,\"name\":\"Romantikus pasztellek\"}]},{\"@type\":\"WebSite\",\"@id\":\"https:\\\/\\\/bottanemez.hu\\\/#website\",\"url\":\"https:\\\/\\\/bottanemez.hu\\\/\",\"name\":\"Botta Nemez\",\"description\":\"Nemez\",\"publisher\":{\"@id\":\"https:\\\/\\\/bottanemez.hu\\\/#\\\/schema\\\/person\\\/e0b43b47c83f1b8ec5102569c7e47946\"},\"potentialAction\":[{\"@type\":\"SearchAction\",\"target\":{\"@type\":\"EntryPoint\",\"urlTemplate\":\"https:\\\/\\\/bottanemez.hu\\\/?s={search_term_string}\"},\"query-input\":{\"@type\":\"PropertyValueSpecification\",\"valueRequired\":true,\"valueName\":\"search_term_string\"}}],\"inLanguage\":\"en-GB\"},{\"@type\":[\"Person\",\"Organization\"],\"@id\":\"https:\\\/\\\/bottanemez.hu\\\/#\\\/schema\\\/person\\\/e0b43b47c83f1b8ec5102569c7e47946\",\"name\":\"nemezShop\",\"image\":{\"@type\":\"ImageObject\",\"inLanguage\":\"en-GB\",\"@id\":\"https:\\\/\\\/bottanemez.hu\\\/wp-content\\\/uploads\\\/2022\\\/10\\\/cropped-bottaNemezLogo.png\",\"url\":\"https:\\\/\\\/bottanemez.hu\\\/wp-content\\\/uploads\\\/2022\\\/10\\\/cropped-bottaNemezLogo.png\",\"contentUrl\":\"https:\\\/\\\/bottanemez.hu\\\/wp-content\\\/uploads\\\/2022\\\/10\\\/cropped-bottaNemezLogo.png\",\"width\":301,\"height\":301,\"caption\":\"nemezShop\"},\"logo\":{\"@id\":\"https:\\\/\\\/bottanemez.hu\\\/wp-content\\\/uploads\\\/2022\\\/10\\\/cropped-bottaNemezLogo.png\"},\"sameAs\":[\"https:\\\/\\\/vilagitopolo.hu\",\"https:\\\/\\\/www.facebook.com\\\/bottanemez\"]}]}<\/script>\n<meta property=\"product:price:amount\" content=\"55000\" \/>\n<meta property=\"product:price:currency\" content=\"HUF\" \/>\n<meta property=\"og:availability\" content=\"instock\" \/>\n<meta property=\"product:availability\" content=\"instock\" \/>\n<meta property=\"product:retailer_item_id\" content=\"a60444c293cb\" \/>\n<meta property=\"product:condition\" content=\"new\" \/>\n<!-- \/ Yoast SEO Premium plugin. -->","yoast_head_json":{"title":"Romantikus pasztellek - Botta Nemez","description":"Selyem-nemez \u00e1tlapol\u00f3s, b\u0151v\u00fcl\u0151 fazon\u00fa, ujjatlan, megk\u00f6t\u0151s, k\u00f6nnyed tavaszi-ny\u00e1ri ruha. Der\u00e9kr\u00e9szen ill. mell alatt v\u00e1ltozatosan megk\u00f6thet\u0151.","robots":{"index":"index","follow":"follow","max-snippet":"max-snippet:-1","max-image-preview":"max-image-preview:large","max-video-preview":"max-video-preview:-1"},"canonical":"https:\/\/bottanemez.hu\/en\/product\/selyem-nemez-ruha\/","og_locale":"en_GB","og_type":"article","og_title":"Romantikus pasztellek","og_description":"Selyem-nemez \u00e1tlapol\u00f3s, b\u0151v\u00fcl\u0151 fazon\u00fa, ujjatlan, megk\u00f6t\u0151s, k\u00f6nnyed tavaszi-ny\u00e1ri ruha. Der\u00e9kr\u00e9szen ill. mell alatt v\u00e1ltozatosan megk\u00f6thet\u0151.","og_url":"https:\/\/bottanemez.hu\/en\/product\/selyem-nemez-ruha\/","og_site_name":"Botta Nemez","article_publisher":"https:\/\/www.facebook.com\/bottanemez","article_modified_time":"2026-03-30T18:50:54+00:00","og_image":[{"width":831,"height":1920,"url":"https:\/\/bottanemez.hu\/wp-content\/uploads\/2022\/10\/pasztell-ruha-6.jpg","type":"image\/jpeg"}],"twitter_card":"summary_large_image","twitter_misc":{"Price":"55.000&nbsp;&#70;&#116;","Availability":"In stock"},"schema":{"@context":"https:\/\/schema.org","@graph":[{"@type":"WebPage","@id":"https:\/\/bottanemez.hu\/termek\/selyem-nemez-ruha\/","url":"https:\/\/bottanemez.hu\/termek\/selyem-nemez-ruha\/","name":"Romantikus pasztellek - Botta Nemez","isPartOf":{"@id":"https:\/\/bottanemez.hu\/#website"},"primaryImageOfPage":{"@id":"https:\/\/bottanemez.hu\/termek\/selyem-nemez-ruha\/#primaryimage"},"image":{"@id":"https:\/\/bottanemez.hu\/termek\/selyem-nemez-ruha\/#primaryimage"},"thumbnailUrl":"https:\/\/bottanemez.hu\/wp-content\/uploads\/2022\/10\/pasztell-ruha-6.jpg","datePublished":"2022-10-20T08:24:13+00:00","dateModified":"2026-03-30T18:50:54+00:00","description":"Selyem-nemez \u00e1tlapol\u00f3s, b\u0151v\u00fcl\u0151 fazon\u00fa, ujjatlan, megk\u00f6t\u0151s, k\u00f6nnyed tavaszi-ny\u00e1ri ruha. Der\u00e9kr\u00e9szen ill. mell alatt v\u00e1ltozatosan megk\u00f6thet\u0151.","breadcrumb":{"@id":"https:\/\/bottanemez.hu\/termek\/selyem-nemez-ruha\/#breadcrumb"},"inLanguage":"en-GB","potentialAction":[{"@type":"ReadAction","target":["https:\/\/bottanemez.hu\/termek\/selyem-nemez-ruha\/"]}]},{"@type":"ImageObject","inLanguage":"en-GB","@id":"https:\/\/bottanemez.hu\/termek\/selyem-nemez-ruha\/#primaryimage","url":"https:\/\/bottanemez.hu\/wp-content\/uploads\/2022\/10\/pasztell-ruha-6.jpg","contentUrl":"https:\/\/bottanemez.hu\/wp-content\/uploads\/2022\/10\/pasztell-ruha-6.jpg","width":831,"height":1920},{"@type":"BreadcrumbList","@id":"https:\/\/bottanemez.hu\/termek\/selyem-nemez-ruha\/#breadcrumb","itemListElement":[{"@type":"ListItem","position":1,"name":"Home","item":"https:\/\/bottanemez.hu\/"},{"@type":"ListItem","position":2,"name":"Webshop","item":"https:\/\/bottanemez.hu\/nemez-webshop\/"},{"@type":"ListItem","position":3,"name":"Romantikus pasztellek"}]},{"@type":"WebSite","@id":"https:\/\/bottanemez.hu\/#website","url":"https:\/\/bottanemez.hu\/","name":"BottaFeltArt","description":"Nemez","publisher":{"@id":"https:\/\/bottanemez.hu\/#\/schema\/person\/e0b43b47c83f1b8ec5102569c7e47946"},"potentialAction":[{"@type":"SearchAction","target":{"@type":"EntryPoint","urlTemplate":"https:\/\/bottanemez.hu\/?s={search_term_string}"},"query-input":{"@type":"PropertyValueSpecification","valueRequired":true,"valueName":"search_term_string"}}],"inLanguage":"en-GB"},{"@type":["Person","Organization"],"@id":"https:\/\/bottanemez.hu\/#\/schema\/person\/e0b43b47c83f1b8ec5102569c7e47946","name":"nemezShop","image":{"@type":"ImageObject","inLanguage":"en-GB","@id":"https:\/\/bottanemez.hu\/wp-content\/uploads\/2022\/10\/cropped-bottaNemezLogo.png","url":"https:\/\/bottanemez.hu\/wp-content\/uploads\/2022\/10\/cropped-bottaNemezLogo.png","contentUrl":"https:\/\/bottanemez.hu\/wp-content\/uploads\/2022\/10\/cropped-bottaNemezLogo.png","width":301,"height":301,"caption":"nemezShop"},"logo":{"@id":"https:\/\/bottanemez.hu\/wp-content\/uploads\/2022\/10\/cropped-bottaNemezLogo.png"},"sameAs":["https:\/\/vilagitopolo.hu","https:\/\/www.facebook.com\/bottanemez"]}]},"product_price_amount":"55000","product_price_currency":"HUF","og_availability":"instock","product_availability":"instock","product_retailer_item_id":"a60444c293cb","product_condition":"new"},"_links":{"self":[{"href":"https:\/\/bottanemez.hu\/en\/wp-json\/wp\/v2\/product\/1988","targetHints":{"allow":["GET"]}}],"collection":[{"href":"https:\/\/bottanemez.hu\/en\/wp-json\/wp\/v2\/product"}],"about":[{"href":"https:\/\/bottanemez.hu\/en\/wp-json\/wp\/v2\/types\/product"}],"wp:featuredmedia":[{"embeddable":true,"href":"https:\/\/bottanemez.hu\/en\/wp-json\/wp\/v2\/media\/1989"}],"wp:attachment":[{"href":"https:\/\/bottanemez.hu\/en\/wp-json\/wp\/v2\/media?parent=1988"}],"wp:term":[{"taxonomy":"product_brand","embeddable":true,"href":"https:\/\/bottanemez.hu\/en\/wp-json\/wp\/v2\/product_brand?post=1988"},{"taxonomy":"product_cat","embeddable":true,"href":"https:\/\/bottanemez.hu\/en\/wp-json\/wp\/v2\/product_cat?post=1988"},{"taxonomy":"product_tag","embeddable":true,"href":"https:\/\/bottanemez.hu\/en\/wp-json\/wp\/v2\/product_tag?post=1988"}],"curies":[{"name":"wp","href":"https:\/\/api.w.org\/{rel}","templated":true}]}}