{"id":2615,"date":"2022-10-24T11:31:03","date_gmt":"2022-10-24T11:31:03","guid":{"rendered":"https:\/\/bottanemez.hu\/?page_id=2615"},"modified":"2022-10-24T11:35:25","modified_gmt":"2022-10-24T11:35:25","slug":"szallitasi-es-fizetesi-feltetelek","status":"publish","type":"page","link":"https:\/\/bottanemez.hu\/en\/szallitasi-es-fizetesi-feltetelek\/","title":{"rendered":"Delivery and payment terms"},"content":{"rendered":"<div data-elementor-type=\"wp-page\" data-elementor-id=\"2615\" class=\"elementor elementor-2615\" data-elementor-post-type=\"page\">\n\t\t\t\t\t\t<section class=\"elementor-section elementor-top-section elementor-element elementor-element-6a3c3c92 elementor-section-boxed elementor-section-height-default elementor-section-height-default\" data-id=\"6a3c3c92\" data-element_type=\"section\" data-e-type=\"section\">\n\t\t\t\t\t\t<div class=\"elementor-container elementor-column-gap-default\">\n\t\t\t\t\t<div class=\"elementor-column elementor-col-100 elementor-top-column elementor-element elementor-element-2bdbf945\" data-id=\"2bdbf945\" data-element_type=\"column\" data-e-type=\"column\">\n\t\t\t<div class=\"elementor-widget-wrap elementor-element-populated\">\n\t\t\t\t\t\t<div class=\"elementor-element elementor-element-75d56600 elementor-widget elementor-widget-text-editor\" data-id=\"75d56600\" data-element_type=\"widget\" data-e-type=\"widget\" data-widget_type=\"text-editor.default\">\n\t\t\t\t<div class=\"elementor-widget-container\">\n\t\t\t\t\t\t\t\t\t\n<h2 class=\"wp-block-heading\">SZ\u00c1LL\u00cdT\u00c1SI \u00c9S FIZET\u00c9SI M\u00d3DOK<\/h2>\n\n<h2 class=\"wp-block-heading\">Elakadt\u00e1l? Keress minket b\u00e1tran, seg\u00edt\u00fcnk!<\/h2>\n\n<p><strong>A megrendelt term\u00e9keket a megrendel\u00e9st\u0151l illetve a fizet\u00e9si m\u00f3dt\u00f3l f\u00fcgg\u0151en a p\u00e9nz be\u00e9rkez\u00e9s\u00e9t k\u00f6vet\u0151en 1-2 napon bel\u00fcl k\u00fcldj\u00fck. K\u00e9rj\u00fck vedd figyelembe, hogy az egyedi p\u00f3l\u00f3kn\u00e1l ez az id\u0151 hosszabb lehet, de err\u0151l \u00edr\u00e1sban vagy telefonon t\u00e1j\u00e9koztatunk!<\/strong><\/p>\n\n<p><strong>Sz\u00e1ll\u00edt\u00e1si m\u00f3dok<\/strong><\/p>\n\n<p><strong>Magyar Posta 3.000 Ft<\/strong><\/p>\n\n<p><strong>Szem\u00e9lyes \u00e1tv\u00e9tel Budapesten\/ Ingyenes<\/strong><br \/>Szem\u00e9lyes \u00e1tv\u00e9telre Buda\u00f6rs\u00f6n vagy Budapesten van lehet\u0151s\u00e9ged, telefonon el\u0151re egyeztetett helyen \u00e9s id\u0151ben.<br \/>Payment upon receipt.\u00a0\u00a0<\/p>\n\n<p>Keress telefonon +36-30\/658-3776vagy az bottanemez@gmail.com e-mail c\u00edmen.<\/p>\n\n<p><strong>Fizet\u00e9si m\u00f3dok<\/strong><\/p>\n\n<p><strong>Ut\u00e1nv\u00e9tes fizet\u00e9s \/ 700 Ft<\/strong><br \/>A term\u00e9ket ut\u00f3lagosan a term\u00e9k \u00e1tv\u00e9tel\u00e9n\u00e9l fizeted ki.<\/p>\n\n<p><strong>K\u00f6zvetlen banki utal\u00e1s \/ Ingyenes<\/strong><br \/>A fizet\u00e9si adatokat a megadott e-mail c\u00edmre k\u00fcldj\u00fck ki.<br \/>Az utal\u00e1st 16200254-10007345-00000000 sz\u00e1mlasz\u00e1mra k\u00e9j\u00fck teljes\u00edteni.<br \/>A k\u00f6zlem\u00e9ny rovatban a rendel\u00e9s sz\u00e1m\u00e1t k\u00e9rj\u00fck felt\u00fcntetni. Amint az \u00f6sszeg a sz\u00e1ml\u00e1nkra j\u00f3v\u00e1\u00edr\u00e1sra ker\u00fclt, k\u00fcldj\u00fck a term\u00e9ket.<\/p>\n\n<p><strong>Bankk\u00e1rty\u00e1s fizet\u00e9s \/ Ingyenes<\/strong><\/p>\n\n<p>A k\u00e9nyelmes \u00e9s biztons\u00e1gos bankk\u00e1rtya fizet\u00e9st a Barion biztos\u00edtja. A bankk\u00e1rty\u00e1s fizet\u00e9snek sz\u00e1modra nincs plusz k\u00f6lts\u00e9ge, teljesen d\u00edjmentes.<br \/>Fizet\u00e9shez nem k\u00f6telez\u0151 regisztr\u00e1lni!<br \/>Ha azonban m\u00e9gis a regisztr\u00e1ci\u00f3 mellett d\u00f6ntesz, soha t\u00f6bb\u00e9 nem kell megadnod a k\u00e1rty\u00e1d adatait, egyetlen Barion elfogad\u00f3helyen sem, a fizet\u00e9shez ezut\u00e1n el\u00e9g az e-mail c\u00edmed \u00e9s jelszavad. Ez nem csak k\u00e9nyelmes, de a biztons\u00e1godat is n\u00f6veli!<\/p>\n\t\t\t\t\t\t\t\t<\/div>\n\t\t\t\t<\/div>\n\t\t\t\t\t<\/div>\n\t\t<\/div>\n\t\t\t\t\t<\/div>\n\t\t<\/section>\n\t\t\t\t<\/div>","protected":false},"excerpt":{"rendered":"<p>SZ\u00c1LL\u00cdT\u00c1SI \u00c9S FIZET\u00c9SI M\u00d3DOK Elakadt\u00e1l? Keress minket b\u00e1tran, seg\u00edt\u00fcnk! A megrendelt term\u00e9keket a megrendel\u00e9st\u0151l illetve a fizet\u00e9si m\u00f3dt\u00f3l f\u00fcgg\u0151en a p\u00e9nz be\u00e9rkez\u00e9s\u00e9t k\u00f6vet\u0151en 1-2 napon bel\u00fcl k\u00fcldj\u00fck. K\u00e9rj\u00fck vedd figyelembe, hogy az egyedi p\u00f3l\u00f3kn\u00e1l ez az id\u0151 hosszabb lehet, de err\u0151l \u00edr\u00e1sban vagy telefonon t\u00e1j\u00e9koztatunk! Sz\u00e1ll\u00edt\u00e1si m\u00f3dok Magyar Posta 3.000 Ft Szem\u00e9lyes \u00e1tv\u00e9tel Budapesten\/ IngyenesSzem\u00e9lyes [&hellip;]<\/p>\n","protected":false},"author":1,"featured_media":0,"parent":0,"menu_order":0,"comment_status":"closed","ping_status":"closed","template":"","meta":{"footnotes":""},"class_list":["post-2615","page","type-page","status-publish","hentry"],"yoast_head":"<!-- This site is optimized with the Yoast SEO Premium plugin v27.6 (Yoast SEO v27.6) - https:\/\/yoast.com\/product\/yoast-seo-premium-wordpress\/ -->\n<title>Sz\u00e1ll\u00edt\u00e1si \u00e9s fizet\u00e9si felt\u00e9telek - Botta Nemez<\/title>\n<meta name=\"robots\" content=\"index, follow, max-snippet:-1, max-image-preview:large, max-video-preview:-1\" \/>\n<link rel=\"canonical\" href=\"https:\/\/bottanemez.hu\/en\/szallitasi-es-fizetesi-feltetelek\/\" \/>\n<meta property=\"og:locale\" content=\"en_GB\" \/>\n<meta property=\"og:type\" content=\"article\" \/>\n<meta property=\"og:title\" content=\"Sz\u00e1ll\u00edt\u00e1si \u00e9s fizet\u00e9si felt\u00e9telek\" \/>\n<meta property=\"og:description\" content=\"SZ\u00c1LL\u00cdT\u00c1SI \u00c9S FIZET\u00c9SI M\u00d3DOK Elakadt\u00e1l? Keress minket b\u00e1tran, seg\u00edt\u00fcnk! A megrendelt term\u00e9keket a megrendel\u00e9st\u0151l illetve a fizet\u00e9si m\u00f3dt\u00f3l f\u00fcgg\u0151en a p\u00e9nz be\u00e9rkez\u00e9s\u00e9t k\u00f6vet\u0151en 1-2 napon bel\u00fcl k\u00fcldj\u00fck. K\u00e9rj\u00fck vedd figyelembe, hogy az egyedi p\u00f3l\u00f3kn\u00e1l ez az id\u0151 hosszabb lehet, de err\u0151l \u00edr\u00e1sban vagy telefonon t\u00e1j\u00e9koztatunk! Sz\u00e1ll\u00edt\u00e1si m\u00f3dok Magyar Posta 3.000 Ft Szem\u00e9lyes \u00e1tv\u00e9tel Budapesten\/ IngyenesSzem\u00e9lyes [&hellip;]\" \/>\n<meta property=\"og:url\" content=\"https:\/\/bottanemez.hu\/en\/szallitasi-es-fizetesi-feltetelek\/\" \/>\n<meta property=\"og:site_name\" content=\"Botta Nemez\" \/>\n<meta property=\"article:publisher\" content=\"https:\/\/www.facebook.com\/bottanemez\" \/>\n<meta property=\"article:modified_time\" content=\"2022-10-24T11:35:25+00:00\" \/>\n<meta name=\"twitter:card\" content=\"summary_large_image\" \/>\n<meta name=\"twitter:label1\" content=\"Estimated reading time\" \/>\n\t<meta name=\"twitter:data1\" content=\"2 minutes\" \/>\n<script type=\"application\/ld+json\" class=\"yoast-schema-graph\">{\"@context\":\"https:\\\/\\\/schema.org\",\"@graph\":[{\"@type\":\"WebPage\",\"@id\":\"https:\\\/\\\/bottanemez.hu\\\/szallitasi-es-fizetesi-feltetelek\\\/\",\"url\":\"https:\\\/\\\/bottanemez.hu\\\/szallitasi-es-fizetesi-feltetelek\\\/\",\"name\":\"Sz\u00e1ll\u00edt\u00e1si \u00e9s fizet\u00e9si felt\u00e9telek - Botta Nemez\",\"isPartOf\":{\"@id\":\"https:\\\/\\\/bottanemez.hu\\\/#website\"},\"datePublished\":\"2022-10-24T11:31:03+00:00\",\"dateModified\":\"2022-10-24T11:35:25+00:00\",\"breadcrumb\":{\"@id\":\"https:\\\/\\\/bottanemez.hu\\\/szallitasi-es-fizetesi-feltetelek\\\/#breadcrumb\"},\"inLanguage\":\"en-GB\",\"potentialAction\":[{\"@type\":\"ReadAction\",\"target\":[\"https:\\\/\\\/bottanemez.hu\\\/szallitasi-es-fizetesi-feltetelek\\\/\"]}]},{\"@type\":\"BreadcrumbList\",\"@id\":\"https:\\\/\\\/bottanemez.hu\\\/szallitasi-es-fizetesi-feltetelek\\\/#breadcrumb\",\"itemListElement\":[{\"@type\":\"ListItem\",\"position\":1,\"name\":\"Home\",\"item\":\"https:\\\/\\\/bottanemez.hu\\\/\"},{\"@type\":\"ListItem\",\"position\":2,\"name\":\"Sz\u00e1ll\u00edt\u00e1si \u00e9s fizet\u00e9si felt\u00e9telek\"}]},{\"@type\":\"WebSite\",\"@id\":\"https:\\\/\\\/bottanemez.hu\\\/#website\",\"url\":\"https:\\\/\\\/bottanemez.hu\\\/\",\"name\":\"Botta Nemez\",\"description\":\"Nemez\",\"publisher\":{\"@id\":\"https:\\\/\\\/bottanemez.hu\\\/#\\\/schema\\\/person\\\/e0b43b47c83f1b8ec5102569c7e47946\"},\"potentialAction\":[{\"@type\":\"SearchAction\",\"target\":{\"@type\":\"EntryPoint\",\"urlTemplate\":\"https:\\\/\\\/bottanemez.hu\\\/?s={search_term_string}\"},\"query-input\":{\"@type\":\"PropertyValueSpecification\",\"valueRequired\":true,\"valueName\":\"search_term_string\"}}],\"inLanguage\":\"en-GB\"},{\"@type\":[\"Person\",\"Organization\"],\"@id\":\"https:\\\/\\\/bottanemez.hu\\\/#\\\/schema\\\/person\\\/e0b43b47c83f1b8ec5102569c7e47946\",\"name\":\"nemezShop\",\"image\":{\"@type\":\"ImageObject\",\"inLanguage\":\"en-GB\",\"@id\":\"https:\\\/\\\/bottanemez.hu\\\/wp-content\\\/uploads\\\/2022\\\/10\\\/cropped-bottaNemezLogo.png\",\"url\":\"https:\\\/\\\/bottanemez.hu\\\/wp-content\\\/uploads\\\/2022\\\/10\\\/cropped-bottaNemezLogo.png\",\"contentUrl\":\"https:\\\/\\\/bottanemez.hu\\\/wp-content\\\/uploads\\\/2022\\\/10\\\/cropped-bottaNemezLogo.png\",\"width\":301,\"height\":301,\"caption\":\"nemezShop\"},\"logo\":{\"@id\":\"https:\\\/\\\/bottanemez.hu\\\/wp-content\\\/uploads\\\/2022\\\/10\\\/cropped-bottaNemezLogo.png\"},\"sameAs\":[\"https:\\\/\\\/vilagitopolo.hu\",\"https:\\\/\\\/www.facebook.com\\\/bottanemez\"]}]}<\/script>\n<!-- \/ Yoast SEO Premium plugin. -->","yoast_head_json":{"title":"Sz\u00e1ll\u00edt\u00e1si \u00e9s fizet\u00e9si felt\u00e9telek - Botta Nemez","robots":{"index":"index","follow":"follow","max-snippet":"max-snippet:-1","max-image-preview":"max-image-preview:large","max-video-preview":"max-video-preview:-1"},"canonical":"https:\/\/bottanemez.hu\/en\/szallitasi-es-fizetesi-feltetelek\/","og_locale":"en_GB","og_type":"article","og_title":"Sz\u00e1ll\u00edt\u00e1si \u00e9s fizet\u00e9si felt\u00e9telek","og_description":"SZ\u00c1LL\u00cdT\u00c1SI \u00c9S FIZET\u00c9SI M\u00d3DOK Elakadt\u00e1l? Keress minket b\u00e1tran, seg\u00edt\u00fcnk! A megrendelt term\u00e9keket a megrendel\u00e9st\u0151l illetve a fizet\u00e9si m\u00f3dt\u00f3l f\u00fcgg\u0151en a p\u00e9nz be\u00e9rkez\u00e9s\u00e9t k\u00f6vet\u0151en 1-2 napon bel\u00fcl k\u00fcldj\u00fck. K\u00e9rj\u00fck vedd figyelembe, hogy az egyedi p\u00f3l\u00f3kn\u00e1l ez az id\u0151 hosszabb lehet, de err\u0151l \u00edr\u00e1sban vagy telefonon t\u00e1j\u00e9koztatunk! Sz\u00e1ll\u00edt\u00e1si m\u00f3dok Magyar Posta 3.000 Ft Szem\u00e9lyes \u00e1tv\u00e9tel Budapesten\/ IngyenesSzem\u00e9lyes [&hellip;]","og_url":"https:\/\/bottanemez.hu\/en\/szallitasi-es-fizetesi-feltetelek\/","og_site_name":"Botta Nemez","article_publisher":"https:\/\/www.facebook.com\/bottanemez","article_modified_time":"2022-10-24T11:35:25+00:00","twitter_card":"summary_large_image","twitter_misc":{"Estimated reading time":"2 minutes"},"schema":{"@context":"https:\/\/schema.org","@graph":[{"@type":"WebPage","@id":"https:\/\/bottanemez.hu\/szallitasi-es-fizetesi-feltetelek\/","url":"https:\/\/bottanemez.hu\/szallitasi-es-fizetesi-feltetelek\/","name":"Sz\u00e1ll\u00edt\u00e1si \u00e9s fizet\u00e9si felt\u00e9telek - Botta Nemez","isPartOf":{"@id":"https:\/\/bottanemez.hu\/#website"},"datePublished":"2022-10-24T11:31:03+00:00","dateModified":"2022-10-24T11:35:25+00:00","breadcrumb":{"@id":"https:\/\/bottanemez.hu\/szallitasi-es-fizetesi-feltetelek\/#breadcrumb"},"inLanguage":"en-GB","potentialAction":[{"@type":"ReadAction","target":["https:\/\/bottanemez.hu\/szallitasi-es-fizetesi-feltetelek\/"]}]},{"@type":"BreadcrumbList","@id":"https:\/\/bottanemez.hu\/szallitasi-es-fizetesi-feltetelek\/#breadcrumb","itemListElement":[{"@type":"ListItem","position":1,"name":"Home","item":"https:\/\/bottanemez.hu\/"},{"@type":"ListItem","position":2,"name":"Sz\u00e1ll\u00edt\u00e1si \u00e9s fizet\u00e9si felt\u00e9telek"}]},{"@type":"WebSite","@id":"https:\/\/bottanemez.hu\/#website","url":"https:\/\/bottanemez.hu\/","name":"BottaFeltArt","description":"Nemez","publisher":{"@id":"https:\/\/bottanemez.hu\/#\/schema\/person\/e0b43b47c83f1b8ec5102569c7e47946"},"potentialAction":[{"@type":"SearchAction","target":{"@type":"EntryPoint","urlTemplate":"https:\/\/bottanemez.hu\/?s={search_term_string}"},"query-input":{"@type":"PropertyValueSpecification","valueRequired":true,"valueName":"search_term_string"}}],"inLanguage":"en-GB"},{"@type":["Person","Organization"],"@id":"https:\/\/bottanemez.hu\/#\/schema\/person\/e0b43b47c83f1b8ec5102569c7e47946","name":"nemezShop","image":{"@type":"ImageObject","inLanguage":"en-GB","@id":"https:\/\/bottanemez.hu\/wp-content\/uploads\/2022\/10\/cropped-bottaNemezLogo.png","url":"https:\/\/bottanemez.hu\/wp-content\/uploads\/2022\/10\/cropped-bottaNemezLogo.png","contentUrl":"https:\/\/bottanemez.hu\/wp-content\/uploads\/2022\/10\/cropped-bottaNemezLogo.png","width":301,"height":301,"caption":"nemezShop"},"logo":{"@id":"https:\/\/bottanemez.hu\/wp-content\/uploads\/2022\/10\/cropped-bottaNemezLogo.png"},"sameAs":["https:\/\/vilagitopolo.hu","https:\/\/www.facebook.com\/bottanemez"]}]}},"_links":{"self":[{"href":"https:\/\/bottanemez.hu\/en\/wp-json\/wp\/v2\/pages\/2615","targetHints":{"allow":["GET"]}}],"collection":[{"href":"https:\/\/bottanemez.hu\/en\/wp-json\/wp\/v2\/pages"}],"about":[{"href":"https:\/\/bottanemez.hu\/en\/wp-json\/wp\/v2\/types\/page"}],"author":[{"embeddable":true,"href":"https:\/\/bottanemez.hu\/en\/wp-json\/wp\/v2\/users\/1"}],"replies":[{"embeddable":true,"href":"https:\/\/bottanemez.hu\/en\/wp-json\/wp\/v2\/comments?post=2615"}],"version-history":[{"count":0,"href":"https:\/\/bottanemez.hu\/en\/wp-json\/wp\/v2\/pages\/2615\/revisions"}],"wp:attachment":[{"href":"https:\/\/bottanemez.hu\/en\/wp-json\/wp\/v2\/media?parent=2615"}],"curies":[{"name":"wp","href":"https:\/\/api.w.org\/{rel}","templated":true}]}}